{"id":63,"date":"2013-12-03T16:42:45","date_gmt":"2013-12-03T16:42:45","guid":{"rendered":"http:\/\/www.apulaya.com\/es\/?page_id=63"},"modified":"2023-06-02T17:36:27","modified_gmt":"2023-06-02T22:36:27","slug":"dates-and-rates-2013","status":"publish","type":"page","link":"https:\/\/www.apulaya.com\/es\/tarifas\/","title":{"rendered":"Datos y Precios"},"content":{"rendered":"<p><\/p>\n<h1>DATOS Y PRECIOS<\/h1>\n<p>Nuestros cursos y talleres est\u00e1n disponibles todos los d\u00edas durante todo el a\u00f1o. Sin embargo, es necesario inscribirse con anticipaci\u00f3n.<\/p>\n<p>Nuestro horario: inicio 9.00 am &#8211; 12.00 y 13.30 \u2013 16.30 pm con una pausa caf\u00e9, y t\u00e9s a discreci\u00f3n. As\u00ed mismo, incluyen los materiales did\u00e1cticos y el uso de los instrumentos musicales y\/o utensilios de pintura\/ tejido.<\/p>\n<p>Todos nuestros programas pueden ser utilizados como bloques, para construir una programaci\u00f3n completa. Comun\u00edcanos tus \u00e1reas de inter\u00e9s, posible fecha de inicio y el periodo de tiempo, para dise\u00f1ar una programaci\u00f3n respectiva.<\/p>\n<p>Con previa presentaci\u00f3n de un carn\u00e9 de estudiante v\u00e1lido, los estudiantes reciben un descuento del 10% del valor del programa escogido.<\/p>\n<table class=\"tablecontent\" border=\"0\" cellspacing=\"10\" cellpadding=\"0\">\n<tbody>\n<tr>\n<td>\n<table class=\"tableprecios\" border=\"0\" cellspacing=\"0\" cellpadding=\"0\">\n<tbody>\n<tr>\n<td class=\"tabletitle\"><img loading=\"lazy\" decoding=\"async\" class=\"alignnone size-full wp-image-454\" src=\"http:\/\/www.apulaya.com\/wp-content\/uploads\/2013\/12\/form.gif\" alt=\"form\" width=\"25\" height=\"26\" \/><\/td>\n<td class=\"tabletitle\">\n<h3>Programa y duraci\u00f3n<\/h3>\n<\/td>\n<td class=\"tabletitle\" colspan=\"2\">\n<h3 style=\"text-align: center;\">Costo por persona en US-D\u00f3lares<\/h3>\n<\/td>\n<\/tr>\n<tr>\n<td class=\"subtitle\"><\/td>\n<td class=\"subtitle\">\n<h3>Cursos y Talleres en el Centro<\/h3>\n<\/td>\n<td class=\"subtitle\">\n<h3>Individual<\/h3>\n<\/td>\n<td class=\"subtitle\">\n<h3>Grupo<\/h3>\n<\/td>\n<\/tr>\n<tr>\n<td><a title=\"FORMULARIO DE RESERVAS\" href=\"http:\/\/www.apulaya.com\/es\/reservacion\/\">Inscribirse<\/a><\/td>\n<td>Curso de un d\u00eda (6 lecciones)<\/td>\n<td>63.00<\/td>\n<td>42.00<\/td>\n<\/tr>\n<tr>\n<td><a title=\"FORMULARIO DE RESERVAS\" href=\"http:\/\/www.apulaya.com\/es\/reservacion\/\">Inscribirse<\/a><\/td>\n<td>Curso de una semana (5 d\u00edas, 30 lecciones)<\/td>\n<td>300.00<\/td>\n<td>200.00<\/td>\n<\/tr>\n<tr>\n<td><a title=\"FORMULARIO DE RESERVAS\" href=\"http:\/\/www.apulaya.com\/es\/reservacion\/\">Inscribirse<\/a><\/td>\n<td>Curso de un mes (4 semanas a 5 d\u00edas, 120 lecciones)<\/td>\n<td>1100.00<\/td>\n<td>750.00<\/td>\n<\/tr>\n<tr>\n<td class=\"subtitle\"><\/td>\n<td class=\"subtitle\">\n<h3>Lecciones v\u00eda Skype:<\/h3>\n<p>Quechua, Quena, Zampo\u00f1a, Cosmovisi\u00f3n andina<\/td>\n<td class=\"subtitle\"><\/td>\n<td class=\"subtitle\"><\/td>\n<\/tr>\n<tr>\n<td><a title=\"FORMULARIO DE RESERVAS\" href=\"http:\/\/www.apulaya.com\/es\/reservacion\/\">Inscribirse<\/a><\/td>\n<td>Skype lecci\u00f3n (50 min.)<\/td>\n<td>13.00<\/td>\n<td><\/td>\n<\/tr>\n<tr>\n<td><a title=\"FORMULARIO DE RESERVAS\" href=\"http:\/\/www.apulaya.com\/es\/reservacion\/\">Inscribirse<\/a><\/td>\n<td>Skype paquete (10 lecciones)<\/td>\n<td>120.00<\/td>\n<td><\/td>\n<\/tr>\n<tr>\n<td class=\"subtitle\"><\/td>\n<td class=\"subtitle\">\n<h3>Programas de estudios<\/h3>\n<\/td>\n<td class=\"subtitle\"><\/td>\n<td class=\"subtitle\"><\/td>\n<\/tr>\n<tr>\n<td><a title=\"FORMULARIO DE RESERVAS\" href=\"http:\/\/www.apulaya.com\/es\/reservacion\/\">Inscribirse<\/a><\/td>\n<td>Estudio semestral de Arte Textil Andino<\/td>\n<td colspan=\"2\">Paquete:<br \/>\nCont\u00e1ctanos para informaci\u00f3n en detalle<\/td>\n<\/tr>\n<tr>\n<td><a title=\"FORMULARIO DE RESERVAS\" href=\"http:\/\/www.apulaya.com\/es\/reservacion\/\">Inscribirse<\/a><\/td>\n<td>Estudio semestral de la cultura ind\u00edgena andina<\/td>\n<td colspan=\"2\">Paquete:<br \/>\nCont\u00e1ctanos para informaci\u00f3n en detalle<\/td>\n<\/tr>\n<tr>\n<td class=\"subtitle\"><\/td>\n<td class=\"subtitle\">\n<h3>Programas especiales<\/h3>\n<\/td>\n<td class=\"subtitle\"><\/td>\n<td class=\"subtitle\"><\/td>\n<\/tr>\n<tr>\n<td><a title=\"FORMULARIO DE RESERVAS\" href=\"http:\/\/www.apulaya.com\/es\/reservacion\/\">Inscribirse<\/a><\/td>\n<td>Arte Textil y Fiesta tradicional (mes de julio, 3 semanas)<\/td>\n<td colspan=\"2\">Paquete:<br \/>\nCont\u00e1ctanos para informaci\u00f3n en detalle<\/td>\n<\/tr>\n<tr>\n<td><a title=\"FORMULARIO DE RESERVAS\" href=\"http:\/\/www.apulaya.com\/es\/reservacion\/\">Inscribirse<\/a><\/td>\n<td>M\u00fasica andina y Fiesta tradicional (mes de julio, 3 semanas)<\/td>\n<td colspan=\"2\">Paquete:<br \/>\nCont\u00e1ctanos para informaci\u00f3n en detalle<\/td>\n<\/tr>\n<tr>\n<td class=\"subtitle\"><\/td>\n<td class=\"subtitle\">\n<h3>Programas de extensi\u00f3n: Excursiones y Tours<\/h3>\n<\/td>\n<td class=\"subtitle\"><\/td>\n<td class=\"subtitle\"><\/td>\n<\/tr>\n<tr>\n<td><a title=\"FORMULARIO DE RESERVAS\" href=\"http:\/\/www.apulaya.com\/es\/reservacion\/\">Inscribirse<\/a><\/td>\n<td>Estad\u00eda en comunidades ind\u00edgenas<\/td>\n<td>A medida<\/td>\n<td>A medida<\/td>\n<\/tr>\n<tr>\n<td><a title=\"FORMULARIO DE RESERVAS\" href=\"http:\/\/www.apulaya.com\/es\/reservacion\/\">Inscribirse<\/a><\/td>\n<td>Tours a sitios arqueol\u00f3gicos en el Valle Sagrado de los Incas<\/td>\n<td>A medida<\/td>\n<td>A medida<\/td>\n<\/tr>\n<tr>\n<td><a title=\"FORMULARIO DE RESERVAS\" href=\"http:\/\/www.apulaya.com\/es\/reservacion\/\">Inscribirse<\/a><\/td>\n<td>Tours en Cusco<\/td>\n<td>A medida<\/td>\n<td>A medida<\/td>\n<\/tr>\n<tr>\n<td><a title=\"FORMULARIO DE RESERVAS\" href=\"http:\/\/www.apulaya.com\/es\/reservacion\/\">Inscribirse<\/a><\/td>\n<td>Caminatas en el Valle Sagrado de los Incas<\/td>\n<td>A medida<\/td>\n<td>A medida<\/td>\n<\/tr>\n<tr>\n<td><\/td>\n<td>Tours a otros destinos en el Per\u00fa:<\/p>\n<p>Trabajamos con una agencia de viajes de confianza que asegura una buena calidad de servicio. Opciones de tours: Puno y lago Titicaca, Puerto Maldonado.<\/td>\n<td><a href=\"http:\/\/www.apulaya.com\/es\/contactenos\/\">Consultar<\/a><\/td>\n<td><a href=\"http:\/\/www.apulaya.com\/es\/contactenos\/\">Consultar<\/a><\/td>\n<\/tr>\n<\/tbody>\n<\/table>\n<p>Usualmente ofrecemos un paquete, incluyendo alojamiento, recojo del aeropuerto, y si es deseado almuerzos durante los d\u00edas de curso. Nuestras opciones de alojamiento disponen de una cocina muy bien equipada para preparar propio alimento.<\/p>\n<p>Las opciones de hospedaje que ofrecemos: Hostales familiares, casa compartida y vivir con una familia local. Los costos var\u00edan seg\u00fan el tipo de hospedaje.<\/p>\n<p>Para mayor informaci\u00f3n, tan s\u00f3lo cont\u00e1ctanos a <a href=\"mailto:info@apulaya.com\">info@apulaya.com<\/a><\/td>\n<\/tr>\n<\/tbody>\n<\/table>\n<table id=\"right\" border=\"0\" cellspacing=\"0\" cellpadding=\"0\">\n<tbody>\n<tr>\n<td>\n<div class=\"primary-sidebar  content-two-column \">\n<ul>\n<li id=\"black-studio-tinymce-14\" class=\"summerProgram widget widget_black_studio_tinymce\">\n<div class=\"textwidget\">\n<p><a href=\"http:\/\/www.apulaya.com\/es\/estudios-andinos-peru-apulaya\"><img loading=\"lazy\" decoding=\"async\" class=\"aligncenter wp-image-1454 size-full\" title=\"Programas Especiales 2018\" src=\"http:\/\/www.apulaya.com\/wp-content\/uploads\/2013\/12\/programas-especiales-2018.gif\" alt=\"Programas Especiales 2018\" width=\"230\" height=\"156\" \/><\/a><\/div>\n<\/li>\n<li id=\"black-studio-tinymce-12\" class=\"right_culture widget widget_black_studio_tinymce\">\n<div class=\"textwidget\"><a title=\"Estudios de la Cultura Ind\u00edgena\" href=\"http:\/\/www.apulaya.com\/es\/estudios-andinos-peru-apulaya\/#julio\"><img loading=\"lazy\" decoding=\"async\" class=\"img-responsive aligncenter\" title=\"Summer Program 2023\" src=\"https:\/\/www.apulaya.com\/wp-content\/uploads\/2023\/01\/programa-special.gif\" alt=\"Programa Especial 2023\" width=\"250\" height=\"150\" \/><\/a><\/p>\n<p><a title=\"Estudios de la Cultura Ind\u00edgena\" href=\"http:\/\/www.apulaya.com\/es\/estudios-de-la-cultura-indigena\/\"><img loading=\"lazy\" decoding=\"async\" class=\" size-full wp-image-766 aligncenter\" src=\"http:\/\/www.apulaya.com\/wp-content\/uploads\/2013\/12\/estudios-cultura-indigena1.gif\" alt=\"estudios-cultura-indigena\" width=\"225\" height=\"137\" \/><\/a><\/p>\n<p><a href=\"http:\/\/www.apulaya.com\/es\/estudios-de-la-cultura-indigena\/\"><img loading=\"lazy\" decoding=\"async\" class=\"aligncenter size-full wp-image-1533\" title=\"estudio-de-arte-textil-andino\" src=\"http:\/\/www.apulaya.com\/wp-content\/uploads\/2016\/09\/estudio-de-arte-textil-andino.jpg\" alt=\"estudio-de-arte-textil-andino\" width=\"225\" height=\"150\" \/><\/a><\/div>\n<\/li>\n<li id=\"nav_menu-4\" class=\"menu_right widget widget_nav_menu\">\n<div class=\"menu-menu-2-container\">\n<ul id=\"menu-menu-2\" class=\"menu\">\n<li id=\"menu-item-71\" class=\"menu-item menu-item-type-post_type menu-item-object-page menu-item-71\"><a href=\"https:\/\/www.apulaya.com\/es\/acerca-del-centro-cultural\/\">Acerca del Centro Cultural<\/a><\/li>\n<li id=\"menu-item-70\" class=\"menu-item menu-item-type-post_type menu-item-object-page menu-item-70\"><a href=\"https:\/\/www.apulaya.com\/es\/equipo-apulaya\/\">Equipo Apulaya<\/a><\/li>\n<li id=\"menu-item-500\" class=\"menu-item menu-item-type-post_type menu-item-object-page menu-item-500\"><a href=\"https:\/\/www.apulaya.com\/es\/galeria-de-fotos\/\">Galer\u00eda de Fotos<\/a><\/li>\n<li id=\"menu-item-69\" class=\"menu-item menu-item-type-post_type menu-item-object-page menu-item-69\"><a href=\"https:\/\/www.apulaya.com\/es\/testimonios\/\">Testimonios<\/a><\/li>\n<li id=\"menu-item-1279\" class=\"menu-item menu-item-type-post_type menu-item-object-page menu-item-1279\"><a href=\"https:\/\/www.apulaya.com\/es\/tarifas\/\">Datos y Precios<\/a><\/li>\n<li id=\"menu-item-1497\" class=\"menu-item menu-item-type-post_type menu-item-object-page menu-item-1497\"><a href=\"https:\/\/www.apulaya.com\/es\/terminos-y-condiciones-generales\/\">T\u00e9rminos y Condiciones Generales<\/a><\/li>\n<li id=\"menu-item-2569\" class=\"menu-item menu-item-type-post_type menu-item-object-page menu-item-2569\"><a href=\"https:\/\/www.apulaya.com\/es\/pagos\/\">Pagos<\/a><\/li>\n<\/ul>\n<\/div>\n<\/li>\n<li id=\"black-studio-tinymce-16\" class=\"menu_right widget widget_black_studio_tinymce\">\n<div class=\"textwidget\">\n<ul>\n<li><a href=\"http:\/\/www.apulaya.com\/blog\/es\" target=\"_blank\">Nuestro Blog<\/a><\/li>\n<\/ul>\n<\/div>\n<\/li>\n<li id=\"black-studio-tinymce-11\" class=\"contactright widget widget_black_studio_tinymce\">\n<h2 class=\"widgettitle\">Cont\u00e1ctenos Apulaya<\/h2>\n<div class=\"textwidget\">\n<p><strong>Para contactarnos, tan solo llene el siguiente formulario.<\/strong><\/p>\n<hr \/>\n<div class=\"wpcf7 no-js\" id=\"wpcf7-f439-o1\" lang=\"es-ES\" dir=\"ltr\">\n<div class=\"screen-reader-response\">\n<p role=\"status\" aria-live=\"polite\" aria-atomic=\"true\">\n<ul><\/ul>\n<\/div>\n<form action=\"\/es\/wp-json\/wp\/v2\/pages\/63#wpcf7-f439-o1\" method=\"post\" class=\"wpcf7-form init\" aria-label=\"Formulario de contacto\" novalidate=\"novalidate\" data-status=\"init\">\n<div style=\"display: none;\">\n<input type=\"hidden\" name=\"_wpcf7\" value=\"439\" \/><br \/>\n<input type=\"hidden\" name=\"_wpcf7_version\" value=\"5.8.2\" \/><br \/>\n<input type=\"hidden\" name=\"_wpcf7_locale\" value=\"es_ES\" \/><br \/>\n<input type=\"hidden\" name=\"_wpcf7_unit_tag\" value=\"wpcf7-f439-o1\" \/><br \/>\n<input type=\"hidden\" name=\"_wpcf7_container_post\" value=\"0\" \/><br \/>\n<input type=\"hidden\" name=\"_wpcf7_posted_data_hash\" value=\"\" \/>\n<\/div>\n<p>Nombre Completo: *\n<\/p>\n<p><span class=\"wpcf7-form-control-wrap\" data-name=\"your-name\"><input size=\"40\" class=\"wpcf7-form-control wpcf7-text wpcf7-validates-as-required\" aria-required=\"true\" aria-invalid=\"false\" value=\"\" type=\"text\" name=\"your-name\" \/><\/span>\n<\/p>\n<p>Correo Electr\u00f3nico:*\n<\/p>\n<p><span class=\"wpcf7-form-control-wrap\" data-name=\"your-email\"><input size=\"40\" class=\"wpcf7-form-control wpcf7-email wpcf7-validates-as-required wpcf7-text wpcf7-validates-as-email\" aria-required=\"true\" aria-invalid=\"false\" value=\"\" type=\"email\" name=\"your-email\" \/><\/span>\n<\/p>\n<p>Comentarios y preguntas:*\n<\/p>\n<p><span class=\"wpcf7-form-control-wrap\" data-name=\"your-message\"><textarea cols=\"40\" rows=\"10\" class=\"wpcf7-form-control wpcf7-textarea\" aria-invalid=\"false\" name=\"your-message\"><\/textarea><\/span>\n<\/p>\n<p><input type=\"hidden\" name=\"_wpcf7_captcha_challenge_captcha-977\" value=\"1349499904\" \/><img loading=\"lazy\" decoding=\"async\" class=\"wpcf7-form-control wpcf7-captchac wpcf7-captcha-captcha-977\" width=\"72\" height=\"24\" alt=\"captcha\" src=\"https:\/\/www.apulaya.com\/wp-content\/uploads\/wpcf7_captcha\/1349499904.png\" \/><br \/>\n<span class=\"wpcf7-form-control-wrap\" data-name=\"captcha-977\"><input size=\"40\" class=\"wpcf7-form-control wpcf7-captchar\" autocomplete=\"off\" aria-invalid=\"false\" value=\"\" type=\"text\" name=\"captcha-977\" \/><\/span>\n<\/p>\n<p><input class=\"wpcf7-form-control wpcf7-submit has-spinner boton\" type=\"submit\" value=\"Enviar\" \/>\n<\/p>\n<div class=\"wpcf7-response-output\" aria-hidden=\"true\"><\/div>\n<\/form>\n<\/div>\n<\/div>\n<\/li>\n<\/ul>\n<\/div>\n<\/td>\n<\/tr>\n<\/tbody>\n<\/table>\n<p><\/p>","protected":false},"excerpt":{"rendered":"<p>DATOS Y PRECIOS Nuestros cursos y talleres est\u00e1n disponibles todos los d\u00edas durante todo el a\u00f1o. Sin embargo, es necesario inscribirse con anticipaci\u00f3n. Nuestro horario: inicio 9.00 am &#8211; 12.00 y 13.30 \u2013 16.30 pm con una pausa caf\u00e9, y t\u00e9s a discreci\u00f3n. As\u00ed mismo, incluyen los materiales did\u00e1cticos y el uso de los instrumentos [&hellip;]<\/p>\n","protected":false},"author":1,"featured_media":0,"parent":0,"menu_order":0,"comment_status":"open","ping_status":"open","template":"no-sidebar.php","meta":{"footnotes":""},"yoast_head":"<!-- This site is optimized with the Yoast SEO plugin v21.5 - https:\/\/yoast.com\/wordpress\/plugins\/seo\/ -->\n<title>Datos y Precios 2016 - Apulaya<\/title>\n<meta name=\"robots\" content=\"index, follow, max-snippet:-1, max-image-preview:large, max-video-preview:-1\" \/>\n<link rel=\"canonical\" href=\"https:\/\/www.apulaya.com\/en\/rates\/\" \/>\n<meta property=\"og:locale\" content=\"es_ES\" \/>\n<meta property=\"og:type\" content=\"article\" \/>\n<meta property=\"og:title\" content=\"[:es]Datos y Precios 2016 - Apulaya[:en]Dates and Rates 2016 - Apulaya[:de]Kursdaten und Preisliste 2016 - Apulaya[:]\" \/>\n<meta property=\"og:description\" content=\"DATOS Y PRECIOS Nuestros cursos y talleres est\u00e1n disponibles todos los d\u00edas durante todo el a\u00f1o. Sin embargo, es necesario inscribirse con anticipaci\u00f3n. Nuestro horario: inicio 9.00 am &#8211; 12.00 y 13.30 \u2013 16.30 pm con una pausa caf\u00e9, y t\u00e9s a discreci\u00f3n. As\u00ed mismo, incluyen los materiales did\u00e1cticos y el uso de los instrumentos [&hellip;]\" \/>\n<meta property=\"og:url\" content=\"https:\/\/www.apulaya.com\/en\/rates\/\" \/>\n<meta property=\"og:site_name\" content=\"Apulaya\" \/>\n<meta property=\"article:publisher\" content=\"https:\/\/www.facebook.com\/apulaya.andean.culture\" \/>\n<meta property=\"article:modified_time\" content=\"2023-06-02T22:36:27+00:00\" \/>\n<meta property=\"og:image\" content=\"http:\/\/www.apulaya.com\/wp-content\/uploads\/2013\/12\/form.gif\" \/>\n<meta name=\"twitter:card\" content=\"summary_large_image\" \/>\n<meta name=\"twitter:label1\" content=\"Tiempo de lectura\" \/>\n\t<meta name=\"twitter:data1\" content=\"6 minutos\" \/>\n<script type=\"application\/ld+json\" class=\"yoast-schema-graph\">{\"@context\":\"https:\/\/schema.org\",\"@graph\":[{\"@type\":\"WebPage\",\"@id\":\"https:\/\/www.apulaya.com\/en\/rates\/\",\"url\":\"https:\/\/www.apulaya.com\/en\/rates\/\",\"name\":\"[:es]Datos y Precios 2016 - Apulaya[:en]Dates and Rates 2016 - Apulaya[:de]Kursdaten und Preisliste 2016 - Apulaya[:]\",\"isPartOf\":{\"@id\":\"https:\/\/www.apulaya.com\/en\/#website\"},\"datePublished\":\"2013-12-03T16:42:45+00:00\",\"dateModified\":\"2023-06-02T22:36:27+00:00\",\"breadcrumb\":{\"@id\":\"https:\/\/www.apulaya.com\/en\/rates\/#breadcrumb\"},\"inLanguage\":\"es\",\"potentialAction\":[{\"@type\":\"ReadAction\",\"target\":[\"https:\/\/www.apulaya.com\/en\/rates\/\"]}]},{\"@type\":\"BreadcrumbList\",\"@id\":\"https:\/\/www.apulaya.com\/en\/rates\/#breadcrumb\",\"itemListElement\":[{\"@type\":\"ListItem\",\"position\":1,\"name\":\"Home\",\"item\":\"https:\/\/www.apulaya.com\/en\/\"},{\"@type\":\"ListItem\",\"position\":2,\"name\":\"Dates and Rates\"}]},{\"@type\":\"WebSite\",\"@id\":\"https:\/\/www.apulaya.com\/en\/#website\",\"url\":\"https:\/\/www.apulaya.com\/en\/\",\"name\":\"Apulaya\",\"description\":\"Centro para la Cultura Andina\",\"publisher\":{\"@id\":\"https:\/\/www.apulaya.com\/en\/#organization\"},\"potentialAction\":[{\"@type\":\"SearchAction\",\"target\":{\"@type\":\"EntryPoint\",\"urlTemplate\":\"https:\/\/www.apulaya.com\/en\/?s={search_term_string}\"},\"query-input\":\"required name=search_term_string\"}],\"inLanguage\":\"es\"},{\"@type\":\"Organization\",\"@id\":\"https:\/\/www.apulaya.com\/en\/#organization\",\"name\":\"Apulaya Center for Andean Culture\",\"url\":\"https:\/\/www.apulaya.com\/en\/\",\"logo\":{\"@type\":\"ImageObject\",\"inLanguage\":\"es\",\"@id\":\"https:\/\/www.apulaya.com\/en\/#\/schema\/logo\/image\/\",\"url\":\"https:\/\/www.apulaya.com\/wp-content\/uploads\/2023\/01\/Apulaya_logo2.png\",\"contentUrl\":\"https:\/\/www.apulaya.com\/wp-content\/uploads\/2023\/01\/Apulaya_logo2.png\",\"width\":1080,\"height\":629,\"caption\":\"Apulaya Center for Andean Culture\"},\"image\":{\"@id\":\"https:\/\/www.apulaya.com\/en\/#\/schema\/logo\/image\/\"},\"sameAs\":[\"https:\/\/www.facebook.com\/apulaya.andean.culture\"]}]}<\/script>\n<!-- \/ Yoast SEO plugin. -->","yoast_head_json":{"title":"[:es]Datos y Precios 2016 - Apulaya[:en]Dates and Rates 2016 - Apulaya[:de]Kursdaten und Preisliste 2016 - Apulaya[:]","robots":{"index":"index","follow":"follow","max-snippet":"max-snippet:-1","max-image-preview":"max-image-preview:large","max-video-preview":"max-video-preview:-1"},"canonical":"https:\/\/www.apulaya.com\/en\/rates\/","og_locale":"es_ES","og_type":"article","og_title":"[:es]Datos y Precios 2016 - Apulaya[:en]Dates and Rates 2016 - Apulaya[:de]Kursdaten und Preisliste 2016 - Apulaya[:]","og_description":"DATOS Y PRECIOS Nuestros cursos y talleres est\u00e1n disponibles todos los d\u00edas durante todo el a\u00f1o. Sin embargo, es necesario inscribirse con anticipaci\u00f3n. Nuestro horario: inicio 9.00 am &#8211; 12.00 y 13.30 \u2013 16.30 pm con una pausa caf\u00e9, y t\u00e9s a discreci\u00f3n. As\u00ed mismo, incluyen los materiales did\u00e1cticos y el uso de los instrumentos [&hellip;]","og_url":"https:\/\/www.apulaya.com\/en\/rates\/","og_site_name":"Apulaya","article_publisher":"https:\/\/www.facebook.com\/apulaya.andean.culture","article_modified_time":"2023-06-02T22:36:27+00:00","og_image":[{"url":"http:\/\/www.apulaya.com\/wp-content\/uploads\/2013\/12\/form.gif"}],"twitter_card":"summary_large_image","twitter_misc":{"Tiempo de lectura":"6 minutos"},"schema":{"@context":"https:\/\/schema.org","@graph":[{"@type":"WebPage","@id":"https:\/\/www.apulaya.com\/en\/rates\/","url":"https:\/\/www.apulaya.com\/en\/rates\/","name":"[:es]Datos y Precios 2016 - Apulaya[:en]Dates and Rates 2016 - Apulaya[:de]Kursdaten und Preisliste 2016 - Apulaya[:]","isPartOf":{"@id":"https:\/\/www.apulaya.com\/en\/#website"},"datePublished":"2013-12-03T16:42:45+00:00","dateModified":"2023-06-02T22:36:27+00:00","breadcrumb":{"@id":"https:\/\/www.apulaya.com\/en\/rates\/#breadcrumb"},"inLanguage":"es","potentialAction":[{"@type":"ReadAction","target":["https:\/\/www.apulaya.com\/en\/rates\/"]}]},{"@type":"BreadcrumbList","@id":"https:\/\/www.apulaya.com\/en\/rates\/#breadcrumb","itemListElement":[{"@type":"ListItem","position":1,"name":"Home","item":"https:\/\/www.apulaya.com\/en\/"},{"@type":"ListItem","position":2,"name":"Dates and Rates"}]},{"@type":"WebSite","@id":"https:\/\/www.apulaya.com\/en\/#website","url":"https:\/\/www.apulaya.com\/en\/","name":"Apulaya","description":"Centro para la Cultura Andina","publisher":{"@id":"https:\/\/www.apulaya.com\/en\/#organization"},"potentialAction":[{"@type":"SearchAction","target":{"@type":"EntryPoint","urlTemplate":"https:\/\/www.apulaya.com\/en\/?s={search_term_string}"},"query-input":"required name=search_term_string"}],"inLanguage":"es"},{"@type":"Organization","@id":"https:\/\/www.apulaya.com\/en\/#organization","name":"Apulaya Center for Andean Culture","url":"https:\/\/www.apulaya.com\/en\/","logo":{"@type":"ImageObject","inLanguage":"es","@id":"https:\/\/www.apulaya.com\/en\/#\/schema\/logo\/image\/","url":"https:\/\/www.apulaya.com\/wp-content\/uploads\/2023\/01\/Apulaya_logo2.png","contentUrl":"https:\/\/www.apulaya.com\/wp-content\/uploads\/2023\/01\/Apulaya_logo2.png","width":1080,"height":629,"caption":"Apulaya Center for Andean Culture"},"image":{"@id":"https:\/\/www.apulaya.com\/en\/#\/schema\/logo\/image\/"},"sameAs":["https:\/\/www.facebook.com\/apulaya.andean.culture"]}]}},"_links":{"self":[{"href":"https:\/\/www.apulaya.com\/es\/wp-json\/wp\/v2\/pages\/63"}],"collection":[{"href":"https:\/\/www.apulaya.com\/es\/wp-json\/wp\/v2\/pages"}],"about":[{"href":"https:\/\/www.apulaya.com\/es\/wp-json\/wp\/v2\/types\/page"}],"author":[{"embeddable":true,"href":"https:\/\/www.apulaya.com\/es\/wp-json\/wp\/v2\/users\/1"}],"replies":[{"embeddable":true,"href":"https:\/\/www.apulaya.com\/es\/wp-json\/wp\/v2\/comments?post=63"}],"version-history":[{"count":4,"href":"https:\/\/www.apulaya.com\/es\/wp-json\/wp\/v2\/pages\/63\/revisions"}],"predecessor-version":[{"id":2862,"href":"https:\/\/www.apulaya.com\/es\/wp-json\/wp\/v2\/pages\/63\/revisions\/2862"}],"wp:attachment":[{"href":"https:\/\/www.apulaya.com\/es\/wp-json\/wp\/v2\/media?parent=63"}],"curies":[{"name":"wp","href":"https:\/\/api.w.org\/{rel}","templated":true}]}}