{"id":61,"date":"2013-12-03T16:34:00","date_gmt":"2013-12-03T16:34:00","guid":{"rendered":"http:\/\/www.apulaya.com\/es\/?page_id=61"},"modified":"2018-03-27T10:47:06","modified_gmt":"2018-03-27T15:47:06","slug":"photo-gallery","status":"publish","type":"page","link":"https:\/\/www.apulaya.com\/es\/galeria-de-fotos\/","title":{"rendered":"Galer\u00eda de Fotos"},"content":{"rendered":"<p><\/p>\n<h1>GALER\u00cdA DE FOTOS<\/h1>\n<table class=\"tablegallery galeweb\" border=\"0\" cellspacing=\"15\" cellpadding=\"0\">\n<tbody>\n<tr>\n<td>\n<h3 style=\"text-align: center;\"><a href=\"http:\/\/www.apulaya.com\/es\/galeria-arte-pre-colombino\">Arte Pre &#8211; Colombino<\/a><\/h3>\n<p><a href=\"http:\/\/www.apulaya.com\/es\/galeria-arte-pre-colombino\"><img loading=\"lazy\" decoding=\"async\" class=\"aligncenter size-full wp-image-2410\" title=\"Pre-Columbian Art\" src=\"http:\/\/www.apulaya.com\/wp-content\/uploads\/2013\/12\/pre-columbian-art-1.jpg\" alt=\"Pre-Columbian Art\" width=\"229\" height=\"173\" srcset=\"https:\/\/www.apulaya.com\/wp-content\/uploads\/2013\/12\/pre-columbian-art-1.jpg 229w, https:\/\/www.apulaya.com\/wp-content\/uploads\/2013\/12\/pre-columbian-art-1-100x75.jpg 100w\" sizes=\"(max-width: 229px) 100vw, 229px\" \/><\/a><\/td>\n<td>\n<h3 style=\"text-align: center;\"><a href=\"http:\/\/www.apulaya.com\/es\/arte-textil-y-tejido-2\/\">Arte textil y Tejido<\/a><\/h3>\n<p><a href=\"http:\/\/www.apulaya.com\/es\/arte-textil-y-tejido-2\/\"><img loading=\"lazy\" decoding=\"async\" class=\"aligncenter size-full wp-image-2411\" title=\"Textile Art &amp; Weaving\" src=\"http:\/\/www.apulaya.com\/wp-content\/uploads\/2013\/12\/textile-art-weaving.jpg\" alt=\"Textile Art &amp; Weaving\" width=\"229\" height=\"173\" srcset=\"https:\/\/www.apulaya.com\/wp-content\/uploads\/2013\/12\/textile-art-weaving.jpg 229w, https:\/\/www.apulaya.com\/wp-content\/uploads\/2013\/12\/textile-art-weaving-100x75.jpg 100w\" sizes=\"(max-width: 229px) 100vw, 229px\" \/><\/a><\/td>\n<td>\n<h3 style=\"text-align: center;\"><a href=\"http:\/\/www.apulaya.com\/es\/centro-apulaya-campus\">Centro Apulaya<\/a><\/h3>\n<p><a href=\"http:\/\/www.apulaya.com\/es\/centro-apulaya-campus\"><img loading=\"lazy\" decoding=\"async\" class=\"aligncenter size-full wp-image-2412\" title=\"Apulaya Center\" src=\"http:\/\/www.apulaya.com\/wp-content\/uploads\/2013\/12\/apulaya-center.jpg\" alt=\"Apulaya Center\" width=\"229\" height=\"173\" srcset=\"https:\/\/www.apulaya.com\/wp-content\/uploads\/2013\/12\/apulaya-center.jpg 229w, https:\/\/www.apulaya.com\/wp-content\/uploads\/2013\/12\/apulaya-center-100x75.jpg 100w\" sizes=\"(max-width: 229px) 100vw, 229px\" \/><\/a><\/td>\n<\/tr>\n<tr>\n<td>\n<h3 style=\"text-align: center;\"><a href=\"http:\/\/www.apulaya.com\/es\/fiestas-y-celebraciones\">Fiestas y Celebraciones<\/a><\/h3>\n<p><a href=\"http:\/\/www.apulaya.com\/es\/fiestas-y-celebraciones\"><img loading=\"lazy\" decoding=\"async\" class=\"aligncenter size-full wp-image-2413\" title=\"Parties &amp; Celebrations\" src=\"http:\/\/www.apulaya.com\/wp-content\/uploads\/2013\/12\/parties-celebrations.jpg\" alt=\"Parties &amp; Celebrations\" width=\"229\" height=\"173\" srcset=\"https:\/\/www.apulaya.com\/wp-content\/uploads\/2013\/12\/parties-celebrations.jpg 229w, https:\/\/www.apulaya.com\/wp-content\/uploads\/2013\/12\/parties-celebrations-100x75.jpg 100w\" sizes=\"(max-width: 229px) 100vw, 229px\" \/><\/a><\/td>\n<td>\n<h3 style=\"text-align: center;\"><a href=\"http:\/\/www.apulaya.com\/es\/musica-andina-1\">M\u00fasica Andina<\/a><\/h3>\n<p><a href=\"http:\/\/www.apulaya.com\/es\/musica-andina-1\"><img loading=\"lazy\" decoding=\"async\" class=\"aligncenter size-full wp-image-2414\" title=\"Andean Music\" src=\"http:\/\/www.apulaya.com\/wp-content\/uploads\/2013\/12\/andean-music.jpg\" alt=\"Andean Music\" width=\"229\" height=\"173\" srcset=\"https:\/\/www.apulaya.com\/wp-content\/uploads\/2013\/12\/andean-music.jpg 229w, https:\/\/www.apulaya.com\/wp-content\/uploads\/2013\/12\/andean-music-100x75.jpg 100w\" sizes=\"(max-width: 229px) 100vw, 229px\" \/><\/a><\/td>\n<td>\n<h3 style=\"text-align: center;\"><a href=\"http:\/\/www.apulaya.com\/es\/seminarios-y-actividades-2\">Seminarios y Actividades<\/a><\/h3>\n<p><a href=\"http:\/\/www.apulaya.com\/es\/seminarios-y-actividades-2\"><img loading=\"lazy\" decoding=\"async\" class=\"aligncenter size-full wp-image-2415\" title=\"Seminars &amp; Activities\" src=\"http:\/\/www.apulaya.com\/wp-content\/uploads\/2013\/12\/seminars-activities.jpg\" alt=\"Seminars &amp; Activities\" width=\"229\" height=\"173\" srcset=\"https:\/\/www.apulaya.com\/wp-content\/uploads\/2013\/12\/seminars-activities.jpg 229w, https:\/\/www.apulaya.com\/wp-content\/uploads\/2013\/12\/seminars-activities-100x75.jpg 100w\" sizes=\"(max-width: 229px) 100vw, 229px\" \/><\/a><\/td>\n<\/tr>\n<\/tbody>\n<\/table>\n<table id=\"right\" border=\"0\" cellspacing=\"0\" cellpadding=\"0\">\n<tbody>\n<tr>\n<td>\n<div class=\"primary-sidebar  content-two-column \">\n<ul>\n<li id=\"black-studio-tinymce-14\" class=\"summerProgram widget widget_black_studio_tinymce\">\n<div class=\"textwidget\">\n<p><a href=\"http:\/\/www.apulaya.com\/es\/estudios-andinos-peru-apulaya\"><img loading=\"lazy\" decoding=\"async\" class=\"aligncenter wp-image-1454 size-full\" title=\"Programas Especiales 2018\" src=\"http:\/\/www.apulaya.com\/wp-content\/uploads\/2013\/12\/programas-especiales-2018.gif\" alt=\"Programas Especiales 2018\" width=\"230\" height=\"156\" \/><\/a><\/div>\n<\/li>\n<li id=\"black-studio-tinymce-12\" class=\"right_culture widget widget_black_studio_tinymce\">\n<div class=\"textwidget\"><a title=\"Estudios de la Cultura Ind\u00edgena\" href=\"http:\/\/www.apulaya.com\/es\/estudios-andinos-peru-apulaya\/#julio\"><img loading=\"lazy\" decoding=\"async\" class=\"img-responsive aligncenter\" title=\"Summer Program 2023\" src=\"https:\/\/www.apulaya.com\/wp-content\/uploads\/2023\/01\/programa-special.gif\" alt=\"Programa Especial 2023\" width=\"250\" height=\"150\" \/><\/a><\/p>\n<p><a title=\"Estudios de la Cultura Ind\u00edgena\" href=\"http:\/\/www.apulaya.com\/es\/estudios-de-la-cultura-indigena\/\"><img loading=\"lazy\" decoding=\"async\" class=\" size-full wp-image-766 aligncenter\" src=\"http:\/\/www.apulaya.com\/wp-content\/uploads\/2013\/12\/estudios-cultura-indigena1.gif\" alt=\"estudios-cultura-indigena\" width=\"225\" height=\"137\" \/><\/a><\/p>\n<p><a href=\"http:\/\/www.apulaya.com\/es\/estudios-de-la-cultura-indigena\/\"><img loading=\"lazy\" decoding=\"async\" class=\"aligncenter size-full wp-image-1533\" title=\"estudio-de-arte-textil-andino\" src=\"http:\/\/www.apulaya.com\/wp-content\/uploads\/2016\/09\/estudio-de-arte-textil-andino.jpg\" alt=\"estudio-de-arte-textil-andino\" width=\"225\" height=\"150\" \/><\/a><\/div>\n<\/li>\n<li id=\"nav_menu-4\" class=\"menu_right widget widget_nav_menu\">\n<div class=\"menu-menu-2-container\">\n<ul id=\"menu-menu-2\" class=\"menu\">\n<li id=\"menu-item-71\" class=\"menu-item menu-item-type-post_type menu-item-object-page menu-item-71\"><a href=\"https:\/\/www.apulaya.com\/es\/acerca-del-centro-cultural\/\">Acerca del Centro Cultural<\/a><\/li>\n<li id=\"menu-item-70\" class=\"menu-item menu-item-type-post_type menu-item-object-page menu-item-70\"><a href=\"https:\/\/www.apulaya.com\/es\/equipo-apulaya\/\">Equipo Apulaya<\/a><\/li>\n<li id=\"menu-item-500\" class=\"menu-item menu-item-type-post_type menu-item-object-page menu-item-500\"><a href=\"https:\/\/www.apulaya.com\/es\/galeria-de-fotos\/\">Galer\u00eda de Fotos<\/a><\/li>\n<li id=\"menu-item-69\" class=\"menu-item menu-item-type-post_type menu-item-object-page menu-item-69\"><a href=\"https:\/\/www.apulaya.com\/es\/testimonios\/\">Testimonios<\/a><\/li>\n<li id=\"menu-item-1279\" class=\"menu-item menu-item-type-post_type menu-item-object-page menu-item-1279\"><a href=\"https:\/\/www.apulaya.com\/es\/tarifas\/\">Datos y Precios<\/a><\/li>\n<li id=\"menu-item-1497\" class=\"menu-item menu-item-type-post_type menu-item-object-page menu-item-1497\"><a href=\"https:\/\/www.apulaya.com\/es\/terminos-y-condiciones-generales\/\">T\u00e9rminos y Condiciones Generales<\/a><\/li>\n<li id=\"menu-item-2569\" class=\"menu-item menu-item-type-post_type menu-item-object-page menu-item-2569\"><a href=\"https:\/\/www.apulaya.com\/es\/pagos\/\">Pagos<\/a><\/li>\n<\/ul>\n<\/div>\n<\/li>\n<li id=\"black-studio-tinymce-16\" class=\"menu_right widget widget_black_studio_tinymce\">\n<div class=\"textwidget\">\n<ul>\n<li><a href=\"http:\/\/www.apulaya.com\/blog\/es\" target=\"_blank\">Nuestro Blog<\/a><\/li>\n<\/ul>\n<\/div>\n<\/li>\n<li id=\"black-studio-tinymce-11\" class=\"contactright widget widget_black_studio_tinymce\">\n<h2 class=\"widgettitle\">Cont\u00e1ctenos Apulaya<\/h2>\n<div class=\"textwidget\">\n<p><strong>Para contactarnos, tan solo llene el siguiente formulario.<\/strong><\/p>\n<hr \/>\n<div class=\"wpcf7 no-js\" id=\"wpcf7-f439-o1\" lang=\"es-ES\" dir=\"ltr\">\n<div class=\"screen-reader-response\">\n<p role=\"status\" aria-live=\"polite\" aria-atomic=\"true\">\n<ul><\/ul>\n<\/div>\n<form action=\"\/es\/wp-json\/wp\/v2\/pages\/61#wpcf7-f439-o1\" method=\"post\" class=\"wpcf7-form init\" aria-label=\"Formulario de contacto\" novalidate=\"novalidate\" data-status=\"init\">\n<div style=\"display: none;\">\n<input type=\"hidden\" name=\"_wpcf7\" value=\"439\" \/><br \/>\n<input type=\"hidden\" name=\"_wpcf7_version\" value=\"5.8.2\" \/><br \/>\n<input type=\"hidden\" name=\"_wpcf7_locale\" value=\"es_ES\" \/><br \/>\n<input type=\"hidden\" name=\"_wpcf7_unit_tag\" value=\"wpcf7-f439-o1\" \/><br \/>\n<input type=\"hidden\" name=\"_wpcf7_container_post\" value=\"0\" \/><br \/>\n<input type=\"hidden\" name=\"_wpcf7_posted_data_hash\" value=\"\" \/>\n<\/div>\n<p>Nombre Completo: *\n<\/p>\n<p><span class=\"wpcf7-form-control-wrap\" data-name=\"your-name\"><input size=\"40\" class=\"wpcf7-form-control wpcf7-text wpcf7-validates-as-required\" aria-required=\"true\" aria-invalid=\"false\" value=\"\" type=\"text\" name=\"your-name\" \/><\/span>\n<\/p>\n<p>Correo Electr\u00f3nico:*\n<\/p>\n<p><span class=\"wpcf7-form-control-wrap\" data-name=\"your-email\"><input size=\"40\" class=\"wpcf7-form-control wpcf7-email wpcf7-validates-as-required wpcf7-text wpcf7-validates-as-email\" aria-required=\"true\" aria-invalid=\"false\" value=\"\" type=\"email\" name=\"your-email\" \/><\/span>\n<\/p>\n<p>Comentarios y preguntas:*\n<\/p>\n<p><span class=\"wpcf7-form-control-wrap\" data-name=\"your-message\"><textarea cols=\"40\" rows=\"10\" class=\"wpcf7-form-control wpcf7-textarea\" aria-invalid=\"false\" name=\"your-message\"><\/textarea><\/span>\n<\/p>\n<p><input type=\"hidden\" name=\"_wpcf7_captcha_challenge_captcha-977\" value=\"1885512597\" \/><img loading=\"lazy\" decoding=\"async\" class=\"wpcf7-form-control wpcf7-captchac wpcf7-captcha-captcha-977\" width=\"72\" height=\"24\" alt=\"captcha\" src=\"https:\/\/www.apulaya.com\/wp-content\/uploads\/wpcf7_captcha\/1885512597.png\" \/><br \/>\n<span class=\"wpcf7-form-control-wrap\" data-name=\"captcha-977\"><input size=\"40\" class=\"wpcf7-form-control wpcf7-captchar\" autocomplete=\"off\" aria-invalid=\"false\" value=\"\" type=\"text\" name=\"captcha-977\" \/><\/span>\n<\/p>\n<p><input class=\"wpcf7-form-control wpcf7-submit has-spinner boton\" type=\"submit\" value=\"Enviar\" \/>\n<\/p>\n<div class=\"wpcf7-response-output\" aria-hidden=\"true\"><\/div>\n<\/form>\n<\/div>\n<\/div>\n<\/li>\n<\/ul>\n<\/div>\n<\/td>\n<\/tr>\n<\/tbody>\n<\/table>\n<p><\/p>","protected":false},"excerpt":{"rendered":"<p>GALER\u00cdA DE FOTOS Arte Pre &#8211; Colombino Arte textil y Tejido Centro Apulaya Fiestas y Celebraciones M\u00fasica Andina Seminarios y Actividades Acerca del Centro Cultural Equipo Apulaya Galer\u00eda de Fotos Testimonios Datos y Precios T\u00e9rminos y Condiciones Generales Pagos Nuestro Blog Cont\u00e1ctenos Apulaya Para contactarnos, tan solo llene el siguiente formulario. Nombre Completo: * Correo [&hellip;]<\/p>\n","protected":false},"author":1,"featured_media":0,"parent":0,"menu_order":0,"comment_status":"open","ping_status":"open","template":"","meta":{"footnotes":""},"yoast_head":"<!-- This site is optimized with the Yoast SEO plugin v21.5 - https:\/\/yoast.com\/wordpress\/plugins\/seo\/ -->\n<title>Fotogallerie - Apulaya<\/title>\n<meta name=\"robots\" content=\"index, follow, max-snippet:-1, max-image-preview:large, max-video-preview:-1\" \/>\n<link rel=\"canonical\" href=\"https:\/\/www.apulaya.com\/de\/fotogallerie\/\" \/>\n<meta property=\"og:locale\" content=\"es_ES\" \/>\n<meta property=\"og:type\" content=\"article\" \/>\n<meta property=\"og:title\" content=\"Fotogallerie - Apulaya\" \/>\n<meta property=\"og:description\" content=\"GALER\u00cdA DE FOTOS Arte Pre &#8211; Colombino Arte textil y Tejido Centro Apulaya Fiestas y Celebraciones M\u00fasica Andina Seminarios y Actividades Acerca del Centro Cultural Equipo Apulaya Galer\u00eda de Fotos Testimonios Datos y Precios T\u00e9rminos y Condiciones Generales Pagos Nuestro Blog Cont\u00e1ctenos Apulaya Para contactarnos, tan solo llene el siguiente formulario. Nombre Completo: * Correo [&hellip;]\" \/>\n<meta property=\"og:url\" content=\"https:\/\/www.apulaya.com\/de\/fotogallerie\/\" \/>\n<meta property=\"og:site_name\" content=\"Apulaya\" \/>\n<meta property=\"article:publisher\" content=\"https:\/\/www.facebook.com\/apulaya.andean.culture\" \/>\n<meta property=\"article:modified_time\" content=\"2018-03-27T15:47:06+00:00\" \/>\n<meta property=\"og:image\" content=\"http:\/\/www.apulaya.com\/wp-content\/uploads\/2013\/12\/pre-columbian-art-1.jpg\" \/>\n<meta name=\"twitter:card\" content=\"summary_large_image\" \/>\n<script type=\"application\/ld+json\" class=\"yoast-schema-graph\">{\"@context\":\"https:\/\/schema.org\",\"@graph\":[{\"@type\":\"WebPage\",\"@id\":\"https:\/\/www.apulaya.com\/de\/fotogallerie\/\",\"url\":\"https:\/\/www.apulaya.com\/de\/fotogallerie\/\",\"name\":\"Fotogallerie - Apulaya\",\"isPartOf\":{\"@id\":\"https:\/\/www.apulaya.com\/en\/#website\"},\"datePublished\":\"2013-12-03T16:34:00+00:00\",\"dateModified\":\"2018-03-27T15:47:06+00:00\",\"breadcrumb\":{\"@id\":\"https:\/\/www.apulaya.com\/de\/fotogallerie\/#breadcrumb\"},\"inLanguage\":\"es\",\"potentialAction\":[{\"@type\":\"ReadAction\",\"target\":[\"https:\/\/www.apulaya.com\/de\/fotogallerie\/\"]}]},{\"@type\":\"BreadcrumbList\",\"@id\":\"https:\/\/www.apulaya.com\/de\/fotogallerie\/#breadcrumb\",\"itemListElement\":[{\"@type\":\"ListItem\",\"position\":1,\"name\":\"Home\",\"item\":\"https:\/\/www.apulaya.com\/en\/\"},{\"@type\":\"ListItem\",\"position\":2,\"name\":\"Fotogallerie\"}]},{\"@type\":\"WebSite\",\"@id\":\"https:\/\/www.apulaya.com\/en\/#website\",\"url\":\"https:\/\/www.apulaya.com\/en\/\",\"name\":\"Apulaya\",\"description\":\"Centro para la Cultura Andina\",\"publisher\":{\"@id\":\"https:\/\/www.apulaya.com\/en\/#organization\"},\"potentialAction\":[{\"@type\":\"SearchAction\",\"target\":{\"@type\":\"EntryPoint\",\"urlTemplate\":\"https:\/\/www.apulaya.com\/en\/?s={search_term_string}\"},\"query-input\":\"required name=search_term_string\"}],\"inLanguage\":\"es\"},{\"@type\":\"Organization\",\"@id\":\"https:\/\/www.apulaya.com\/en\/#organization\",\"name\":\"Apulaya Center for Andean Culture\",\"url\":\"https:\/\/www.apulaya.com\/en\/\",\"logo\":{\"@type\":\"ImageObject\",\"inLanguage\":\"es\",\"@id\":\"https:\/\/www.apulaya.com\/en\/#\/schema\/logo\/image\/\",\"url\":\"https:\/\/www.apulaya.com\/wp-content\/uploads\/2023\/01\/Apulaya_logo2.png\",\"contentUrl\":\"https:\/\/www.apulaya.com\/wp-content\/uploads\/2023\/01\/Apulaya_logo2.png\",\"width\":1080,\"height\":629,\"caption\":\"Apulaya Center for Andean Culture\"},\"image\":{\"@id\":\"https:\/\/www.apulaya.com\/en\/#\/schema\/logo\/image\/\"},\"sameAs\":[\"https:\/\/www.facebook.com\/apulaya.andean.culture\"]}]}<\/script>\n<!-- \/ Yoast SEO plugin. -->","yoast_head_json":{"title":"Fotogallerie - Apulaya","robots":{"index":"index","follow":"follow","max-snippet":"max-snippet:-1","max-image-preview":"max-image-preview:large","max-video-preview":"max-video-preview:-1"},"canonical":"https:\/\/www.apulaya.com\/de\/fotogallerie\/","og_locale":"es_ES","og_type":"article","og_title":"Fotogallerie - Apulaya","og_description":"GALER\u00cdA DE FOTOS Arte Pre &#8211; Colombino Arte textil y Tejido Centro Apulaya Fiestas y Celebraciones M\u00fasica Andina Seminarios y Actividades Acerca del Centro Cultural Equipo Apulaya Galer\u00eda de Fotos Testimonios Datos y Precios T\u00e9rminos y Condiciones Generales Pagos Nuestro Blog Cont\u00e1ctenos Apulaya Para contactarnos, tan solo llene el siguiente formulario. Nombre Completo: * Correo [&hellip;]","og_url":"https:\/\/www.apulaya.com\/de\/fotogallerie\/","og_site_name":"Apulaya","article_publisher":"https:\/\/www.facebook.com\/apulaya.andean.culture","article_modified_time":"2018-03-27T15:47:06+00:00","og_image":[{"url":"http:\/\/www.apulaya.com\/wp-content\/uploads\/2013\/12\/pre-columbian-art-1.jpg"}],"twitter_card":"summary_large_image","schema":{"@context":"https:\/\/schema.org","@graph":[{"@type":"WebPage","@id":"https:\/\/www.apulaya.com\/de\/fotogallerie\/","url":"https:\/\/www.apulaya.com\/de\/fotogallerie\/","name":"Fotogallerie - Apulaya","isPartOf":{"@id":"https:\/\/www.apulaya.com\/en\/#website"},"datePublished":"2013-12-03T16:34:00+00:00","dateModified":"2018-03-27T15:47:06+00:00","breadcrumb":{"@id":"https:\/\/www.apulaya.com\/de\/fotogallerie\/#breadcrumb"},"inLanguage":"es","potentialAction":[{"@type":"ReadAction","target":["https:\/\/www.apulaya.com\/de\/fotogallerie\/"]}]},{"@type":"BreadcrumbList","@id":"https:\/\/www.apulaya.com\/de\/fotogallerie\/#breadcrumb","itemListElement":[{"@type":"ListItem","position":1,"name":"Home","item":"https:\/\/www.apulaya.com\/en\/"},{"@type":"ListItem","position":2,"name":"Fotogallerie"}]},{"@type":"WebSite","@id":"https:\/\/www.apulaya.com\/en\/#website","url":"https:\/\/www.apulaya.com\/en\/","name":"Apulaya","description":"Centro para la Cultura Andina","publisher":{"@id":"https:\/\/www.apulaya.com\/en\/#organization"},"potentialAction":[{"@type":"SearchAction","target":{"@type":"EntryPoint","urlTemplate":"https:\/\/www.apulaya.com\/en\/?s={search_term_string}"},"query-input":"required name=search_term_string"}],"inLanguage":"es"},{"@type":"Organization","@id":"https:\/\/www.apulaya.com\/en\/#organization","name":"Apulaya Center for Andean Culture","url":"https:\/\/www.apulaya.com\/en\/","logo":{"@type":"ImageObject","inLanguage":"es","@id":"https:\/\/www.apulaya.com\/en\/#\/schema\/logo\/image\/","url":"https:\/\/www.apulaya.com\/wp-content\/uploads\/2023\/01\/Apulaya_logo2.png","contentUrl":"https:\/\/www.apulaya.com\/wp-content\/uploads\/2023\/01\/Apulaya_logo2.png","width":1080,"height":629,"caption":"Apulaya Center for Andean Culture"},"image":{"@id":"https:\/\/www.apulaya.com\/en\/#\/schema\/logo\/image\/"},"sameAs":["https:\/\/www.facebook.com\/apulaya.andean.culture"]}]}},"_links":{"self":[{"href":"https:\/\/www.apulaya.com\/es\/wp-json\/wp\/v2\/pages\/61"}],"collection":[{"href":"https:\/\/www.apulaya.com\/es\/wp-json\/wp\/v2\/pages"}],"about":[{"href":"https:\/\/www.apulaya.com\/es\/wp-json\/wp\/v2\/types\/page"}],"author":[{"embeddable":true,"href":"https:\/\/www.apulaya.com\/es\/wp-json\/wp\/v2\/users\/1"}],"replies":[{"embeddable":true,"href":"https:\/\/www.apulaya.com\/es\/wp-json\/wp\/v2\/comments?post=61"}],"version-history":[{"count":9,"href":"https:\/\/www.apulaya.com\/es\/wp-json\/wp\/v2\/pages\/61\/revisions"}],"predecessor-version":[{"id":2421,"href":"https:\/\/www.apulaya.com\/es\/wp-json\/wp\/v2\/pages\/61\/revisions\/2421"}],"wp:attachment":[{"href":"https:\/\/www.apulaya.com\/es\/wp-json\/wp\/v2\/media?parent=61"}],"curies":[{"name":"wp","href":"https:\/\/api.w.org\/{rel}","templated":true}]}}