{"id":55,"date":"2013-12-03T16:31:48","date_gmt":"2013-12-03T16:31:48","guid":{"rendered":"http:\/\/www.apulaya.com\/es\/?page_id=55"},"modified":"2016-01-04T10:57:23","modified_gmt":"2016-01-04T15:57:23","slug":"about-the-cultural-center","status":"publish","type":"page","link":"https:\/\/www.apulaya.com\/es\/acerca-del-centro-cultural\/","title":{"rendered":"Acerca del Centro Cultural"},"content":{"rendered":"<p><\/p>\n<h1>ACERCA DEL CENTRO APULAYA<\/h1>\n<p style=\"text-align: center;\"><img loading=\"lazy\" decoding=\"async\" class=\"aligncenter\" src=\"http:\/\/www.apulaya.com\/wp-content\/uploads\/2013\/12\/cultural-center.jpg\" alt=\"cultural-center\" width=\"974\" height=\"170\" \/><\/p>\n<p><strong>Apulaya &#8211; Center for Andean Culture<\/strong> est\u00e1 integrado por un equipo de profesionales, cuyo fin es preservar y transmitir la gran diversidad de la cultura tradicional ind\u00edgena de los Andes, en forma creativa, interactiva y vivencial, en un ambiente familiar y en contacto con la naturaleza.<\/p>\n<p>Estamos en permanente acopio de informaciones, audios, DVDs, literatura especializada e instrumentos musicales relacionados con la cultura ind\u00edgena andina. Adem\u00e1s de los talleres, ofrecemos paquetes culturales desde tres d\u00edas a una semana y m\u00e1s. As\u00ed mismo, organizamos clases maestras, sesiones musicales, noches de cine documental y seminarios a medida.<\/p>\n<p>El Centro Cultural Apulaya fue fundado por el M\u00fasico Valerio Fern\u00e1ndez y la Artista Emerita Bucher, en el a\u00f1o 2008, y est\u00e1 rodeado de naturaleza, as\u00ed como de m\u00edticas monta\u00f1as, y colinda con el riachuelo Qhochoq, donde, m\u00e1gicamente, se ingresa a un paraje de inspiraci\u00f3n y tranquilidad.<\/p>\n<p>Disponemos de c\u00f3modos estudios de arte y m\u00fasica, con balcones por todo el rededor de los ambientes y grandes ventanas que permiten apreciar todo el hermoso panorama paisaj\u00edstico, as\u00ed como de un amplio jard\u00edn y \u00e1rea verde, como para sentirse en medio de la naturaleza. Realmente, es un lugar perfecto para entrar en contacto con la cultura ind\u00edgena y dejar fluir la creatividad.<\/p>\n<table class=\"tableabout\" border=\"0\" cellspacing=\"0\" cellpadding=\"0\">\n<tbody>\n<tr>\n<td>\n<p><img loading=\"lazy\" decoding=\"async\" class=\"alignleft\" src=\"http:\/\/www.apulaya.com\/wp-content\/uploads\/2013\/12\/kulturzentrum1.jpg\" alt=\"kulturzentrum1\" width=\"214\" height=\"143\" \/><\/p>\n<p>El Centro Apulaya est\u00e1 ubicado en Calca, en el Valle Sagrado de los Incas.Calca es un pueblo pintoresco entre Pisac y Urubamba, a 50 minutos en auto, de la ciudad de Cusco. Su panorama paisaj\u00edstico es hermoso, con una inspiradora vegetaci\u00f3n y microclimas muy variados, adem\u00e1s de ba\u00f1os termales relajantes, zonas arqueol\u00f3gicas y gente amable.<\/p>\n<p>\u00a1Disfruta exquisiteces culinarias con Apulaya! D\u00e9jate sorprender por nuestra deliciosa cocina que refleja la muy variada riqueza ex\u00f3tica y colorida de los mercados peruanos.<\/p>\n<\/td>\n<\/tr>\n<tr>\n<td>\n<p><img loading=\"lazy\" decoding=\"async\" src=\"http:\/\/www.apulaya.com\/wp-content\/uploads\/2013\/12\/kulturzentrum5.jpg\" alt=\"kulturzentrum5\" width=\"244\" height=\"170\" \/><img loading=\"lazy\" decoding=\"async\" src=\"http:\/\/www.apulaya.com\/wp-content\/uploads\/2013\/12\/kulturzentrum6.jpg\" alt=\"kulturzentrum6\" width=\"244\" height=\"170\" \/><img loading=\"lazy\" decoding=\"async\" src=\"http:\/\/www.apulaya.com\/wp-content\/uploads\/2013\/12\/kulturzentrum7.jpg\" alt=\"kulturzentrum7\" width=\"244\" height=\"170\" \/><\/p>\n<\/td>\n<\/tr>\n<tr>\n<td>\n<p><img loading=\"lazy\" decoding=\"async\" src=\"http:\/\/www.apulaya.com\/wp-content\/uploads\/2013\/12\/cultural.jpg\" alt=\"cultural\" width=\"733\" height=\"370\" \/><\/p>\n<\/td>\n<\/tr>\n<\/tbody>\n<\/table>\n<table id=\"right\" border=\"0\" cellspacing=\"0\" cellpadding=\"0\">\n<tbody>\n<tr>\n<td>\n<div class=\"primary-sidebar  content-two-column \">\n<ul>\n<li id=\"black-studio-tinymce-14\" class=\"summerProgram widget widget_black_studio_tinymce\">\n<div class=\"textwidget\">\n<p><a href=\"http:\/\/www.apulaya.com\/es\/estudios-andinos-peru-apulaya\"><img loading=\"lazy\" decoding=\"async\" class=\"aligncenter wp-image-1454 size-full\" title=\"Programas Especiales 2018\" src=\"http:\/\/www.apulaya.com\/wp-content\/uploads\/2013\/12\/programas-especiales-2018.gif\" alt=\"Programas Especiales 2018\" width=\"230\" height=\"156\" \/><\/a><\/div>\n<\/li>\n<li id=\"black-studio-tinymce-12\" class=\"right_culture widget widget_black_studio_tinymce\">\n<div class=\"textwidget\"><a title=\"Estudios de la Cultura Ind\u00edgena\" href=\"http:\/\/www.apulaya.com\/es\/estudios-andinos-peru-apulaya\/#julio\"><img loading=\"lazy\" decoding=\"async\" class=\"img-responsive aligncenter\" title=\"Summer Program 2023\" src=\"https:\/\/www.apulaya.com\/wp-content\/uploads\/2023\/01\/programa-special.gif\" alt=\"Programa Especial 2023\" width=\"250\" height=\"150\" \/><\/a><\/p>\n<p><a title=\"Estudios de la Cultura Ind\u00edgena\" href=\"http:\/\/www.apulaya.com\/es\/estudios-de-la-cultura-indigena\/\"><img loading=\"lazy\" decoding=\"async\" class=\" size-full wp-image-766 aligncenter\" src=\"http:\/\/www.apulaya.com\/wp-content\/uploads\/2013\/12\/estudios-cultura-indigena1.gif\" alt=\"estudios-cultura-indigena\" width=\"225\" height=\"137\" \/><\/a><\/p>\n<p><a href=\"http:\/\/www.apulaya.com\/es\/estudios-de-la-cultura-indigena\/\"><img loading=\"lazy\" decoding=\"async\" class=\"aligncenter size-full wp-image-1533\" title=\"estudio-de-arte-textil-andino\" src=\"http:\/\/www.apulaya.com\/wp-content\/uploads\/2016\/09\/estudio-de-arte-textil-andino.jpg\" alt=\"estudio-de-arte-textil-andino\" width=\"225\" height=\"150\" \/><\/a><\/div>\n<\/li>\n<li id=\"nav_menu-4\" class=\"menu_right widget widget_nav_menu\">\n<div class=\"menu-menu-2-container\">\n<ul id=\"menu-menu-2\" class=\"menu\">\n<li id=\"menu-item-71\" class=\"menu-item menu-item-type-post_type menu-item-object-page menu-item-71\"><a href=\"https:\/\/www.apulaya.com\/es\/acerca-del-centro-cultural\/\">Acerca del Centro Cultural<\/a><\/li>\n<li id=\"menu-item-70\" class=\"menu-item menu-item-type-post_type menu-item-object-page menu-item-70\"><a href=\"https:\/\/www.apulaya.com\/es\/equipo-apulaya\/\">Equipo Apulaya<\/a><\/li>\n<li id=\"menu-item-500\" class=\"menu-item menu-item-type-post_type menu-item-object-page menu-item-500\"><a href=\"https:\/\/www.apulaya.com\/es\/galeria-de-fotos\/\">Galer\u00eda de Fotos<\/a><\/li>\n<li id=\"menu-item-69\" class=\"menu-item menu-item-type-post_type menu-item-object-page menu-item-69\"><a href=\"https:\/\/www.apulaya.com\/es\/testimonios\/\">Testimonios<\/a><\/li>\n<li id=\"menu-item-1279\" class=\"menu-item menu-item-type-post_type menu-item-object-page menu-item-1279\"><a href=\"https:\/\/www.apulaya.com\/es\/tarifas\/\">Datos y Precios<\/a><\/li>\n<li id=\"menu-item-1497\" class=\"menu-item menu-item-type-post_type menu-item-object-page menu-item-1497\"><a href=\"https:\/\/www.apulaya.com\/es\/terminos-y-condiciones-generales\/\">T\u00e9rminos y Condiciones Generales<\/a><\/li>\n<li id=\"menu-item-2569\" class=\"menu-item menu-item-type-post_type menu-item-object-page menu-item-2569\"><a href=\"https:\/\/www.apulaya.com\/es\/pagos\/\">Pagos<\/a><\/li>\n<\/ul>\n<\/div>\n<\/li>\n<li id=\"black-studio-tinymce-16\" class=\"menu_right widget widget_black_studio_tinymce\">\n<div class=\"textwidget\">\n<ul>\n<li><a href=\"http:\/\/www.apulaya.com\/blog\/es\" target=\"_blank\">Nuestro Blog<\/a><\/li>\n<\/ul>\n<\/div>\n<\/li>\n<li id=\"black-studio-tinymce-11\" class=\"contactright widget widget_black_studio_tinymce\">\n<h2 class=\"widgettitle\">Cont\u00e1ctenos Apulaya<\/h2>\n<div class=\"textwidget\">\n<p><strong>Para contactarnos, tan solo llene el siguiente formulario.<\/strong><\/p>\n<hr \/>\n<div class=\"wpcf7 no-js\" id=\"wpcf7-f439-o1\" lang=\"es-ES\" dir=\"ltr\">\n<div class=\"screen-reader-response\">\n<p role=\"status\" aria-live=\"polite\" aria-atomic=\"true\">\n<ul><\/ul>\n<\/div>\n<form action=\"\/es\/wp-json\/wp\/v2\/pages\/55#wpcf7-f439-o1\" method=\"post\" class=\"wpcf7-form init\" aria-label=\"Formulario de contacto\" novalidate=\"novalidate\" data-status=\"init\">\n<div style=\"display: none;\">\n<input type=\"hidden\" name=\"_wpcf7\" value=\"439\" \/><br \/>\n<input type=\"hidden\" name=\"_wpcf7_version\" value=\"5.8.2\" \/><br \/>\n<input type=\"hidden\" name=\"_wpcf7_locale\" value=\"es_ES\" \/><br \/>\n<input type=\"hidden\" name=\"_wpcf7_unit_tag\" value=\"wpcf7-f439-o1\" \/><br \/>\n<input type=\"hidden\" name=\"_wpcf7_container_post\" value=\"0\" \/><br \/>\n<input type=\"hidden\" name=\"_wpcf7_posted_data_hash\" value=\"\" \/>\n<\/div>\n<p>Nombre Completo: *\n<\/p>\n<p><span class=\"wpcf7-form-control-wrap\" data-name=\"your-name\"><input size=\"40\" class=\"wpcf7-form-control wpcf7-text wpcf7-validates-as-required\" aria-required=\"true\" aria-invalid=\"false\" value=\"\" type=\"text\" name=\"your-name\" \/><\/span>\n<\/p>\n<p>Correo Electr\u00f3nico:*\n<\/p>\n<p><span class=\"wpcf7-form-control-wrap\" data-name=\"your-email\"><input size=\"40\" class=\"wpcf7-form-control wpcf7-email wpcf7-validates-as-required wpcf7-text wpcf7-validates-as-email\" aria-required=\"true\" aria-invalid=\"false\" value=\"\" type=\"email\" name=\"your-email\" \/><\/span>\n<\/p>\n<p>Comentarios y preguntas:*\n<\/p>\n<p><span class=\"wpcf7-form-control-wrap\" data-name=\"your-message\"><textarea cols=\"40\" rows=\"10\" class=\"wpcf7-form-control wpcf7-textarea\" aria-invalid=\"false\" name=\"your-message\"><\/textarea><\/span>\n<\/p>\n<p><input type=\"hidden\" name=\"_wpcf7_captcha_challenge_captcha-977\" value=\"1476709260\" \/><img loading=\"lazy\" decoding=\"async\" class=\"wpcf7-form-control wpcf7-captchac wpcf7-captcha-captcha-977\" width=\"72\" height=\"24\" alt=\"captcha\" src=\"https:\/\/www.apulaya.com\/wp-content\/uploads\/wpcf7_captcha\/1476709260.png\" \/><br \/>\n<span class=\"wpcf7-form-control-wrap\" data-name=\"captcha-977\"><input size=\"40\" class=\"wpcf7-form-control wpcf7-captchar\" autocomplete=\"off\" aria-invalid=\"false\" value=\"\" type=\"text\" name=\"captcha-977\" \/><\/span>\n<\/p>\n<p><input class=\"wpcf7-form-control wpcf7-submit has-spinner boton\" type=\"submit\" value=\"Enviar\" \/>\n<\/p>\n<div class=\"wpcf7-response-output\" aria-hidden=\"true\"><\/div>\n<\/form>\n<\/div>\n<\/div>\n<\/li>\n<\/ul>\n<\/div>\n<\/td>\n<\/tr>\n<\/tbody>\n<\/table>\n<p><\/p>","protected":false},"excerpt":{"rendered":"<p>ACERCA DEL CENTRO APULAYA Apulaya &#8211; Center for Andean Culture est\u00e1 integrado por un equipo de profesionales, cuyo fin es preservar y transmitir la gran diversidad de la cultura tradicional ind\u00edgena de los Andes, en forma creativa, interactiva y vivencial, en un ambiente familiar y en contacto con la naturaleza. Estamos en permanente acopio de [&hellip;]<\/p>\n","protected":false},"author":1,"featured_media":0,"parent":0,"menu_order":0,"comment_status":"open","ping_status":"open","template":"","meta":{"footnotes":""},"yoast_head":"<!-- This site is optimized with the Yoast SEO plugin v21.5 - https:\/\/yoast.com\/wordpress\/plugins\/seo\/ -->\n<title>\u00dcber Das Kultur Zentrum - Apulaya<\/title>\n<meta name=\"description\" content=\"Apulaya - Center for Andean Culture vereint ein professionelles Team, welches die grosse kulturelle Vielfalt des Etno-Peru in kreativer, interaktiver und experimenteller Weise vermittelt, in einer famili\u00e4ren und harmonischen Atmosph\u00e4re.\" \/>\n<meta name=\"robots\" content=\"index, follow, max-snippet:-1, max-image-preview:large, max-video-preview:-1\" \/>\n<link rel=\"canonical\" href=\"https:\/\/www.apulaya.com\/de\/uber-das-kultur-zentrum\/\" \/>\n<meta property=\"og:locale\" content=\"es_ES\" \/>\n<meta property=\"og:type\" content=\"article\" \/>\n<meta property=\"og:title\" content=\"\u00dcber Das Kultur Zentrum - Apulaya\" \/>\n<meta property=\"og:description\" content=\"Apulaya - Center for Andean Culture vereint ein professionelles Team, welches die grosse kulturelle Vielfalt des Etno-Peru in kreativer, interaktiver und experimenteller Weise vermittelt, in einer famili\u00e4ren und harmonischen Atmosph\u00e4re.\" \/>\n<meta property=\"og:url\" content=\"https:\/\/www.apulaya.com\/de\/uber-das-kultur-zentrum\/\" \/>\n<meta property=\"og:site_name\" content=\"Apulaya\" \/>\n<meta property=\"article:publisher\" content=\"https:\/\/www.facebook.com\/apulaya.andean.culture\" \/>\n<meta property=\"article:modified_time\" content=\"2016-01-04T15:57:23+00:00\" \/>\n<meta property=\"og:image\" content=\"http:\/\/www.apulaya.com\/wp-content\/uploads\/2013\/12\/cultural-center.jpg\" \/>\n<meta name=\"twitter:card\" content=\"summary_large_image\" \/>\n<meta name=\"twitter:label1\" content=\"Tiempo de lectura\" \/>\n\t<meta name=\"twitter:data1\" content=\"4 minutos\" \/>\n<script type=\"application\/ld+json\" class=\"yoast-schema-graph\">{\"@context\":\"https:\/\/schema.org\",\"@graph\":[{\"@type\":\"WebPage\",\"@id\":\"https:\/\/www.apulaya.com\/de\/uber-das-kultur-zentrum\/\",\"url\":\"https:\/\/www.apulaya.com\/de\/uber-das-kultur-zentrum\/\",\"name\":\"\u00dcber Das Kultur Zentrum - Apulaya\",\"isPartOf\":{\"@id\":\"https:\/\/www.apulaya.com\/en\/#website\"},\"datePublished\":\"2013-12-03T16:31:48+00:00\",\"dateModified\":\"2016-01-04T15:57:23+00:00\",\"description\":\"Apulaya - Center for Andean Culture vereint ein professionelles Team, welches die grosse kulturelle Vielfalt des Etno-Peru in kreativer, interaktiver und experimenteller Weise vermittelt, in einer famili\u00e4ren und harmonischen Atmosph\u00e4re.\",\"breadcrumb\":{\"@id\":\"https:\/\/www.apulaya.com\/de\/uber-das-kultur-zentrum\/#breadcrumb\"},\"inLanguage\":\"es\",\"potentialAction\":[{\"@type\":\"ReadAction\",\"target\":[\"https:\/\/www.apulaya.com\/de\/uber-das-kultur-zentrum\/\"]}]},{\"@type\":\"BreadcrumbList\",\"@id\":\"https:\/\/www.apulaya.com\/de\/uber-das-kultur-zentrum\/#breadcrumb\",\"itemListElement\":[{\"@type\":\"ListItem\",\"position\":1,\"name\":\"Home\",\"item\":\"https:\/\/www.apulaya.com\/en\/\"},{\"@type\":\"ListItem\",\"position\":2,\"name\":\"\u00dcber Das Kultur Zentrum\"}]},{\"@type\":\"WebSite\",\"@id\":\"https:\/\/www.apulaya.com\/en\/#website\",\"url\":\"https:\/\/www.apulaya.com\/en\/\",\"name\":\"Apulaya\",\"description\":\"Centro para la Cultura Andina\",\"publisher\":{\"@id\":\"https:\/\/www.apulaya.com\/en\/#organization\"},\"potentialAction\":[{\"@type\":\"SearchAction\",\"target\":{\"@type\":\"EntryPoint\",\"urlTemplate\":\"https:\/\/www.apulaya.com\/en\/?s={search_term_string}\"},\"query-input\":\"required name=search_term_string\"}],\"inLanguage\":\"es\"},{\"@type\":\"Organization\",\"@id\":\"https:\/\/www.apulaya.com\/en\/#organization\",\"name\":\"Apulaya Center for Andean Culture\",\"url\":\"https:\/\/www.apulaya.com\/en\/\",\"logo\":{\"@type\":\"ImageObject\",\"inLanguage\":\"es\",\"@id\":\"https:\/\/www.apulaya.com\/en\/#\/schema\/logo\/image\/\",\"url\":\"https:\/\/www.apulaya.com\/wp-content\/uploads\/2023\/01\/Apulaya_logo2.png\",\"contentUrl\":\"https:\/\/www.apulaya.com\/wp-content\/uploads\/2023\/01\/Apulaya_logo2.png\",\"width\":1080,\"height\":629,\"caption\":\"Apulaya Center for Andean Culture\"},\"image\":{\"@id\":\"https:\/\/www.apulaya.com\/en\/#\/schema\/logo\/image\/\"},\"sameAs\":[\"https:\/\/www.facebook.com\/apulaya.andean.culture\"]}]}<\/script>\n<!-- \/ Yoast SEO plugin. -->","yoast_head_json":{"title":"\u00dcber Das Kultur Zentrum - Apulaya","description":"Apulaya - Center for Andean Culture vereint ein professionelles Team, welches die grosse kulturelle Vielfalt des Etno-Peru in kreativer, interaktiver und experimenteller Weise vermittelt, in einer famili\u00e4ren und harmonischen Atmosph\u00e4re.","robots":{"index":"index","follow":"follow","max-snippet":"max-snippet:-1","max-image-preview":"max-image-preview:large","max-video-preview":"max-video-preview:-1"},"canonical":"https:\/\/www.apulaya.com\/de\/uber-das-kultur-zentrum\/","og_locale":"es_ES","og_type":"article","og_title":"\u00dcber Das Kultur Zentrum - Apulaya","og_description":"Apulaya - Center for Andean Culture vereint ein professionelles Team, welches die grosse kulturelle Vielfalt des Etno-Peru in kreativer, interaktiver und experimenteller Weise vermittelt, in einer famili\u00e4ren und harmonischen Atmosph\u00e4re.","og_url":"https:\/\/www.apulaya.com\/de\/uber-das-kultur-zentrum\/","og_site_name":"Apulaya","article_publisher":"https:\/\/www.facebook.com\/apulaya.andean.culture","article_modified_time":"2016-01-04T15:57:23+00:00","og_image":[{"url":"http:\/\/www.apulaya.com\/wp-content\/uploads\/2013\/12\/cultural-center.jpg"}],"twitter_card":"summary_large_image","twitter_misc":{"Tiempo de lectura":"4 minutos"},"schema":{"@context":"https:\/\/schema.org","@graph":[{"@type":"WebPage","@id":"https:\/\/www.apulaya.com\/de\/uber-das-kultur-zentrum\/","url":"https:\/\/www.apulaya.com\/de\/uber-das-kultur-zentrum\/","name":"\u00dcber Das Kultur Zentrum - Apulaya","isPartOf":{"@id":"https:\/\/www.apulaya.com\/en\/#website"},"datePublished":"2013-12-03T16:31:48+00:00","dateModified":"2016-01-04T15:57:23+00:00","description":"Apulaya - Center for Andean Culture vereint ein professionelles Team, welches die grosse kulturelle Vielfalt des Etno-Peru in kreativer, interaktiver und experimenteller Weise vermittelt, in einer famili\u00e4ren und harmonischen Atmosph\u00e4re.","breadcrumb":{"@id":"https:\/\/www.apulaya.com\/de\/uber-das-kultur-zentrum\/#breadcrumb"},"inLanguage":"es","potentialAction":[{"@type":"ReadAction","target":["https:\/\/www.apulaya.com\/de\/uber-das-kultur-zentrum\/"]}]},{"@type":"BreadcrumbList","@id":"https:\/\/www.apulaya.com\/de\/uber-das-kultur-zentrum\/#breadcrumb","itemListElement":[{"@type":"ListItem","position":1,"name":"Home","item":"https:\/\/www.apulaya.com\/en\/"},{"@type":"ListItem","position":2,"name":"\u00dcber Das Kultur Zentrum"}]},{"@type":"WebSite","@id":"https:\/\/www.apulaya.com\/en\/#website","url":"https:\/\/www.apulaya.com\/en\/","name":"Apulaya","description":"Centro para la Cultura Andina","publisher":{"@id":"https:\/\/www.apulaya.com\/en\/#organization"},"potentialAction":[{"@type":"SearchAction","target":{"@type":"EntryPoint","urlTemplate":"https:\/\/www.apulaya.com\/en\/?s={search_term_string}"},"query-input":"required name=search_term_string"}],"inLanguage":"es"},{"@type":"Organization","@id":"https:\/\/www.apulaya.com\/en\/#organization","name":"Apulaya Center for Andean Culture","url":"https:\/\/www.apulaya.com\/en\/","logo":{"@type":"ImageObject","inLanguage":"es","@id":"https:\/\/www.apulaya.com\/en\/#\/schema\/logo\/image\/","url":"https:\/\/www.apulaya.com\/wp-content\/uploads\/2023\/01\/Apulaya_logo2.png","contentUrl":"https:\/\/www.apulaya.com\/wp-content\/uploads\/2023\/01\/Apulaya_logo2.png","width":1080,"height":629,"caption":"Apulaya Center for Andean Culture"},"image":{"@id":"https:\/\/www.apulaya.com\/en\/#\/schema\/logo\/image\/"},"sameAs":["https:\/\/www.facebook.com\/apulaya.andean.culture"]}]}},"_links":{"self":[{"href":"https:\/\/www.apulaya.com\/es\/wp-json\/wp\/v2\/pages\/55"}],"collection":[{"href":"https:\/\/www.apulaya.com\/es\/wp-json\/wp\/v2\/pages"}],"about":[{"href":"https:\/\/www.apulaya.com\/es\/wp-json\/wp\/v2\/types\/page"}],"author":[{"embeddable":true,"href":"https:\/\/www.apulaya.com\/es\/wp-json\/wp\/v2\/users\/1"}],"replies":[{"embeddable":true,"href":"https:\/\/www.apulaya.com\/es\/wp-json\/wp\/v2\/comments?post=55"}],"version-history":[{"count":0,"href":"https:\/\/www.apulaya.com\/es\/wp-json\/wp\/v2\/pages\/55\/revisions"}],"wp:attachment":[{"href":"https:\/\/www.apulaya.com\/es\/wp-json\/wp\/v2\/media?parent=55"}],"curies":[{"name":"wp","href":"https:\/\/api.w.org\/{rel}","templated":true}]}}