{"id":29,"date":"2013-12-03T15:53:02","date_gmt":"2013-12-03T15:53:02","guid":{"rendered":"http:\/\/www.apulaya.com\/es\/?page_id=29"},"modified":"2016-01-04T10:36:40","modified_gmt":"2016-01-04T15:36:40","slug":"tours-in-archeo-astronomy","status":"publish","type":"page","link":"https:\/\/www.apulaya.com\/es\/tours-en-arque-astronomia\/","title":{"rendered":"Tours en Arque-Astronom\u00eda"},"content":{"rendered":"<p><\/p>\n<h1>LA COSMOLOGIA Y ARQUITECTURA DE LOS INCAS<\/h1>\n<h2>TOURS ARQUEO-ASTRON\u00d3MICOS<\/h2>\n<p><img loading=\"lazy\" decoding=\"async\" src=\"http:\/\/www.apulaya.com\/wp-content\/uploads\/2013\/12\/astronomie11.jpg\" alt=\"astronomie1\" width=\"974\" height=\"170\" \/><\/p>\n<table border=\"0\" cellspacing=\"10\" cellpadding=\"0\">\n<tbody>\n<tr>\n<td>\n<h4>Tours a Cusco, Machu Picchu y\u00a0Valle Sagrado de los Incas<\/h4>\n<p><img loading=\"lazy\" decoding=\"async\" class=\"alignleft\" src=\"http:\/\/www.apulaya.com\/wp-content\/uploads\/2013\/12\/astronomie3.jpg\" alt=\"astronomie3\" width=\"171\" height=\"194\" \/><\/p>\n<p>Un viaje a los santuarios incas, es un viaje al cosmos, a la naturaleza y al mismo ser humano. Las culturas precolombinas integraron leyes c\u00f3smicas en su arquitectura.<\/p>\n<p>Las decisiones acerca de la elecci\u00f3n de los lugares de culto y sus ubicaciones, fueron tomadas en base a realidades dadas por la misma naturaleza, en lugares donde el paisaje se conjuga perfectamente con las observaciones cosmol\u00f3gicas.<\/p>\n<p>Exploraremos los complejos arqueol\u00f3gicos de Cusco y del Valle Sagrado de los Incas, cuya planificaci\u00f3n y construcci\u00f3n est\u00e1n basadas en la arqueo-astronom\u00eda, en combinaci\u00f3n con los datos de cr\u00f3nicas hist\u00f3ricas y la cosmovisi\u00f3n ind\u00edgena en la actualidad. As\u00ed, la armon\u00eda entre el ser humano, el cosmos y la naturaleza est\u00e1 visualizada y experimentada de manera impresionante.<\/p>\n<\/td>\n<\/tr>\n<\/tbody>\n<\/table>\n<table class=\"tablecontent3\" border=\"0\" cellspacing=\"5\" cellpadding=\"0\">\n<tbody>\n<tr>\n<td><img loading=\"lazy\" decoding=\"async\" class=\"alignnone size-full wp-image-318\" src=\"http:\/\/www.apulaya.com\/wp-content\/uploads\/2013\/12\/astronomie4.jpg\" alt=\"astronomie4\" width=\"214\" height=\"161\" \/><\/td>\n<td>\n<h3>Cusco \u2013 Saqsaywaman y alrededores<\/h3>\n<p>Arqueo-astronom\u00eda e historia<\/p>\n<\/td>\n<td>\n<h3>Machu Picchu<\/h3>\n<p>Arqueo-astronom\u00eda y Fotograf\u00eda<\/p>\n<\/td>\n<\/tr>\n<tr>\n<td><img loading=\"lazy\" decoding=\"async\" class=\"alignnone size-full wp-image-319\" src=\"http:\/\/www.apulaya.com\/wp-content\/uploads\/2013\/12\/astronomie5.jpg\" alt=\"astronomie5\" width=\"214\" height=\"161\" \/><\/td>\n<td>\n<h3>Pisaq<\/h3>\n<p>Filosof\u00eda andina e historia del arte<\/p>\n<\/td>\n<td>\n<h3>Qoricancha<\/h3>\n<p>Arqueo-astronom\u00eda e historia<\/p>\n<\/td>\n<\/tr>\n<tr>\n<td><img loading=\"lazy\" decoding=\"async\" class=\"alignnone size-full wp-image-320\" src=\"http:\/\/www.apulaya.com\/wp-content\/uploads\/2013\/12\/astronomie7.jpg\" alt=\"astronomie7\" width=\"214\" height=\"161\" \/><\/td>\n<td>\n<h3>Chinchero \u2013 Moray \u2013 Salineras<\/h3>\n<p>Arqueo-astronom\u00eda y fotograf\u00eda<\/p>\n<\/td>\n<td>\n<h3>Ollantaytambo<\/h3>\n<p>Arqueo-astronom\u00eda y pintura<\/p>\n<\/td>\n<\/tr>\n<tr>\n<td colspan=\"3\">\n<h3>Reportaje:\u00a0Isla del Sol &#8211; Isla de la Luna<\/h3>\n<h3><a href=\"http:\/\/www.apulaya.com\/isla_del_sol.pdf\" target=\"_blank\">\u2026 ver reportaje<\/a><\/h3>\n<\/td>\n<\/tr>\n<tr>\n<td class=\"bgAstronomia\" colspan=\"3\">\n<p><img loading=\"lazy\" decoding=\"async\" class=\"alignleft\" src=\"http:\/\/www.apulaya.com\/wp-content\/uploads\/2013\/12\/astronomie1.jpg\" alt=\"astronomie1\" width=\"214\" height=\"213\" \/><\/p>\n<p>La ideolog\u00eda en el Santuario, apunta hacia un culto dedicado a la totalidad de lo que Es. Lo Existente e inmenso aqu\u00ed, visible u oculto, m\u00f3vil o inm\u00f3vil, grande o peque\u00f1o, arriba o abajo, adelante o atr\u00e1s, a la derecha o a la izquierda.<\/p>\n<p>Aqu\u00ed , todo est\u00e1 y es m\u00e1gico, encantado y vivo.<\/p>\n<p>No separa lo divino de lo creado, pero si, conoce aspectos:<\/p>\n<p>El afuera, visible, tangible, natural, mensurable, y el adentro, vital, oculto, m\u00e1gico, inmensurable. Son integrados, como mundo o \u201cCosmos\u201d, pero diferenciados en momentos, jerarqu\u00edas, aspectos o zonas.<\/p>\n<p>Alfio Pinasco Carella, Arqueoastronomia en Pachacamac.<\/p>\n<\/td>\n<\/tr>\n<\/tbody>\n<\/table>\n<table id=\"right\" border=\"0\" cellspacing=\"0\" cellpadding=\"0\">\n<tbody>\n<tr>\n<td>\n<div class=\"primary-sidebar  content-two-column \">\n<ul>\n<li id=\"black-studio-tinymce-14\" class=\"summerProgram widget widget_black_studio_tinymce\">\n<div class=\"textwidget\">\n<p><a href=\"http:\/\/www.apulaya.com\/es\/estudios-andinos-peru-apulaya\"><img loading=\"lazy\" decoding=\"async\" class=\"aligncenter wp-image-1454 size-full\" title=\"Programas Especiales 2018\" src=\"http:\/\/www.apulaya.com\/wp-content\/uploads\/2013\/12\/programas-especiales-2018.gif\" alt=\"Programas Especiales 2018\" width=\"230\" height=\"156\" \/><\/a><\/div>\n<\/li>\n<li id=\"black-studio-tinymce-12\" class=\"right_culture widget widget_black_studio_tinymce\">\n<div class=\"textwidget\"><a title=\"Estudios de la Cultura Ind\u00edgena\" href=\"http:\/\/www.apulaya.com\/es\/estudios-andinos-peru-apulaya\/#julio\"><img loading=\"lazy\" decoding=\"async\" class=\"img-responsive aligncenter\" title=\"Summer Program 2023\" src=\"https:\/\/www.apulaya.com\/wp-content\/uploads\/2023\/01\/programa-special.gif\" alt=\"Programa Especial 2023\" width=\"250\" height=\"150\" \/><\/a><\/p>\n<p><a title=\"Estudios de la Cultura Ind\u00edgena\" href=\"http:\/\/www.apulaya.com\/es\/estudios-de-la-cultura-indigena\/\"><img loading=\"lazy\" decoding=\"async\" class=\" size-full wp-image-766 aligncenter\" src=\"http:\/\/www.apulaya.com\/wp-content\/uploads\/2013\/12\/estudios-cultura-indigena1.gif\" alt=\"estudios-cultura-indigena\" width=\"225\" height=\"137\" \/><\/a><\/p>\n<p><a href=\"http:\/\/www.apulaya.com\/es\/estudios-de-la-cultura-indigena\/\"><img loading=\"lazy\" decoding=\"async\" class=\"aligncenter size-full wp-image-1533\" title=\"estudio-de-arte-textil-andino\" src=\"http:\/\/www.apulaya.com\/wp-content\/uploads\/2016\/09\/estudio-de-arte-textil-andino.jpg\" alt=\"estudio-de-arte-textil-andino\" width=\"225\" height=\"150\" \/><\/a><\/div>\n<\/li>\n<li id=\"nav_menu-4\" class=\"menu_right widget widget_nav_menu\">\n<div class=\"menu-menu-2-container\">\n<ul id=\"menu-menu-2\" class=\"menu\">\n<li id=\"menu-item-71\" class=\"menu-item menu-item-type-post_type menu-item-object-page menu-item-71\"><a href=\"https:\/\/www.apulaya.com\/es\/acerca-del-centro-cultural\/\">Acerca del Centro Cultural<\/a><\/li>\n<li id=\"menu-item-70\" class=\"menu-item menu-item-type-post_type menu-item-object-page menu-item-70\"><a href=\"https:\/\/www.apulaya.com\/es\/equipo-apulaya\/\">Equipo Apulaya<\/a><\/li>\n<li id=\"menu-item-500\" class=\"menu-item menu-item-type-post_type menu-item-object-page menu-item-500\"><a href=\"https:\/\/www.apulaya.com\/es\/galeria-de-fotos\/\">Galer\u00eda de Fotos<\/a><\/li>\n<li id=\"menu-item-69\" class=\"menu-item menu-item-type-post_type menu-item-object-page menu-item-69\"><a href=\"https:\/\/www.apulaya.com\/es\/testimonios\/\">Testimonios<\/a><\/li>\n<li id=\"menu-item-1279\" class=\"menu-item menu-item-type-post_type menu-item-object-page menu-item-1279\"><a href=\"https:\/\/www.apulaya.com\/es\/tarifas\/\">Datos y Precios<\/a><\/li>\n<li id=\"menu-item-1497\" class=\"menu-item menu-item-type-post_type menu-item-object-page menu-item-1497\"><a href=\"https:\/\/www.apulaya.com\/es\/terminos-y-condiciones-generales\/\">T\u00e9rminos y Condiciones Generales<\/a><\/li>\n<li id=\"menu-item-2569\" class=\"menu-item menu-item-type-post_type menu-item-object-page menu-item-2569\"><a href=\"https:\/\/www.apulaya.com\/es\/pagos\/\">Pagos<\/a><\/li>\n<\/ul>\n<\/div>\n<\/li>\n<li id=\"black-studio-tinymce-16\" class=\"menu_right widget widget_black_studio_tinymce\">\n<div class=\"textwidget\">\n<ul>\n<li><a href=\"http:\/\/www.apulaya.com\/blog\/es\" target=\"_blank\">Nuestro Blog<\/a><\/li>\n<\/ul>\n<\/div>\n<\/li>\n<li id=\"black-studio-tinymce-11\" class=\"contactright widget widget_black_studio_tinymce\">\n<h2 class=\"widgettitle\">Cont\u00e1ctenos Apulaya<\/h2>\n<div class=\"textwidget\">\n<p><strong>Para contactarnos, tan solo llene el siguiente formulario.<\/strong><\/p>\n<hr \/>\n<div class=\"wpcf7 no-js\" id=\"wpcf7-f439-o1\" lang=\"es-ES\" dir=\"ltr\">\n<div class=\"screen-reader-response\">\n<p role=\"status\" aria-live=\"polite\" aria-atomic=\"true\">\n<ul><\/ul>\n<\/div>\n<form action=\"\/es\/wp-json\/wp\/v2\/pages\/29#wpcf7-f439-o1\" method=\"post\" class=\"wpcf7-form init\" aria-label=\"Formulario de contacto\" novalidate=\"novalidate\" data-status=\"init\">\n<div style=\"display: none;\">\n<input type=\"hidden\" name=\"_wpcf7\" value=\"439\" \/><br \/>\n<input type=\"hidden\" name=\"_wpcf7_version\" value=\"5.8.2\" \/><br \/>\n<input type=\"hidden\" name=\"_wpcf7_locale\" value=\"es_ES\" \/><br \/>\n<input type=\"hidden\" name=\"_wpcf7_unit_tag\" value=\"wpcf7-f439-o1\" \/><br \/>\n<input type=\"hidden\" name=\"_wpcf7_container_post\" value=\"0\" \/><br \/>\n<input type=\"hidden\" name=\"_wpcf7_posted_data_hash\" value=\"\" \/>\n<\/div>\n<p>Nombre Completo: *\n<\/p>\n<p><span class=\"wpcf7-form-control-wrap\" data-name=\"your-name\"><input size=\"40\" class=\"wpcf7-form-control wpcf7-text wpcf7-validates-as-required\" aria-required=\"true\" aria-invalid=\"false\" value=\"\" type=\"text\" name=\"your-name\" \/><\/span>\n<\/p>\n<p>Correo Electr\u00f3nico:*\n<\/p>\n<p><span class=\"wpcf7-form-control-wrap\" data-name=\"your-email\"><input size=\"40\" class=\"wpcf7-form-control wpcf7-email wpcf7-validates-as-required wpcf7-text wpcf7-validates-as-email\" aria-required=\"true\" aria-invalid=\"false\" value=\"\" type=\"email\" name=\"your-email\" \/><\/span>\n<\/p>\n<p>Comentarios y preguntas:*\n<\/p>\n<p><span class=\"wpcf7-form-control-wrap\" data-name=\"your-message\"><textarea cols=\"40\" rows=\"10\" class=\"wpcf7-form-control wpcf7-textarea\" aria-invalid=\"false\" name=\"your-message\"><\/textarea><\/span>\n<\/p>\n<p><input type=\"hidden\" name=\"_wpcf7_captcha_challenge_captcha-977\" value=\"2418590184\" \/><img loading=\"lazy\" decoding=\"async\" class=\"wpcf7-form-control wpcf7-captchac wpcf7-captcha-captcha-977\" width=\"72\" height=\"24\" alt=\"captcha\" src=\"https:\/\/www.apulaya.com\/wp-content\/uploads\/wpcf7_captcha\/2418590184.png\" \/><br \/>\n<span class=\"wpcf7-form-control-wrap\" data-name=\"captcha-977\"><input size=\"40\" class=\"wpcf7-form-control wpcf7-captchar\" autocomplete=\"off\" aria-invalid=\"false\" value=\"\" type=\"text\" name=\"captcha-977\" \/><\/span>\n<\/p>\n<p><input class=\"wpcf7-form-control wpcf7-submit has-spinner boton\" type=\"submit\" value=\"Enviar\" \/>\n<\/p>\n<div class=\"wpcf7-response-output\" aria-hidden=\"true\"><\/div>\n<\/form>\n<\/div>\n<\/div>\n<\/li>\n<\/ul>\n<\/div>\n<\/td>\n<\/tr>\n<\/tbody>\n<\/table>\n<p><\/p>","protected":false},"excerpt":{"rendered":"<p>LA COSMOLOGIA Y ARQUITECTURA DE LOS INCAS TOURS ARQUEO-ASTRON\u00d3MICOS Tours a Cusco, Machu Picchu y\u00a0Valle Sagrado de los Incas Un viaje a los santuarios incas, es un viaje al cosmos, a la naturaleza y al mismo ser humano. Las culturas precolombinas integraron leyes c\u00f3smicas en su arquitectura. Las decisiones acerca de la elecci\u00f3n de los [&hellip;]<\/p>\n","protected":false},"author":1,"featured_media":0,"parent":0,"menu_order":0,"comment_status":"open","ping_status":"open","template":"","meta":{"footnotes":""},"yoast_head":"<!-- This site is optimized with the Yoast SEO plugin v21.5 - https:\/\/yoast.com\/wordpress\/plugins\/seo\/ -->\n<title>Tours in Arch\u00e4o-Astronomie, Kosmologie undarchitekturder inkas<\/title>\n<meta name=\"description\" content=\"Tours um Cusco, Machu Picchu und Heiliges Tal der Inkas. Eine Reise zu den Heilgt\u00fcmer der Inkas ist eine Reise zum Kosmos, zur Natur und zum Menschen.\" \/>\n<meta name=\"robots\" content=\"index, follow, max-snippet:-1, max-image-preview:large, max-video-preview:-1\" \/>\n<link rel=\"canonical\" href=\"https:\/\/www.apulaya.com\/de\/tours-in-archao-astronomie\/\" \/>\n<meta property=\"og:locale\" content=\"es_ES\" \/>\n<meta property=\"og:type\" content=\"article\" \/>\n<meta property=\"og:title\" content=\"Tours in Arch\u00e4o-Astronomie, Kosmologie undarchitekturder inkas\" \/>\n<meta property=\"og:description\" content=\"Tours um Cusco, Machu Picchu und Heiliges Tal der Inkas. Eine Reise zu den Heilgt\u00fcmer der Inkas ist eine Reise zum Kosmos, zur Natur und zum Menschen.\" \/>\n<meta property=\"og:url\" content=\"https:\/\/www.apulaya.com\/de\/tours-in-archao-astronomie\/\" \/>\n<meta property=\"og:site_name\" content=\"Apulaya\" \/>\n<meta property=\"article:publisher\" content=\"https:\/\/www.facebook.com\/apulaya.andean.culture\" \/>\n<meta property=\"article:modified_time\" content=\"2016-01-04T15:36:40+00:00\" \/>\n<meta property=\"og:image\" content=\"http:\/\/www.apulaya.com\/wp-content\/uploads\/2013\/12\/astronomie11.jpg\" \/>\n<meta name=\"twitter:card\" content=\"summary_large_image\" \/>\n<meta name=\"twitter:label1\" content=\"Tiempo de lectura\" \/>\n\t<meta name=\"twitter:data1\" content=\"4 minutos\" \/>\n<script type=\"application\/ld+json\" class=\"yoast-schema-graph\">{\"@context\":\"https:\/\/schema.org\",\"@graph\":[{\"@type\":\"WebPage\",\"@id\":\"https:\/\/www.apulaya.com\/de\/tours-in-archao-astronomie\/\",\"url\":\"https:\/\/www.apulaya.com\/de\/tours-in-archao-astronomie\/\",\"name\":\"Tours in Arch\u00e4o-Astronomie, Kosmologie undarchitekturder inkas\",\"isPartOf\":{\"@id\":\"https:\/\/www.apulaya.com\/en\/#website\"},\"datePublished\":\"2013-12-03T15:53:02+00:00\",\"dateModified\":\"2016-01-04T15:36:40+00:00\",\"description\":\"Tours um Cusco, Machu Picchu und Heiliges Tal der Inkas. Eine Reise zu den Heilgt\u00fcmer der Inkas ist eine Reise zum Kosmos, zur Natur und zum Menschen.\",\"breadcrumb\":{\"@id\":\"https:\/\/www.apulaya.com\/de\/tours-in-archao-astronomie\/#breadcrumb\"},\"inLanguage\":\"es\",\"potentialAction\":[{\"@type\":\"ReadAction\",\"target\":[\"https:\/\/www.apulaya.com\/de\/tours-in-archao-astronomie\/\"]}]},{\"@type\":\"BreadcrumbList\",\"@id\":\"https:\/\/www.apulaya.com\/de\/tours-in-archao-astronomie\/#breadcrumb\",\"itemListElement\":[{\"@type\":\"ListItem\",\"position\":1,\"name\":\"Home\",\"item\":\"https:\/\/www.apulaya.com\/en\/\"},{\"@type\":\"ListItem\",\"position\":2,\"name\":\"Tours in Arch\u00e4o-Astronomie\"}]},{\"@type\":\"WebSite\",\"@id\":\"https:\/\/www.apulaya.com\/en\/#website\",\"url\":\"https:\/\/www.apulaya.com\/en\/\",\"name\":\"Apulaya\",\"description\":\"Centro para la Cultura Andina\",\"publisher\":{\"@id\":\"https:\/\/www.apulaya.com\/en\/#organization\"},\"potentialAction\":[{\"@type\":\"SearchAction\",\"target\":{\"@type\":\"EntryPoint\",\"urlTemplate\":\"https:\/\/www.apulaya.com\/en\/?s={search_term_string}\"},\"query-input\":\"required name=search_term_string\"}],\"inLanguage\":\"es\"},{\"@type\":\"Organization\",\"@id\":\"https:\/\/www.apulaya.com\/en\/#organization\",\"name\":\"Apulaya Center for Andean Culture\",\"url\":\"https:\/\/www.apulaya.com\/en\/\",\"logo\":{\"@type\":\"ImageObject\",\"inLanguage\":\"es\",\"@id\":\"https:\/\/www.apulaya.com\/en\/#\/schema\/logo\/image\/\",\"url\":\"https:\/\/www.apulaya.com\/wp-content\/uploads\/2023\/01\/Apulaya_logo2.png\",\"contentUrl\":\"https:\/\/www.apulaya.com\/wp-content\/uploads\/2023\/01\/Apulaya_logo2.png\",\"width\":1080,\"height\":629,\"caption\":\"Apulaya Center for Andean Culture\"},\"image\":{\"@id\":\"https:\/\/www.apulaya.com\/en\/#\/schema\/logo\/image\/\"},\"sameAs\":[\"https:\/\/www.facebook.com\/apulaya.andean.culture\"]}]}<\/script>\n<!-- \/ Yoast SEO plugin. -->","yoast_head_json":{"title":"Tours in Arch\u00e4o-Astronomie, Kosmologie undarchitekturder inkas","description":"Tours um Cusco, Machu Picchu und Heiliges Tal der Inkas. Eine Reise zu den Heilgt\u00fcmer der Inkas ist eine Reise zum Kosmos, zur Natur und zum Menschen.","robots":{"index":"index","follow":"follow","max-snippet":"max-snippet:-1","max-image-preview":"max-image-preview:large","max-video-preview":"max-video-preview:-1"},"canonical":"https:\/\/www.apulaya.com\/de\/tours-in-archao-astronomie\/","og_locale":"es_ES","og_type":"article","og_title":"Tours in Arch\u00e4o-Astronomie, Kosmologie undarchitekturder inkas","og_description":"Tours um Cusco, Machu Picchu und Heiliges Tal der Inkas. Eine Reise zu den Heilgt\u00fcmer der Inkas ist eine Reise zum Kosmos, zur Natur und zum Menschen.","og_url":"https:\/\/www.apulaya.com\/de\/tours-in-archao-astronomie\/","og_site_name":"Apulaya","article_publisher":"https:\/\/www.facebook.com\/apulaya.andean.culture","article_modified_time":"2016-01-04T15:36:40+00:00","og_image":[{"url":"http:\/\/www.apulaya.com\/wp-content\/uploads\/2013\/12\/astronomie11.jpg"}],"twitter_card":"summary_large_image","twitter_misc":{"Tiempo de lectura":"4 minutos"},"schema":{"@context":"https:\/\/schema.org","@graph":[{"@type":"WebPage","@id":"https:\/\/www.apulaya.com\/de\/tours-in-archao-astronomie\/","url":"https:\/\/www.apulaya.com\/de\/tours-in-archao-astronomie\/","name":"Tours in Arch\u00e4o-Astronomie, Kosmologie undarchitekturder inkas","isPartOf":{"@id":"https:\/\/www.apulaya.com\/en\/#website"},"datePublished":"2013-12-03T15:53:02+00:00","dateModified":"2016-01-04T15:36:40+00:00","description":"Tours um Cusco, Machu Picchu und Heiliges Tal der Inkas. Eine Reise zu den Heilgt\u00fcmer der Inkas ist eine Reise zum Kosmos, zur Natur und zum Menschen.","breadcrumb":{"@id":"https:\/\/www.apulaya.com\/de\/tours-in-archao-astronomie\/#breadcrumb"},"inLanguage":"es","potentialAction":[{"@type":"ReadAction","target":["https:\/\/www.apulaya.com\/de\/tours-in-archao-astronomie\/"]}]},{"@type":"BreadcrumbList","@id":"https:\/\/www.apulaya.com\/de\/tours-in-archao-astronomie\/#breadcrumb","itemListElement":[{"@type":"ListItem","position":1,"name":"Home","item":"https:\/\/www.apulaya.com\/en\/"},{"@type":"ListItem","position":2,"name":"Tours in Arch\u00e4o-Astronomie"}]},{"@type":"WebSite","@id":"https:\/\/www.apulaya.com\/en\/#website","url":"https:\/\/www.apulaya.com\/en\/","name":"Apulaya","description":"Centro para la Cultura Andina","publisher":{"@id":"https:\/\/www.apulaya.com\/en\/#organization"},"potentialAction":[{"@type":"SearchAction","target":{"@type":"EntryPoint","urlTemplate":"https:\/\/www.apulaya.com\/en\/?s={search_term_string}"},"query-input":"required name=search_term_string"}],"inLanguage":"es"},{"@type":"Organization","@id":"https:\/\/www.apulaya.com\/en\/#organization","name":"Apulaya Center for Andean Culture","url":"https:\/\/www.apulaya.com\/en\/","logo":{"@type":"ImageObject","inLanguage":"es","@id":"https:\/\/www.apulaya.com\/en\/#\/schema\/logo\/image\/","url":"https:\/\/www.apulaya.com\/wp-content\/uploads\/2023\/01\/Apulaya_logo2.png","contentUrl":"https:\/\/www.apulaya.com\/wp-content\/uploads\/2023\/01\/Apulaya_logo2.png","width":1080,"height":629,"caption":"Apulaya Center for Andean Culture"},"image":{"@id":"https:\/\/www.apulaya.com\/en\/#\/schema\/logo\/image\/"},"sameAs":["https:\/\/www.facebook.com\/apulaya.andean.culture"]}]}},"_links":{"self":[{"href":"https:\/\/www.apulaya.com\/es\/wp-json\/wp\/v2\/pages\/29"}],"collection":[{"href":"https:\/\/www.apulaya.com\/es\/wp-json\/wp\/v2\/pages"}],"about":[{"href":"https:\/\/www.apulaya.com\/es\/wp-json\/wp\/v2\/types\/page"}],"author":[{"embeddable":true,"href":"https:\/\/www.apulaya.com\/es\/wp-json\/wp\/v2\/users\/1"}],"replies":[{"embeddable":true,"href":"https:\/\/www.apulaya.com\/es\/wp-json\/wp\/v2\/comments?post=29"}],"version-history":[{"count":0,"href":"https:\/\/www.apulaya.com\/es\/wp-json\/wp\/v2\/pages\/29\/revisions"}],"wp:attachment":[{"href":"https:\/\/www.apulaya.com\/es\/wp-json\/wp\/v2\/media?parent=29"}],"curies":[{"name":"wp","href":"https:\/\/api.w.org\/{rel}","templated":true}]}}