{"id":2690,"date":"2022-12-29T17:15:41","date_gmt":"2022-12-29T22:15:41","guid":{"rendered":"https:\/\/www.apulaya.com\/en\/?page_id=2690"},"modified":"2023-01-14T17:27:40","modified_gmt":"2023-01-14T22:27:40","slug":"runa-music-andean-musicology","status":"publish","type":"page","link":"https:\/\/www.apulaya.com\/es\/runa-musica-musicologia-andina\/","title":{"rendered":"Runa M\u00fasica &#8211; Musicolog\u00eda Andina"},"content":{"rendered":"<p><\/p>\n<h1>RUNA M\u00daSICA &#8211; MUSICOLOG\u00cdA ANDINA<\/h1>\n<p><img loading=\"lazy\" decoding=\"async\" class=\"aligncenter size-full wp-image-2716\" title=\"cabecera_music\" src=\"https:\/\/www.apulaya.com\/wp-content\/uploads\/2022\/12\/cabecera_music.jpg\" alt=\"\" width=\"980\" height=\"170\" srcset=\"https:\/\/www.apulaya.com\/wp-content\/uploads\/2022\/12\/cabecera_music.jpg 980w, https:\/\/www.apulaya.com\/wp-content\/uploads\/2022\/12\/cabecera_music-300x52.jpg 300w\" sizes=\"(max-width: 980px) 100vw, 980px\" \/><\/p>\n<p>En el \u00e1rea de la musicolog\u00eda andina, nos ocupamos del estudio y an\u00e1lisis de la m\u00fasica en el \u00e1mbito andino. Nuestros programas est\u00e1n dirigidos a personas, en general, interesadas en conocer la m\u00fasica andina en su contexto cultural, as\u00ed como a estudiantes de m\u00fasica y musicolog\u00eda.<\/p>\n<table class=\"tablecontent\" border=\"0\" cellspacing=\"10\" cellpadding=\"0\">\n<tbody>\n<tr>\n<td><b>CURSOS &#8211; SEMINARIOS &#8211; IMMERSI\u00d3N MUSICAL Y CULTURAL<\/b><\/br><\/br><\/p>\n<h3>PROGRAMAS TE\u00d3RICOS \u2013 CONTENIDO PANOR\u00c1MICO<\/h3>\n<ul>\n<li><a href=\"https:\/\/www.apulaya.com\/wp-content\/uploads\/2022\/12\/Programas_teoricos12.jpg\" data-rel=\"lightbox-gallery-yqonojOZ\" data-rl_title=\"\" data-rl_caption=\"\" title=\"\"><img loading=\"lazy\" decoding=\"async\" class=\"zoom alignright wp-image-2721 size-medium\" src=\"https:\/\/www.apulaya.com\/wp-content\/uploads\/2022\/12\/Programas_teoricos12-300x200.jpg\" alt=\"CURSOS - SEMINARIOS - IMMERSI\u00d3N MUSICAL Y CULTURAL\" width=\"230\" height=\"170\" \/><\/a><span style=\"font-family: inherit; font-size: inherit;\">Estudios en G\u00e9neros Musicales, Est\u00e9ticas de Producci\u00f3n Sonora e Historia.<\/span><\/li>\n<li>Temas en Musicolog\u00eda Andina: Construcci\u00f3n de G\u00e9nero en la Pr\u00e1ctica Musical Andina, Calendario, Cosmolog\u00eda y Performance.<\/li>\n<li>Semi\u00f3tica de la M\u00fasica Andina: Iconograf\u00eda, Mito, Rito y S\u00edmbolo.<\/li>\n<\/ul>\n<h3><strong>CLASES DE APRENDIZAJE INSTRUMENTAL Y PERFORMANCE MUSICAL<\/strong><\/h3>\n<p><a href=\"https:\/\/www.apulaya.com\/wp-content\/uploads\/2022\/12\/Clases_de_aprendizaje_intrum22.jpg\" data-rel=\"lightbox-gallery-yqonojOZ\" data-rl_title=\"\" data-rl_caption=\"\" title=\"\"><img loading=\"lazy\" decoding=\"async\" class=\"zoom alignright wp-image-2720 size-medium\" src=\"https:\/\/www.apulaya.com\/wp-content\/uploads\/2022\/12\/Clases_de_aprendizaje_intrum22-300x199.jpg\" alt=\"\" width=\"230\" height=\"170\" \/><\/a>Nuestros y nuestras participantes reciben clases de aprendizaje de ejecuci\u00f3n instrumental, canto, performance musical y desplazamiento coreogr\u00e1fico. El prop\u00f3sito de este m\u00f3dulo es proporcionar a los y las participantes una experiencia activa de lo abordado en las clases te\u00f3ricas.<\/p>\n<p>&nbsp;<\/p>\n<p>&nbsp;<\/p>\n<h3><strong>EXPERIENCIAS DE CAMPO \u2013 INMERSI\u00d3N CULTURAL Y MUSICAL<\/strong><\/h3>\n<p><a href=\"https:\/\/www.apulaya.com\/wp-content\/uploads\/2022\/12\/Experiencias_de_campo22.jpg\" data-rel=\"lightbox-gallery-yqonojOZ\" data-rl_title=\"\" data-rl_caption=\"\" title=\"\"><img loading=\"lazy\" decoding=\"async\" class=\"zoom alignright wp-image-2713 size-medium\" src=\"https:\/\/www.apulaya.com\/wp-content\/uploads\/2022\/12\/Experiencias_de_campo-300x199.jpg\" alt=\"\" width=\"230\" height=\"170\" \/><\/a>Nuestros partners son asociaciones y conjuntos de m\u00fasica tradicional. Nuestros y nuestras participantes tienen la posibilidad de participar en sus ensayos musicales y presentaciones (seg\u00fan fechas y tipos de programa). El objetivo es ofrecer a los y a las participantes una experiencia vivencial que proporcione una comprensi\u00f3n m\u00e1s s\u00f3lida acerca de los abordado en las clases te\u00f3ricas.<\/p>\n<h3><strong>\u00bfINTERESADO\/A EN ESTUDIAR CON NOSOTROS? <\/strong><\/h3>\n<p>Si est\u00e1s interesado o interesada en estudiar la m\u00fasica andina en su contexto cultural, o si tienes un grupo de estudiantes con quienes quisieras realizar una pasant\u00eda, cont\u00e1ctanos aqu\u00ed:<\/p>\n<p><center><br \/>\n<a href=\"https:\/\/www.apulaya.com\/es\/contactenos\/\" data-wp-editing=\"1\"><img loading=\"lazy\" decoding=\"async\" class=\"alignnone wp-image-1373 size-full\" title=\"Cont\u00e1ctenos\" src=\"http:\/\/www.apulaya.com\/wp-content\/uploads\/2013\/12\/contact-1.png\" alt=\"contact\" width=\"32\" height=\"32\" \/> CONT\u00c1CTANOS<\/a><\/center><\/td>\n<\/tr>\n<\/tbody>\n<\/table>\n<table id=\"right\" border=\"0\" cellspacing=\"0\" cellpadding=\"0\">\n<tbody>\n<tr>\n<td>\n<div class=\"primary-sidebar  content-two-column \">\n<ul>\n<li id=\"black-studio-tinymce-14\" class=\"summerProgram widget widget_black_studio_tinymce\">\n<div class=\"textwidget\">\n<p><a href=\"http:\/\/www.apulaya.com\/es\/estudios-andinos-peru-apulaya\"><img loading=\"lazy\" decoding=\"async\" class=\"aligncenter wp-image-1454 size-full\" title=\"Programas Especiales 2018\" src=\"http:\/\/www.apulaya.com\/wp-content\/uploads\/2013\/12\/programas-especiales-2018.gif\" alt=\"Programas Especiales 2018\" width=\"230\" height=\"156\" \/><\/a><\/div>\n<\/li>\n<li id=\"black-studio-tinymce-12\" class=\"right_culture widget widget_black_studio_tinymce\">\n<div class=\"textwidget\"><a title=\"Estudios de la Cultura Ind\u00edgena\" href=\"http:\/\/www.apulaya.com\/es\/estudios-andinos-peru-apulaya\/#julio\"><img loading=\"lazy\" decoding=\"async\" class=\"img-responsive aligncenter\" title=\"Summer Program 2023\" src=\"https:\/\/www.apulaya.com\/wp-content\/uploads\/2023\/01\/programa-special.gif\" alt=\"Programa Especial 2023\" width=\"250\" height=\"150\" \/><\/a><\/p>\n<p><a title=\"Estudios de la Cultura Ind\u00edgena\" href=\"http:\/\/www.apulaya.com\/es\/estudios-de-la-cultura-indigena\/\"><img loading=\"lazy\" decoding=\"async\" class=\" size-full wp-image-766 aligncenter\" src=\"http:\/\/www.apulaya.com\/wp-content\/uploads\/2013\/12\/estudios-cultura-indigena1.gif\" alt=\"estudios-cultura-indigena\" width=\"225\" height=\"137\" \/><\/a><\/p>\n<p><a href=\"http:\/\/www.apulaya.com\/es\/estudios-de-la-cultura-indigena\/\"><img loading=\"lazy\" decoding=\"async\" class=\"aligncenter size-full wp-image-1533\" title=\"estudio-de-arte-textil-andino\" src=\"http:\/\/www.apulaya.com\/wp-content\/uploads\/2016\/09\/estudio-de-arte-textil-andino.jpg\" alt=\"estudio-de-arte-textil-andino\" width=\"225\" height=\"150\" \/><\/a><\/div>\n<\/li>\n<li id=\"nav_menu-4\" class=\"menu_right widget widget_nav_menu\">\n<div class=\"menu-menu-2-container\">\n<ul id=\"menu-menu-2\" class=\"menu\">\n<li id=\"menu-item-71\" class=\"menu-item menu-item-type-post_type menu-item-object-page menu-item-71\"><a href=\"https:\/\/www.apulaya.com\/es\/acerca-del-centro-cultural\/\">Acerca del Centro Cultural<\/a><\/li>\n<li id=\"menu-item-70\" class=\"menu-item menu-item-type-post_type menu-item-object-page menu-item-70\"><a href=\"https:\/\/www.apulaya.com\/es\/equipo-apulaya\/\">Equipo Apulaya<\/a><\/li>\n<li id=\"menu-item-500\" class=\"menu-item menu-item-type-post_type menu-item-object-page menu-item-500\"><a href=\"https:\/\/www.apulaya.com\/es\/galeria-de-fotos\/\">Galer\u00eda de Fotos<\/a><\/li>\n<li id=\"menu-item-69\" class=\"menu-item menu-item-type-post_type menu-item-object-page menu-item-69\"><a href=\"https:\/\/www.apulaya.com\/es\/testimonios\/\">Testimonios<\/a><\/li>\n<li id=\"menu-item-1279\" class=\"menu-item menu-item-type-post_type menu-item-object-page menu-item-1279\"><a href=\"https:\/\/www.apulaya.com\/es\/tarifas\/\">Datos y Precios<\/a><\/li>\n<li id=\"menu-item-1497\" class=\"menu-item menu-item-type-post_type menu-item-object-page menu-item-1497\"><a href=\"https:\/\/www.apulaya.com\/es\/terminos-y-condiciones-generales\/\">T\u00e9rminos y Condiciones Generales<\/a><\/li>\n<li id=\"menu-item-2569\" class=\"menu-item menu-item-type-post_type menu-item-object-page menu-item-2569\"><a href=\"https:\/\/www.apulaya.com\/es\/pagos\/\">Pagos<\/a><\/li>\n<\/ul>\n<\/div>\n<\/li>\n<li id=\"black-studio-tinymce-16\" class=\"menu_right widget widget_black_studio_tinymce\">\n<div class=\"textwidget\">\n<ul>\n<li><a href=\"http:\/\/www.apulaya.com\/blog\/es\" target=\"_blank\">Nuestro Blog<\/a><\/li>\n<\/ul>\n<\/div>\n<\/li>\n<li id=\"black-studio-tinymce-11\" class=\"contactright widget widget_black_studio_tinymce\">\n<h2 class=\"widgettitle\">Cont\u00e1ctenos Apulaya<\/h2>\n<div class=\"textwidget\">\n<p><strong>Para contactarnos, tan solo llene el siguiente formulario.<\/strong><\/p>\n<hr \/>\n<div class=\"wpcf7 no-js\" id=\"wpcf7-f439-o1\" lang=\"es-ES\" dir=\"ltr\">\n<div class=\"screen-reader-response\">\n<p role=\"status\" aria-live=\"polite\" aria-atomic=\"true\">\n<ul><\/ul>\n<\/div>\n<form action=\"\/es\/wp-json\/wp\/v2\/pages\/2690#wpcf7-f439-o1\" method=\"post\" class=\"wpcf7-form init\" aria-label=\"Formulario de contacto\" novalidate=\"novalidate\" data-status=\"init\">\n<div style=\"display: none;\">\n<input type=\"hidden\" name=\"_wpcf7\" value=\"439\" \/><br \/>\n<input type=\"hidden\" name=\"_wpcf7_version\" value=\"5.8.2\" \/><br \/>\n<input type=\"hidden\" name=\"_wpcf7_locale\" value=\"es_ES\" \/><br \/>\n<input type=\"hidden\" name=\"_wpcf7_unit_tag\" value=\"wpcf7-f439-o1\" \/><br \/>\n<input type=\"hidden\" name=\"_wpcf7_container_post\" value=\"0\" \/><br \/>\n<input type=\"hidden\" name=\"_wpcf7_posted_data_hash\" value=\"\" \/>\n<\/div>\n<p>Nombre Completo: *\n<\/p>\n<p><span class=\"wpcf7-form-control-wrap\" data-name=\"your-name\"><input size=\"40\" class=\"wpcf7-form-control wpcf7-text wpcf7-validates-as-required\" aria-required=\"true\" aria-invalid=\"false\" value=\"\" type=\"text\" name=\"your-name\" \/><\/span>\n<\/p>\n<p>Correo Electr\u00f3nico:*\n<\/p>\n<p><span class=\"wpcf7-form-control-wrap\" data-name=\"your-email\"><input size=\"40\" class=\"wpcf7-form-control wpcf7-email wpcf7-validates-as-required wpcf7-text wpcf7-validates-as-email\" aria-required=\"true\" aria-invalid=\"false\" value=\"\" type=\"email\" name=\"your-email\" \/><\/span>\n<\/p>\n<p>Comentarios y preguntas:*\n<\/p>\n<p><span class=\"wpcf7-form-control-wrap\" data-name=\"your-message\"><textarea cols=\"40\" rows=\"10\" class=\"wpcf7-form-control wpcf7-textarea\" aria-invalid=\"false\" name=\"your-message\"><\/textarea><\/span>\n<\/p>\n<p><input type=\"hidden\" name=\"_wpcf7_captcha_challenge_captcha-977\" value=\"4186222280\" \/><img loading=\"lazy\" decoding=\"async\" class=\"wpcf7-form-control wpcf7-captchac wpcf7-captcha-captcha-977\" width=\"72\" height=\"24\" alt=\"captcha\" src=\"https:\/\/www.apulaya.com\/wp-content\/uploads\/wpcf7_captcha\/4186222280.png\" \/><br \/>\n<span class=\"wpcf7-form-control-wrap\" data-name=\"captcha-977\"><input size=\"40\" class=\"wpcf7-form-control wpcf7-captchar\" autocomplete=\"off\" aria-invalid=\"false\" value=\"\" type=\"text\" name=\"captcha-977\" \/><\/span>\n<\/p>\n<p><input class=\"wpcf7-form-control wpcf7-submit has-spinner boton\" type=\"submit\" value=\"Enviar\" \/>\n<\/p>\n<div class=\"wpcf7-response-output\" aria-hidden=\"true\"><\/div>\n<\/form>\n<\/div>\n<\/div>\n<\/li>\n<\/ul>\n<\/div>\n<\/td>\n<\/tr>\n<\/tbody>\n<\/table>\n<p><\/p>","protected":false},"excerpt":{"rendered":"<p>RUNA M\u00daSICA &#8211; MUSICOLOG\u00cdA ANDINA En el \u00e1rea de la musicolog\u00eda andina, nos ocupamos del estudio y an\u00e1lisis de la m\u00fasica en el \u00e1mbito andino. Nuestros programas est\u00e1n dirigidos a personas, en general, interesadas en conocer la m\u00fasica andina en su contexto cultural, as\u00ed como a estudiantes de m\u00fasica y musicolog\u00eda. CURSOS &#8211; SEMINARIOS &#8211; [&hellip;]<\/p>\n","protected":false},"author":1,"featured_media":0,"parent":0,"menu_order":0,"comment_status":"open","ping_status":"closed","template":"folklore.php","meta":{"footnotes":""},"yoast_head":"<!-- This site is optimized with the Yoast SEO plugin v21.5 - https:\/\/yoast.com\/wordpress\/plugins\/seo\/ -->\n<title>Runa M\u00fasica - Musicolog\u00eda Andina - Apulaya<\/title>\n<meta name=\"robots\" content=\"index, follow, max-snippet:-1, max-image-preview:large, max-video-preview:-1\" \/>\n<link rel=\"canonical\" href=\"https:\/\/www.apulaya.com\/en\/runa-music-andean-musicology\/\" \/>\n<meta property=\"og:locale\" content=\"es_ES\" \/>\n<meta property=\"og:type\" content=\"article\" \/>\n<meta property=\"og:title\" content=\"[:es]Runa M\u00fasica - Musicolog\u00eda Andina[:en]Runa Music \u2013 Andean Musicology[:de]Runa Music \u2013 Andean Musicology[:] - Apulaya\" \/>\n<meta property=\"og:description\" content=\"RUNA M\u00daSICA &#8211; MUSICOLOG\u00cdA ANDINA En el \u00e1rea de la musicolog\u00eda andina, nos ocupamos del estudio y an\u00e1lisis de la m\u00fasica en el \u00e1mbito andino. Nuestros programas est\u00e1n dirigidos a personas, en general, interesadas en conocer la m\u00fasica andina en su contexto cultural, as\u00ed como a estudiantes de m\u00fasica y musicolog\u00eda. CURSOS &#8211; SEMINARIOS &#8211; [&hellip;]\" \/>\n<meta property=\"og:url\" content=\"https:\/\/www.apulaya.com\/en\/runa-music-andean-musicology\/\" \/>\n<meta property=\"og:site_name\" content=\"Apulaya\" \/>\n<meta property=\"article:publisher\" content=\"https:\/\/www.facebook.com\/apulaya.andean.culture\" \/>\n<meta property=\"article:modified_time\" content=\"2023-01-14T22:27:40+00:00\" \/>\n<meta property=\"og:image\" content=\"https:\/\/www.apulaya.com\/wp-content\/uploads\/2022\/12\/cabecera_music.jpg\" \/>\n<meta name=\"twitter:card\" content=\"summary_large_image\" \/>\n<meta name=\"twitter:label1\" content=\"Tiempo de lectura\" \/>\n\t<meta name=\"twitter:data1\" content=\"7 minutos\" \/>\n<script type=\"application\/ld+json\" class=\"yoast-schema-graph\">{\"@context\":\"https:\/\/schema.org\",\"@graph\":[{\"@type\":\"WebPage\",\"@id\":\"https:\/\/www.apulaya.com\/en\/runa-music-andean-musicology\/\",\"url\":\"https:\/\/www.apulaya.com\/en\/runa-music-andean-musicology\/\",\"name\":\"[:es]Runa M\u00fasica - Musicolog\u00eda Andina[:en]Runa Music \u2013 Andean Musicology[:de]Runa Music \u2013 Andean Musicology[:] - Apulaya\",\"isPartOf\":{\"@id\":\"https:\/\/www.apulaya.com\/en\/#website\"},\"datePublished\":\"2022-12-29T22:15:41+00:00\",\"dateModified\":\"2023-01-14T22:27:40+00:00\",\"breadcrumb\":{\"@id\":\"https:\/\/www.apulaya.com\/en\/runa-music-andean-musicology\/#breadcrumb\"},\"inLanguage\":\"es\",\"potentialAction\":[{\"@type\":\"ReadAction\",\"target\":[\"https:\/\/www.apulaya.com\/en\/runa-music-andean-musicology\/\"]}]},{\"@type\":\"BreadcrumbList\",\"@id\":\"https:\/\/www.apulaya.com\/en\/runa-music-andean-musicology\/#breadcrumb\",\"itemListElement\":[{\"@type\":\"ListItem\",\"position\":1,\"name\":\"Home\",\"item\":\"https:\/\/www.apulaya.com\/en\/\"},{\"@type\":\"ListItem\",\"position\":2,\"name\":\"Runa Music \u2013 Andean Musicology\"}]},{\"@type\":\"WebSite\",\"@id\":\"https:\/\/www.apulaya.com\/en\/#website\",\"url\":\"https:\/\/www.apulaya.com\/en\/\",\"name\":\"Apulaya\",\"description\":\"Centro para la Cultura Andina\",\"publisher\":{\"@id\":\"https:\/\/www.apulaya.com\/en\/#organization\"},\"potentialAction\":[{\"@type\":\"SearchAction\",\"target\":{\"@type\":\"EntryPoint\",\"urlTemplate\":\"https:\/\/www.apulaya.com\/en\/?s={search_term_string}\"},\"query-input\":\"required name=search_term_string\"}],\"inLanguage\":\"es\"},{\"@type\":\"Organization\",\"@id\":\"https:\/\/www.apulaya.com\/en\/#organization\",\"name\":\"Apulaya Center for Andean Culture\",\"url\":\"https:\/\/www.apulaya.com\/en\/\",\"logo\":{\"@type\":\"ImageObject\",\"inLanguage\":\"es\",\"@id\":\"https:\/\/www.apulaya.com\/en\/#\/schema\/logo\/image\/\",\"url\":\"https:\/\/www.apulaya.com\/wp-content\/uploads\/2023\/01\/Apulaya_logo2.png\",\"contentUrl\":\"https:\/\/www.apulaya.com\/wp-content\/uploads\/2023\/01\/Apulaya_logo2.png\",\"width\":1080,\"height\":629,\"caption\":\"Apulaya Center for Andean Culture\"},\"image\":{\"@id\":\"https:\/\/www.apulaya.com\/en\/#\/schema\/logo\/image\/\"},\"sameAs\":[\"https:\/\/www.facebook.com\/apulaya.andean.culture\"]}]}<\/script>\n<!-- \/ Yoast SEO plugin. -->","yoast_head_json":{"title":"[:es]Runa M\u00fasica - Musicolog\u00eda Andina[:en]Runa Music \u2013 Andean Musicology[:de]Runa Music \u2013 Andean Musicology[:] - Apulaya","robots":{"index":"index","follow":"follow","max-snippet":"max-snippet:-1","max-image-preview":"max-image-preview:large","max-video-preview":"max-video-preview:-1"},"canonical":"https:\/\/www.apulaya.com\/en\/runa-music-andean-musicology\/","og_locale":"es_ES","og_type":"article","og_title":"[:es]Runa M\u00fasica - Musicolog\u00eda Andina[:en]Runa Music \u2013 Andean Musicology[:de]Runa Music \u2013 Andean Musicology[:] - Apulaya","og_description":"RUNA M\u00daSICA &#8211; MUSICOLOG\u00cdA ANDINA En el \u00e1rea de la musicolog\u00eda andina, nos ocupamos del estudio y an\u00e1lisis de la m\u00fasica en el \u00e1mbito andino. Nuestros programas est\u00e1n dirigidos a personas, en general, interesadas en conocer la m\u00fasica andina en su contexto cultural, as\u00ed como a estudiantes de m\u00fasica y musicolog\u00eda. CURSOS &#8211; SEMINARIOS &#8211; [&hellip;]","og_url":"https:\/\/www.apulaya.com\/en\/runa-music-andean-musicology\/","og_site_name":"Apulaya","article_publisher":"https:\/\/www.facebook.com\/apulaya.andean.culture","article_modified_time":"2023-01-14T22:27:40+00:00","og_image":[{"url":"https:\/\/www.apulaya.com\/wp-content\/uploads\/2022\/12\/cabecera_music.jpg"}],"twitter_card":"summary_large_image","twitter_misc":{"Tiempo de lectura":"7 minutos"},"schema":{"@context":"https:\/\/schema.org","@graph":[{"@type":"WebPage","@id":"https:\/\/www.apulaya.com\/en\/runa-music-andean-musicology\/","url":"https:\/\/www.apulaya.com\/en\/runa-music-andean-musicology\/","name":"[:es]Runa M\u00fasica - Musicolog\u00eda Andina[:en]Runa Music \u2013 Andean Musicology[:de]Runa Music \u2013 Andean Musicology[:] - Apulaya","isPartOf":{"@id":"https:\/\/www.apulaya.com\/en\/#website"},"datePublished":"2022-12-29T22:15:41+00:00","dateModified":"2023-01-14T22:27:40+00:00","breadcrumb":{"@id":"https:\/\/www.apulaya.com\/en\/runa-music-andean-musicology\/#breadcrumb"},"inLanguage":"es","potentialAction":[{"@type":"ReadAction","target":["https:\/\/www.apulaya.com\/en\/runa-music-andean-musicology\/"]}]},{"@type":"BreadcrumbList","@id":"https:\/\/www.apulaya.com\/en\/runa-music-andean-musicology\/#breadcrumb","itemListElement":[{"@type":"ListItem","position":1,"name":"Home","item":"https:\/\/www.apulaya.com\/en\/"},{"@type":"ListItem","position":2,"name":"Runa Music \u2013 Andean Musicology"}]},{"@type":"WebSite","@id":"https:\/\/www.apulaya.com\/en\/#website","url":"https:\/\/www.apulaya.com\/en\/","name":"Apulaya","description":"Centro para la Cultura Andina","publisher":{"@id":"https:\/\/www.apulaya.com\/en\/#organization"},"potentialAction":[{"@type":"SearchAction","target":{"@type":"EntryPoint","urlTemplate":"https:\/\/www.apulaya.com\/en\/?s={search_term_string}"},"query-input":"required name=search_term_string"}],"inLanguage":"es"},{"@type":"Organization","@id":"https:\/\/www.apulaya.com\/en\/#organization","name":"Apulaya Center for Andean Culture","url":"https:\/\/www.apulaya.com\/en\/","logo":{"@type":"ImageObject","inLanguage":"es","@id":"https:\/\/www.apulaya.com\/en\/#\/schema\/logo\/image\/","url":"https:\/\/www.apulaya.com\/wp-content\/uploads\/2023\/01\/Apulaya_logo2.png","contentUrl":"https:\/\/www.apulaya.com\/wp-content\/uploads\/2023\/01\/Apulaya_logo2.png","width":1080,"height":629,"caption":"Apulaya Center for Andean Culture"},"image":{"@id":"https:\/\/www.apulaya.com\/en\/#\/schema\/logo\/image\/"},"sameAs":["https:\/\/www.facebook.com\/apulaya.andean.culture"]}]}},"_links":{"self":[{"href":"https:\/\/www.apulaya.com\/es\/wp-json\/wp\/v2\/pages\/2690"}],"collection":[{"href":"https:\/\/www.apulaya.com\/es\/wp-json\/wp\/v2\/pages"}],"about":[{"href":"https:\/\/www.apulaya.com\/es\/wp-json\/wp\/v2\/types\/page"}],"author":[{"embeddable":true,"href":"https:\/\/www.apulaya.com\/es\/wp-json\/wp\/v2\/users\/1"}],"replies":[{"embeddable":true,"href":"https:\/\/www.apulaya.com\/es\/wp-json\/wp\/v2\/comments?post=2690"}],"version-history":[{"count":109,"href":"https:\/\/www.apulaya.com\/es\/wp-json\/wp\/v2\/pages\/2690\/revisions"}],"predecessor-version":[{"id":2839,"href":"https:\/\/www.apulaya.com\/es\/wp-json\/wp\/v2\/pages\/2690\/revisions\/2839"}],"wp:attachment":[{"href":"https:\/\/www.apulaya.com\/es\/wp-json\/wp\/v2\/media?parent=2690"}],"curies":[{"name":"wp","href":"https:\/\/api.w.org\/{rel}","templated":true}]}}