{"id":23,"date":"2013-12-03T15:49:35","date_gmt":"2013-12-03T15:49:35","guid":{"rendered":"http:\/\/www.apulaya.com\/es\/?page_id=23"},"modified":"2021-10-25T18:20:40","modified_gmt":"2021-10-25T23:20:40","slug":"quechua-language","status":"publish","type":"page","link":"https:\/\/www.apulaya.com\/es\/el-idioma-quechua\/","title":{"rendered":"El Idioma <br>Quechua"},"content":{"rendered":"<p><\/p>\n<h1>CURSOS DEL IDIOMA QUECHUA<\/h1>\n<p><img loading=\"lazy\" decoding=\"async\" src=\"http:\/\/www.apulaya.com\/wp-content\/uploads\/2013\/12\/quechua_language.jpg\" alt=\"quechua_language\" width=\"974\" height=\"170\" \/><\/p>\n<h3>Estudia Quechua en el Valle Sagrado de los Incas, Cusco<\/h3>\n<p>La lengua quechua (qheswa simi) fue la lengua oficial en el estado inca, y hoy es el idioma ind\u00edgena m\u00e1s hablado a lo largo de los Andes.<\/p>\n<p>El objetivo de este programa es lograr\u00a0 fluencia oral, combinada con el dominio de la gram\u00e1tica y escritura, y es dirigido a aquellos (as) que quieren comunicarse y lograr un cierto grado de inmersi\u00f3n en c\u00edrculos quechua \u2013 hablantes, o hacia estudiantes\/acad\u00e9micos que lo requieran para realizar investigaciones de campo.\u00a0 A fin de que el aprendizaje sea integral, tambi\u00e9n incluimos la ense\u00f1anza de la cultura andina, sin embargo, las prioridades entre lengua y cultura, pueden darse seg\u00fan metas e intereses de cada estudiante.<\/p>\n<h3>M\u00f3dulos de aprendizaje:<\/h3>\n<table class=\"tablecontent\" border=\"0\" cellspacing=\"10\" cellpadding=\"0\">\n<tbody>\n<tr>\n<td>\n<h3>APRENDIENDO A COMUNICARSE CON LOS QUECHUA-HABLANTES<\/h3>\n<p><a href=\"http:\/\/www.apulaya.com\/wp-content\/uploads\/2013\/12\/quechua-speaking-people.jpg\" rel=\"lightbox\" data-rel=\"lightbox-gallery-JJXtiZW5\" data-rl_title=\"\" data-rl_caption=\"\"><img loading=\"lazy\" decoding=\"async\" class=\"zoom alignright wp-image-1362\" title=\"\" src=\"http:\/\/www.apulaya.com\/wp-content\/uploads\/2013\/12\/quechua-speaking-people-300x225.jpg\" alt=\"quechua-speaking-people\" width=\"230\" height=\"173\" \/><\/a>Los participantes ser\u00e1n introducidos al sistema ling\u00fc\u00edstico quechua de manera gradual. El objetivo de este m\u00f3dulo es desarrollar las destrezas ling\u00fc\u00edsticas del participante en t\u00e9rminos de expresi\u00f3n oral, escrita, comprensi\u00f3n auditiva y comprensi\u00f3n lectora mediante:<\/p>\n<ul>\n<li>El aprendizaje de f\u00f3rmulas de conversaci\u00f3n cotidianas<\/li>\n<li>La pr\u00e1ctica gramatical, ejercicios de redacci\u00f3n y el uso de materiales audiovisuales<\/li>\n<li>Pr\u00e1cticas de sensibilizaci\u00f3n y comprensi\u00f3n auditiva<\/li>\n<\/ul>\n<p><strong>Niveles:<\/strong> B\u00e1sico, intermedio y avanzado.<\/p>\n<h4>Actividades adicionales de reforzamiento:<\/h4>\n<p><strong>Tandems:<\/strong> Intercambio de idiomas con nativos quechua-hablantes.<\/td>\n<\/tr>\n<tr>\n<td>\n<h3>COSMOVISI\u00d3N ANDINA,\u00a0 LENGUA Y CULTURA QUECHUA<\/h3>\n<p><a href=\"http:\/\/www.apulaya.com\/wp-content\/uploads\/2013\/12\/quechua-culture.jpg\" rel=\"lightbox\" data-rel=\"lightbox-gallery-JJXtiZW5\" data-rl_title=\"\" data-rl_caption=\"\"><img loading=\"lazy\" decoding=\"async\" class=\"zoom alignright wp-image-1363\" title=\"\" src=\"http:\/\/www.apulaya.com\/wp-content\/uploads\/2013\/12\/quechua-culture-300x225.jpg\" alt=\"quechua-culture\" width=\"230\" height=\"173\" \/><\/a>La lengua quechua expresa la forma en la cual las civilizaciones andinas pre-hisp\u00e1nicas construyeron un modelo propio de cosmovisi\u00f3n, acerca del mundo y su orden, que es inherente a las sociedades andinas actuales, tanto quechuas, como de otros grupos originarios a lo largo de los Andes. Cada categor\u00eda ling\u00fc\u00edstica quechua que analizaremos ayudar\u00e1 a entender la cultura andina y el mundo de los pueblos quechua-hablantes de manera m\u00e1s aproximativa.<\/p>\n<h4>Materiales adicionales:<\/h4>\n<ul>\n<li>Materiales de lectura, concernientes a la literatura andina<\/li>\n<li>Proyecci\u00f3n de pel\u00edculas documentales.<\/li>\n<\/ul>\n<\/td>\n<\/tr>\n<tr>\n<td>\n<h3>MITOLOG\u00cdA ANDINA \u2013 EL MUNDO QUECHUA POR MEDIO DE LOS MITOS<\/h3>\n<p><a href=\"http:\/\/www.apulaya.com\/wp-content\/uploads\/2013\/12\/andean-mythology.jpg\" rel=\"lightbox\" data-rel=\"lightbox-gallery-JJXtiZW5\" data-rl_title=\"\" data-rl_caption=\"\"><img loading=\"lazy\" decoding=\"async\" class=\"zoom alignright wp-image-1364\" title=\"\" src=\"http:\/\/www.apulaya.com\/wp-content\/uploads\/2013\/12\/andean-mythology-300x225.jpg\" alt=\"andean-mythology\" width=\"230\" height=\"173\" \/><\/a>Tiempos primordiales y c\u00f3mo se estableci\u00f3 el Orden C\u00f3smico, as\u00ed como los Ciclos de la Naturaleza y su reproducci\u00f3n, son narrados por los mitos. Ciertas aves y animales tienen categor\u00eda de mediadores, poseyendo as\u00ed la facultad de transitar entre el Hanan Pacha (Supra-Mundo) y el Kay Pacha (Este Mundo), provocando el origen de las especies alimenticias, para el hombre.<\/p>\n<p>Los mitos que cuentan acerca del origen del ser humano, as\u00ed como del origen de los incas, en particular, nos introducen a la relaci\u00f3n del ser humano con su Lugar Sagrado que le da su identidad, expresada por medio de su vestimenta y tejidos. Tambi\u00e9n, estos mitos establecen los pilares y la l\u00f3gica de la organizaci\u00f3n pol\u00edtico-social de las civilizaciones andinas.<\/p>\n<p><strong>OBJETIVO:<\/strong> Con el an\u00e1lisis de los mitos, los estudiantes adquieren una mejor aproximaci\u00f3n a la cultura andina y al mundo de los quechua\u2013hablantes.<\/td>\n<\/tr>\n<tr>\n<td>\n<h3>EXPERIENCIA DE CAMPO EN UNA COMUNIDAD INDIGENA QUECHUA HABLANTE<\/h3>\n<p><a href=\"http:\/\/www.apulaya.com\/wp-content\/uploads\/2013\/12\/quechua-speaking.jpg\" rel=\"lightbox\" data-rel=\"lightbox-gallery-JJXtiZW5\" data-rl_title=\"\" data-rl_caption=\"\"><img loading=\"lazy\" decoding=\"async\" class=\"zoom alignright wp-image-1365\" title=\"\" src=\"http:\/\/www.apulaya.com\/wp-content\/uploads\/2013\/12\/quechua-speaking-300x225.jpg\" alt=\"quechua-speaking\" width=\"230\" height=\"173\" \/><\/a>Acompa\u00f1ados por el profesor, los participantes tendr\u00e1n la oportunidad de visitar una comunidad ind\u00edgena quechua-hablante. Las comunidades con las cuales trabajamos son accesibles con facilidad por transporte automovil\u00edstico, pero tambi\u00e9n hay comunidades que son accesibles s\u00f3lo mediante una caminata de un d\u00eda. Este programa ofrece:<\/p>\n<ul>\n<li>Estar inmerso en el ambiente de quechua-hablantes<\/li>\n<li>Participar en actividades cotidianas: Pastoreo de animales, actividades agr\u00edcolas (seg\u00fan la \u00e9poca) u otras, de acuerdo con la circunstancia<\/li>\n<li>Vivenciar la forma de vida tradicional<\/li>\n<li>Aplicar, en forma pr\u00e1ctica, lo aprendido durante el curso de quechua.<\/li>\n<li>Vivenciar el paisaje andino: Imponentes monta\u00f1as, flora y fauna end\u00e9mica y tranquilidad<\/li>\n<\/ul>\n<\/td>\n<\/tr>\n<tr>\n<td>\n<h3>QUECHUA ONLINE, VIA SKYPE: CURSOS INDIVIDUALES<\/h3>\n<p><img loading=\"lazy\" decoding=\"async\" class=\"alignright size-full wp-image-2589\" title=\"quechua-virtual\" src=\"https:\/\/www.apulaya.com\/wp-content\/uploads\/2021\/10\/quechua-virtual.jpg\" alt=\"\" width=\"185\" height=\"50\" \/><br \/>\nExcelente posibilidad de aprender el quechua desde tu domicilio. La programaci\u00f3n se hace a tu medida, e incluye el env\u00edo de materiales did\u00e1cticos y audiovisuales. Tambi\u00e9n si est\u00e1s planeando una estad\u00eda en los Andes, este curso podr\u00eda ser un buen preludio.<\/p>\n<div class=\"contactB\"><a href=\"http:\/\/www.apulaya.com\/es\/contactenos\/\"><img loading=\"lazy\" decoding=\"async\" class=\"alignnone wp-image-1373 size-full\" title=\"Contact Us\" src=\"http:\/\/www.apulaya.com\/wp-content\/uploads\/2013\/12\/contact-1.png\" alt=\"contact\" width=\"32\" height=\"32\" \/> CONTACT US<\/a><\/div>\n<\/td>\n<\/tr>\n<\/tbody>\n<\/table>\n<table id=\"right\" border=\"0\" cellspacing=\"0\" cellpadding=\"0\">\n<tbody>\n<tr>\n<td>\n<div class=\"primary-sidebar  content-two-column \">\n<ul>\n<li id=\"black-studio-tinymce-14\" class=\"summerProgram widget widget_black_studio_tinymce\">\n<div class=\"textwidget\">\n<p><a href=\"http:\/\/www.apulaya.com\/es\/estudios-andinos-peru-apulaya\"><img loading=\"lazy\" decoding=\"async\" class=\"aligncenter wp-image-1454 size-full\" title=\"Programas Especiales 2018\" src=\"http:\/\/www.apulaya.com\/wp-content\/uploads\/2013\/12\/programas-especiales-2018.gif\" alt=\"Programas Especiales 2018\" width=\"230\" height=\"156\" \/><\/a><\/div>\n<\/li>\n<li id=\"black-studio-tinymce-12\" class=\"right_culture widget widget_black_studio_tinymce\">\n<div class=\"textwidget\"><a title=\"Estudios de la Cultura Ind\u00edgena\" href=\"http:\/\/www.apulaya.com\/es\/estudios-andinos-peru-apulaya\/#julio\"><img loading=\"lazy\" decoding=\"async\" class=\"img-responsive aligncenter\" title=\"Summer Program 2023\" src=\"https:\/\/www.apulaya.com\/wp-content\/uploads\/2023\/01\/programa-special.gif\" alt=\"Programa Especial 2023\" width=\"250\" height=\"150\" \/><\/a><\/p>\n<p><a title=\"Estudios de la Cultura Ind\u00edgena\" href=\"http:\/\/www.apulaya.com\/es\/estudios-de-la-cultura-indigena\/\"><img loading=\"lazy\" decoding=\"async\" class=\" size-full wp-image-766 aligncenter\" src=\"http:\/\/www.apulaya.com\/wp-content\/uploads\/2013\/12\/estudios-cultura-indigena1.gif\" alt=\"estudios-cultura-indigena\" width=\"225\" height=\"137\" \/><\/a><\/p>\n<p><a href=\"http:\/\/www.apulaya.com\/es\/estudios-de-la-cultura-indigena\/\"><img loading=\"lazy\" decoding=\"async\" class=\"aligncenter size-full wp-image-1533\" title=\"estudio-de-arte-textil-andino\" src=\"http:\/\/www.apulaya.com\/wp-content\/uploads\/2016\/09\/estudio-de-arte-textil-andino.jpg\" alt=\"estudio-de-arte-textil-andino\" width=\"225\" height=\"150\" \/><\/a><\/div>\n<\/li>\n<li id=\"nav_menu-4\" class=\"menu_right widget widget_nav_menu\">\n<div class=\"menu-menu-2-container\">\n<ul id=\"menu-menu-2\" class=\"menu\">\n<li id=\"menu-item-71\" class=\"menu-item menu-item-type-post_type menu-item-object-page menu-item-71\"><a href=\"https:\/\/www.apulaya.com\/es\/acerca-del-centro-cultural\/\">Acerca del Centro Cultural<\/a><\/li>\n<li id=\"menu-item-70\" class=\"menu-item menu-item-type-post_type menu-item-object-page menu-item-70\"><a href=\"https:\/\/www.apulaya.com\/es\/equipo-apulaya\/\">Equipo Apulaya<\/a><\/li>\n<li id=\"menu-item-500\" class=\"menu-item menu-item-type-post_type menu-item-object-page menu-item-500\"><a href=\"https:\/\/www.apulaya.com\/es\/galeria-de-fotos\/\">Galer\u00eda de Fotos<\/a><\/li>\n<li id=\"menu-item-69\" class=\"menu-item menu-item-type-post_type menu-item-object-page menu-item-69\"><a href=\"https:\/\/www.apulaya.com\/es\/testimonios\/\">Testimonios<\/a><\/li>\n<li id=\"menu-item-1279\" class=\"menu-item menu-item-type-post_type menu-item-object-page menu-item-1279\"><a href=\"https:\/\/www.apulaya.com\/es\/tarifas\/\">Datos y Precios<\/a><\/li>\n<li id=\"menu-item-1497\" class=\"menu-item menu-item-type-post_type menu-item-object-page menu-item-1497\"><a href=\"https:\/\/www.apulaya.com\/es\/terminos-y-condiciones-generales\/\">T\u00e9rminos y Condiciones Generales<\/a><\/li>\n<li id=\"menu-item-2569\" class=\"menu-item menu-item-type-post_type menu-item-object-page menu-item-2569\"><a href=\"https:\/\/www.apulaya.com\/es\/pagos\/\">Pagos<\/a><\/li>\n<\/ul>\n<\/div>\n<\/li>\n<li id=\"black-studio-tinymce-16\" class=\"menu_right widget widget_black_studio_tinymce\">\n<div class=\"textwidget\">\n<ul>\n<li><a href=\"http:\/\/www.apulaya.com\/blog\/es\" target=\"_blank\">Nuestro Blog<\/a><\/li>\n<\/ul>\n<\/div>\n<\/li>\n<li id=\"black-studio-tinymce-11\" class=\"contactright widget widget_black_studio_tinymce\">\n<h2 class=\"widgettitle\">Cont\u00e1ctenos Apulaya<\/h2>\n<div class=\"textwidget\">\n<p><strong>Para contactarnos, tan solo llene el siguiente formulario.<\/strong><\/p>\n<hr \/>\n<div class=\"wpcf7 no-js\" id=\"wpcf7-f439-o1\" lang=\"es-ES\" dir=\"ltr\">\n<div class=\"screen-reader-response\">\n<p role=\"status\" aria-live=\"polite\" aria-atomic=\"true\">\n<ul><\/ul>\n<\/div>\n<form action=\"\/es\/wp-json\/wp\/v2\/pages\/23#wpcf7-f439-o1\" method=\"post\" class=\"wpcf7-form init\" aria-label=\"Formulario de contacto\" novalidate=\"novalidate\" data-status=\"init\">\n<div style=\"display: none;\">\n<input type=\"hidden\" name=\"_wpcf7\" value=\"439\" \/><br \/>\n<input type=\"hidden\" name=\"_wpcf7_version\" value=\"5.8.2\" \/><br \/>\n<input type=\"hidden\" name=\"_wpcf7_locale\" value=\"es_ES\" \/><br \/>\n<input type=\"hidden\" name=\"_wpcf7_unit_tag\" value=\"wpcf7-f439-o1\" \/><br \/>\n<input type=\"hidden\" name=\"_wpcf7_container_post\" value=\"0\" \/><br \/>\n<input type=\"hidden\" name=\"_wpcf7_posted_data_hash\" value=\"\" \/>\n<\/div>\n<p>Nombre Completo: *\n<\/p>\n<p><span class=\"wpcf7-form-control-wrap\" data-name=\"your-name\"><input size=\"40\" class=\"wpcf7-form-control wpcf7-text wpcf7-validates-as-required\" aria-required=\"true\" aria-invalid=\"false\" value=\"\" type=\"text\" name=\"your-name\" \/><\/span>\n<\/p>\n<p>Correo Electr\u00f3nico:*\n<\/p>\n<p><span class=\"wpcf7-form-control-wrap\" data-name=\"your-email\"><input size=\"40\" class=\"wpcf7-form-control wpcf7-email wpcf7-validates-as-required wpcf7-text wpcf7-validates-as-email\" aria-required=\"true\" aria-invalid=\"false\" value=\"\" type=\"email\" name=\"your-email\" \/><\/span>\n<\/p>\n<p>Comentarios y preguntas:*\n<\/p>\n<p><span class=\"wpcf7-form-control-wrap\" data-name=\"your-message\"><textarea cols=\"40\" rows=\"10\" class=\"wpcf7-form-control wpcf7-textarea\" aria-invalid=\"false\" name=\"your-message\"><\/textarea><\/span>\n<\/p>\n<p><input type=\"hidden\" name=\"_wpcf7_captcha_challenge_captcha-977\" value=\"2071021192\" \/><img loading=\"lazy\" decoding=\"async\" class=\"wpcf7-form-control wpcf7-captchac wpcf7-captcha-captcha-977\" width=\"72\" height=\"24\" alt=\"captcha\" src=\"https:\/\/www.apulaya.com\/wp-content\/uploads\/wpcf7_captcha\/2071021192.png\" \/><br \/>\n<span class=\"wpcf7-form-control-wrap\" data-name=\"captcha-977\"><input size=\"40\" class=\"wpcf7-form-control wpcf7-captchar\" autocomplete=\"off\" aria-invalid=\"false\" value=\"\" type=\"text\" name=\"captcha-977\" \/><\/span>\n<\/p>\n<p><input class=\"wpcf7-form-control wpcf7-submit has-spinner boton\" type=\"submit\" value=\"Enviar\" \/>\n<\/p>\n<div class=\"wpcf7-response-output\" aria-hidden=\"true\"><\/div>\n<\/form>\n<\/div>\n<\/div>\n<\/li>\n<\/ul>\n<\/div>\n<\/td>\n<\/tr>\n<\/tbody>\n<\/table>\n<p><\/p>","protected":false},"excerpt":{"rendered":"<p>CURSOS DEL IDIOMA QUECHUA Estudia Quechua en el Valle Sagrado de los Incas, Cusco La lengua quechua (qheswa simi) fue la lengua oficial en el estado inca, y hoy es el idioma ind\u00edgena m\u00e1s hablado a lo largo de los Andes. El objetivo de este programa es lograr\u00a0 fluencia oral, combinada con el dominio de [&hellip;]<\/p>\n","protected":false},"author":1,"featured_media":0,"parent":0,"menu_order":0,"comment_status":"open","ping_status":"open","template":"","meta":{"footnotes":""},"yoast_head":"<!-- This site is optimized with the Yoast SEO plugin v21.5 - https:\/\/yoast.com\/wordpress\/plugins\/seo\/ -->\n<title>Quechua language courses - Apulaya<\/title>\n<meta name=\"description\" content=\"Study quechua language with native speakers in Cusco, Sacred Valley of the Incas, We offer two types of programs that may be designed in a combined.\" \/>\n<meta name=\"robots\" content=\"index, follow, max-snippet:-1, max-image-preview:large, max-video-preview:-1\" \/>\n<link rel=\"canonical\" href=\"https:\/\/www.apulaya.com\/de\/die-sprache-quechua\/\" \/>\n<meta property=\"og:locale\" content=\"es_ES\" \/>\n<meta property=\"og:type\" content=\"article\" \/>\n<meta property=\"og:title\" content=\"Quechua language courses - Apulaya\" \/>\n<meta property=\"og:description\" content=\"Study quechua language with native speakers in Cusco, Sacred Valley of the Incas, We offer two types of programs that may be designed in a combined.\" \/>\n<meta property=\"og:url\" content=\"https:\/\/www.apulaya.com\/de\/die-sprache-quechua\/\" \/>\n<meta property=\"og:site_name\" content=\"Apulaya\" \/>\n<meta property=\"article:publisher\" content=\"https:\/\/www.facebook.com\/apulaya.andean.culture\" \/>\n<meta property=\"article:modified_time\" content=\"2021-10-25T23:20:40+00:00\" \/>\n<meta property=\"og:image\" content=\"http:\/\/www.apulaya.com\/wp-content\/uploads\/2013\/12\/quechua_language.jpg\" \/>\n<meta name=\"twitter:card\" content=\"summary_large_image\" \/>\n<meta name=\"twitter:label1\" content=\"Tiempo de lectura\" \/>\n\t<meta name=\"twitter:data1\" content=\"4 minutos\" \/>\n<script type=\"application\/ld+json\" class=\"yoast-schema-graph\">{\"@context\":\"https:\/\/schema.org\",\"@graph\":[{\"@type\":\"WebPage\",\"@id\":\"https:\/\/www.apulaya.com\/de\/die-sprache-quechua\/\",\"url\":\"https:\/\/www.apulaya.com\/de\/die-sprache-quechua\/\",\"name\":\"Quechua language courses - Apulaya\",\"isPartOf\":{\"@id\":\"https:\/\/www.apulaya.com\/en\/#website\"},\"datePublished\":\"2013-12-03T15:49:35+00:00\",\"dateModified\":\"2021-10-25T23:20:40+00:00\",\"description\":\"Study quechua language with native speakers in Cusco, Sacred Valley of the Incas, We offer two types of programs that may be designed in a combined.\",\"breadcrumb\":{\"@id\":\"https:\/\/www.apulaya.com\/de\/die-sprache-quechua\/#breadcrumb\"},\"inLanguage\":\"es\",\"potentialAction\":[{\"@type\":\"ReadAction\",\"target\":[\"https:\/\/www.apulaya.com\/de\/die-sprache-quechua\/\"]}]},{\"@type\":\"BreadcrumbList\",\"@id\":\"https:\/\/www.apulaya.com\/de\/die-sprache-quechua\/#breadcrumb\",\"itemListElement\":[{\"@type\":\"ListItem\",\"position\":1,\"name\":\"Home\",\"item\":\"https:\/\/www.apulaya.com\/en\/\"},{\"@type\":\"ListItem\",\"position\":2,\"name\":\"Die Sprache Quechua\"}]},{\"@type\":\"WebSite\",\"@id\":\"https:\/\/www.apulaya.com\/en\/#website\",\"url\":\"https:\/\/www.apulaya.com\/en\/\",\"name\":\"Apulaya\",\"description\":\"Centro para la Cultura Andina\",\"publisher\":{\"@id\":\"https:\/\/www.apulaya.com\/en\/#organization\"},\"potentialAction\":[{\"@type\":\"SearchAction\",\"target\":{\"@type\":\"EntryPoint\",\"urlTemplate\":\"https:\/\/www.apulaya.com\/en\/?s={search_term_string}\"},\"query-input\":\"required name=search_term_string\"}],\"inLanguage\":\"es\"},{\"@type\":\"Organization\",\"@id\":\"https:\/\/www.apulaya.com\/en\/#organization\",\"name\":\"Apulaya Center for Andean Culture\",\"url\":\"https:\/\/www.apulaya.com\/en\/\",\"logo\":{\"@type\":\"ImageObject\",\"inLanguage\":\"es\",\"@id\":\"https:\/\/www.apulaya.com\/en\/#\/schema\/logo\/image\/\",\"url\":\"https:\/\/www.apulaya.com\/wp-content\/uploads\/2023\/01\/Apulaya_logo2.png\",\"contentUrl\":\"https:\/\/www.apulaya.com\/wp-content\/uploads\/2023\/01\/Apulaya_logo2.png\",\"width\":1080,\"height\":629,\"caption\":\"Apulaya Center for Andean Culture\"},\"image\":{\"@id\":\"https:\/\/www.apulaya.com\/en\/#\/schema\/logo\/image\/\"},\"sameAs\":[\"https:\/\/www.facebook.com\/apulaya.andean.culture\"]}]}<\/script>\n<!-- \/ Yoast SEO plugin. -->","yoast_head_json":{"title":"Quechua language courses - Apulaya","description":"Study quechua language with native speakers in Cusco, Sacred Valley of the Incas, We offer two types of programs that may be designed in a combined.","robots":{"index":"index","follow":"follow","max-snippet":"max-snippet:-1","max-image-preview":"max-image-preview:large","max-video-preview":"max-video-preview:-1"},"canonical":"https:\/\/www.apulaya.com\/de\/die-sprache-quechua\/","og_locale":"es_ES","og_type":"article","og_title":"Quechua language courses - Apulaya","og_description":"Study quechua language with native speakers in Cusco, Sacred Valley of the Incas, We offer two types of programs that may be designed in a combined.","og_url":"https:\/\/www.apulaya.com\/de\/die-sprache-quechua\/","og_site_name":"Apulaya","article_publisher":"https:\/\/www.facebook.com\/apulaya.andean.culture","article_modified_time":"2021-10-25T23:20:40+00:00","og_image":[{"url":"http:\/\/www.apulaya.com\/wp-content\/uploads\/2013\/12\/quechua_language.jpg"}],"twitter_card":"summary_large_image","twitter_misc":{"Tiempo de lectura":"4 minutos"},"schema":{"@context":"https:\/\/schema.org","@graph":[{"@type":"WebPage","@id":"https:\/\/www.apulaya.com\/de\/die-sprache-quechua\/","url":"https:\/\/www.apulaya.com\/de\/die-sprache-quechua\/","name":"Quechua language courses - Apulaya","isPartOf":{"@id":"https:\/\/www.apulaya.com\/en\/#website"},"datePublished":"2013-12-03T15:49:35+00:00","dateModified":"2021-10-25T23:20:40+00:00","description":"Study quechua language with native speakers in Cusco, Sacred Valley of the Incas, We offer two types of programs that may be designed in a combined.","breadcrumb":{"@id":"https:\/\/www.apulaya.com\/de\/die-sprache-quechua\/#breadcrumb"},"inLanguage":"es","potentialAction":[{"@type":"ReadAction","target":["https:\/\/www.apulaya.com\/de\/die-sprache-quechua\/"]}]},{"@type":"BreadcrumbList","@id":"https:\/\/www.apulaya.com\/de\/die-sprache-quechua\/#breadcrumb","itemListElement":[{"@type":"ListItem","position":1,"name":"Home","item":"https:\/\/www.apulaya.com\/en\/"},{"@type":"ListItem","position":2,"name":"Die Sprache Quechua"}]},{"@type":"WebSite","@id":"https:\/\/www.apulaya.com\/en\/#website","url":"https:\/\/www.apulaya.com\/en\/","name":"Apulaya","description":"Centro para la Cultura Andina","publisher":{"@id":"https:\/\/www.apulaya.com\/en\/#organization"},"potentialAction":[{"@type":"SearchAction","target":{"@type":"EntryPoint","urlTemplate":"https:\/\/www.apulaya.com\/en\/?s={search_term_string}"},"query-input":"required name=search_term_string"}],"inLanguage":"es"},{"@type":"Organization","@id":"https:\/\/www.apulaya.com\/en\/#organization","name":"Apulaya Center for Andean Culture","url":"https:\/\/www.apulaya.com\/en\/","logo":{"@type":"ImageObject","inLanguage":"es","@id":"https:\/\/www.apulaya.com\/en\/#\/schema\/logo\/image\/","url":"https:\/\/www.apulaya.com\/wp-content\/uploads\/2023\/01\/Apulaya_logo2.png","contentUrl":"https:\/\/www.apulaya.com\/wp-content\/uploads\/2023\/01\/Apulaya_logo2.png","width":1080,"height":629,"caption":"Apulaya Center for Andean Culture"},"image":{"@id":"https:\/\/www.apulaya.com\/en\/#\/schema\/logo\/image\/"},"sameAs":["https:\/\/www.facebook.com\/apulaya.andean.culture"]}]}},"_links":{"self":[{"href":"https:\/\/www.apulaya.com\/es\/wp-json\/wp\/v2\/pages\/23"}],"collection":[{"href":"https:\/\/www.apulaya.com\/es\/wp-json\/wp\/v2\/pages"}],"about":[{"href":"https:\/\/www.apulaya.com\/es\/wp-json\/wp\/v2\/types\/page"}],"author":[{"embeddable":true,"href":"https:\/\/www.apulaya.com\/es\/wp-json\/wp\/v2\/users\/1"}],"replies":[{"embeddable":true,"href":"https:\/\/www.apulaya.com\/es\/wp-json\/wp\/v2\/comments?post=23"}],"version-history":[{"count":3,"href":"https:\/\/www.apulaya.com\/es\/wp-json\/wp\/v2\/pages\/23\/revisions"}],"predecessor-version":[{"id":2592,"href":"https:\/\/www.apulaya.com\/es\/wp-json\/wp\/v2\/pages\/23\/revisions\/2592"}],"wp:attachment":[{"href":"https:\/\/www.apulaya.com\/es\/wp-json\/wp\/v2\/media?parent=23"}],"curies":[{"name":"wp","href":"https:\/\/api.w.org\/{rel}","templated":true}]}}