{"id":206,"date":"2013-12-06T15:59:23","date_gmt":"2013-12-06T15:59:23","guid":{"rendered":"http:\/\/www.apulaya.com\/es\/?page_id=206"},"modified":"2016-01-04T09:42:35","modified_gmt":"2016-01-04T14:42:35","slug":"quena-courses","status":"publish","type":"page","link":"https:\/\/www.apulaya.com\/es\/musica-popular-quena\/","title":{"rendered":"Cursos de Quena"},"content":{"rendered":"<p><\/p>\n<h1>QUENA (ANDEAN VERTIKAL FLUTE)<\/h1>\n<h2>INDIVIDUAL COURSES AND WORKSHOPS<\/h2>\n<table class=\"tablecontent\" border=\"0\" cellspacing=\"0\" cellpadding=\"0\">\n<tbody>\n<tr>\n<td>\n<p><img loading=\"lazy\" decoding=\"async\" class=\"alignleft\" src=\"http:\/\/www.apulaya.com\/wp-content\/uploads\/2013\/12\/populare-musik-quena1.jpg\" alt=\"populare-musik-quena1\" width=\"214\" height=\"143\" \/><\/p>\n<p>It is an instrument of pre-Columbian origin, which, nowadays, is widely spread in the Andes. The standard contemporaneous Quena is tempered to the universal musical system (440 Hz) and generally made of bamboo or wood. Its musical interpretation area is broad (from the classical style to folklore, pop and jazz), in such a way that, in principle, it is possible to execute all types of music.<\/p>\n<p class=\"clear\">\u00a0<\/p>\n<p><img loading=\"lazy\" decoding=\"async\" class=\"alignleft\" src=\"http:\/\/www.apulaya.com\/wp-content\/uploads\/2013\/12\/populare-musik-quena2.jpg\" alt=\"populare-musik-quena2\" width=\"214\" height=\"143\" \/><\/p>\n<p>As it is an instrument without a mouthpiece, but that possesses a notch, the production of the first sound might be of some difficulty. However, if you are a wind instrument musician or already have experience with some wind instrument, this will be a minimum difficulty. In the case you have no musical experience the beginning of the course will contain simple preparatory exercises, so that you will quickly be able to play simple melodies from the Andean songbook.<\/p>\n<p class=\"clear\">\u00a0<\/p>\n<p><img loading=\"lazy\" decoding=\"async\" class=\"alignleft\" src=\"http:\/\/www.apulaya.com\/wp-content\/uploads\/2013\/12\/populare-musik-quena3.jpg\" alt=\"populare-musik-quena3\" width=\"214\" height=\"143\" \/><\/p>\n<h3>PANORAMA OF THE THEMATIC CONTENTS<\/h3>\n<ul>\n<li>The quenist\u00b4s position, production of sound and several forms of finger positions<\/li>\n<li>Pentaphonic and diatonic scales \u2013 exercises and studies<\/li>\n<li>Musical adornments, articulations and types of vibratos with the quena<\/li>\n<li>Analysis of pieces interpreted with the quena<\/li>\n<li>The quena\u00b4s ethno-history and ethnography, its uses and symbology within the Andean cosmovision<\/li>\n<li>Repertory<\/li>\n<\/ul>\n<\/td>\n<\/tr>\n<\/tbody>\n<\/table>\n<table class=\"tableaudios\" border=\"0\" cellspacing=\"0\" cellpadding=\"0\">\n<tbody>\n<tr>\n<td colspan=\"2\">\n<h3>Quena audios<\/h3>\n<\/td>\n<\/tr>\n<tr>\n<td>\n<p><strong>Condor Pasa<\/strong><br \/> by Amanecer Andino<\/p>\n<\/td>\n<td><div class=\"sc_player_container1\"><input type=\"button\" id=\"btnplay_69e19906980662.61642414\" class=\"myButton_play\" onClick=\"play_mp3('play','69e19906980662.61642414','http:\/\/www.apulaya.com\/musica\/condorpasa.mp3','80','false');show_hide('play','69e19906980662.61642414');\" \/><input type=\"button\"  id=\"btnstop_69e19906980662.61642414\" style=\"display:none\" class=\"myButton_stop\" onClick=\"play_mp3('stop','69e19906980662.61642414','','80','false');show_hide('stop','69e19906980662.61642414');\" \/><div id=\"sm2-container\"><!-- flash movie ends up here --><\/div><\/div><\/td>\n<\/tr>\n<tr>\n<td>\n<p><strong>Wallpa Waqay<\/strong><br \/> by R. Thevenot<\/p>\n<\/td>\n<td><div class=\"sc_player_container1\"><input type=\"button\" id=\"btnplay_69e19906980c77.55941695\" class=\"myButton_play\" onClick=\"play_mp3('play','69e19906980c77.55941695','http:\/\/www.apulaya.com\/musica\/wallpa.mp3','80','false');show_hide('play','69e19906980c77.55941695');\" \/><input type=\"button\"  id=\"btnstop_69e19906980c77.55941695\" style=\"display:none\" class=\"myButton_stop\" onClick=\"play_mp3('stop','69e19906980c77.55941695','','80','false');show_hide('stop','69e19906980c77.55941695');\" \/><div id=\"sm2-container\"><!-- flash movie ends up here --><\/div><\/div><\/td>\n<\/tr>\n<tr>\n<td>\n<p><strong>Coca k\u2019intucha<\/strong><br \/> by Los Indios del Peru<\/p>\n<\/td>\n<td><div class=\"sc_player_container1\"><input type=\"button\" id=\"btnplay_69e19906980e11.50478227\" class=\"myButton_play\" onClick=\"play_mp3('play','69e19906980e11.50478227','http:\/\/www.apulaya.com\/musica\/cocakintucha.mp3','80','false');show_hide('play','69e19906980e11.50478227');\" \/><input type=\"button\"  id=\"btnstop_69e19906980e11.50478227\" style=\"display:none\" class=\"myButton_stop\" onClick=\"play_mp3('stop','69e19906980e11.50478227','','80','false');show_hide('stop','69e19906980e11.50478227');\" \/><div id=\"sm2-container\"><!-- flash movie ends up here --><\/div><\/div><\/td>\n<\/tr>\n<tr>\n<td colspan=\"2\">\n<h4>Escuchar Quenacho<\/h4>\n<\/td>\n<\/tr>\n<tr>\n<td>\n<p><strong>Allwa<\/strong><br \/> by Marcelo Pe\u00f1a<\/p>\n<\/td>\n<td><div class=\"sc_player_container1\"><input type=\"button\" id=\"btnplay_69e19906980f74.51295451\" class=\"myButton_play\" onClick=\"play_mp3('play','69e19906980f74.51295451','http:\/\/www.apulaya.com\/musica\/allwa.mp3','80','false');show_hide('play','69e19906980f74.51295451');\" \/><input type=\"button\"  id=\"btnstop_69e19906980f74.51295451\" style=\"display:none\" class=\"myButton_stop\" onClick=\"play_mp3('stop','69e19906980f74.51295451','','80','false');show_hide('stop','69e19906980f74.51295451');\" \/><div id=\"sm2-container\"><!-- flash movie ends up here --><\/div><\/div><\/td>\n<\/tr>\n<tr>\n<td colspan=\"2\">\n<h4>Escuchar Quenacho<\/h4>\n<\/td>\n<\/tr>\n<tr>\n<td>\n<p><strong>Shilica<\/strong><br \/> by Wayanay<\/p>\n<\/td>\n<td><div class=\"sc_player_container1\"><input type=\"button\" id=\"btnplay_69e199069810d9.51104708\" class=\"myButton_play\" onClick=\"play_mp3('play','69e199069810d9.51104708','http:\/\/www.apulaya.com\/musica\/shilica.mp3','80','false');show_hide('play','69e199069810d9.51104708');\" \/><input type=\"button\"  id=\"btnstop_69e199069810d9.51104708\" style=\"display:none\" class=\"myButton_stop\" onClick=\"play_mp3('stop','69e199069810d9.51104708','','80','false');show_hide('stop','69e199069810d9.51104708');\" \/><div id=\"sm2-container\"><!-- flash movie ends up here --><\/div><\/div><\/td>\n<\/tr>\n<\/tbody>\n<\/table>\n<h2 class=\"clear\">La familia de la Quena en detalle<\/h2>\n<p>La quena es una flauta vertical que por lo general es utilizada como instrumento solista.<\/p>\n<p>Por lo general, el material utilizado es bamb\u00fa. Sin embargo, tambi\u00e9n es bastante com\u00fan ver quenas de madera torneada.<\/p>\n<p>As\u00ed mismo, el timbre de cada quena puede variar muy ligeramente, por el tipo de boquilla (chanfle en U, V \u00f3 C), as\u00ed como por el tipo de material y di\u00e1metro del tubo.<\/p>\n<p>As\u00ed, la elecci\u00f3n depende del gusto del quenista y del tipo de m\u00fasica que se quiera interpretar.<\/p>\n<p><iframe loading=\"lazy\" src=\"\/\/www.youtube.com\/embed\/tvmPAc1yEiA\" width=\"100%\" height=\"315\" frameborder=\"0\" allowfullscreen=\"allowfullscreen\"><\/iframe><\/p>\n<h4>Valerio Fernandez y Nacho Choque interpretan Qorirukana de R. Thevenot<\/h4>\n<table class=\"tablecontent\" border=\"0\" cellspacing=\"0\" cellpadding=\"0\">\n<tbody>\n<tr>\n<td>\n<h4>QUENA<\/h4>\n<p><img loading=\"lazy\" decoding=\"async\" class=\"alignleft\" src=\"http:\/\/www.apulaya.com\/wp-content\/uploads\/2013\/12\/populare-musik-quena4.jpg\" alt=\"populare-musik-quena4\" width=\"214\" height=\"243\" \/><\/p>\n<p>La medida de una quena est\u00e1ndar es 38 cm., lo que puede variar ligeramente seg\u00fan el constructor, el tipo de material y di\u00e1metro del tubo.<\/p>\n<p>La quena contempor\u00e1nea est\u00e1 afinada en Sol y es transpositor en una octava.<\/p>\n<p>Cubriendo parte de los orificios y con las digitaciones ya estandarizadas, se obtiene la escala crom\u00e1tica y por ende, se puede obtener todas las tonalidades por haber, incluso los cuartos de tono.<\/p>\n<p class=\"clear\">\u00a0<\/p>\n<h4>Registro<\/h4>\n<p><img loading=\"lazy\" decoding=\"async\" src=\"http:\/\/www.apulaya.com\/wp-content\/uploads\/2013\/12\/populare-musik-quena8.jpg\" alt=\"populare-musik-quena8\" width=\"512\" height=\"115\" \/><\/p>\n<h4>QUENACHO<\/h4>\n<p><img loading=\"lazy\" decoding=\"async\" class=\"alignleft\" src=\"http:\/\/www.apulaya.com\/wp-content\/uploads\/2013\/12\/populare-musik-quena5.jpg\" alt=\"populare-musik-quena5\" width=\"214\" height=\"243\" \/><\/p>\n<p>Es un excelente acompa\u00f1ante al sonido agudo de la quena.<\/p>\n<p>Por lo general, es utilizado en d\u00fao, con la quena o tambi\u00e9n, a veces, como solista, en melod\u00edas cortas, intercalado con otros instrumentos o voces.<\/p>\n<p>El quenacho no es transpositor y de manera est\u00e1ndar, est\u00e1 afinado en Re, aunque, entre los m\u00fasicos, tambi\u00e9n existen quenachos en otras tonalidades y su longitud aproximada es de 52 cm.<\/p>\n<p class=\"clear\">\u00a0<\/p>\n<h4>QUENILLO<\/h4>\n<p><img loading=\"lazy\" decoding=\"async\" class=\"alignleft\" src=\"http:\/\/www.apulaya.com\/wp-content\/uploads\/2013\/12\/populare-musik-quena6.jpg\" alt=\"populare-musik-quena6\" width=\"214\" height=\"143\" \/><\/p>\n<p>Su sonido agudo es ideal para introducciones, de manera solista. Pero, tambi\u00e9n es utilizado en melod\u00edas cortas, en los intermedios, muy a menudo, octaveando a las flautas de tipo tenor y bajo.<\/p>\n<p>La afinaci\u00f3n usada es Do, pero tambi\u00e9n, puede ser fabricado en otras tonalidades, seg\u00fan los gustos del m\u00fasico y su tama\u00f1o promedio es de 29 cm.<\/p>\n<\/td>\n<\/tr>\n<\/tbody>\n<\/table>\n<table class=\"tablefolklore\" border=\"0\" cellspacing=\"0\" cellpadding=\"0\">\n<tbody>\n<tr>\n<td>\n<h3>Registro<\/h3>\n<p><img loading=\"lazy\" decoding=\"async\" class=\"alignnone size-full wp-image-216\" src=\"http:\/\/www.apulaya.com\/wp-content\/uploads\/2013\/12\/populare-musik-quena9.jpg\" alt=\"populare-musik-quena9\" width=\"214\" height=\"143\" \/><\/p>\n<\/td>\n<\/tr>\n<\/tbody>\n<\/table>\n<p><\/p>","protected":false},"excerpt":{"rendered":"<p>QUENA (ANDEAN VERTIKAL FLUTE) INDIVIDUAL COURSES AND WORKSHOPS It is an instrument of pre-Columbian origin, which, nowadays, is widely spread in the Andes. The standard contemporaneous Quena is tempered to the universal musical system (440 Hz) and generally made of bamboo or wood. Its musical interpretation area is broad (from the classical style to folklore, [&hellip;]<\/p>\n","protected":false},"author":1,"featured_media":0,"parent":0,"menu_order":0,"comment_status":"open","ping_status":"open","template":"folklore.php","meta":{"footnotes":""},"yoast_head":"<!-- This site is optimized with the Yoast SEO plugin v21.5 - https:\/\/yoast.com\/wordpress\/plugins\/seo\/ -->\n<title>Quena Kurse Cusco, Peru - Apulaya<\/title>\n<meta name=\"robots\" content=\"index, follow, max-snippet:-1, max-image-preview:large, max-video-preview:-1\" \/>\n<link rel=\"canonical\" href=\"https:\/\/www.apulaya.com\/de\/populare-musik-quena\/\" \/>\n<meta property=\"og:locale\" content=\"es_ES\" \/>\n<meta property=\"og:type\" content=\"article\" \/>\n<meta property=\"og:title\" content=\"Quena Kurse Cusco, Peru - Apulaya\" \/>\n<meta property=\"og:description\" content=\"QUENA (ANDEAN VERTIKAL FLUTE) INDIVIDUAL COURSES AND WORKSHOPS It is an instrument of pre-Columbian origin, which, nowadays, is widely spread in the Andes. The standard contemporaneous Quena is tempered to the universal musical system (440 Hz) and generally made of bamboo or wood. Its musical interpretation area is broad (from the classical style to folklore, [&hellip;]\" \/>\n<meta property=\"og:url\" content=\"https:\/\/www.apulaya.com\/de\/populare-musik-quena\/\" \/>\n<meta property=\"og:site_name\" content=\"Apulaya\" \/>\n<meta property=\"article:publisher\" content=\"https:\/\/www.facebook.com\/apulaya.andean.culture\" \/>\n<meta property=\"article:modified_time\" content=\"2016-01-04T14:42:35+00:00\" \/>\n<meta property=\"og:image\" content=\"http:\/\/www.apulaya.com\/wp-content\/uploads\/2013\/12\/populare-musik-quena1.jpg\" \/>\n<meta name=\"twitter:card\" content=\"summary_large_image\" \/>\n<meta name=\"twitter:label1\" content=\"Tiempo de lectura\" \/>\n\t<meta name=\"twitter:data1\" content=\"9 minutos\" \/>\n<script type=\"application\/ld+json\" class=\"yoast-schema-graph\">{\"@context\":\"https:\/\/schema.org\",\"@graph\":[{\"@type\":\"WebPage\",\"@id\":\"https:\/\/www.apulaya.com\/de\/populare-musik-quena\/\",\"url\":\"https:\/\/www.apulaya.com\/de\/populare-musik-quena\/\",\"name\":\"Quena Kurse Cusco, Peru - Apulaya\",\"isPartOf\":{\"@id\":\"https:\/\/www.apulaya.com\/en\/#website\"},\"datePublished\":\"2013-12-06T15:59:23+00:00\",\"dateModified\":\"2016-01-04T14:42:35+00:00\",\"breadcrumb\":{\"@id\":\"https:\/\/www.apulaya.com\/de\/populare-musik-quena\/#breadcrumb\"},\"inLanguage\":\"es\",\"potentialAction\":[{\"@type\":\"ReadAction\",\"target\":[\"https:\/\/www.apulaya.com\/de\/populare-musik-quena\/\"]}]},{\"@type\":\"BreadcrumbList\",\"@id\":\"https:\/\/www.apulaya.com\/de\/populare-musik-quena\/#breadcrumb\",\"itemListElement\":[{\"@type\":\"ListItem\",\"position\":1,\"name\":\"Home\",\"item\":\"https:\/\/www.apulaya.com\/en\/\"},{\"@type\":\"ListItem\",\"position\":2,\"name\":\"Quena Kurse\"}]},{\"@type\":\"WebSite\",\"@id\":\"https:\/\/www.apulaya.com\/en\/#website\",\"url\":\"https:\/\/www.apulaya.com\/en\/\",\"name\":\"Apulaya\",\"description\":\"Centro para la Cultura Andina\",\"publisher\":{\"@id\":\"https:\/\/www.apulaya.com\/en\/#organization\"},\"potentialAction\":[{\"@type\":\"SearchAction\",\"target\":{\"@type\":\"EntryPoint\",\"urlTemplate\":\"https:\/\/www.apulaya.com\/en\/?s={search_term_string}\"},\"query-input\":\"required name=search_term_string\"}],\"inLanguage\":\"es\"},{\"@type\":\"Organization\",\"@id\":\"https:\/\/www.apulaya.com\/en\/#organization\",\"name\":\"Apulaya Center for Andean Culture\",\"url\":\"https:\/\/www.apulaya.com\/en\/\",\"logo\":{\"@type\":\"ImageObject\",\"inLanguage\":\"es\",\"@id\":\"https:\/\/www.apulaya.com\/en\/#\/schema\/logo\/image\/\",\"url\":\"https:\/\/www.apulaya.com\/wp-content\/uploads\/2023\/01\/Apulaya_logo2.png\",\"contentUrl\":\"https:\/\/www.apulaya.com\/wp-content\/uploads\/2023\/01\/Apulaya_logo2.png\",\"width\":1080,\"height\":629,\"caption\":\"Apulaya Center for Andean Culture\"},\"image\":{\"@id\":\"https:\/\/www.apulaya.com\/en\/#\/schema\/logo\/image\/\"},\"sameAs\":[\"https:\/\/www.facebook.com\/apulaya.andean.culture\"]}]}<\/script>\n<!-- \/ Yoast SEO plugin. -->","yoast_head_json":{"title":"Quena Kurse Cusco, Peru - Apulaya","robots":{"index":"index","follow":"follow","max-snippet":"max-snippet:-1","max-image-preview":"max-image-preview:large","max-video-preview":"max-video-preview:-1"},"canonical":"https:\/\/www.apulaya.com\/de\/populare-musik-quena\/","og_locale":"es_ES","og_type":"article","og_title":"Quena Kurse Cusco, Peru - Apulaya","og_description":"QUENA (ANDEAN VERTIKAL FLUTE) INDIVIDUAL COURSES AND WORKSHOPS It is an instrument of pre-Columbian origin, which, nowadays, is widely spread in the Andes. The standard contemporaneous Quena is tempered to the universal musical system (440 Hz) and generally made of bamboo or wood. Its musical interpretation area is broad (from the classical style to folklore, [&hellip;]","og_url":"https:\/\/www.apulaya.com\/de\/populare-musik-quena\/","og_site_name":"Apulaya","article_publisher":"https:\/\/www.facebook.com\/apulaya.andean.culture","article_modified_time":"2016-01-04T14:42:35+00:00","og_image":[{"url":"http:\/\/www.apulaya.com\/wp-content\/uploads\/2013\/12\/populare-musik-quena1.jpg"}],"twitter_card":"summary_large_image","twitter_misc":{"Tiempo de lectura":"9 minutos"},"schema":{"@context":"https:\/\/schema.org","@graph":[{"@type":"WebPage","@id":"https:\/\/www.apulaya.com\/de\/populare-musik-quena\/","url":"https:\/\/www.apulaya.com\/de\/populare-musik-quena\/","name":"Quena Kurse Cusco, Peru - Apulaya","isPartOf":{"@id":"https:\/\/www.apulaya.com\/en\/#website"},"datePublished":"2013-12-06T15:59:23+00:00","dateModified":"2016-01-04T14:42:35+00:00","breadcrumb":{"@id":"https:\/\/www.apulaya.com\/de\/populare-musik-quena\/#breadcrumb"},"inLanguage":"es","potentialAction":[{"@type":"ReadAction","target":["https:\/\/www.apulaya.com\/de\/populare-musik-quena\/"]}]},{"@type":"BreadcrumbList","@id":"https:\/\/www.apulaya.com\/de\/populare-musik-quena\/#breadcrumb","itemListElement":[{"@type":"ListItem","position":1,"name":"Home","item":"https:\/\/www.apulaya.com\/en\/"},{"@type":"ListItem","position":2,"name":"Quena Kurse"}]},{"@type":"WebSite","@id":"https:\/\/www.apulaya.com\/en\/#website","url":"https:\/\/www.apulaya.com\/en\/","name":"Apulaya","description":"Centro para la Cultura Andina","publisher":{"@id":"https:\/\/www.apulaya.com\/en\/#organization"},"potentialAction":[{"@type":"SearchAction","target":{"@type":"EntryPoint","urlTemplate":"https:\/\/www.apulaya.com\/en\/?s={search_term_string}"},"query-input":"required name=search_term_string"}],"inLanguage":"es"},{"@type":"Organization","@id":"https:\/\/www.apulaya.com\/en\/#organization","name":"Apulaya Center for Andean Culture","url":"https:\/\/www.apulaya.com\/en\/","logo":{"@type":"ImageObject","inLanguage":"es","@id":"https:\/\/www.apulaya.com\/en\/#\/schema\/logo\/image\/","url":"https:\/\/www.apulaya.com\/wp-content\/uploads\/2023\/01\/Apulaya_logo2.png","contentUrl":"https:\/\/www.apulaya.com\/wp-content\/uploads\/2023\/01\/Apulaya_logo2.png","width":1080,"height":629,"caption":"Apulaya Center for Andean Culture"},"image":{"@id":"https:\/\/www.apulaya.com\/en\/#\/schema\/logo\/image\/"},"sameAs":["https:\/\/www.facebook.com\/apulaya.andean.culture"]}]}},"_links":{"self":[{"href":"https:\/\/www.apulaya.com\/es\/wp-json\/wp\/v2\/pages\/206"}],"collection":[{"href":"https:\/\/www.apulaya.com\/es\/wp-json\/wp\/v2\/pages"}],"about":[{"href":"https:\/\/www.apulaya.com\/es\/wp-json\/wp\/v2\/types\/page"}],"author":[{"embeddable":true,"href":"https:\/\/www.apulaya.com\/es\/wp-json\/wp\/v2\/users\/1"}],"replies":[{"embeddable":true,"href":"https:\/\/www.apulaya.com\/es\/wp-json\/wp\/v2\/comments?post=206"}],"version-history":[{"count":0,"href":"https:\/\/www.apulaya.com\/es\/wp-json\/wp\/v2\/pages\/206\/revisions"}],"wp:attachment":[{"href":"https:\/\/www.apulaya.com\/es\/wp-json\/wp\/v2\/media?parent=206"}],"curies":[{"name":"wp","href":"https:\/\/api.w.org\/{rel}","templated":true}]}}