{"id":2,"date":"2013-12-03T14:20:23","date_gmt":"2013-12-03T14:20:23","guid":{"rendered":"http:\/\/www.apulaya.com\/?page_id=2"},"modified":"2018-02-24T09:23:10","modified_gmt":"2018-02-24T14:23:10","slug":"pagina-ejemplo","status":"publish","type":"page","link":"https:\/\/www.apulaya.com\/es\/","title":{"rendered":"Inicio"},"content":{"rendered":"<p><strong><span style=\"color: #80874f; font-size: medium;\">Estudios y cursos de la cultura andina, Cusco \u2013 Valle Sagrado de los Incas<\/span><\/strong><\/p>\n<p><a href=\"http:\/\/www.apulaya.com\/es\/estudios-andinos-peru-apulaya\/\"><img loading=\"lazy\" decoding=\"async\" class=\"alignright wp-image-1453 size-full\" title=\"Programas Especiales 2018\" src=\"http:\/\/www.apulaya.com\/wp-content\/uploads\/2013\/12\/programas-especiales-2018.gif\" alt=\"Programas Especiales 2018\" width=\"230\" height=\"156\" \/><\/a>Inmerge en el fascinante universo andino, en el cual la convivencia entre el ser humano, los animales y la naturaleza est\u00e1 regida por leyes cosmol\u00f3gicas.<\/p>\n<p>Apulaya transmite la cultura andina de manera creativa y vivencial, aconsejando y guiando estudiantes y visitantes, facilit\u00e1ndoles el contacto directo con los comuneros. Nuestros <strong>programas de estudios semestrales<\/strong>, <strong>cursos<\/strong>, <strong>talleres<\/strong>, <strong>tours y actividades de voluntariado<\/strong> te introducir\u00e1n en las sabidur\u00edas y experiencias vivenciales de los pueblos ind\u00edgenas andinos.<\/p>","protected":false},"excerpt":{"rendered":"<p>Estudios y cursos de la cultura andina, Cusco \u2013 Valle Sagrado de los Incas Inmerge en el fascinante universo andino, en el cual la convivencia entre el ser humano, los animales y la naturaleza est\u00e1 regida por leyes cosmol\u00f3gicas. Apulaya transmite la cultura andina de manera creativa y vivencial, aconsejando y guiando estudiantes y visitantes, [&hellip;]<\/p>\n","protected":false},"author":1,"featured_media":0,"parent":0,"menu_order":0,"comment_status":"open","ping_status":"open","template":"home.php","meta":{"footnotes":""},"yoast_head":"<!-- This site is optimized with the Yoast SEO plugin v21.5 - https:\/\/yoast.com\/wordpress\/plugins\/seo\/ -->\n<title>Study abroad programs, Cusco \u2013 Sacred Valley of the Incas<\/title>\n<meta name=\"description\" content=\"Get immersed in the fascinating Andean Universe, in which the cohabitation between the human being, the animals and nature is governed by cosmological laws.\" \/>\n<meta name=\"robots\" content=\"index, follow, max-snippet:-1, max-image-preview:large, max-video-preview:-1\" \/>\n<link rel=\"canonical\" href=\"https:\/\/www.apulaya.com\/en\/\" \/>\n<meta property=\"og:locale\" content=\"es_ES\" \/>\n<meta property=\"og:type\" content=\"article\" \/>\n<meta property=\"og:title\" content=\"Study abroad programs, Cusco \u2013 Sacred Valley of the Incas\" \/>\n<meta property=\"og:description\" content=\"Get immersed in the fascinating Andean Universe, in which the cohabitation between the human being, the animals and nature is governed by cosmological laws.\" \/>\n<meta property=\"og:url\" content=\"https:\/\/www.apulaya.com\/en\/\" \/>\n<meta property=\"og:site_name\" content=\"Apulaya\" \/>\n<meta property=\"article:publisher\" content=\"https:\/\/www.facebook.com\/apulaya.andean.culture\" \/>\n<meta property=\"article:modified_time\" content=\"2018-02-24T14:23:10+00:00\" \/>\n<meta property=\"og:image\" content=\"http:\/\/www.apulaya.com\/wp-content\/uploads\/2013\/12\/special-programs-2018.gif\" \/>\n<meta name=\"twitter:card\" content=\"summary_large_image\" \/>\n<meta name=\"twitter:label1\" content=\"Tiempo de lectura\" \/>\n\t<meta name=\"twitter:data1\" content=\"1 minuto\" \/>\n<script type=\"application\/ld+json\" class=\"yoast-schema-graph\">{\"@context\":\"https:\/\/schema.org\",\"@graph\":[{\"@type\":\"WebPage\",\"@id\":\"https:\/\/www.apulaya.com\/en\/\",\"url\":\"https:\/\/www.apulaya.com\/en\/\",\"name\":\"Study abroad programs, Cusco \u2013 Sacred Valley of the Incas\",\"isPartOf\":{\"@id\":\"https:\/\/www.apulaya.com\/en\/#website\"},\"datePublished\":\"2013-12-03T14:20:23+00:00\",\"dateModified\":\"2018-02-24T14:23:10+00:00\",\"description\":\"Get immersed in the fascinating Andean Universe, in which the cohabitation between the human being, the animals and nature is governed by cosmological laws.\",\"breadcrumb\":{\"@id\":\"https:\/\/www.apulaya.com\/en\/#breadcrumb\"},\"inLanguage\":\"es\",\"potentialAction\":[{\"@type\":\"ReadAction\",\"target\":[\"https:\/\/www.apulaya.com\/en\/\"]}]},{\"@type\":\"BreadcrumbList\",\"@id\":\"https:\/\/www.apulaya.com\/en\/#breadcrumb\",\"itemListElement\":[{\"@type\":\"ListItem\",\"position\":1,\"name\":\"Home\",\"item\":\"https:\/\/www.apulaya.com\/en\/\"},{\"@type\":\"ListItem\",\"position\":2,\"name\":\"Home\"}]},{\"@type\":\"WebSite\",\"@id\":\"https:\/\/www.apulaya.com\/en\/#website\",\"url\":\"https:\/\/www.apulaya.com\/en\/\",\"name\":\"Apulaya\",\"description\":\"Centro para la Cultura Andina\",\"publisher\":{\"@id\":\"https:\/\/www.apulaya.com\/en\/#organization\"},\"potentialAction\":[{\"@type\":\"SearchAction\",\"target\":{\"@type\":\"EntryPoint\",\"urlTemplate\":\"https:\/\/www.apulaya.com\/en\/?s={search_term_string}\"},\"query-input\":\"required name=search_term_string\"}],\"inLanguage\":\"es\"},{\"@type\":\"Organization\",\"@id\":\"https:\/\/www.apulaya.com\/en\/#organization\",\"name\":\"Apulaya Center for Andean Culture\",\"url\":\"https:\/\/www.apulaya.com\/en\/\",\"logo\":{\"@type\":\"ImageObject\",\"inLanguage\":\"es\",\"@id\":\"https:\/\/www.apulaya.com\/en\/#\/schema\/logo\/image\/\",\"url\":\"https:\/\/www.apulaya.com\/wp-content\/uploads\/2023\/01\/Apulaya_logo2.png\",\"contentUrl\":\"https:\/\/www.apulaya.com\/wp-content\/uploads\/2023\/01\/Apulaya_logo2.png\",\"width\":1080,\"height\":629,\"caption\":\"Apulaya Center for Andean Culture\"},\"image\":{\"@id\":\"https:\/\/www.apulaya.com\/en\/#\/schema\/logo\/image\/\"},\"sameAs\":[\"https:\/\/www.facebook.com\/apulaya.andean.culture\"]}]}<\/script>\n<!-- \/ Yoast SEO plugin. -->","yoast_head_json":{"title":"Study abroad programs, Cusco \u2013 Sacred Valley of the Incas","description":"Get immersed in the fascinating Andean Universe, in which the cohabitation between the human being, the animals and nature is governed by cosmological laws.","robots":{"index":"index","follow":"follow","max-snippet":"max-snippet:-1","max-image-preview":"max-image-preview:large","max-video-preview":"max-video-preview:-1"},"canonical":"https:\/\/www.apulaya.com\/en\/","og_locale":"es_ES","og_type":"article","og_title":"Study abroad programs, Cusco \u2013 Sacred Valley of the Incas","og_description":"Get immersed in the fascinating Andean Universe, in which the cohabitation between the human being, the animals and nature is governed by cosmological laws.","og_url":"https:\/\/www.apulaya.com\/en\/","og_site_name":"Apulaya","article_publisher":"https:\/\/www.facebook.com\/apulaya.andean.culture","article_modified_time":"2018-02-24T14:23:10+00:00","og_image":[{"url":"http:\/\/www.apulaya.com\/wp-content\/uploads\/2013\/12\/special-programs-2018.gif"}],"twitter_card":"summary_large_image","twitter_misc":{"Tiempo de lectura":"1 minuto"},"schema":{"@context":"https:\/\/schema.org","@graph":[{"@type":"WebPage","@id":"https:\/\/www.apulaya.com\/en\/","url":"https:\/\/www.apulaya.com\/en\/","name":"Study abroad programs, Cusco \u2013 Sacred Valley of the Incas","isPartOf":{"@id":"https:\/\/www.apulaya.com\/en\/#website"},"datePublished":"2013-12-03T14:20:23+00:00","dateModified":"2018-02-24T14:23:10+00:00","description":"Get immersed in the fascinating Andean Universe, in which the cohabitation between the human being, the animals and nature is governed by cosmological laws.","breadcrumb":{"@id":"https:\/\/www.apulaya.com\/en\/#breadcrumb"},"inLanguage":"es","potentialAction":[{"@type":"ReadAction","target":["https:\/\/www.apulaya.com\/en\/"]}]},{"@type":"BreadcrumbList","@id":"https:\/\/www.apulaya.com\/en\/#breadcrumb","itemListElement":[{"@type":"ListItem","position":1,"name":"Home","item":"https:\/\/www.apulaya.com\/en\/"},{"@type":"ListItem","position":2,"name":"Home"}]},{"@type":"WebSite","@id":"https:\/\/www.apulaya.com\/en\/#website","url":"https:\/\/www.apulaya.com\/en\/","name":"Apulaya","description":"Centro para la Cultura Andina","publisher":{"@id":"https:\/\/www.apulaya.com\/en\/#organization"},"potentialAction":[{"@type":"SearchAction","target":{"@type":"EntryPoint","urlTemplate":"https:\/\/www.apulaya.com\/en\/?s={search_term_string}"},"query-input":"required name=search_term_string"}],"inLanguage":"es"},{"@type":"Organization","@id":"https:\/\/www.apulaya.com\/en\/#organization","name":"Apulaya Center for Andean Culture","url":"https:\/\/www.apulaya.com\/en\/","logo":{"@type":"ImageObject","inLanguage":"es","@id":"https:\/\/www.apulaya.com\/en\/#\/schema\/logo\/image\/","url":"https:\/\/www.apulaya.com\/wp-content\/uploads\/2023\/01\/Apulaya_logo2.png","contentUrl":"https:\/\/www.apulaya.com\/wp-content\/uploads\/2023\/01\/Apulaya_logo2.png","width":1080,"height":629,"caption":"Apulaya Center for Andean Culture"},"image":{"@id":"https:\/\/www.apulaya.com\/en\/#\/schema\/logo\/image\/"},"sameAs":["https:\/\/www.facebook.com\/apulaya.andean.culture"]}]}},"_links":{"self":[{"href":"https:\/\/www.apulaya.com\/es\/wp-json\/wp\/v2\/pages\/2"}],"collection":[{"href":"https:\/\/www.apulaya.com\/es\/wp-json\/wp\/v2\/pages"}],"about":[{"href":"https:\/\/www.apulaya.com\/es\/wp-json\/wp\/v2\/types\/page"}],"author":[{"embeddable":true,"href":"https:\/\/www.apulaya.com\/es\/wp-json\/wp\/v2\/users\/1"}],"replies":[{"embeddable":true,"href":"https:\/\/www.apulaya.com\/es\/wp-json\/wp\/v2\/comments?post=2"}],"version-history":[{"count":0,"href":"https:\/\/www.apulaya.com\/es\/wp-json\/wp\/v2\/pages\/2\/revisions"}],"wp:attachment":[{"href":"https:\/\/www.apulaya.com\/es\/wp-json\/wp\/v2\/media?parent=2"}],"curies":[{"name":"wp","href":"https:\/\/api.w.org\/{rel}","templated":true}]}}