{"id":191,"date":"2013-12-06T15:12:55","date_gmt":"2013-12-06T15:12:55","guid":{"rendered":"http:\/\/www.apulaya.com\/es\/?page_id=191"},"modified":"2016-01-04T09:33:34","modified_gmt":"2016-01-04T14:33:34","slug":"zampona-courses","status":"publish","type":"page","link":"https:\/\/www.apulaya.com\/es\/musica-popular-zampona\/","title":{"rendered":"Cursos de Zampo\u00f1a"},"content":{"rendered":"<p><\/p>\n<p>&nbsp;<\/p>\n<h1>ZAMPO\u00d1A (FLAUTA DE PAN ANDINA) &#8211; CURSOS Y TALLERES INDIVIDUALES<\/h1>\n<h2>SIENTE LA MAGIA DEL FOKLORE ANDINO<\/h2>\n<table class=\"tablecontent\" border=\"0\" cellspacing=\"0\" cellpadding=\"0\">\n<tbody>\n<tr>\n<td>\n<p><img loading=\"lazy\" decoding=\"async\" class=\"alignleft\" src=\"http:\/\/www.apulaya.com\/wp-content\/uploads\/2013\/12\/populare-musik-zampona1.jpg\" alt=\"populare-musik-zampona1\" width=\"214\" height=\"243\" \/><\/p>\n<p>La zampo\u00f1a es uno de los instrumentos m\u00e1s populares de Sudam\u00e9rica, y es muy f\u00e1cil de aprender.<\/p>\n<p>Disfruta interpretando canciones inolvidables, como el c\u00f3ndor pasa, camino de llamas, canci\u00f3n y huayno, y mucho m\u00e1s. Adecuaremos la programaci\u00f3n, seg\u00fan tu experiencia musical e intereses.<\/p>\n<p>\u00a1Comenzar\u00e1s a tocar tu canci\u00f3n favorita desde la primera lecci\u00f3n!<\/p>\n<p>Remont\u00e1ndose su origen, hacia la \u00e9poca precolombina, la zampo\u00f1a contempor\u00e1nea, adaptada al sistema musical acad\u00e9mico, viene en dos versiones: La diat\u00f3nica y la crom\u00e1tica. \u00bfCu\u00e1l de estas zampo\u00f1as es la m\u00e1s recomendable para tocar? Eso depende del ejecutante y del estilo de m\u00fasica que quiera tocar.<\/p>\n<p class=\"clear\">\u00a0<\/p>\n<p><img loading=\"lazy\" decoding=\"async\" class=\"alignleft\" src=\"http:\/\/www.apulaya.com\/wp-content\/uploads\/2013\/12\/populare-musik-zampona2.jpg\" alt=\"populare-musik-zampona2\" width=\"214\" height=\"243\" \/><\/p>\n<p>La magia y la fascinaci\u00f3n de la Zampo\u00f1a est\u00e1n en el sincretismo entre el sistema musical acad\u00e9mica y lo tradicional, en su organolog\u00eda y t\u00e9cnica de ejecuci\u00f3n.<\/p>\n<h3>PANORAMA DEL CONTENIDO TEM\u00c1TICO:<\/h3>\n<ul>\n<li>Sinp\u2019ay o trenzado; la t\u00e9cnica de la interrelaci\u00f3n musical<\/li>\n<li>\u00bfQu\u00e9 tipos de sonido es posible obtener de la zampo\u00f1a?<\/li>\n<li>Diversas articulaciones, adornos musicales, tipos de vibratos \u2013 ejercicios y estudios<\/li>\n<li>Uso de la zampo\u00f1a crom\u00e1tica en la m\u00fasica popular contempor\u00e1nea<\/li>\n<li>Por lo general, las canciones populares son sencillas: \u00bfC\u00f3mo hacer que suenen complejas y ricas? aprenderemos las diversas formas de variaciones y sus trucos.<\/li>\n<li>Introducci\u00f3n en las formas estil\u00edsticas por regiones y \u00e9pocas.<\/li>\n<\/ul>\n<\/td>\n<\/tr>\n<\/tbody>\n<\/table>\n<table class=\"tableaudios\" border=\"0\" cellspacing=\"0\" cellpadding=\"0\">\n<tbody>\n<tr>\n<td colspan=\"2\">\n<h3>Escuchar Zampo\u00f1a<\/h3>\n<\/td>\n<\/tr>\n<tr>\n<td colspan=\"2\">\n<h4>Malta<\/h4>\n<\/td>\n<\/tr>\n<tr>\n<td>\n<p><strong>Fiesta, fiesta<\/strong><br \/> by Luz del ande<\/p>\n<\/td>\n<td><div class=\"sc_player_container1\"><input type=\"button\" id=\"btnplay_69e19996923a54.32683061\" class=\"myButton_play\" onClick=\"play_mp3('play','69e19996923a54.32683061','http:\/\/www.apulaya.com\/musica\/fiestafiesta.mp3','80','false');show_hide('play','69e19996923a54.32683061');\" \/><input type=\"button\"  id=\"btnstop_69e19996923a54.32683061\" style=\"display:none\" class=\"myButton_stop\" onClick=\"play_mp3('stop','69e19996923a54.32683061','','80','false');show_hide('stop','69e19996923a54.32683061');\" \/><div id=\"sm2-container\"><!-- flash movie ends up here --><\/div><\/div><\/td>\n<\/tr>\n<tr>\n<td>\n<p><strong>Jueves de oto\u00f1o<\/strong><br \/> by Latinoam\u00e9rica<\/p>\n<\/td>\n<td><div class=\"sc_player_container1\"><input type=\"button\" id=\"btnplay_69e199969240c3.89152786\" class=\"myButton_play\" onClick=\"play_mp3('play','69e199969240c3.89152786','http:\/\/www.apulaya.com\/musica\/juevesdeotono.mp3','80','false');show_hide('play','69e199969240c3.89152786');\" \/><input type=\"button\"  id=\"btnstop_69e199969240c3.89152786\" style=\"display:none\" class=\"myButton_stop\" onClick=\"play_mp3('stop','69e199969240c3.89152786','','80','false');show_hide('stop','69e199969240c3.89152786');\" \/><div id=\"sm2-container\"><!-- flash movie ends up here --><\/div><\/div><\/td>\n<\/tr>\n<tr>\n<td>\n<p><strong>Susurro<\/strong><br \/> by Perumanta<\/p>\n<\/td>\n<td><div class=\"sc_player_container1\"><input type=\"button\" id=\"btnplay_69e19996924362.77137369\" class=\"myButton_play\" onClick=\"play_mp3('play','69e19996924362.77137369','http:\/\/www.apulaya.com\/musica\/susurro.mp3','80','false');show_hide('play','69e19996924362.77137369');\" \/><input type=\"button\"  id=\"btnstop_69e19996924362.77137369\" style=\"display:none\" class=\"myButton_stop\" onClick=\"play_mp3('stop','69e19996924362.77137369','','80','false');show_hide('stop','69e19996924362.77137369');\" \/><div id=\"sm2-container\"><!-- flash movie ends up here --><\/div><\/div><\/td>\n<\/tr>\n<tr>\n<td>\n<p><strong>Pampa lirimac<\/strong><br \/> by Qampy<\/p>\n<\/td>\n<td><div class=\"sc_player_container1\"><input type=\"button\" id=\"btnplay_69e199969245d7.73913928\" class=\"myButton_play\" onClick=\"play_mp3('play','69e199969245d7.73913928','http:\/\/www.apulaya.com\/musica\/pampalirimac.mp3','80','false');show_hide('play','69e199969245d7.73913928');\" \/><input type=\"button\"  id=\"btnstop_69e199969245d7.73913928\" style=\"display:none\" class=\"myButton_stop\" onClick=\"play_mp3('stop','69e199969245d7.73913928','','80','false');show_hide('stop','69e199969245d7.73913928');\" \/><div id=\"sm2-container\"><!-- flash movie ends up here --><\/div><\/div><\/td>\n<\/tr>\n<tr>\n<td colspan=\"2\">\n<h4>Basto<\/h4>\n<\/td>\n<\/tr>\n<tr>\n<td>\n<p><strong>Hombres y pueblos<\/strong><br \/> by Savia Andina<\/p>\n<\/td>\n<td><div class=\"sc_player_container1\"><input type=\"button\" id=\"btnplay_69e19996924842.67855265\" class=\"myButton_play\" onClick=\"play_mp3('play','69e19996924842.67855265','http:\/\/www.apulaya.com\/musica\/hombresypueblos.mp3','80','false');show_hide('play','69e19996924842.67855265');\" \/><input type=\"button\"  id=\"btnstop_69e19996924842.67855265\" style=\"display:none\" class=\"myButton_stop\" onClick=\"play_mp3('stop','69e19996924842.67855265','','80','false');show_hide('stop','69e19996924842.67855265');\" \/><div id=\"sm2-container\"><!-- flash movie ends up here --><\/div><\/div><\/td>\n<\/tr>\n<tr>\n<td colspan=\"2\">\n<h4>Toyo<\/h4>\n<\/td>\n<\/tr>\n<tr>\n<td>\n<p><strong>Atacame\u00f1os<br \/><\/strong>by Tarpuy<\/p>\n<\/td>\n<td><div class=\"sc_player_container1\"><input type=\"button\" id=\"btnplay_69e19996924ab6.92941704\" class=\"myButton_play\" onClick=\"play_mp3('play','69e19996924ab6.92941704','http:\/\/www.apulaya.com\/musica\/atacamenos.mp3','80','false');show_hide('play','69e19996924ab6.92941704');\" \/><input type=\"button\"  id=\"btnstop_69e19996924ab6.92941704\" style=\"display:none\" class=\"myButton_stop\" onClick=\"play_mp3('stop','69e19996924ab6.92941704','','80','false');show_hide('stop','69e19996924ab6.92941704');\" \/><div id=\"sm2-container\"><!-- flash movie ends up here --><\/div><\/div><\/td>\n<\/tr>\n<\/tbody>\n<\/table>\n<table class=\"tablemusicaandina\" border=\"0\" cellspacing=\"0\" cellpadding=\"0\">\n<tbody>\n<tr>\n<td colspan=\"2\">\n<h2>La familia de la zampo\u00f1a en detalle<\/h2>\n<h3>LA ZAMPO\u00d1A DIAT\u00d3NICA<\/h3>\n<p>La zampo\u00f1a est\u00e1 constituida por dos hileras de tubos, Arka e Ira. Por lo general, los materiales de fabricaci\u00f3n utilizados son ca\u00f1as de bamb\u00fa de las zonas tropicales.<\/p>\n<p>Las variedades que aqu\u00ed presentamos, son las estandarizadas, dentro de la m\u00fasica urbana de los Andes.<\/p>\n<p>La afinaci\u00f3n m\u00e1s com\u00fan, usada por los m\u00fasicos populares y aficionados, es Sol y esto, para todos los tama\u00f1os.<\/p>\n<p>Las denominaciones para cada tama\u00f1o que utilizaremos aqu\u00ed, son las m\u00e1s usadas en el c\u00edrculo musical, ya que las variaciones pueden darse seg\u00fan el medio geogr\u00e1fico, idioma, la \u00e9poca o hasta, de acuerdo con los conjuntos musicales.<\/p>\n<p>Lo mismo ocurre con las medidas que pueden tener muy ligeras variaciones.<\/p>\n<h4 class=\"clear\">Registro<\/h4>\n<p style=\"text-align: center;\"><img loading=\"lazy\" decoding=\"async\" class=\"aligncenter\" src=\"http:\/\/www.apulaya.com\/wp-content\/uploads\/2013\/12\/populare-musik-zampona9.jpg\" alt=\"populare-musik-zampona9\" width=\"512\" height=\"121\" \/><\/p>\n<\/td>\n<\/tr>\n<tr>\n<td>\n<p><img loading=\"lazy\" decoding=\"async\" class=\" wp-image-195 alignleft\" src=\"http:\/\/www.apulaya.com\/wp-content\/uploads\/2013\/12\/populare-musik-zampona3.jpg\" alt=\"populare-musik-zampona3\" width=\"150\" height=\"170\" \/><\/p>\n<h4>Malta<\/h4>\n<p>La malta es el instrumento predominante en el folklore urbano de los Andes y su medida, en promedio, es de 28.50 cm. para el tubo m\u00e1s largo. Com\u00fanmente, el Arka est\u00e1 compuesto por 7 tubos y la Ira, por 6 (Malta de 6,7). Sin embargo, entre los m\u00fasicos, tambi\u00e9n es frecuente ver maltas de 8 y 7 o 9 y 8 tubos.<\/p>\n<\/td>\n<td>\n<h3>Registro<\/h3>\n<p><img loading=\"lazy\" decoding=\"async\" class=\"alignnone size-full wp-image-198\" src=\"http:\/\/www.apulaya.com\/wp-content\/uploads\/2013\/12\/populare-musik-zampona10.jpg\" alt=\"populare-musik-zampona10\" width=\"214\" height=\"143\" \/><\/p>\n<\/td>\n<\/tr>\n<tr>\n<td>\n<p><img loading=\"lazy\" decoding=\"async\" class=\"alignleft\" src=\"http:\/\/www.apulaya.com\/wp-content\/uploads\/2013\/12\/populare-musik-zampona4.jpg\" alt=\"populare-musik-zampona4\" width=\"214\" height=\"161\" \/><\/p>\n<h4>Basto<\/h4>\n<p>Es un excelente complemento a la malta y el tama\u00f1o de un basto de 6,7, es de aproximadamente 58 cm., en promedio. Por lo dem\u00e1s, la afinaci\u00f3n y distribuci\u00f3n de las notas de la escala, tienen el mismo principio que las de la malta. Por lo general, su intervenci\u00f3n se hace octaveando y contrapunteando a los dem\u00e1s vientos o como background a la voz. Como solista, es utilizado en melod\u00edas, a mediana velocidad y casi siempre, intercalado con otros instrumentos o voces.<\/p>\n<\/td>\n<td>\n<h3>Registro<\/h3>\n<p><img loading=\"lazy\" decoding=\"async\" src=\"http:\/\/www.apulaya.com\/wp-content\/uploads\/2013\/12\/populare-musik-zampona11.jpg\" alt=\"populare-musik-zampona11\" width=\"214\" height=\"143\" \/><\/p>\n<\/td>\n<\/tr>\n<tr>\n<td>\n<p><img loading=\"lazy\" decoding=\"async\" class=\"alignleft\" src=\"http:\/\/www.apulaya.com\/wp-content\/uploads\/2013\/12\/populare-musik-zampona5.jpg\" alt=\"populare-musik-zampona5\" width=\"214\" height=\"143\" \/><\/p>\n<h4>CHILI<\/h4>\n<p>El chili es el m\u00e1s peque\u00f1o de la familia y su uso, en los conjuntos populares, es espor\u00e1dico. A veces, toca como solista, en alguna parte de una canci\u00f3n o simult\u00e1neamente, con otros instrumentos y en especial, vientos. Su tama\u00f1o, en promedio, es de 14 cm.<\/p>\n<\/td>\n<td>\n<h3>Registro<\/h3>\n<p><img loading=\"lazy\" decoding=\"async\" src=\"http:\/\/www.apulaya.com\/wp-content\/uploads\/2013\/12\/populare-musik-zampona12.jpg\" alt=\"populare-musik-zampona12\" width=\"214\" height=\"123\" \/><\/p>\n<\/td>\n<\/tr>\n<tr>\n<td>\n<h4>TOYO<\/h4>\n<p>El toyo es el instrumento de mayor tama\u00f1o dentro de la familia de las flautas de pan y su tama\u00f1o es de hasta 1.35 m. Por lo general, se usa como instrumento solista, ejecutado por dos m\u00fasicos. En las regiones de Puno y de Bolivia, hay ensambles de car\u00e1cter tradicional, con un m\u00ednimo de 12 integrantes, conformados por percusiones y toyos.<\/p>\n<\/td>\n<td>\n<h3>Registro<\/h3>\n<p><img loading=\"lazy\" decoding=\"async\" src=\"http:\/\/www.apulaya.com\/wp-content\/uploads\/2013\/12\/populare-musik-zampona13.jpg\" alt=\"populare-musik-zampona13\" width=\"214\" height=\"143\" \/><\/p>\n<\/td>\n<\/tr>\n<tr>\n<td colspan=\"2\">\n<p><img loading=\"lazy\" decoding=\"async\" class=\"alignleft\" src=\"http:\/\/www.apulaya.com\/wp-content\/uploads\/2013\/12\/populare-musik-zampona7.jpg\" alt=\"populare-musik-zampona7\" width=\"214\" height=\"143\" \/><\/p>\n<h2>LA ZAMPO\u00d1A CROM\u00c1TICA<\/h2>\n<p>La zampo\u00f1a crom\u00e1tica es una ampliaci\u00f3n de la zampo\u00f1a diat\u00f3nica, anteriormente descrita.<\/p>\n<p>Posee los doce semitonos que le dan la equivalencia a cualquier instrumento universal moderno.<\/p>\n<p>En cuanto a las hileras de tubos, la zampo\u00f1a que utilizamos es de dos hileras. Sin embargo, existen tambi\u00e9n otras versiones. En cuanto al tama\u00f1o, por lo general, la crom\u00e1tica mediana ya es una conjunci\u00f3n de malta y chili.<\/p>\n<p>Tambi\u00e9n, muchos m\u00fasicos utilizan una segunda variante que ya incluye chili, malta y basto.<\/p>\n<p>Otra tercera variante es el baj\u00f3n crom\u00e1tico que puede incluir el toyo, basto y parte de la malta, seg\u00fan el gusto del m\u00fasico. Actualmente, entre los m\u00fasicos, la inclusi\u00f3n de la zampo\u00f1a crom\u00e1tica al set de instrumentos de viento, es casi imprescindible.<\/p>\n<\/td>\n<\/tr>\n<\/tbody>\n<\/table>\n<p><\/p>","protected":false},"excerpt":{"rendered":"<p>&nbsp; ZAMPO\u00d1A (FLAUTA DE PAN ANDINA) &#8211; CURSOS Y TALLERES INDIVIDUALES SIENTE LA MAGIA DEL FOKLORE ANDINO La zampo\u00f1a es uno de los instrumentos m\u00e1s populares de Sudam\u00e9rica, y es muy f\u00e1cil de aprender. Disfruta interpretando canciones inolvidables, como el c\u00f3ndor pasa, camino de llamas, canci\u00f3n y huayno, y mucho m\u00e1s. Adecuaremos la programaci\u00f3n, seg\u00fan [&hellip;]<\/p>\n","protected":false},"author":1,"featured_media":0,"parent":0,"menu_order":0,"comment_status":"open","ping_status":"open","template":"folklore.php","meta":{"footnotes":""},"yoast_head":"<!-- This site is optimized with the Yoast SEO plugin v21.5 - https:\/\/yoast.com\/wordpress\/plugins\/seo\/ -->\n<title>Cursos de Zampo\u00f1a - Apulaya<\/title>\n<meta name=\"robots\" content=\"index, follow, max-snippet:-1, max-image-preview:large, max-video-preview:-1\" \/>\n<link rel=\"canonical\" href=\"https:\/\/www.apulaya.com\/es\/musica-popular-zampona\/\" \/>\n<meta property=\"og:locale\" content=\"es_ES\" \/>\n<meta property=\"og:type\" content=\"article\" \/>\n<meta property=\"og:title\" content=\"Cursos de Zampo\u00f1a - Apulaya\" \/>\n<meta property=\"og:description\" content=\"&nbsp; ZAMPO\u00d1A (FLAUTA DE PAN ANDINA) &#8211; CURSOS Y TALLERES INDIVIDUALES SIENTE LA MAGIA DEL FOKLORE ANDINO La zampo\u00f1a es uno de los instrumentos m\u00e1s populares de Sudam\u00e9rica, y es muy f\u00e1cil de aprender. Disfruta interpretando canciones inolvidables, como el c\u00f3ndor pasa, camino de llamas, canci\u00f3n y huayno, y mucho m\u00e1s. Adecuaremos la programaci\u00f3n, seg\u00fan [&hellip;]\" \/>\n<meta property=\"og:url\" content=\"https:\/\/www.apulaya.com\/es\/musica-popular-zampona\/\" \/>\n<meta property=\"og:site_name\" content=\"Apulaya\" \/>\n<meta property=\"article:publisher\" content=\"https:\/\/www.facebook.com\/apulaya.andean.culture\" \/>\n<meta property=\"article:modified_time\" content=\"2016-01-04T14:33:34+00:00\" \/>\n<meta property=\"og:image\" content=\"http:\/\/www.apulaya.com\/wp-content\/uploads\/2013\/12\/populare-musik-zampona1.jpg\" \/>\n<meta name=\"twitter:card\" content=\"summary_large_image\" \/>\n<meta name=\"twitter:label1\" content=\"Tiempo de lectura\" \/>\n\t<meta name=\"twitter:data1\" content=\"12 minutos\" \/>\n<script type=\"application\/ld+json\" class=\"yoast-schema-graph\">{\"@context\":\"https:\/\/schema.org\",\"@graph\":[{\"@type\":\"WebPage\",\"@id\":\"https:\/\/www.apulaya.com\/es\/musica-popular-zampona\/\",\"url\":\"https:\/\/www.apulaya.com\/es\/musica-popular-zampona\/\",\"name\":\"Cursos de Zampo\u00f1a - Apulaya\",\"isPartOf\":{\"@id\":\"https:\/\/www.apulaya.com\/en\/#website\"},\"datePublished\":\"2013-12-06T15:12:55+00:00\",\"dateModified\":\"2016-01-04T14:33:34+00:00\",\"breadcrumb\":{\"@id\":\"https:\/\/www.apulaya.com\/es\/musica-popular-zampona\/#breadcrumb\"},\"inLanguage\":\"es\",\"potentialAction\":[{\"@type\":\"ReadAction\",\"target\":[\"https:\/\/www.apulaya.com\/es\/musica-popular-zampona\/\"]}]},{\"@type\":\"BreadcrumbList\",\"@id\":\"https:\/\/www.apulaya.com\/es\/musica-popular-zampona\/#breadcrumb\",\"itemListElement\":[{\"@type\":\"ListItem\",\"position\":1,\"name\":\"Home\",\"item\":\"https:\/\/www.apulaya.com\/en\/\"},{\"@type\":\"ListItem\",\"position\":2,\"name\":\"Cursos de Zampo\u00f1a\"}]},{\"@type\":\"WebSite\",\"@id\":\"https:\/\/www.apulaya.com\/en\/#website\",\"url\":\"https:\/\/www.apulaya.com\/en\/\",\"name\":\"Apulaya\",\"description\":\"Centro para la Cultura Andina\",\"publisher\":{\"@id\":\"https:\/\/www.apulaya.com\/en\/#organization\"},\"potentialAction\":[{\"@type\":\"SearchAction\",\"target\":{\"@type\":\"EntryPoint\",\"urlTemplate\":\"https:\/\/www.apulaya.com\/en\/?s={search_term_string}\"},\"query-input\":\"required name=search_term_string\"}],\"inLanguage\":\"es\"},{\"@type\":\"Organization\",\"@id\":\"https:\/\/www.apulaya.com\/en\/#organization\",\"name\":\"Apulaya Center for Andean Culture\",\"url\":\"https:\/\/www.apulaya.com\/en\/\",\"logo\":{\"@type\":\"ImageObject\",\"inLanguage\":\"es\",\"@id\":\"https:\/\/www.apulaya.com\/en\/#\/schema\/logo\/image\/\",\"url\":\"https:\/\/www.apulaya.com\/wp-content\/uploads\/2023\/01\/Apulaya_logo2.png\",\"contentUrl\":\"https:\/\/www.apulaya.com\/wp-content\/uploads\/2023\/01\/Apulaya_logo2.png\",\"width\":1080,\"height\":629,\"caption\":\"Apulaya Center for Andean Culture\"},\"image\":{\"@id\":\"https:\/\/www.apulaya.com\/en\/#\/schema\/logo\/image\/\"},\"sameAs\":[\"https:\/\/www.facebook.com\/apulaya.andean.culture\"]}]}<\/script>\n<!-- \/ Yoast SEO plugin. -->","yoast_head_json":{"title":"Cursos de Zampo\u00f1a - Apulaya","robots":{"index":"index","follow":"follow","max-snippet":"max-snippet:-1","max-image-preview":"max-image-preview:large","max-video-preview":"max-video-preview:-1"},"canonical":"https:\/\/www.apulaya.com\/es\/musica-popular-zampona\/","og_locale":"es_ES","og_type":"article","og_title":"Cursos de Zampo\u00f1a - Apulaya","og_description":"&nbsp; ZAMPO\u00d1A (FLAUTA DE PAN ANDINA) &#8211; CURSOS Y TALLERES INDIVIDUALES SIENTE LA MAGIA DEL FOKLORE ANDINO La zampo\u00f1a es uno de los instrumentos m\u00e1s populares de Sudam\u00e9rica, y es muy f\u00e1cil de aprender. Disfruta interpretando canciones inolvidables, como el c\u00f3ndor pasa, camino de llamas, canci\u00f3n y huayno, y mucho m\u00e1s. Adecuaremos la programaci\u00f3n, seg\u00fan [&hellip;]","og_url":"https:\/\/www.apulaya.com\/es\/musica-popular-zampona\/","og_site_name":"Apulaya","article_publisher":"https:\/\/www.facebook.com\/apulaya.andean.culture","article_modified_time":"2016-01-04T14:33:34+00:00","og_image":[{"url":"http:\/\/www.apulaya.com\/wp-content\/uploads\/2013\/12\/populare-musik-zampona1.jpg"}],"twitter_card":"summary_large_image","twitter_misc":{"Tiempo de lectura":"12 minutos"},"schema":{"@context":"https:\/\/schema.org","@graph":[{"@type":"WebPage","@id":"https:\/\/www.apulaya.com\/es\/musica-popular-zampona\/","url":"https:\/\/www.apulaya.com\/es\/musica-popular-zampona\/","name":"Cursos de Zampo\u00f1a - Apulaya","isPartOf":{"@id":"https:\/\/www.apulaya.com\/en\/#website"},"datePublished":"2013-12-06T15:12:55+00:00","dateModified":"2016-01-04T14:33:34+00:00","breadcrumb":{"@id":"https:\/\/www.apulaya.com\/es\/musica-popular-zampona\/#breadcrumb"},"inLanguage":"es","potentialAction":[{"@type":"ReadAction","target":["https:\/\/www.apulaya.com\/es\/musica-popular-zampona\/"]}]},{"@type":"BreadcrumbList","@id":"https:\/\/www.apulaya.com\/es\/musica-popular-zampona\/#breadcrumb","itemListElement":[{"@type":"ListItem","position":1,"name":"Home","item":"https:\/\/www.apulaya.com\/en\/"},{"@type":"ListItem","position":2,"name":"Cursos de Zampo\u00f1a"}]},{"@type":"WebSite","@id":"https:\/\/www.apulaya.com\/en\/#website","url":"https:\/\/www.apulaya.com\/en\/","name":"Apulaya","description":"Centro para la Cultura Andina","publisher":{"@id":"https:\/\/www.apulaya.com\/en\/#organization"},"potentialAction":[{"@type":"SearchAction","target":{"@type":"EntryPoint","urlTemplate":"https:\/\/www.apulaya.com\/en\/?s={search_term_string}"},"query-input":"required name=search_term_string"}],"inLanguage":"es"},{"@type":"Organization","@id":"https:\/\/www.apulaya.com\/en\/#organization","name":"Apulaya Center for Andean Culture","url":"https:\/\/www.apulaya.com\/en\/","logo":{"@type":"ImageObject","inLanguage":"es","@id":"https:\/\/www.apulaya.com\/en\/#\/schema\/logo\/image\/","url":"https:\/\/www.apulaya.com\/wp-content\/uploads\/2023\/01\/Apulaya_logo2.png","contentUrl":"https:\/\/www.apulaya.com\/wp-content\/uploads\/2023\/01\/Apulaya_logo2.png","width":1080,"height":629,"caption":"Apulaya Center for Andean Culture"},"image":{"@id":"https:\/\/www.apulaya.com\/en\/#\/schema\/logo\/image\/"},"sameAs":["https:\/\/www.facebook.com\/apulaya.andean.culture"]}]}},"_links":{"self":[{"href":"https:\/\/www.apulaya.com\/es\/wp-json\/wp\/v2\/pages\/191"}],"collection":[{"href":"https:\/\/www.apulaya.com\/es\/wp-json\/wp\/v2\/pages"}],"about":[{"href":"https:\/\/www.apulaya.com\/es\/wp-json\/wp\/v2\/types\/page"}],"author":[{"embeddable":true,"href":"https:\/\/www.apulaya.com\/es\/wp-json\/wp\/v2\/users\/1"}],"replies":[{"embeddable":true,"href":"https:\/\/www.apulaya.com\/es\/wp-json\/wp\/v2\/comments?post=191"}],"version-history":[{"count":0,"href":"https:\/\/www.apulaya.com\/es\/wp-json\/wp\/v2\/pages\/191\/revisions"}],"wp:attachment":[{"href":"https:\/\/www.apulaya.com\/es\/wp-json\/wp\/v2\/media?parent=191"}],"curies":[{"name":"wp","href":"https:\/\/api.w.org\/{rel}","templated":true}]}}