{"id":17,"date":"2013-12-03T15:46:23","date_gmt":"2013-12-03T15:46:23","guid":{"rendered":"http:\/\/www.apulaya.com\/es\/?page_id=17"},"modified":"2021-10-25T17:42:17","modified_gmt":"2021-10-25T22:42:17","slug":"andean-popular-folklore","status":"publish","type":"page","link":"https:\/\/www.apulaya.com\/es\/musica-popular\/","title":{"rendered":"Folklore Popular Andino"},"content":{"rendered":"<p><\/p>\n<h1>FOLKLORE POPULAR ANDINO<\/h1>\n<h2>CURSOS Y TALLERES<\/h2>\n<p><img loading=\"lazy\" decoding=\"async\" src=\"http:\/\/www.apulaya.com\/wp-content\/uploads\/2013\/12\/andean_popular_folklore.jpg\" alt=\"andean_popular_folklore\" width=\"974\" height=\"170\" \/><\/p>\n<p>Las diversas circunstancias hist\u00f3ricas por las cuales las regiones andinas han pasado, adem\u00e1s de la multietnicidad, el complejo contexto multicultural y los fen\u00f3menos actuales del mundo cada vez m\u00e1s globalizado e industrializado, produjeron un folklore contempor\u00e1neo rico y variado. As\u00ed, vemos la coexistencia de elementos musicales que van desde el cl\u00e1sico y pop, hasta el jazz y new age, junto con el estilo de origen tradicional andino.<\/p>\n<p>En torno a estos enfoques, se desarrollar\u00e1n nuestros cursos y seminarios, haciendo de su visita una vivencia interesante, divertida e inolvidable. Interpretaremos las m\u00e1s bellas melod\u00edas del cancionero popular, desde Ecuador, pasando por Per\u00fa, Bolivia hasta Chile y Argentina: San juanitos, llameradas, huaynos, fusi\u00f3n y mucho m\u00e1s.<\/p>\n<h4>\u00a1Desde la primera lecci\u00f3n, comenzar\u00e1s a interpretar tu canci\u00f3n favorita!<\/h4>\n<table class=\"tablemusica\" border=\"0\" cellspacing=\"0\" cellpadding=\"0\">\n<tbody>\n<tr>\n<td>\n<h3><a title=\"Cursos de Zampo\u00f1a\" href=\"http:\/\/www.apulaya.com\/es\/musica-popular-zampona\/\">Cursos de Zampo\u00f1a online<br \/>\n<\/a><\/h3>\n<p><img loading=\"lazy\" decoding=\"async\" class=\"alignleft\" src=\"http:\/\/www.apulaya.com\/wp-content\/uploads\/2013\/12\/populare-musik1.jpg\" alt=\"populare-musik1\" width=\"214\" height=\"143\" \/><\/p>\n<p>La zampo\u00f1a es uno de los instrumentos m\u00e1s populares de Sudam\u00e9rica y es muy f\u00e1cil de aprender. Interprete las m\u00e1s bellas melod\u00edas populares de los andes: Tinkus, llameradas, san juanitos&#8230; <a title=\"Cursos de Zampo\u00f1a\" href=\"http:\/\/www.apulaya.com\/es\/musica-popular-zampona\/\">M\u00e1s detalles&#8230;<\/a><\/p>\n<p><a class=\"btn-musica\" href=\"https:\/\/www.apulaya.com\/es\/contactenos\/\" target=\"_blank\" rel=\"noopener\">Cont\u00e1ctanos<\/a><\/p>\n<p><img loading=\"lazy\" decoding=\"async\" class=\"alignright wp-image-2552 size-full\" title=\"zoom-skype\" src=\"https:\/\/www.apulaya.com\/wp-content\/uploads\/2013\/12\/zoom-skype.png\" alt=\"zoom-skype\" width=\"151\" height=\"25\" \/><\/td>\n<td>Zampo\u00f1a music sample<\/p>\n<p>Tempestad \/ Savia Andina<\/p>\n<div class=\"sc_player_container1\"><input type=\"button\" id=\"btnplay_69e185ca5353d3.97943847\" class=\"myButton_play\" onClick=\"play_mp3('play','69e185ca5353d3.97943847','http:\/\/www.apulaya.com\/musica\/tempestad.mp3','80','false');show_hide('play','69e185ca5353d3.97943847');\" \/><input type=\"button\"  id=\"btnstop_69e185ca5353d3.97943847\" style=\"display:none\" class=\"myButton_stop\" onClick=\"play_mp3('stop','69e185ca5353d3.97943847','','80','false');show_hide('stop','69e185ca5353d3.97943847');\" \/><div id=\"sm2-container\"><!-- flash movie ends up here --><\/div><\/div>\n<p><a title=\"Cursos de Zampo\u00f1a\" href=\"http:\/\/www.apulaya.com\/es\/musica-popular-zampona\/\">Ver video<\/a><\/p>\n<p><img loading=\"lazy\" decoding=\"async\" src=\"http:\/\/www.apulaya.com\/wp-content\/uploads\/2013\/12\/view.gif\" alt=\"view\" width=\"24\" height=\"24\" \/><\/td>\n<\/tr>\n<tr>\n<td>\n<h3><a title=\"Cursos de Quena\" href=\"http:\/\/www.apulaya.com\/es\/musica-popular-quena\/\">Cursos de Quena online<\/a><\/h3>\n<p><img loading=\"lazy\" decoding=\"async\" class=\"alignleft\" src=\"http:\/\/www.apulaya.com\/wp-content\/uploads\/2013\/12\/populare-musik2.jpg\" alt=\"populare-musik2\" width=\"214\" height=\"143\" \/><\/p>\n<p>Se dice que el llorar de la quena expresa el alma del ind\u00edgena, pues \u00e9ste es otro instrumento estrella de los Andes. Introd\u00fazcase en su magia y aprenda a interpretar inolvidables melod\u00edas populares. <a title=\"Cursos de Quena\" href=\"http:\/\/www.apulaya.com\/es\/musica-popular-quena\/\">M\u00e1s detalles&#8230;<\/a><\/p>\n<p><a class=\"btn-musica\" href=\"https:\/\/www.apulaya.com\/es\/contactenos\/\" target=\"_blank\" rel=\"noopener\">Cont\u00e1ctanos<\/a><\/p>\n<p><img loading=\"lazy\" decoding=\"async\" class=\"alignright wp-image-2552 size-full\" title=\"zoom-skype\" src=\"https:\/\/www.apulaya.com\/wp-content\/uploads\/2013\/12\/zoom-skype.png\" alt=\"zoom-skype\" width=\"151\" height=\"25\" \/><\/td>\n<td>Quena music sample<\/p>\n<p>Inspiraci\u00f3n \/ played Chano D. Limaco<\/p>\n<div class=\"sc_player_container1\"><input type=\"button\" id=\"btnplay_69e185ca535b93.89791172\" class=\"myButton_play\" onClick=\"play_mp3('play','69e185ca535b93.89791172','http:\/\/www.apulaya.com\/musica\/inspiracion.mp3','80','false');show_hide('play','69e185ca535b93.89791172');\" \/><input type=\"button\"  id=\"btnstop_69e185ca535b93.89791172\" style=\"display:none\" class=\"myButton_stop\" onClick=\"play_mp3('stop','69e185ca535b93.89791172','','80','false');show_hide('stop','69e185ca535b93.89791172');\" \/><div id=\"sm2-container\"><!-- flash movie ends up here --><\/div><\/div>\n<p><a title=\"Cursos de Quena\" href=\"http:\/\/www.apulaya.com\/es\/musica-popular-quena\/\">Ver video<\/a><\/p>\n<p><img loading=\"lazy\" decoding=\"async\" src=\"http:\/\/www.apulaya.com\/wp-content\/uploads\/2013\/12\/view.gif\" alt=\"view\" width=\"24\" height=\"24\" \/><\/td>\n<\/tr>\n<tr>\n<td>\n<h3><a title=\"Sesiones de M\u00fasica Andina\" href=\"http:\/\/www.apulaya.com\/es\/musica-popular-session\/\">Sesiones de m\u00fasica andina<\/a><\/h3>\n<p><img loading=\"lazy\" decoding=\"async\" class=\"alignleft\" src=\"http:\/\/www.apulaya.com\/wp-content\/uploads\/2013\/12\/populare-musik3.jpg\" alt=\"populare-musik3\" width=\"214\" height=\"143\" \/><\/p>\n<p>\u00a1Aumenta tu experiencia en la interpretaci\u00f3n del folklore andino, participando en nuestros talleres grupales! El taller es muy pr\u00e1ctico y espont\u00e1neo. Disfruta interpretando g\u00e9neros como tinkus, sayas y huaynos. <a title=\"Cursos de Quena\" href=\"http:\/\/www.apulaya.com\/es\/musica-popular-quena\/\">M\u00e1s detalles&#8230;<\/a><\/td>\n<td>Music sample<\/p>\n<p>En carretera de shamanes \/ played by Chano D. Limaco<\/p>\n<div class=\"sc_player_container1\"><input type=\"button\" id=\"btnplay_69e185ca535e62.66698216\" class=\"myButton_play\" onClick=\"play_mp3('play','69e185ca535e62.66698216','http:\/\/www.apulaya.com\/musica\/encarreteras.mp3','80','false');show_hide('play','69e185ca535e62.66698216');\" \/><input type=\"button\"  id=\"btnstop_69e185ca535e62.66698216\" style=\"display:none\" class=\"myButton_stop\" onClick=\"play_mp3('stop','69e185ca535e62.66698216','','80','false');show_hide('stop','69e185ca535e62.66698216');\" \/><div id=\"sm2-container\"><!-- flash movie ends up here --><\/div><\/div>\n<p><a title=\"Cursos de Quena\" href=\"http:\/\/www.apulaya.com\/es\/musica-popular-quena\/\">Ver video<\/a><\/p>\n<p><img loading=\"lazy\" decoding=\"async\" src=\"http:\/\/www.apulaya.com\/wp-content\/uploads\/2013\/12\/view.gif\" alt=\"view\" width=\"24\" height=\"24\" \/><\/td>\n<\/tr>\n<tr>\n<td><\/td>\n<td><\/td>\n<\/tr>\n<\/tbody>\n<\/table>\n<table id=\"right\" border=\"0\" cellspacing=\"0\" cellpadding=\"0\">\n<tbody>\n<tr>\n<td>\n<div class=\"primary-sidebar  content-two-column \">\n<ul>\n<li id=\"black-studio-tinymce-14\" class=\"summerProgram widget widget_black_studio_tinymce\">\n<div class=\"textwidget\">\n<p><a href=\"http:\/\/www.apulaya.com\/es\/estudios-andinos-peru-apulaya\"><img loading=\"lazy\" decoding=\"async\" class=\"aligncenter wp-image-1454 size-full\" title=\"Programas Especiales 2018\" src=\"http:\/\/www.apulaya.com\/wp-content\/uploads\/2013\/12\/programas-especiales-2018.gif\" alt=\"Programas Especiales 2018\" width=\"230\" height=\"156\" \/><\/a><\/div>\n<\/li>\n<li id=\"black-studio-tinymce-12\" class=\"right_culture widget widget_black_studio_tinymce\">\n<div class=\"textwidget\"><a title=\"Estudios de la Cultura Ind\u00edgena\" href=\"http:\/\/www.apulaya.com\/es\/estudios-andinos-peru-apulaya\/#julio\"><img loading=\"lazy\" decoding=\"async\" class=\"img-responsive aligncenter\" title=\"Summer Program 2023\" src=\"https:\/\/www.apulaya.com\/wp-content\/uploads\/2023\/01\/programa-special.gif\" alt=\"Programa Especial 2023\" width=\"250\" height=\"150\" \/><\/a><\/p>\n<p><a title=\"Estudios de la Cultura Ind\u00edgena\" href=\"http:\/\/www.apulaya.com\/es\/estudios-de-la-cultura-indigena\/\"><img loading=\"lazy\" decoding=\"async\" class=\" size-full wp-image-766 aligncenter\" src=\"http:\/\/www.apulaya.com\/wp-content\/uploads\/2013\/12\/estudios-cultura-indigena1.gif\" alt=\"estudios-cultura-indigena\" width=\"225\" height=\"137\" \/><\/a><\/p>\n<p><a href=\"http:\/\/www.apulaya.com\/es\/estudios-de-la-cultura-indigena\/\"><img loading=\"lazy\" decoding=\"async\" class=\"aligncenter size-full wp-image-1533\" title=\"estudio-de-arte-textil-andino\" src=\"http:\/\/www.apulaya.com\/wp-content\/uploads\/2016\/09\/estudio-de-arte-textil-andino.jpg\" alt=\"estudio-de-arte-textil-andino\" width=\"225\" height=\"150\" \/><\/a><\/div>\n<\/li>\n<li id=\"nav_menu-4\" class=\"menu_right widget widget_nav_menu\">\n<div class=\"menu-menu-2-container\">\n<ul id=\"menu-menu-2\" class=\"menu\">\n<li id=\"menu-item-71\" class=\"menu-item menu-item-type-post_type menu-item-object-page menu-item-71\"><a href=\"https:\/\/www.apulaya.com\/es\/acerca-del-centro-cultural\/\">Acerca del Centro Cultural<\/a><\/li>\n<li id=\"menu-item-70\" class=\"menu-item menu-item-type-post_type menu-item-object-page menu-item-70\"><a href=\"https:\/\/www.apulaya.com\/es\/equipo-apulaya\/\">Equipo Apulaya<\/a><\/li>\n<li id=\"menu-item-500\" class=\"menu-item menu-item-type-post_type menu-item-object-page menu-item-500\"><a href=\"https:\/\/www.apulaya.com\/es\/galeria-de-fotos\/\">Galer\u00eda de Fotos<\/a><\/li>\n<li id=\"menu-item-69\" class=\"menu-item menu-item-type-post_type menu-item-object-page menu-item-69\"><a href=\"https:\/\/www.apulaya.com\/es\/testimonios\/\">Testimonios<\/a><\/li>\n<li id=\"menu-item-1279\" class=\"menu-item menu-item-type-post_type menu-item-object-page menu-item-1279\"><a href=\"https:\/\/www.apulaya.com\/es\/tarifas\/\">Datos y Precios<\/a><\/li>\n<li id=\"menu-item-1497\" class=\"menu-item menu-item-type-post_type menu-item-object-page menu-item-1497\"><a href=\"https:\/\/www.apulaya.com\/es\/terminos-y-condiciones-generales\/\">T\u00e9rminos y Condiciones Generales<\/a><\/li>\n<li id=\"menu-item-2569\" class=\"menu-item menu-item-type-post_type menu-item-object-page menu-item-2569\"><a href=\"https:\/\/www.apulaya.com\/es\/pagos\/\">Pagos<\/a><\/li>\n<\/ul>\n<\/div>\n<\/li>\n<li id=\"black-studio-tinymce-16\" class=\"menu_right widget widget_black_studio_tinymce\">\n<div class=\"textwidget\">\n<ul>\n<li><a href=\"http:\/\/www.apulaya.com\/blog\/es\" target=\"_blank\">Nuestro Blog<\/a><\/li>\n<\/ul>\n<\/div>\n<\/li>\n<li id=\"black-studio-tinymce-11\" class=\"contactright widget widget_black_studio_tinymce\">\n<h2 class=\"widgettitle\">Cont\u00e1ctenos Apulaya<\/h2>\n<div class=\"textwidget\">\n<p><strong>Para contactarnos, tan solo llene el siguiente formulario.<\/strong><\/p>\n<hr \/>\n<div class=\"wpcf7 no-js\" id=\"wpcf7-f439-o1\" lang=\"es-ES\" dir=\"ltr\">\n<div class=\"screen-reader-response\">\n<p role=\"status\" aria-live=\"polite\" aria-atomic=\"true\">\n<ul><\/ul>\n<\/div>\n<form action=\"\/es\/wp-json\/wp\/v2\/pages\/17#wpcf7-f439-o1\" method=\"post\" class=\"wpcf7-form init\" aria-label=\"Formulario de contacto\" novalidate=\"novalidate\" data-status=\"init\">\n<div style=\"display: none;\">\n<input type=\"hidden\" name=\"_wpcf7\" value=\"439\" \/><br \/>\n<input type=\"hidden\" name=\"_wpcf7_version\" value=\"5.8.2\" \/><br \/>\n<input type=\"hidden\" name=\"_wpcf7_locale\" value=\"es_ES\" \/><br \/>\n<input type=\"hidden\" name=\"_wpcf7_unit_tag\" value=\"wpcf7-f439-o1\" \/><br \/>\n<input type=\"hidden\" name=\"_wpcf7_container_post\" value=\"0\" \/><br \/>\n<input type=\"hidden\" name=\"_wpcf7_posted_data_hash\" value=\"\" \/>\n<\/div>\n<p>Nombre Completo: *\n<\/p>\n<p><span class=\"wpcf7-form-control-wrap\" data-name=\"your-name\"><input size=\"40\" class=\"wpcf7-form-control wpcf7-text wpcf7-validates-as-required\" aria-required=\"true\" aria-invalid=\"false\" value=\"\" type=\"text\" name=\"your-name\" \/><\/span>\n<\/p>\n<p>Correo Electr\u00f3nico:*\n<\/p>\n<p><span class=\"wpcf7-form-control-wrap\" data-name=\"your-email\"><input size=\"40\" class=\"wpcf7-form-control wpcf7-email wpcf7-validates-as-required wpcf7-text wpcf7-validates-as-email\" aria-required=\"true\" aria-invalid=\"false\" value=\"\" type=\"email\" name=\"your-email\" \/><\/span>\n<\/p>\n<p>Comentarios y preguntas:*\n<\/p>\n<p><span class=\"wpcf7-form-control-wrap\" data-name=\"your-message\"><textarea cols=\"40\" rows=\"10\" class=\"wpcf7-form-control wpcf7-textarea\" aria-invalid=\"false\" name=\"your-message\"><\/textarea><\/span>\n<\/p>\n<p><input type=\"hidden\" name=\"_wpcf7_captcha_challenge_captcha-977\" value=\"3642001488\" \/><img loading=\"lazy\" decoding=\"async\" class=\"wpcf7-form-control wpcf7-captchac wpcf7-captcha-captcha-977\" width=\"72\" height=\"24\" alt=\"captcha\" src=\"https:\/\/www.apulaya.com\/wp-content\/uploads\/wpcf7_captcha\/3642001488.png\" \/><br \/>\n<span class=\"wpcf7-form-control-wrap\" data-name=\"captcha-977\"><input size=\"40\" class=\"wpcf7-form-control wpcf7-captchar\" autocomplete=\"off\" aria-invalid=\"false\" value=\"\" type=\"text\" name=\"captcha-977\" \/><\/span>\n<\/p>\n<p><input class=\"wpcf7-form-control wpcf7-submit has-spinner boton\" type=\"submit\" value=\"Enviar\" \/>\n<\/p>\n<div class=\"wpcf7-response-output\" aria-hidden=\"true\"><\/div>\n<\/form>\n<\/div>\n<\/div>\n<\/li>\n<\/ul>\n<\/div>\n<\/td>\n<\/tr>\n<\/tbody>\n<\/table>\n<p><\/p>","protected":false},"excerpt":{"rendered":"<p>FOLKLORE POPULAR ANDINO CURSOS Y TALLERES Las diversas circunstancias hist\u00f3ricas por las cuales las regiones andinas han pasado, adem\u00e1s de la multietnicidad, el complejo contexto multicultural y los fen\u00f3menos actuales del mundo cada vez m\u00e1s globalizado e industrializado, produjeron un folklore contempor\u00e1neo rico y variado. As\u00ed, vemos la coexistencia de elementos musicales que van desde [&hellip;]<\/p>\n","protected":false},"author":1,"featured_media":0,"parent":0,"menu_order":0,"comment_status":"open","ping_status":"open","template":"","meta":{"footnotes":""},"yoast_head":"<!-- This site is optimized with the Yoast SEO plugin v21.5 - https:\/\/yoast.com\/wordpress\/plugins\/seo\/ -->\n<title>Andean Popular Folklore: Courses, workshops and lessons<\/title>\n<meta name=\"description\" content=\"Our Andean Music courses and seminars will develop around these Andean Popular Folklore, topics, turning your visit into an interesting, fun and unforgettable live experience.\" \/>\n<meta name=\"robots\" content=\"index, follow, max-snippet:-1, max-image-preview:large, max-video-preview:-1\" \/>\n<link rel=\"canonical\" href=\"https:\/\/www.apulaya.com\/en\/andean-music-workshops-cusco-peru\/\" \/>\n<meta property=\"og:locale\" content=\"es_ES\" \/>\n<meta property=\"og:type\" content=\"article\" \/>\n<meta property=\"og:title\" content=\"Andean Popular Folklore: Courses, workshops and lessons\" \/>\n<meta property=\"og:description\" content=\"Our Andean Music courses and seminars will develop around these Andean Popular Folklore, topics, turning your visit into an interesting, fun and unforgettable live experience.\" \/>\n<meta property=\"og:url\" content=\"https:\/\/www.apulaya.com\/en\/andean-music-workshops-cusco-peru\/\" \/>\n<meta property=\"og:site_name\" content=\"Apulaya\" \/>\n<meta property=\"article:publisher\" content=\"https:\/\/www.facebook.com\/apulaya.andean.culture\" \/>\n<meta property=\"article:modified_time\" content=\"2021-10-25T22:42:17+00:00\" \/>\n<meta property=\"og:image\" content=\"http:\/\/www.apulaya.com\/wp-content\/uploads\/2013\/12\/andean_popular_folklore.jpg\" \/>\n<meta name=\"twitter:card\" content=\"summary_large_image\" \/>\n<meta name=\"twitter:label1\" content=\"Tiempo de lectura\" \/>\n\t<meta name=\"twitter:data1\" content=\"3 minutos\" \/>\n<script type=\"application\/ld+json\" class=\"yoast-schema-graph\">{\"@context\":\"https:\/\/schema.org\",\"@graph\":[{\"@type\":\"WebPage\",\"@id\":\"https:\/\/www.apulaya.com\/en\/andean-music-workshops-cusco-peru\/\",\"url\":\"https:\/\/www.apulaya.com\/en\/andean-music-workshops-cusco-peru\/\",\"name\":\"Andean Popular Folklore: Courses, workshops and lessons\",\"isPartOf\":{\"@id\":\"https:\/\/www.apulaya.com\/en\/#website\"},\"datePublished\":\"2013-12-03T15:46:23+00:00\",\"dateModified\":\"2021-10-25T22:42:17+00:00\",\"description\":\"Our Andean Music courses and seminars will develop around these Andean Popular Folklore, topics, turning your visit into an interesting, fun and unforgettable live experience.\",\"breadcrumb\":{\"@id\":\"https:\/\/www.apulaya.com\/en\/andean-music-workshops-cusco-peru\/#breadcrumb\"},\"inLanguage\":\"es\",\"potentialAction\":[{\"@type\":\"ReadAction\",\"target\":[\"https:\/\/www.apulaya.com\/en\/andean-music-workshops-cusco-peru\/\"]}]},{\"@type\":\"BreadcrumbList\",\"@id\":\"https:\/\/www.apulaya.com\/en\/andean-music-workshops-cusco-peru\/#breadcrumb\",\"itemListElement\":[{\"@type\":\"ListItem\",\"position\":1,\"name\":\"Home\",\"item\":\"https:\/\/www.apulaya.com\/en\/\"},{\"@type\":\"ListItem\",\"position\":2,\"name\":\"Andean Popular Folklore\"}]},{\"@type\":\"WebSite\",\"@id\":\"https:\/\/www.apulaya.com\/en\/#website\",\"url\":\"https:\/\/www.apulaya.com\/en\/\",\"name\":\"Apulaya\",\"description\":\"Centro para la Cultura Andina\",\"publisher\":{\"@id\":\"https:\/\/www.apulaya.com\/en\/#organization\"},\"potentialAction\":[{\"@type\":\"SearchAction\",\"target\":{\"@type\":\"EntryPoint\",\"urlTemplate\":\"https:\/\/www.apulaya.com\/en\/?s={search_term_string}\"},\"query-input\":\"required name=search_term_string\"}],\"inLanguage\":\"es\"},{\"@type\":\"Organization\",\"@id\":\"https:\/\/www.apulaya.com\/en\/#organization\",\"name\":\"Apulaya Center for Andean Culture\",\"url\":\"https:\/\/www.apulaya.com\/en\/\",\"logo\":{\"@type\":\"ImageObject\",\"inLanguage\":\"es\",\"@id\":\"https:\/\/www.apulaya.com\/en\/#\/schema\/logo\/image\/\",\"url\":\"https:\/\/www.apulaya.com\/wp-content\/uploads\/2023\/01\/Apulaya_logo2.png\",\"contentUrl\":\"https:\/\/www.apulaya.com\/wp-content\/uploads\/2023\/01\/Apulaya_logo2.png\",\"width\":1080,\"height\":629,\"caption\":\"Apulaya Center for Andean Culture\"},\"image\":{\"@id\":\"https:\/\/www.apulaya.com\/en\/#\/schema\/logo\/image\/\"},\"sameAs\":[\"https:\/\/www.facebook.com\/apulaya.andean.culture\"]}]}<\/script>\n<!-- \/ Yoast SEO plugin. -->","yoast_head_json":{"title":"Andean Popular Folklore: Courses, workshops and lessons","description":"Our Andean Music courses and seminars will develop around these Andean Popular Folklore, topics, turning your visit into an interesting, fun and unforgettable live experience.","robots":{"index":"index","follow":"follow","max-snippet":"max-snippet:-1","max-image-preview":"max-image-preview:large","max-video-preview":"max-video-preview:-1"},"canonical":"https:\/\/www.apulaya.com\/en\/andean-music-workshops-cusco-peru\/","og_locale":"es_ES","og_type":"article","og_title":"Andean Popular Folklore: Courses, workshops and lessons","og_description":"Our Andean Music courses and seminars will develop around these Andean Popular Folklore, topics, turning your visit into an interesting, fun and unforgettable live experience.","og_url":"https:\/\/www.apulaya.com\/en\/andean-music-workshops-cusco-peru\/","og_site_name":"Apulaya","article_publisher":"https:\/\/www.facebook.com\/apulaya.andean.culture","article_modified_time":"2021-10-25T22:42:17+00:00","og_image":[{"url":"http:\/\/www.apulaya.com\/wp-content\/uploads\/2013\/12\/andean_popular_folklore.jpg"}],"twitter_card":"summary_large_image","twitter_misc":{"Tiempo de lectura":"3 minutos"},"schema":{"@context":"https:\/\/schema.org","@graph":[{"@type":"WebPage","@id":"https:\/\/www.apulaya.com\/en\/andean-music-workshops-cusco-peru\/","url":"https:\/\/www.apulaya.com\/en\/andean-music-workshops-cusco-peru\/","name":"Andean Popular Folklore: Courses, workshops and lessons","isPartOf":{"@id":"https:\/\/www.apulaya.com\/en\/#website"},"datePublished":"2013-12-03T15:46:23+00:00","dateModified":"2021-10-25T22:42:17+00:00","description":"Our Andean Music courses and seminars will develop around these Andean Popular Folklore, topics, turning your visit into an interesting, fun and unforgettable live experience.","breadcrumb":{"@id":"https:\/\/www.apulaya.com\/en\/andean-music-workshops-cusco-peru\/#breadcrumb"},"inLanguage":"es","potentialAction":[{"@type":"ReadAction","target":["https:\/\/www.apulaya.com\/en\/andean-music-workshops-cusco-peru\/"]}]},{"@type":"BreadcrumbList","@id":"https:\/\/www.apulaya.com\/en\/andean-music-workshops-cusco-peru\/#breadcrumb","itemListElement":[{"@type":"ListItem","position":1,"name":"Home","item":"https:\/\/www.apulaya.com\/en\/"},{"@type":"ListItem","position":2,"name":"Andean Popular Folklore"}]},{"@type":"WebSite","@id":"https:\/\/www.apulaya.com\/en\/#website","url":"https:\/\/www.apulaya.com\/en\/","name":"Apulaya","description":"Centro para la Cultura Andina","publisher":{"@id":"https:\/\/www.apulaya.com\/en\/#organization"},"potentialAction":[{"@type":"SearchAction","target":{"@type":"EntryPoint","urlTemplate":"https:\/\/www.apulaya.com\/en\/?s={search_term_string}"},"query-input":"required name=search_term_string"}],"inLanguage":"es"},{"@type":"Organization","@id":"https:\/\/www.apulaya.com\/en\/#organization","name":"Apulaya Center for Andean Culture","url":"https:\/\/www.apulaya.com\/en\/","logo":{"@type":"ImageObject","inLanguage":"es","@id":"https:\/\/www.apulaya.com\/en\/#\/schema\/logo\/image\/","url":"https:\/\/www.apulaya.com\/wp-content\/uploads\/2023\/01\/Apulaya_logo2.png","contentUrl":"https:\/\/www.apulaya.com\/wp-content\/uploads\/2023\/01\/Apulaya_logo2.png","width":1080,"height":629,"caption":"Apulaya Center for Andean Culture"},"image":{"@id":"https:\/\/www.apulaya.com\/en\/#\/schema\/logo\/image\/"},"sameAs":["https:\/\/www.facebook.com\/apulaya.andean.culture"]}]}},"_links":{"self":[{"href":"https:\/\/www.apulaya.com\/es\/wp-json\/wp\/v2\/pages\/17"}],"collection":[{"href":"https:\/\/www.apulaya.com\/es\/wp-json\/wp\/v2\/pages"}],"about":[{"href":"https:\/\/www.apulaya.com\/es\/wp-json\/wp\/v2\/types\/page"}],"author":[{"embeddable":true,"href":"https:\/\/www.apulaya.com\/es\/wp-json\/wp\/v2\/users\/1"}],"replies":[{"embeddable":true,"href":"https:\/\/www.apulaya.com\/es\/wp-json\/wp\/v2\/comments?post=17"}],"version-history":[{"count":10,"href":"https:\/\/www.apulaya.com\/es\/wp-json\/wp\/v2\/pages\/17\/revisions"}],"predecessor-version":[{"id":2586,"href":"https:\/\/www.apulaya.com\/es\/wp-json\/wp\/v2\/pages\/17\/revisions\/2586"}],"wp:attachment":[{"href":"https:\/\/www.apulaya.com\/es\/wp-json\/wp\/v2\/media?parent=17"}],"curies":[{"name":"wp","href":"https:\/\/api.w.org\/{rel}","templated":true}]}}