{"id":1384,"date":"2016-01-29T23:01:57","date_gmt":"2016-01-30T04:01:57","guid":{"rendered":"http:\/\/www.apulaya.com\/?page_id=1384"},"modified":"2026-01-17T11:26:41","modified_gmt":"2026-01-17T16:26:41","slug":"summer-2016-at-apulaya","status":"publish","type":"page","link":"https:\/\/www.apulaya.com\/es\/estudios-andinos-peru-apulaya\/","title":{"rendered":"PROGRAMAS ESPECIALES 2026"},"content":{"rendered":"<p><\/p>\n<h1>PROGRAMAS ESPECIALES<\/h1>\n<p><img loading=\"lazy\" decoding=\"async\" class=\"aligncenter wp-image-1386 size-full\" title=\"summer-2016-apulaya\" src=\"http:\/\/www.apulaya.com\/wp-content\/uploads\/2016\/01\/summer-2016-apulaya.jpg\" alt=\"summer-2016-apulaya\" width=\"980\" height=\"170\" \/><\/p>\n<table class=\"tablecontent programas\" border=\"0\" cellspacing=\"10\" cellpadding=\"0\">\n<tbody>\n<tr>\n<td>Ofrecemos los siguientes programas especiales en torno a la cultura andina, combinados con festividades, excursiones y estad\u00edas en comunidades andinas.<\/p>\n<h2><\/h2>\n<h2>PROGRAMAS 2026<\/h2>\n<h6><a name=\"julio\"><\/a>JULIO<\/h6>\n<h4><strong>PROGRAMA DE ARTE TEXTIL Y CULTURA<\/strong><\/h4>\n<h3><strong>Arte Textil Andino y Festividad Mamacha Carmen<\/strong><\/h3>\n<p><span class=\"fecha\">12 de julio al 25 de julio de 2026<\/span><\/p>\n<p>Este programa ofrece el aprendizaje textil desde un enfoque transversal. Los y las participantes son entrenados y entrenadas en la t\u00e9cnica pallay. El programa incluye sesiones te\u00f3ricas, las cuales, permiten conocer el trasfondo sociocultural de los textiles. As\u00ed mismo, la inmersi\u00f3n en la pomposa festividad de mamacha Carmen en Pisac es parte del programa.<\/p>\n<table>\n<tbody>\n<tr>\n<td>\n<h3>\u00c1rea Pr\u00e1ctica (\u00c1rea\u00a0Troncal)<\/h3>\n<ul>\n<li>Clases de tejido Pallay\u00a0 en telar de cintura<\/li>\n<\/ul>\n<h3>Talleres y Actividades<\/h3>\n<ul>\n<li>Taller de tintorer\u00eda natural<\/li>\n<li>Talleres de arte pre-colombino<\/li>\n<li>Proyecci\u00f3n de pel\u00edculas documentales<\/li>\n<\/ul>\n<\/td>\n<td>\n<h3>Cursos y Seminarios<\/h3>\n<ul>\n<li>Semiolog\u00eda de los textiles andinos<\/li>\n<li>Arte textil andino: Cosmolog\u00eda y est\u00e9tica<\/li>\n<li>M\u00e1scaras rituales: Danza, coreograf\u00eda y simbolismo<\/li>\n<\/ul>\n<h3>Immersi\u00f3n Cultural<\/h3>\n<ul>\n<li>Festividad de Mamacha Carmen<\/li>\n<\/ul>\n<\/td>\n<\/tr>\n<\/tbody>\n<\/table>\n<form id=\"botones\" action=\"http:\/\/www.apulaya.com\/es\/contacto-programa\/\" method=\"post\"><input type=\"hidden\" name=\"nprog\" value=\"Julio: Curso Arte Textil Andino y la Festividad Mamacha Carmen - Solicitar programaci\u00f3n detallada\"><button type=\"submit\">Curso Arte Textil Andino y la Festividad Mamacha Carmen - Solicitar programaci\u00f3n detallada<\/button><\/form>\n<h6>OCTUBRE<\/h6>\n<h4>PROGRAMA INTENSIVO DE ARTE TEXTIL ANDINO: EL MUNDO DEL PALLAY<\/h4>\n<h4>Clases de Tejido \u2013 Semiolog\u00eda \u2013 Arte Textil Pre-Colombino<\/h4>\n<div class=\"filas\">\n<div class=\"columna\"><span class=\"fecha\">11 octubre al 24 octubre de 2026<\/span><\/div>\n<\/div>\n<p>El arte textil de las civilizaciones andinas es una de las m\u00e1s complejas del mundo. Hoy, una diversidad de t\u00e9cnicas, aplicadas en una inmensa variedad de textiles, est\u00e1 siendo practicada en las comunidades alto-andinas. Este programa de dos semanas, ofrece una inmersi\u00f3n textil de una manera multidisciplinaria. Los participantes podr\u00e1n adquirir aprendizaje acerca de t\u00e9cnicas y del trasfondo socio-cultural y simbolismo del textil andino.<\/p>\n<table>\n<tbody>\n<tr>\n<td>\n<h3>\u00c1reas Pr\u00e1cticas<\/h3>\n<ul>\n<li>Clases de tejido pallay en telar de cintura.<\/li>\n<\/ul>\n<h3>Talleres<\/h3>\n<ul>\n<li>Te\u00f1ido Natural<\/li>\n<li>Manejo del Huso Andino (Puska) y el Torcelado de Hilos.<\/li>\n<\/ul>\n<h3>Charlas y Exposiciones.<\/h3>\n<ul>\n<li>La Tradici\u00f3n Textil de la Comunidad de Accha Alta: T\u00e9cnicas, Iconograf\u00eda y Simbolismo.<\/li>\n<li>Proyecci\u00f3n de Pel\u00edculas Documentales<\/li>\n<\/ul>\n<\/td>\n<td>\n<h3>Seminarios<\/h3>\n<ul>\n<li>Semiolog\u00eda de los Textiles Andinos: Interpretaci\u00f3n iconogr\u00e1fica<\/li>\n<li>Arte pre-Colombino: Astronom\u00eda y Cosmolog\u00eda en los Textiles arqueol\u00f3gicos<\/li>\n<li>Mitolog\u00eda y Ritualidad en los Textiles Andinos.<\/li>\n<\/ul>\n<h3>Excursiones<\/h3>\n<ul>\n<li>Estad\u00eda y Tejer en una Comunidad Originaria<\/li>\n<\/ul>\n<\/td>\n<\/tr>\n<\/tbody>\n<\/table>\n<p><form id=\"botones\" action=\"http:\/\/www.apulaya.com\/es\/contacto-programa\/\" method=\"post\"><input type=\"hidden\" name=\"nprog\" value=\"Octubre: El mundo del Pallay Octubre - Solicitar programaci\u00f3n detallada\"><button type=\"submit\">El mundo del Pallay Octubre - Solicitar programaci\u00f3n detallada<\/button><\/form><\/td>\n<\/tr>\n<\/tbody>\n<\/table>\n<table id=\"right\" border=\"0\" cellspacing=\"0\" cellpadding=\"0\">\n<tbody>\n<tr>\n<td>\n<div class=\"primary-sidebar  content-two-column \">\n<ul>\n<li id=\"black-studio-tinymce-14\" class=\"summerProgram widget widget_black_studio_tinymce\">\n<div class=\"textwidget\">\n<p><a href=\"http:\/\/www.apulaya.com\/es\/estudios-andinos-peru-apulaya\"><img loading=\"lazy\" decoding=\"async\" class=\"aligncenter wp-image-1454 size-full\" title=\"Programas Especiales 2018\" src=\"http:\/\/www.apulaya.com\/wp-content\/uploads\/2013\/12\/programas-especiales-2018.gif\" alt=\"Programas Especiales 2018\" width=\"230\" height=\"156\" \/><\/a><\/div>\n<\/li>\n<li id=\"black-studio-tinymce-12\" class=\"right_culture widget widget_black_studio_tinymce\">\n<div class=\"textwidget\"><a title=\"Estudios de la Cultura Ind\u00edgena\" href=\"http:\/\/www.apulaya.com\/es\/estudios-andinos-peru-apulaya\/#julio\"><img loading=\"lazy\" decoding=\"async\" class=\"img-responsive aligncenter\" title=\"Summer Program 2023\" src=\"https:\/\/www.apulaya.com\/wp-content\/uploads\/2023\/01\/programa-special.gif\" alt=\"Programa Especial 2023\" width=\"250\" height=\"150\" \/><\/a><\/p>\n<p><a title=\"Estudios de la Cultura Ind\u00edgena\" href=\"http:\/\/www.apulaya.com\/es\/estudios-de-la-cultura-indigena\/\"><img loading=\"lazy\" decoding=\"async\" class=\" size-full wp-image-766 aligncenter\" src=\"http:\/\/www.apulaya.com\/wp-content\/uploads\/2013\/12\/estudios-cultura-indigena1.gif\" alt=\"estudios-cultura-indigena\" width=\"225\" height=\"137\" \/><\/a><\/p>\n<p><a href=\"http:\/\/www.apulaya.com\/es\/estudios-de-la-cultura-indigena\/\"><img loading=\"lazy\" decoding=\"async\" class=\"aligncenter size-full wp-image-1533\" title=\"estudio-de-arte-textil-andino\" src=\"http:\/\/www.apulaya.com\/wp-content\/uploads\/2016\/09\/estudio-de-arte-textil-andino.jpg\" alt=\"estudio-de-arte-textil-andino\" width=\"225\" height=\"150\" \/><\/a><\/div>\n<\/li>\n<li id=\"nav_menu-4\" class=\"menu_right widget widget_nav_menu\">\n<div class=\"menu-menu-2-container\">\n<ul id=\"menu-menu-2\" class=\"menu\">\n<li id=\"menu-item-71\" class=\"menu-item menu-item-type-post_type menu-item-object-page menu-item-71\"><a href=\"https:\/\/www.apulaya.com\/es\/acerca-del-centro-cultural\/\">Acerca del Centro Cultural<\/a><\/li>\n<li id=\"menu-item-70\" class=\"menu-item menu-item-type-post_type menu-item-object-page menu-item-70\"><a href=\"https:\/\/www.apulaya.com\/es\/equipo-apulaya\/\">Equipo Apulaya<\/a><\/li>\n<li id=\"menu-item-500\" class=\"menu-item menu-item-type-post_type menu-item-object-page menu-item-500\"><a href=\"https:\/\/www.apulaya.com\/es\/galeria-de-fotos\/\">Galer\u00eda de Fotos<\/a><\/li>\n<li id=\"menu-item-69\" class=\"menu-item menu-item-type-post_type menu-item-object-page menu-item-69\"><a href=\"https:\/\/www.apulaya.com\/es\/testimonios\/\">Testimonios<\/a><\/li>\n<li id=\"menu-item-1279\" class=\"menu-item menu-item-type-post_type menu-item-object-page menu-item-1279\"><a href=\"https:\/\/www.apulaya.com\/es\/tarifas\/\">Datos y Precios<\/a><\/li>\n<li id=\"menu-item-1497\" class=\"menu-item menu-item-type-post_type menu-item-object-page menu-item-1497\"><a href=\"https:\/\/www.apulaya.com\/es\/terminos-y-condiciones-generales\/\">T\u00e9rminos y Condiciones Generales<\/a><\/li>\n<li id=\"menu-item-2569\" class=\"menu-item menu-item-type-post_type menu-item-object-page menu-item-2569\"><a href=\"https:\/\/www.apulaya.com\/es\/pagos\/\">Pagos<\/a><\/li>\n<\/ul>\n<\/div>\n<\/li>\n<li id=\"black-studio-tinymce-16\" class=\"menu_right widget widget_black_studio_tinymce\">\n<div class=\"textwidget\">\n<ul>\n<li><a href=\"http:\/\/www.apulaya.com\/blog\/es\" target=\"_blank\">Nuestro Blog<\/a><\/li>\n<\/ul>\n<\/div>\n<\/li>\n<li id=\"black-studio-tinymce-11\" class=\"contactright widget widget_black_studio_tinymce\">\n<h2 class=\"widgettitle\">Cont\u00e1ctenos Apulaya<\/h2>\n<div class=\"textwidget\">\n<p><strong>Para contactarnos, tan solo llene el siguiente formulario.<\/strong><\/p>\n<hr \/>\n<div class=\"wpcf7 no-js\" id=\"wpcf7-f439-o1\" lang=\"es-ES\" dir=\"ltr\">\n<div class=\"screen-reader-response\">\n<p role=\"status\" aria-live=\"polite\" aria-atomic=\"true\">\n<ul><\/ul>\n<\/div>\n<form action=\"\/es\/wp-json\/wp\/v2\/pages\/1384#wpcf7-f439-o1\" method=\"post\" class=\"wpcf7-form init\" aria-label=\"Formulario de contacto\" novalidate=\"novalidate\" data-status=\"init\">\n<div style=\"display: none;\">\n<input type=\"hidden\" name=\"_wpcf7\" value=\"439\" \/><br \/>\n<input type=\"hidden\" name=\"_wpcf7_version\" value=\"5.8.2\" \/><br \/>\n<input type=\"hidden\" name=\"_wpcf7_locale\" value=\"es_ES\" \/><br \/>\n<input type=\"hidden\" name=\"_wpcf7_unit_tag\" value=\"wpcf7-f439-o1\" \/><br \/>\n<input type=\"hidden\" name=\"_wpcf7_container_post\" value=\"0\" \/><br \/>\n<input type=\"hidden\" name=\"_wpcf7_posted_data_hash\" value=\"\" \/>\n<\/div>\n<p>Nombre Completo: *\n<\/p>\n<p><span class=\"wpcf7-form-control-wrap\" data-name=\"your-name\"><input size=\"40\" class=\"wpcf7-form-control wpcf7-text wpcf7-validates-as-required\" aria-required=\"true\" aria-invalid=\"false\" value=\"\" type=\"text\" name=\"your-name\" \/><\/span>\n<\/p>\n<p>Correo Electr\u00f3nico:*\n<\/p>\n<p><span class=\"wpcf7-form-control-wrap\" data-name=\"your-email\"><input size=\"40\" class=\"wpcf7-form-control wpcf7-email wpcf7-validates-as-required wpcf7-text wpcf7-validates-as-email\" aria-required=\"true\" aria-invalid=\"false\" value=\"\" type=\"email\" name=\"your-email\" \/><\/span>\n<\/p>\n<p>Comentarios y preguntas:*\n<\/p>\n<p><span class=\"wpcf7-form-control-wrap\" data-name=\"your-message\"><textarea cols=\"40\" rows=\"10\" class=\"wpcf7-form-control wpcf7-textarea\" aria-invalid=\"false\" name=\"your-message\"><\/textarea><\/span>\n<\/p>\n<p><input type=\"hidden\" name=\"_wpcf7_captcha_challenge_captcha-977\" value=\"347959814\" \/><img loading=\"lazy\" decoding=\"async\" class=\"wpcf7-form-control wpcf7-captchac wpcf7-captcha-captcha-977\" width=\"72\" height=\"24\" alt=\"captcha\" src=\"https:\/\/www.apulaya.com\/wp-content\/uploads\/wpcf7_captcha\/347959814.png\" \/><br \/>\n<span class=\"wpcf7-form-control-wrap\" data-name=\"captcha-977\"><input size=\"40\" class=\"wpcf7-form-control wpcf7-captchar\" autocomplete=\"off\" aria-invalid=\"false\" value=\"\" type=\"text\" name=\"captcha-977\" \/><\/span>\n<\/p>\n<p><input class=\"wpcf7-form-control wpcf7-submit has-spinner boton\" type=\"submit\" value=\"Enviar\" \/>\n<\/p>\n<div class=\"wpcf7-response-output\" aria-hidden=\"true\"><\/div>\n<\/form>\n<\/div>\n<\/div>\n<\/li>\n<\/ul>\n<\/div>\n<\/td>\n<\/tr>\n<\/tbody>\n<\/table>\n<p><\/p>","protected":false},"excerpt":{"rendered":"<p>PROGRAMAS ESPECIALES Ofrecemos los siguientes programas especiales en torno a la cultura andina, combinados con festividades, excursiones y estad\u00edas en comunidades andinas. PROGRAMAS 2026 JULIO PROGRAMA DE ARTE TEXTIL Y CULTURA Arte Textil Andino y Festividad Mamacha Carmen 12 de julio al 25 de julio de 2026 Este programa ofrece el aprendizaje textil desde un [&hellip;]<\/p>\n","protected":false},"author":1,"featured_media":0,"parent":0,"menu_order":0,"comment_status":"closed","ping_status":"closed","template":"","meta":{"footnotes":""},"yoast_head":"<!-- This site is optimized with the Yoast SEO plugin v21.5 - https:\/\/yoast.com\/wordpress\/plugins\/seo\/ -->\n<title>Programas especiales de estudios andinos<\/title>\n<meta name=\"description\" content=\"{:es}Programas especiales de estudios andinos en Cusco Peru, Valle Sagrado de los Incas. Curso de arte textil, tejido, m\u00fasica Andina y el idioma quechua.{:en}Andean study programs, summer programs Cusco, Sacred Valley of the Incas. Textile, Andean music, Quechua language. A live changing intercultural experience!{:de}Academic Summer Programs in Cusco, Sacred Valley of the Incas. Textile, weaving, Andean music, Quechua language. A live changing intercultural experience!{:}\" \/>\n<meta name=\"robots\" content=\"index, follow, max-snippet:-1, max-image-preview:large, max-video-preview:-1\" \/>\n<link rel=\"canonical\" href=\"https:\/\/www.apulaya.com\/en\/study-abroad-peru-apulaya\/\" \/>\n<meta property=\"og:locale\" content=\"es_ES\" \/>\n<meta property=\"og:type\" content=\"article\" \/>\n<meta property=\"og:title\" content=\"[:es]Programas especiales de estudios andinos[:en]Study abroad in Cusco, Peru - Study Andean Culture[:de]Summer in Cusco, Peru - Study Andean Culture with Apulaya[:]\" \/>\n<meta property=\"og:description\" content=\"{:es}Programas especiales de estudios andinos en Cusco Peru, Valle Sagrado de los Incas. Curso de arte textil, tejido, m\u00fasica Andina y el idioma quechua.{:en}Andean study programs, summer programs Cusco, Sacred Valley of the Incas. Textile, Andean music, Quechua language. A live changing intercultural experience!{:de}Academic Summer Programs in Cusco, Sacred Valley of the Incas. Textile, weaving, Andean music, Quechua language. A live changing intercultural experience!{:}\" \/>\n<meta property=\"og:url\" content=\"https:\/\/www.apulaya.com\/en\/study-abroad-peru-apulaya\/\" \/>\n<meta property=\"og:site_name\" content=\"Apulaya\" \/>\n<meta property=\"article:publisher\" content=\"https:\/\/www.facebook.com\/apulaya.andean.culture\" \/>\n<meta property=\"article:modified_time\" content=\"2026-01-17T16:26:41+00:00\" \/>\n<meta property=\"og:image\" content=\"http:\/\/www.apulaya.com\/wp-content\/uploads\/2016\/01\/summer-2016-apulaya.jpg\" \/>\n<meta name=\"twitter:card\" content=\"summary_large_image\" \/>\n<meta name=\"twitter:label1\" content=\"Tiempo de lectura\" \/>\n\t<meta name=\"twitter:data1\" content=\"5 minutos\" \/>\n<script type=\"application\/ld+json\" class=\"yoast-schema-graph\">{\"@context\":\"https:\/\/schema.org\",\"@graph\":[{\"@type\":\"WebPage\",\"@id\":\"https:\/\/www.apulaya.com\/en\/study-abroad-peru-apulaya\/\",\"url\":\"https:\/\/www.apulaya.com\/en\/study-abroad-peru-apulaya\/\",\"name\":\"[:es]Programas especiales de estudios andinos[:en]Study abroad in Cusco, Peru - Study Andean Culture[:de]Summer in Cusco, Peru - Study Andean Culture with Apulaya[:]\",\"isPartOf\":{\"@id\":\"https:\/\/www.apulaya.com\/en\/#website\"},\"datePublished\":\"2016-01-30T04:01:57+00:00\",\"dateModified\":\"2026-01-17T16:26:41+00:00\",\"description\":\"{:es}Programas especiales de estudios andinos en Cusco Peru, Valle Sagrado de los Incas. Curso de arte textil, tejido, m\u00fasica Andina y el idioma quechua.{:en}Andean study programs, summer programs Cusco, Sacred Valley of the Incas. Textile, Andean music, Quechua language. A live changing intercultural experience!{:de}Academic Summer Programs in Cusco, Sacred Valley of the Incas. Textile, weaving, Andean music, Quechua language. A live changing intercultural experience!{:}\",\"breadcrumb\":{\"@id\":\"https:\/\/www.apulaya.com\/en\/study-abroad-peru-apulaya\/#breadcrumb\"},\"inLanguage\":\"es\",\"potentialAction\":[{\"@type\":\"ReadAction\",\"target\":[\"https:\/\/www.apulaya.com\/en\/study-abroad-peru-apulaya\/\"]}]},{\"@type\":\"BreadcrumbList\",\"@id\":\"https:\/\/www.apulaya.com\/en\/study-abroad-peru-apulaya\/#breadcrumb\",\"itemListElement\":[{\"@type\":\"ListItem\",\"position\":1,\"name\":\"Home\",\"item\":\"https:\/\/www.apulaya.com\/en\/\"},{\"@type\":\"ListItem\",\"position\":2,\"name\":\"SPECIAL 2026 PROGRAMS\"}]},{\"@type\":\"WebSite\",\"@id\":\"https:\/\/www.apulaya.com\/en\/#website\",\"url\":\"https:\/\/www.apulaya.com\/en\/\",\"name\":\"Apulaya\",\"description\":\"Centro para la Cultura Andina\",\"publisher\":{\"@id\":\"https:\/\/www.apulaya.com\/en\/#organization\"},\"potentialAction\":[{\"@type\":\"SearchAction\",\"target\":{\"@type\":\"EntryPoint\",\"urlTemplate\":\"https:\/\/www.apulaya.com\/en\/?s={search_term_string}\"},\"query-input\":\"required name=search_term_string\"}],\"inLanguage\":\"es\"},{\"@type\":\"Organization\",\"@id\":\"https:\/\/www.apulaya.com\/en\/#organization\",\"name\":\"Apulaya Center for Andean Culture\",\"url\":\"https:\/\/www.apulaya.com\/en\/\",\"logo\":{\"@type\":\"ImageObject\",\"inLanguage\":\"es\",\"@id\":\"https:\/\/www.apulaya.com\/en\/#\/schema\/logo\/image\/\",\"url\":\"https:\/\/www.apulaya.com\/wp-content\/uploads\/2023\/01\/Apulaya_logo2.png\",\"contentUrl\":\"https:\/\/www.apulaya.com\/wp-content\/uploads\/2023\/01\/Apulaya_logo2.png\",\"width\":1080,\"height\":629,\"caption\":\"Apulaya Center for Andean Culture\"},\"image\":{\"@id\":\"https:\/\/www.apulaya.com\/en\/#\/schema\/logo\/image\/\"},\"sameAs\":[\"https:\/\/www.facebook.com\/apulaya.andean.culture\"]}]}<\/script>\n<!-- \/ Yoast SEO plugin. -->","yoast_head_json":{"title":"[:es]Programas especiales de estudios andinos[:en]Study abroad in Cusco, Peru - Study Andean Culture[:de]Summer in Cusco, Peru - Study Andean Culture with Apulaya[:]","description":"{:es}Programas especiales de estudios andinos en Cusco Peru, Valle Sagrado de los Incas. Curso de arte textil, tejido, m\u00fasica Andina y el idioma quechua.{:en}Andean study programs, summer programs Cusco, Sacred Valley of the Incas. Textile, Andean music, Quechua language. A live changing intercultural experience!{:de}Academic Summer Programs in Cusco, Sacred Valley of the Incas. Textile, weaving, Andean music, Quechua language. A live changing intercultural experience!{:}","robots":{"index":"index","follow":"follow","max-snippet":"max-snippet:-1","max-image-preview":"max-image-preview:large","max-video-preview":"max-video-preview:-1"},"canonical":"https:\/\/www.apulaya.com\/en\/study-abroad-peru-apulaya\/","og_locale":"es_ES","og_type":"article","og_title":"[:es]Programas especiales de estudios andinos[:en]Study abroad in Cusco, Peru - Study Andean Culture[:de]Summer in Cusco, Peru - Study Andean Culture with Apulaya[:]","og_description":"{:es}Programas especiales de estudios andinos en Cusco Peru, Valle Sagrado de los Incas. Curso de arte textil, tejido, m\u00fasica Andina y el idioma quechua.{:en}Andean study programs, summer programs Cusco, Sacred Valley of the Incas. Textile, Andean music, Quechua language. A live changing intercultural experience!{:de}Academic Summer Programs in Cusco, Sacred Valley of the Incas. Textile, weaving, Andean music, Quechua language. A live changing intercultural experience!{:}","og_url":"https:\/\/www.apulaya.com\/en\/study-abroad-peru-apulaya\/","og_site_name":"Apulaya","article_publisher":"https:\/\/www.facebook.com\/apulaya.andean.culture","article_modified_time":"2026-01-17T16:26:41+00:00","og_image":[{"url":"http:\/\/www.apulaya.com\/wp-content\/uploads\/2016\/01\/summer-2016-apulaya.jpg"}],"twitter_card":"summary_large_image","twitter_misc":{"Tiempo de lectura":"5 minutos"},"schema":{"@context":"https:\/\/schema.org","@graph":[{"@type":"WebPage","@id":"https:\/\/www.apulaya.com\/en\/study-abroad-peru-apulaya\/","url":"https:\/\/www.apulaya.com\/en\/study-abroad-peru-apulaya\/","name":"[:es]Programas especiales de estudios andinos[:en]Study abroad in Cusco, Peru - Study Andean Culture[:de]Summer in Cusco, Peru - Study Andean Culture with Apulaya[:]","isPartOf":{"@id":"https:\/\/www.apulaya.com\/en\/#website"},"datePublished":"2016-01-30T04:01:57+00:00","dateModified":"2026-01-17T16:26:41+00:00","description":"{:es}Programas especiales de estudios andinos en Cusco Peru, Valle Sagrado de los Incas. Curso de arte textil, tejido, m\u00fasica Andina y el idioma quechua.{:en}Andean study programs, summer programs Cusco, Sacred Valley of the Incas. Textile, Andean music, Quechua language. A live changing intercultural experience!{:de}Academic Summer Programs in Cusco, Sacred Valley of the Incas. Textile, weaving, Andean music, Quechua language. A live changing intercultural experience!{:}","breadcrumb":{"@id":"https:\/\/www.apulaya.com\/en\/study-abroad-peru-apulaya\/#breadcrumb"},"inLanguage":"es","potentialAction":[{"@type":"ReadAction","target":["https:\/\/www.apulaya.com\/en\/study-abroad-peru-apulaya\/"]}]},{"@type":"BreadcrumbList","@id":"https:\/\/www.apulaya.com\/en\/study-abroad-peru-apulaya\/#breadcrumb","itemListElement":[{"@type":"ListItem","position":1,"name":"Home","item":"https:\/\/www.apulaya.com\/en\/"},{"@type":"ListItem","position":2,"name":"SPECIAL 2026 PROGRAMS"}]},{"@type":"WebSite","@id":"https:\/\/www.apulaya.com\/en\/#website","url":"https:\/\/www.apulaya.com\/en\/","name":"Apulaya","description":"Centro para la Cultura Andina","publisher":{"@id":"https:\/\/www.apulaya.com\/en\/#organization"},"potentialAction":[{"@type":"SearchAction","target":{"@type":"EntryPoint","urlTemplate":"https:\/\/www.apulaya.com\/en\/?s={search_term_string}"},"query-input":"required name=search_term_string"}],"inLanguage":"es"},{"@type":"Organization","@id":"https:\/\/www.apulaya.com\/en\/#organization","name":"Apulaya Center for Andean Culture","url":"https:\/\/www.apulaya.com\/en\/","logo":{"@type":"ImageObject","inLanguage":"es","@id":"https:\/\/www.apulaya.com\/en\/#\/schema\/logo\/image\/","url":"https:\/\/www.apulaya.com\/wp-content\/uploads\/2023\/01\/Apulaya_logo2.png","contentUrl":"https:\/\/www.apulaya.com\/wp-content\/uploads\/2023\/01\/Apulaya_logo2.png","width":1080,"height":629,"caption":"Apulaya Center for Andean Culture"},"image":{"@id":"https:\/\/www.apulaya.com\/en\/#\/schema\/logo\/image\/"},"sameAs":["https:\/\/www.facebook.com\/apulaya.andean.culture"]}]}},"_links":{"self":[{"href":"https:\/\/www.apulaya.com\/es\/wp-json\/wp\/v2\/pages\/1384"}],"collection":[{"href":"https:\/\/www.apulaya.com\/es\/wp-json\/wp\/v2\/pages"}],"about":[{"href":"https:\/\/www.apulaya.com\/es\/wp-json\/wp\/v2\/types\/page"}],"author":[{"embeddable":true,"href":"https:\/\/www.apulaya.com\/es\/wp-json\/wp\/v2\/users\/1"}],"replies":[{"embeddable":true,"href":"https:\/\/www.apulaya.com\/es\/wp-json\/wp\/v2\/comments?post=1384"}],"version-history":[{"count":185,"href":"https:\/\/www.apulaya.com\/es\/wp-json\/wp\/v2\/pages\/1384\/revisions"}],"predecessor-version":[{"id":2951,"href":"https:\/\/www.apulaya.com\/es\/wp-json\/wp\/v2\/pages\/1384\/revisions\/2951"}],"wp:attachment":[{"href":"https:\/\/www.apulaya.com\/es\/wp-json\/wp\/v2\/media?parent=1384"}],"curies":[{"name":"wp","href":"https:\/\/api.w.org\/{rel}","templated":true}]}}