{"id":113,"date":"2013-12-04T16:53:24","date_gmt":"2013-12-04T16:53:24","guid":{"rendered":"http:\/\/www.apulaya.com\/es\/?page_id=113"},"modified":"2016-01-04T10:24:14","modified_gmt":"2016-01-04T15:24:14","slug":"traditional-music-sikureada-tarkeadas-and-pinkilladas","status":"publish","type":"page","link":"https:\/\/www.apulaya.com\/es\/musica-tradicional-tarkeadas-y-pinkilladas\/","title":{"rendered":"M\u00fasica que propicia la fertilidad &#8211; Tarkeadas y Pinkilladas"},"content":{"rendered":"<p><\/p>\n<h1>MUSICA QUE PROPICIA LA FERTILIDAD &#8211; TARKEADAS Y PINKILLADAS<\/h1>\n<h2>CURSOS Y TALLERES<\/h2>\n<table class=\"tableCM\" border=\"0\" cellspacing=\"0\" cellpadding=\"0\">\n<tbody>\n<tr>\n<td>\n<p><img loading=\"lazy\" decoding=\"async\" class=\"alignleft\" src=\"http:\/\/www.apulaya.com\/wp-content\/uploads\/2013\/12\/indigene-musik-tarkeadas1.jpg\" alt=\"indigene-musik-tarkeadas1\" width=\"214\" height=\"143\" \/><\/p>\n<p>La estaci\u00f3n de lluvias, el crecimiento reproducci\u00f3n de las plantas y animales: las tarkeadas y pinkilladas act\u00faan como mediadores entre el mundo de los vivos, las deidades y \u00e9l de los ancestros.<\/p>\n<\/td>\n<\/tr>\n<tr>\n<td>\n<p><img loading=\"lazy\" decoding=\"async\" class=\"alignleft\" src=\"http:\/\/www.apulaya.com\/wp-content\/uploads\/2013\/12\/indigene-musik-tarkeadas2.jpg\" alt=\"indigene-musik-tarkeadas2\" width=\"214\" height=\"143\" \/><\/p>\n<p>La tarka y el pinkillu son de la familia de las flautas de pico y provienen de la regi\u00f3n del altiplano andino. Tradicionalmente, las tarkeadas y pinkilladas hacen su aparici\u00f3n con el inicio del periodo de lluvias, prolong\u00e1ndose su uso, durante todo este periodo. Por tanto, sus usos est\u00e1n relacionados con la invocaci\u00f3n a los difuntos y ritos de propiciaci\u00f3n a la fertilidad.<\/p>\n<p>La m\u00fasica engendrada con las tarkas, se denomina tarkeada y el del pinkillu, es conocido como pinkillada, y son muy alegres y festivos.<\/p>\n<\/td>\n<\/tr>\n<tr>\n<td>\n<p><img loading=\"lazy\" decoding=\"async\" class=\"alignleft\" src=\"http:\/\/www.apulaya.com\/wp-content\/uploads\/2013\/12\/indigene-musik-tarkeadas3.jpg\" alt=\"indigene-musik-tarkeadas3\" width=\"214\" height=\"143\" \/><\/p>\n<p><strong>Instrumentaci\u00f3n:<\/strong> Conjunto (tropas) de flautas de pico tradicionales (tarkas y pinkillus), bombos, tambores y trompetas tradicionales.<\/p>\n<\/td>\n<\/tr>\n<tr>\n<td>\n<h3>Noche de Tarkas y Pinkillus: Una velada musical inolvidable<\/h3>\n<p>Programa de extensi\u00f3n (Opcional y recomendable para grupos, con una duraci\u00f3n m\u00ednima de 2D\/1N).<\/p>\n<p><strong>Highlihts:<\/strong><\/p>\n<ul>\n<li>Tocaremos m\u00fasica en el Valle Sagrado de los Incas rodeado de monta\u00f1as sagradas, naturaleza y tranquilidad.<\/li>\n<li>Velada nocturna, interpretaremos tarkeadas y pinkilladas alrededor de fogatas bajo las estrellas y la v\u00eda \u2013 l\u00e1ctea.<\/li>\n<li>Disponibilidad de vestuarios de m\u00fasicos tradicionales.<\/li>\n<\/ul>\n<\/td>\n<\/tr>\n<\/tbody>\n<\/table>\n<div class=\"videoCenter\"><iframe loading=\"lazy\" src=\"\/\/www.youtube.com\/embed\/VWZLzndCfAM\" width=\"100%\" height=\"305\" frameborder=\"0\" allowfullscreen=\"allowfullscreen\"><\/iframe><\/p>\n<h4>Traditional totora tarkeada ensamble, Oruro &#8211; Bolivia<\/h4>\n<\/div>\n<div class=\"videoCenter\"><iframe loading=\"lazy\" src=\"\/\/www.youtube.com\/embed\/DBmxc7XRY90\" width=\"100%\" height=\"305\" frameborder=\"0\" allowfullscreen=\"allowfullscreen\"><\/iframe><\/p>\n<h4>Traditional pinkillada ensamble from Moho \u2013 Peru<\/h4>\n<\/div>\n<p><\/p>","protected":false},"excerpt":{"rendered":"<p>MUSICA QUE PROPICIA LA FERTILIDAD &#8211; TARKEADAS Y PINKILLADAS CURSOS Y TALLERES La estaci\u00f3n de lluvias, el crecimiento reproducci\u00f3n de las plantas y animales: las tarkeadas y pinkilladas act\u00faan como mediadores entre el mundo de los vivos, las deidades y \u00e9l de los ancestros. La tarka y el pinkillu son de la familia de las [&hellip;]<\/p>\n","protected":false},"author":1,"featured_media":0,"parent":0,"menu_order":0,"comment_status":"open","ping_status":"open","template":"music.php","meta":{"footnotes":""},"yoast_head":"<!-- This site is optimized with the Yoast SEO plugin v21.5 - https:\/\/yoast.com\/wordpress\/plugins\/seo\/ -->\n<title>Music that propitiates the fertility - Tarkeadas and pinkilladas<\/title>\n<meta name=\"robots\" content=\"index, follow, max-snippet:-1, max-image-preview:large, max-video-preview:-1\" \/>\n<link rel=\"canonical\" href=\"https:\/\/www.apulaya.com\/en\/traditional-music-tarkeadas-and-pinkilladas\/\" \/>\n<meta property=\"og:locale\" content=\"es_ES\" \/>\n<meta property=\"og:type\" content=\"article\" \/>\n<meta property=\"og:title\" content=\"Music that propitiates the fertility - Tarkeadas and pinkilladas\" \/>\n<meta property=\"og:description\" content=\"MUSICA QUE PROPICIA LA FERTILIDAD &#8211; TARKEADAS Y PINKILLADAS CURSOS Y TALLERES La estaci\u00f3n de lluvias, el crecimiento reproducci\u00f3n de las plantas y animales: las tarkeadas y pinkilladas act\u00faan como mediadores entre el mundo de los vivos, las deidades y \u00e9l de los ancestros. La tarka y el pinkillu son de la familia de las [&hellip;]\" \/>\n<meta property=\"og:url\" content=\"https:\/\/www.apulaya.com\/en\/traditional-music-tarkeadas-and-pinkilladas\/\" \/>\n<meta property=\"og:site_name\" content=\"Apulaya\" \/>\n<meta property=\"article:publisher\" content=\"https:\/\/www.facebook.com\/apulaya.andean.culture\" \/>\n<meta property=\"article:modified_time\" content=\"2016-01-04T15:24:14+00:00\" \/>\n<meta property=\"og:image\" content=\"http:\/\/www.apulaya.com\/wp-content\/uploads\/2013\/12\/indigene-musik-tarkeadas1.jpg\" \/>\n<meta name=\"twitter:card\" content=\"summary_large_image\" \/>\n<meta name=\"twitter:label1\" content=\"Tiempo de lectura\" \/>\n\t<meta name=\"twitter:data1\" content=\"3 minutos\" \/>\n<script type=\"application\/ld+json\" class=\"yoast-schema-graph\">{\"@context\":\"https:\/\/schema.org\",\"@graph\":[{\"@type\":\"WebPage\",\"@id\":\"https:\/\/www.apulaya.com\/en\/traditional-music-tarkeadas-and-pinkilladas\/\",\"url\":\"https:\/\/www.apulaya.com\/en\/traditional-music-tarkeadas-and-pinkilladas\/\",\"name\":\"Music that propitiates the fertility - Tarkeadas and pinkilladas\",\"isPartOf\":{\"@id\":\"https:\/\/www.apulaya.com\/en\/#website\"},\"datePublished\":\"2013-12-04T16:53:24+00:00\",\"dateModified\":\"2016-01-04T15:24:14+00:00\",\"breadcrumb\":{\"@id\":\"https:\/\/www.apulaya.com\/en\/traditional-music-tarkeadas-and-pinkilladas\/#breadcrumb\"},\"inLanguage\":\"es\",\"potentialAction\":[{\"@type\":\"ReadAction\",\"target\":[\"https:\/\/www.apulaya.com\/en\/traditional-music-tarkeadas-and-pinkilladas\/\"]}]},{\"@type\":\"BreadcrumbList\",\"@id\":\"https:\/\/www.apulaya.com\/en\/traditional-music-tarkeadas-and-pinkilladas\/#breadcrumb\",\"itemListElement\":[{\"@type\":\"ListItem\",\"position\":1,\"name\":\"Home\",\"item\":\"https:\/\/www.apulaya.com\/en\/\"},{\"@type\":\"ListItem\",\"position\":2,\"name\":\"Music that propitiates the fertility &#8211; Tarkeadas and pinkilladas\"}]},{\"@type\":\"WebSite\",\"@id\":\"https:\/\/www.apulaya.com\/en\/#website\",\"url\":\"https:\/\/www.apulaya.com\/en\/\",\"name\":\"Apulaya\",\"description\":\"Centro para la Cultura Andina\",\"publisher\":{\"@id\":\"https:\/\/www.apulaya.com\/en\/#organization\"},\"potentialAction\":[{\"@type\":\"SearchAction\",\"target\":{\"@type\":\"EntryPoint\",\"urlTemplate\":\"https:\/\/www.apulaya.com\/en\/?s={search_term_string}\"},\"query-input\":\"required name=search_term_string\"}],\"inLanguage\":\"es\"},{\"@type\":\"Organization\",\"@id\":\"https:\/\/www.apulaya.com\/en\/#organization\",\"name\":\"Apulaya Center for Andean Culture\",\"url\":\"https:\/\/www.apulaya.com\/en\/\",\"logo\":{\"@type\":\"ImageObject\",\"inLanguage\":\"es\",\"@id\":\"https:\/\/www.apulaya.com\/en\/#\/schema\/logo\/image\/\",\"url\":\"https:\/\/www.apulaya.com\/wp-content\/uploads\/2023\/01\/Apulaya_logo2.png\",\"contentUrl\":\"https:\/\/www.apulaya.com\/wp-content\/uploads\/2023\/01\/Apulaya_logo2.png\",\"width\":1080,\"height\":629,\"caption\":\"Apulaya Center for Andean Culture\"},\"image\":{\"@id\":\"https:\/\/www.apulaya.com\/en\/#\/schema\/logo\/image\/\"},\"sameAs\":[\"https:\/\/www.facebook.com\/apulaya.andean.culture\"]}]}<\/script>\n<!-- \/ Yoast SEO plugin. -->","yoast_head_json":{"title":"Music that propitiates the fertility - Tarkeadas and pinkilladas","robots":{"index":"index","follow":"follow","max-snippet":"max-snippet:-1","max-image-preview":"max-image-preview:large","max-video-preview":"max-video-preview:-1"},"canonical":"https:\/\/www.apulaya.com\/en\/traditional-music-tarkeadas-and-pinkilladas\/","og_locale":"es_ES","og_type":"article","og_title":"Music that propitiates the fertility - Tarkeadas and pinkilladas","og_description":"MUSICA QUE PROPICIA LA FERTILIDAD &#8211; TARKEADAS Y PINKILLADAS CURSOS Y TALLERES La estaci\u00f3n de lluvias, el crecimiento reproducci\u00f3n de las plantas y animales: las tarkeadas y pinkilladas act\u00faan como mediadores entre el mundo de los vivos, las deidades y \u00e9l de los ancestros. La tarka y el pinkillu son de la familia de las [&hellip;]","og_url":"https:\/\/www.apulaya.com\/en\/traditional-music-tarkeadas-and-pinkilladas\/","og_site_name":"Apulaya","article_publisher":"https:\/\/www.facebook.com\/apulaya.andean.culture","article_modified_time":"2016-01-04T15:24:14+00:00","og_image":[{"url":"http:\/\/www.apulaya.com\/wp-content\/uploads\/2013\/12\/indigene-musik-tarkeadas1.jpg"}],"twitter_card":"summary_large_image","twitter_misc":{"Tiempo de lectura":"3 minutos"},"schema":{"@context":"https:\/\/schema.org","@graph":[{"@type":"WebPage","@id":"https:\/\/www.apulaya.com\/en\/traditional-music-tarkeadas-and-pinkilladas\/","url":"https:\/\/www.apulaya.com\/en\/traditional-music-tarkeadas-and-pinkilladas\/","name":"Music that propitiates the fertility - Tarkeadas and pinkilladas","isPartOf":{"@id":"https:\/\/www.apulaya.com\/en\/#website"},"datePublished":"2013-12-04T16:53:24+00:00","dateModified":"2016-01-04T15:24:14+00:00","breadcrumb":{"@id":"https:\/\/www.apulaya.com\/en\/traditional-music-tarkeadas-and-pinkilladas\/#breadcrumb"},"inLanguage":"es","potentialAction":[{"@type":"ReadAction","target":["https:\/\/www.apulaya.com\/en\/traditional-music-tarkeadas-and-pinkilladas\/"]}]},{"@type":"BreadcrumbList","@id":"https:\/\/www.apulaya.com\/en\/traditional-music-tarkeadas-and-pinkilladas\/#breadcrumb","itemListElement":[{"@type":"ListItem","position":1,"name":"Home","item":"https:\/\/www.apulaya.com\/en\/"},{"@type":"ListItem","position":2,"name":"Music that propitiates the fertility &#8211; Tarkeadas and pinkilladas"}]},{"@type":"WebSite","@id":"https:\/\/www.apulaya.com\/en\/#website","url":"https:\/\/www.apulaya.com\/en\/","name":"Apulaya","description":"Centro para la Cultura Andina","publisher":{"@id":"https:\/\/www.apulaya.com\/en\/#organization"},"potentialAction":[{"@type":"SearchAction","target":{"@type":"EntryPoint","urlTemplate":"https:\/\/www.apulaya.com\/en\/?s={search_term_string}"},"query-input":"required name=search_term_string"}],"inLanguage":"es"},{"@type":"Organization","@id":"https:\/\/www.apulaya.com\/en\/#organization","name":"Apulaya Center for Andean Culture","url":"https:\/\/www.apulaya.com\/en\/","logo":{"@type":"ImageObject","inLanguage":"es","@id":"https:\/\/www.apulaya.com\/en\/#\/schema\/logo\/image\/","url":"https:\/\/www.apulaya.com\/wp-content\/uploads\/2023\/01\/Apulaya_logo2.png","contentUrl":"https:\/\/www.apulaya.com\/wp-content\/uploads\/2023\/01\/Apulaya_logo2.png","width":1080,"height":629,"caption":"Apulaya Center for Andean Culture"},"image":{"@id":"https:\/\/www.apulaya.com\/en\/#\/schema\/logo\/image\/"},"sameAs":["https:\/\/www.facebook.com\/apulaya.andean.culture"]}]}},"_links":{"self":[{"href":"https:\/\/www.apulaya.com\/es\/wp-json\/wp\/v2\/pages\/113"}],"collection":[{"href":"https:\/\/www.apulaya.com\/es\/wp-json\/wp\/v2\/pages"}],"about":[{"href":"https:\/\/www.apulaya.com\/es\/wp-json\/wp\/v2\/types\/page"}],"author":[{"embeddable":true,"href":"https:\/\/www.apulaya.com\/es\/wp-json\/wp\/v2\/users\/1"}],"replies":[{"embeddable":true,"href":"https:\/\/www.apulaya.com\/es\/wp-json\/wp\/v2\/comments?post=113"}],"version-history":[{"count":0,"href":"https:\/\/www.apulaya.com\/es\/wp-json\/wp\/v2\/pages\/113\/revisions"}],"wp:attachment":[{"href":"https:\/\/www.apulaya.com\/es\/wp-json\/wp\/v2\/media?parent=113"}],"curies":[{"name":"wp","href":"https:\/\/api.w.org\/{rel}","templated":true}]}}