{"id":112,"date":"2013-12-04T16:52:54","date_gmt":"2013-12-04T16:52:54","guid":{"rendered":"http:\/\/www.apulaya.com\/es\/?page_id=112"},"modified":"2016-01-04T09:38:27","modified_gmt":"2016-01-04T14:38:27","slug":"traditional-music-sikureada","status":"publish","type":"page","link":"https:\/\/www.apulaya.com\/es\/musica-tradicional-sikureada\/","title":{"rendered":"Sikureada &#8211; La fuerza de la m\u00fasica ind\u00edgena"},"content":{"rendered":"<p><\/p>\n<h1>SIKUREADA &#8211; LA FUERZA DE LA MUSICA INDIGENA<\/h1>\n<h2>CURSOS Y TALLERES<\/h2>\n<p><img loading=\"lazy\" decoding=\"async\" src=\"http:\/\/www.apulaya.com\/wp-content\/uploads\/2013\/12\/sikureada.jpg\" alt=\"sikureada\" width=\"974\" height=\"170\" \/><\/p>\n<p>Interrelaci\u00f3n entre lo masculino y femenino, como principio del pensamiento dual, interpretando m\u00fasica, bajo principios de colectividad, igualdad e inclusividad.<\/p>\n<p>\u00a1Conozca y aprenda a interpretar este legado musical ancestral!<\/p>\n<p>El Siku o flauta de pan tradicional est\u00e1 conformado por dos Hileras: Arka (Macho) e Ira (Hembra). Para engendrar la melod\u00eda, estas dos hileras deben interactuar por medio de dos ejecutantes (Cada uno toca una hilera). Esta acci\u00f3n es denominada el \u201ctrenzado\u201d o \u201ctrenzar\u201d, y sirve de pilar al desarrollo mel\u00f3dico.<\/p>\n<p>La m\u00fasica producida con estas flautas se denomina Sikureada, y su pr\u00e1ctica proviene de la regi\u00f3n del altiplano.<\/p>\n<p><strong>Instrumentaci\u00f3n:<\/strong> Tropa de sikus &#8211; Conjunto de flautas de pan tradicionales, bombos, tambor sikuri y trompetas tradicionales.<\/p>\n<p><strong>Dificultad:<\/strong> No se requiere ninguna experiencia musical.<\/p>\n<h3>Noche de Sikuri: Una experiencia musical inolvidable<\/h3>\n<p>Programa de extensi\u00f3n (Opcional y recomendable para grupos, con una duraci\u00f3n m\u00ednima de 2D\/1N).<\/p>\n<h3>Highlihts:<\/h3>\n<ul>\n<li>Tocaremos m\u00fasica en el Valle Sagrado de los Incas rodeado de monta\u00f1as sagradas, naturaleza y tranquilidad*.<\/li>\n<li>Velada nocturna, interpretaremos tarkeadas y pinkilladas alrededor de fogatas bajo las estrellas y la v\u00eda \u2013 l\u00e1ctea*.<\/li>\n<li>Disponibilidad de vestuarios de m\u00fasicos tradicionales*.<\/li>\n<\/ul>\n<div class=\"videoCenter\">\n<p><iframe loading=\"lazy\" style=\"max-width: 466px; padding: 0 1%; display: block; margin: auto;\" src=\"\/\/www.youtube.com\/embed\/-hc1FcQLrHk\" width=\"98%\" height=\"305\" frameborder=\"0\" allowfullscreen=\"allowfullscreen\"><\/iframe><\/p>\n<h4>Inolvidables sesiones de m\u00fasica sikuri en el<br \/> Centro Cultural Apulaya: Groove, color y magia musical<\/h4>\n<\/div>\n<div class=\"videoCenter\">\n<p><iframe loading=\"lazy\" style=\"max-width: 466px; padding: 0 1%; display: block; margin: auto;\" src=\"\/\/www.youtube.com\/embed\/h3p-CWbUG88\" width=\"98%\" height=\"305\" frameborder=\"0\" allowfullscreen=\"allowfullscreen\"><\/iframe><\/p>\n<\/div>\n<div class=\"clear\">\u00a0<\/div>\n<p><\/p>","protected":false},"excerpt":{"rendered":"<p>SIKUREADA &#8211; LA FUERZA DE LA MUSICA INDIGENA CURSOS Y TALLERES Interrelaci\u00f3n entre lo masculino y femenino, como principio del pensamiento dual, interpretando m\u00fasica, bajo principios de colectividad, igualdad e inclusividad. \u00a1Conozca y aprenda a interpretar este legado musical ancestral! El Siku o flauta de pan tradicional est\u00e1 conformado por dos Hileras: Arka (Macho) e [&hellip;]<\/p>\n","protected":false},"author":1,"featured_media":0,"parent":0,"menu_order":0,"comment_status":"open","ping_status":"open","template":"music.php","meta":{"footnotes":""},"yoast_head":"<!-- This site is optimized with the Yoast SEO plugin v21.5 - https:\/\/yoast.com\/wordpress\/plugins\/seo\/ -->\n<title>Sikureada - Der Power der indigenen Musik - Apulaya<\/title>\n<meta name=\"robots\" content=\"index, follow, max-snippet:-1, max-image-preview:large, max-video-preview:-1\" \/>\n<link rel=\"canonical\" href=\"https:\/\/www.apulaya.com\/de\/indigene-musik-sikureada\/\" \/>\n<meta property=\"og:locale\" content=\"es_ES\" \/>\n<meta property=\"og:type\" content=\"article\" \/>\n<meta property=\"og:title\" content=\"Sikureada - Der Power der indigenen Musik - Apulaya\" \/>\n<meta property=\"og:description\" content=\"SIKUREADA &#8211; LA FUERZA DE LA MUSICA INDIGENA CURSOS Y TALLERES Interrelaci\u00f3n entre lo masculino y femenino, como principio del pensamiento dual, interpretando m\u00fasica, bajo principios de colectividad, igualdad e inclusividad. \u00a1Conozca y aprenda a interpretar este legado musical ancestral! El Siku o flauta de pan tradicional est\u00e1 conformado por dos Hileras: Arka (Macho) e [&hellip;]\" \/>\n<meta property=\"og:url\" content=\"https:\/\/www.apulaya.com\/de\/indigene-musik-sikureada\/\" \/>\n<meta property=\"og:site_name\" content=\"Apulaya\" \/>\n<meta property=\"article:publisher\" content=\"https:\/\/www.facebook.com\/apulaya.andean.culture\" \/>\n<meta property=\"article:modified_time\" content=\"2016-01-04T14:38:27+00:00\" \/>\n<meta property=\"og:image\" content=\"http:\/\/www.apulaya.com\/wp-content\/uploads\/2013\/12\/sikureada.jpg\" \/>\n<meta name=\"twitter:card\" content=\"summary_large_image\" \/>\n<meta name=\"twitter:label1\" content=\"Tiempo de lectura\" \/>\n\t<meta name=\"twitter:data1\" content=\"3 minutos\" \/>\n<script type=\"application\/ld+json\" class=\"yoast-schema-graph\">{\"@context\":\"https:\/\/schema.org\",\"@graph\":[{\"@type\":\"WebPage\",\"@id\":\"https:\/\/www.apulaya.com\/de\/indigene-musik-sikureada\/\",\"url\":\"https:\/\/www.apulaya.com\/de\/indigene-musik-sikureada\/\",\"name\":\"Sikureada - Der Power der indigenen Musik - Apulaya\",\"isPartOf\":{\"@id\":\"https:\/\/www.apulaya.com\/en\/#website\"},\"datePublished\":\"2013-12-04T16:52:54+00:00\",\"dateModified\":\"2016-01-04T14:38:27+00:00\",\"breadcrumb\":{\"@id\":\"https:\/\/www.apulaya.com\/de\/indigene-musik-sikureada\/#breadcrumb\"},\"inLanguage\":\"es\",\"potentialAction\":[{\"@type\":\"ReadAction\",\"target\":[\"https:\/\/www.apulaya.com\/de\/indigene-musik-sikureada\/\"]}]},{\"@type\":\"BreadcrumbList\",\"@id\":\"https:\/\/www.apulaya.com\/de\/indigene-musik-sikureada\/#breadcrumb\",\"itemListElement\":[{\"@type\":\"ListItem\",\"position\":1,\"name\":\"Home\",\"item\":\"https:\/\/www.apulaya.com\/en\/\"},{\"@type\":\"ListItem\",\"position\":2,\"name\":\"Sikureada &#8211; Der Power der indigenen Musik\"}]},{\"@type\":\"WebSite\",\"@id\":\"https:\/\/www.apulaya.com\/en\/#website\",\"url\":\"https:\/\/www.apulaya.com\/en\/\",\"name\":\"Apulaya\",\"description\":\"Centro para la Cultura Andina\",\"publisher\":{\"@id\":\"https:\/\/www.apulaya.com\/en\/#organization\"},\"potentialAction\":[{\"@type\":\"SearchAction\",\"target\":{\"@type\":\"EntryPoint\",\"urlTemplate\":\"https:\/\/www.apulaya.com\/en\/?s={search_term_string}\"},\"query-input\":\"required name=search_term_string\"}],\"inLanguage\":\"es\"},{\"@type\":\"Organization\",\"@id\":\"https:\/\/www.apulaya.com\/en\/#organization\",\"name\":\"Apulaya Center for Andean Culture\",\"url\":\"https:\/\/www.apulaya.com\/en\/\",\"logo\":{\"@type\":\"ImageObject\",\"inLanguage\":\"es\",\"@id\":\"https:\/\/www.apulaya.com\/en\/#\/schema\/logo\/image\/\",\"url\":\"https:\/\/www.apulaya.com\/wp-content\/uploads\/2023\/01\/Apulaya_logo2.png\",\"contentUrl\":\"https:\/\/www.apulaya.com\/wp-content\/uploads\/2023\/01\/Apulaya_logo2.png\",\"width\":1080,\"height\":629,\"caption\":\"Apulaya Center for Andean Culture\"},\"image\":{\"@id\":\"https:\/\/www.apulaya.com\/en\/#\/schema\/logo\/image\/\"},\"sameAs\":[\"https:\/\/www.facebook.com\/apulaya.andean.culture\"]}]}<\/script>\n<!-- \/ Yoast SEO plugin. -->","yoast_head_json":{"title":"Sikureada - Der Power der indigenen Musik - Apulaya","robots":{"index":"index","follow":"follow","max-snippet":"max-snippet:-1","max-image-preview":"max-image-preview:large","max-video-preview":"max-video-preview:-1"},"canonical":"https:\/\/www.apulaya.com\/de\/indigene-musik-sikureada\/","og_locale":"es_ES","og_type":"article","og_title":"Sikureada - Der Power der indigenen Musik - Apulaya","og_description":"SIKUREADA &#8211; LA FUERZA DE LA MUSICA INDIGENA CURSOS Y TALLERES Interrelaci\u00f3n entre lo masculino y femenino, como principio del pensamiento dual, interpretando m\u00fasica, bajo principios de colectividad, igualdad e inclusividad. \u00a1Conozca y aprenda a interpretar este legado musical ancestral! El Siku o flauta de pan tradicional est\u00e1 conformado por dos Hileras: Arka (Macho) e [&hellip;]","og_url":"https:\/\/www.apulaya.com\/de\/indigene-musik-sikureada\/","og_site_name":"Apulaya","article_publisher":"https:\/\/www.facebook.com\/apulaya.andean.culture","article_modified_time":"2016-01-04T14:38:27+00:00","og_image":[{"url":"http:\/\/www.apulaya.com\/wp-content\/uploads\/2013\/12\/sikureada.jpg"}],"twitter_card":"summary_large_image","twitter_misc":{"Tiempo de lectura":"3 minutos"},"schema":{"@context":"https:\/\/schema.org","@graph":[{"@type":"WebPage","@id":"https:\/\/www.apulaya.com\/de\/indigene-musik-sikureada\/","url":"https:\/\/www.apulaya.com\/de\/indigene-musik-sikureada\/","name":"Sikureada - Der Power der indigenen Musik - Apulaya","isPartOf":{"@id":"https:\/\/www.apulaya.com\/en\/#website"},"datePublished":"2013-12-04T16:52:54+00:00","dateModified":"2016-01-04T14:38:27+00:00","breadcrumb":{"@id":"https:\/\/www.apulaya.com\/de\/indigene-musik-sikureada\/#breadcrumb"},"inLanguage":"es","potentialAction":[{"@type":"ReadAction","target":["https:\/\/www.apulaya.com\/de\/indigene-musik-sikureada\/"]}]},{"@type":"BreadcrumbList","@id":"https:\/\/www.apulaya.com\/de\/indigene-musik-sikureada\/#breadcrumb","itemListElement":[{"@type":"ListItem","position":1,"name":"Home","item":"https:\/\/www.apulaya.com\/en\/"},{"@type":"ListItem","position":2,"name":"Sikureada &#8211; Der Power der indigenen Musik"}]},{"@type":"WebSite","@id":"https:\/\/www.apulaya.com\/en\/#website","url":"https:\/\/www.apulaya.com\/en\/","name":"Apulaya","description":"Centro para la Cultura Andina","publisher":{"@id":"https:\/\/www.apulaya.com\/en\/#organization"},"potentialAction":[{"@type":"SearchAction","target":{"@type":"EntryPoint","urlTemplate":"https:\/\/www.apulaya.com\/en\/?s={search_term_string}"},"query-input":"required name=search_term_string"}],"inLanguage":"es"},{"@type":"Organization","@id":"https:\/\/www.apulaya.com\/en\/#organization","name":"Apulaya Center for Andean Culture","url":"https:\/\/www.apulaya.com\/en\/","logo":{"@type":"ImageObject","inLanguage":"es","@id":"https:\/\/www.apulaya.com\/en\/#\/schema\/logo\/image\/","url":"https:\/\/www.apulaya.com\/wp-content\/uploads\/2023\/01\/Apulaya_logo2.png","contentUrl":"https:\/\/www.apulaya.com\/wp-content\/uploads\/2023\/01\/Apulaya_logo2.png","width":1080,"height":629,"caption":"Apulaya Center for Andean Culture"},"image":{"@id":"https:\/\/www.apulaya.com\/en\/#\/schema\/logo\/image\/"},"sameAs":["https:\/\/www.facebook.com\/apulaya.andean.culture"]}]}},"_links":{"self":[{"href":"https:\/\/www.apulaya.com\/es\/wp-json\/wp\/v2\/pages\/112"}],"collection":[{"href":"https:\/\/www.apulaya.com\/es\/wp-json\/wp\/v2\/pages"}],"about":[{"href":"https:\/\/www.apulaya.com\/es\/wp-json\/wp\/v2\/types\/page"}],"author":[{"embeddable":true,"href":"https:\/\/www.apulaya.com\/es\/wp-json\/wp\/v2\/users\/1"}],"replies":[{"embeddable":true,"href":"https:\/\/www.apulaya.com\/es\/wp-json\/wp\/v2\/comments?post=112"}],"version-history":[{"count":0,"href":"https:\/\/www.apulaya.com\/es\/wp-json\/wp\/v2\/pages\/112\/revisions"}],"wp:attachment":[{"href":"https:\/\/www.apulaya.com\/es\/wp-json\/wp\/v2\/media?parent=112"}],"curies":[{"name":"wp","href":"https:\/\/api.w.org\/{rel}","templated":true}]}}