{"id":191,"date":"2013-12-06T15:12:55","date_gmt":"2013-12-06T15:12:55","guid":{"rendered":"http:\/\/www.apulaya.com\/es\/?page_id=191"},"modified":"2016-01-04T09:33:34","modified_gmt":"2016-01-04T14:33:34","slug":"zampona-courses","status":"publish","type":"page","link":"https:\/\/www.apulaya.com\/en\/popular-music-zampona\/","title":{"rendered":"Zampo\u00f1a Courses"},"content":{"rendered":"<p><\/p>\n<h1>ZAMPO\u00d1A (ANDEAN PAN FLUTE) &#8211; INDIVIDUAL COURSES AND WORKSHOP<\/h1>\n<h2>FEEL THE MAGIC OF ANDEAN FOLKLORE<\/h2>\n<table class=\"tablecontent\" border=\"0\" cellspacing=\"0\" cellpadding=\"0\">\n<tbody>\n<tr>\n<td>\n<p><img loading=\"lazy\" decoding=\"async\" class=\"alignleft\" src=\"http:\/\/www.apulaya.com\/wp-content\/uploads\/2013\/12\/populare-musik-zampona1.jpg\" alt=\"populare-musik-zampona1\" width=\"214\" height=\"243\" \/><\/p>\n<p>The zampo\u00f1a is one of the most popular instruments in South America, and it\u00b4s very easy to learn to play it.<\/p>\n<p>Enjoy interpreting unforgettable songs, such as El C\u00f3ndor Pasa, Camino de llamas, Canci\u00f3n y Huayno, and lots more. We\u00b4ll adapt the program according to your musical experience and interests.<\/p>\n<p>You\u00b4ll start to play your favorite song from the first lesson!<\/p>\n<p>As its origins date back to pre-Colombian times, the contemporaneous zampo\u00f1a, adapted to the academic musical system, comes in two versions: The diatonic and chromatic. Which one of these zampo\u00f1as is the most recommendable one to play? It all depends on the flute player and the style of music he\/she wants to play.<\/p>\n<p class=\"clear\">\u00a0<\/p>\n<p><img loading=\"lazy\" decoding=\"async\" class=\"alignleft\" src=\"http:\/\/www.apulaya.com\/wp-content\/uploads\/2013\/12\/populare-musik-zampona2.jpg\" alt=\"populare-musik-zampona2\" width=\"214\" height=\"243\" \/><\/p>\n<p>The zampo\u00f1a\u00b4s magic and fascination are in the syncretism between the academic and traditional musical systems, in their organology and execution technique.<\/p>\n<h3>PANORAMA OF THE THEMATIC CONTENT:<\/h3>\n<ul>\n<li>The Sinp\u00b4ay or braid &#8211; the musical interrelation technique.<\/li>\n<li>What types of sounds is it possible to obtain from the zampo\u00f1a?<\/li>\n<li>Different articulations, musical adornments and types of vibratos: Exercises and studies.<\/li>\n<li>Use of the chromatic zampo\u00f1a in the contemporaneous popular music.<\/li>\n<li>In general, popular songs are simple: How can we make them sound more complex and rich? We\u00b4ll learn the different forms of variations and their tricks.<\/li>\n<li>Introduction to the stylistic forms per regions and time periods.<\/li>\n<\/ul>\n<\/td>\n<\/tr>\n<\/tbody>\n<\/table>\n<table class=\"tableaudios\" border=\"0\" cellspacing=\"0\" cellpadding=\"0\">\n<tbody>\n<tr>\n<td colspan=\"2\">\n<h3>Listen Zampo\u00f1a<\/h3>\n<\/td>\n<\/tr>\n<tr>\n<td colspan=\"2\">\n<h4>Malta<\/h4>\n<\/td>\n<\/tr>\n<tr>\n<td>\n<p><strong>Fiesta, fiesta<\/strong><br \/> by Luz del ande<\/p>\n<\/td>\n<td><div class=\"sc_player_container1\"><input type=\"button\" id=\"btnplay_69e5dd92f386a4.39458050\" class=\"myButton_play\" onClick=\"play_mp3('play','69e5dd92f386a4.39458050','http:\/\/www.apulaya.com\/musica\/fiestafiesta.mp3','80','false');show_hide('play','69e5dd92f386a4.39458050');\" \/><input type=\"button\"  id=\"btnstop_69e5dd92f386a4.39458050\" style=\"display:none\" class=\"myButton_stop\" onClick=\"play_mp3('stop','69e5dd92f386a4.39458050','','80','false');show_hide('stop','69e5dd92f386a4.39458050');\" \/><div id=\"sm2-container\"><!-- flash movie ends up here --><\/div><\/div><\/td>\n<\/tr>\n<tr>\n<td>\n<p><strong>Jueves de oto\u00f1o<\/strong><br \/> by Latinoam\u00e9rica<\/p>\n<\/td>\n<td><div class=\"sc_player_container1\"><input type=\"button\" id=\"btnplay_69e5dd92f388c4.38360545\" class=\"myButton_play\" onClick=\"play_mp3('play','69e5dd92f388c4.38360545','http:\/\/www.apulaya.com\/musica\/juevesdeotono.mp3','80','false');show_hide('play','69e5dd92f388c4.38360545');\" \/><input type=\"button\"  id=\"btnstop_69e5dd92f388c4.38360545\" style=\"display:none\" class=\"myButton_stop\" onClick=\"play_mp3('stop','69e5dd92f388c4.38360545','','80','false');show_hide('stop','69e5dd92f388c4.38360545');\" \/><div id=\"sm2-container\"><!-- flash movie ends up here --><\/div><\/div><\/td>\n<\/tr>\n<tr>\n<td>\n<p><strong>Susurro<\/strong><br \/> by Perumanta<\/p>\n<\/td>\n<td><div class=\"sc_player_container1\"><input type=\"button\" id=\"btnplay_69e5dd92f38ab2.49103265\" class=\"myButton_play\" onClick=\"play_mp3('play','69e5dd92f38ab2.49103265','http:\/\/www.apulaya.com\/musica\/susurro.mp3','80','false');show_hide('play','69e5dd92f38ab2.49103265');\" \/><input type=\"button\"  id=\"btnstop_69e5dd92f38ab2.49103265\" style=\"display:none\" class=\"myButton_stop\" onClick=\"play_mp3('stop','69e5dd92f38ab2.49103265','','80','false');show_hide('stop','69e5dd92f38ab2.49103265');\" \/><div id=\"sm2-container\"><!-- flash movie ends up here --><\/div><\/div><\/td>\n<\/tr>\n<tr>\n<td>\n<p><strong>Pampa lirimac<\/strong><br \/> by Qampy<\/p>\n<\/td>\n<td><div class=\"sc_player_container1\"><input type=\"button\" id=\"btnplay_69e5dd92f38cb1.05627581\" class=\"myButton_play\" onClick=\"play_mp3('play','69e5dd92f38cb1.05627581','http:\/\/www.apulaya.com\/musica\/pampalirimac.mp3','80','false');show_hide('play','69e5dd92f38cb1.05627581');\" \/><input type=\"button\"  id=\"btnstop_69e5dd92f38cb1.05627581\" style=\"display:none\" class=\"myButton_stop\" onClick=\"play_mp3('stop','69e5dd92f38cb1.05627581','','80','false');show_hide('stop','69e5dd92f38cb1.05627581');\" \/><div id=\"sm2-container\"><!-- flash movie ends up here --><\/div><\/div><\/td>\n<\/tr>\n<tr>\n<td colspan=\"2\">\n<h4>Basto<\/h4>\n<\/td>\n<\/tr>\n<tr>\n<td>\n<p><strong>Hombres y pueblos<\/strong><br \/> by Savia Andina<\/p>\n<\/td>\n<td><div class=\"sc_player_container1\"><input type=\"button\" id=\"btnplay_69e5dd92f38ec4.04580101\" class=\"myButton_play\" onClick=\"play_mp3('play','69e5dd92f38ec4.04580101','http:\/\/www.apulaya.com\/musica\/hombresypueblos.mp3','80','false');show_hide('play','69e5dd92f38ec4.04580101');\" \/><input type=\"button\"  id=\"btnstop_69e5dd92f38ec4.04580101\" style=\"display:none\" class=\"myButton_stop\" onClick=\"play_mp3('stop','69e5dd92f38ec4.04580101','','80','false');show_hide('stop','69e5dd92f38ec4.04580101');\" \/><div id=\"sm2-container\"><!-- flash movie ends up here --><\/div><\/div><\/td>\n<\/tr>\n<tr>\n<td colspan=\"2\">\n<h4>Toyo<\/h4>\n<\/td>\n<\/tr>\n<tr>\n<td>\n<p><strong>Atacame\u00f1os<br \/><\/strong>by Tarpuy<\/p>\n<\/td>\n<td><div class=\"sc_player_container1\"><input type=\"button\" id=\"btnplay_69e5dd92f390e3.10521010\" class=\"myButton_play\" onClick=\"play_mp3('play','69e5dd92f390e3.10521010','http:\/\/www.apulaya.com\/musica\/atacamenos.mp3','80','false');show_hide('play','69e5dd92f390e3.10521010');\" \/><input type=\"button\"  id=\"btnstop_69e5dd92f390e3.10521010\" style=\"display:none\" class=\"myButton_stop\" onClick=\"play_mp3('stop','69e5dd92f390e3.10521010','','80','false');show_hide('stop','69e5dd92f390e3.10521010');\" \/><div id=\"sm2-container\"><!-- flash movie ends up here --><\/div><\/div><\/td>\n<\/tr>\n<\/tbody>\n<\/table>\n<table class=\"tablemusicaandina\" border=\"0\" cellspacing=\"0\" cellpadding=\"0\">\n<tbody>\n<tr>\n<td colspan=\"2\">\n<h2>The Family of Zampo\u00f1a in Detail<\/h2>\n<h3>THE DIATONIC ZAMPO\u00d1A<\/h3>\n<p>The zampo\u00f1a is composed of two rows of pipes; Arka and Ira.<\/p>\n<p>In general, the materials used in its making are bamboo canes from tropical areas. The varieties we present here are the standardized ones, within the Andes\u00b4 urban music.<\/p>\n<p>The most common tuning, used by the musicians, is G and this is, for all sizes. The denominations for each size we use here, are the ones mostly used in musical scenes, as the variations can be given, according to the geographical environment, language, time period or even, to the musical groups.<\/p>\n<p>The same thing goes with the sizes that can have very slight variations.<\/p>\n<h4>Register<\/h4>\n<p style=\"text-align: center;\"><img loading=\"lazy\" decoding=\"async\" class=\"aligncenter\" src=\"http:\/\/www.apulaya.com\/wp-content\/uploads\/2013\/12\/populare-musik-zampona9.jpg\" alt=\"populare-musik-zampona9\" width=\"512\" height=\"121\" \/><\/p>\n<\/td>\n<\/tr>\n<tr>\n<td>\n<p><img loading=\"lazy\" decoding=\"async\" class=\"alignleft\" src=\"http:\/\/www.apulaya.com\/wp-content\/uploads\/2013\/12\/populare-musik-zampona3.jpg\" alt=\"populare-musik-zampona3\" width=\"150\" height=\"170\" \/><\/p>\n<h4>Malta<\/h4>\n<p>The malta is the predominant instrument in the Andean urban folklore and its average size is of 28.50 cm. for the largest pipe. Commonly, the Arka is made of 7 pipes and the Ira, of 6 (Maltaof 6, 7). However, among musicians, it also is frequent to see maltas of 8 and 7 or 9 and 8 pipes.<\/p>\n<\/td>\n<td>\n<h3>Register<\/h3>\n<p><img loading=\"lazy\" decoding=\"async\" src=\"http:\/\/www.apulaya.com\/wp-content\/uploads\/2013\/12\/populare-musik-zampona10.jpg\" alt=\"populare-musik-zampona10\" width=\"214\" height=\"143\" \/><\/p>\n<\/td>\n<\/tr>\n<tr>\n<td>\n<p><img loading=\"lazy\" decoding=\"async\" class=\"alignleft\" src=\"http:\/\/www.apulaya.com\/wp-content\/uploads\/2013\/12\/populare-musik-zampona4.jpg\" alt=\"populare-musik-zampona4\" width=\"214\" height=\"161\" \/><\/p>\n<h4>Basto<\/h4>\n<p>It is an excellent complement to the malta and the size of a 6,7 basto, is of about 58 cm. in average. For the rest, the tuning and distribution of the notes of the scale obey to the same principle than that of the malta. In general, its intervention is done giving the octave and counterpoint to the other wind instruments or as a background to a voice.<\/p>\n<\/td>\n<td>\n<h3>Register<\/h3>\n<p><img loading=\"lazy\" decoding=\"async\" src=\"http:\/\/www.apulaya.com\/wp-content\/uploads\/2013\/12\/populare-musik-zampona11.jpg\" alt=\"populare-musik-zampona11\" width=\"214\" height=\"143\" \/><\/p>\n<\/td>\n<\/tr>\n<tr>\n<td>\n<p><img loading=\"lazy\" decoding=\"async\" class=\"alignleft\" src=\"http:\/\/www.apulaya.com\/wp-content\/uploads\/2013\/12\/populare-musik-zampona5.jpg\" alt=\"populare-musik-zampona5\" width=\"214\" height=\"143\" \/><\/p>\n<h4>CHILI<\/h4>\n<p>The chili is the smallest of the family and its use, in popular groups, is sporadic. Sometimes, it is played as a solo, in some part of a song or simultaneously, with other instruments and especially, with wind instruments. Its average size is of 14 cm.<\/p>\n<\/td>\n<td>\n<h3>Register<\/h3>\n<p><img loading=\"lazy\" decoding=\"async\" src=\"http:\/\/www.apulaya.com\/wp-content\/uploads\/2013\/12\/populare-musik-zampona12.jpg\" alt=\"populare-musik-zampona12\" width=\"214\" height=\"123\" \/><\/p>\n<\/td>\n<\/tr>\n<tr>\n<td>\n<h4>TOYO<\/h4>\n<p>The toyo is the largest instrument in the pan flute family and its size can reach 1.35 m. In general, it is used as a soloist instrument, played by two musicians. In the region of Puno and Bolivia, there are traditional style ensembles, with a minimum of 12 members, composed of percussions and toyos.<\/p>\n<\/td>\n<td>\n<h3>Register<\/h3>\n<p><img loading=\"lazy\" decoding=\"async\" src=\"http:\/\/www.apulaya.com\/wp-content\/uploads\/2013\/12\/populare-musik-zampona13.jpg\" alt=\"populare-musik-zampona13\" width=\"214\" height=\"143\" \/><\/p>\n<\/td>\n<\/tr>\n<tr>\n<td colspan=\"2\">\n<p><img loading=\"lazy\" decoding=\"async\" class=\"alignleft\" src=\"http:\/\/www.apulaya.com\/wp-content\/uploads\/2013\/12\/populare-musik-zampona7.jpg\" alt=\"populare-musik-zampona7\" width=\"214\" height=\"143\" \/><\/p>\n<h2>THE CHROMATIC ZAMPO\u00d1A<\/h2>\n<p>The chromatic zampo\u00f1a is an extension of the diatonic pan flute previously described.<\/p>\n<p>It has the twelve half tones which give it the equivalence to any modern universal instrument.<\/p>\n<p>Regarding the rows of pipes, the zampo\u00f1a we use is of two rows. However, there also are other versions. As far as the size is concerned, in general, the medium size chromatic zampo\u00f1a already is a combination of malta and chili.<\/p>\n<\/td>\n<\/tr>\n<\/tbody>\n<\/table>\n<p><\/p>","protected":false},"excerpt":{"rendered":"<p>ZAMPO\u00d1A (ANDEAN PAN FLUTE) &#8211; INDIVIDUAL COURSES AND WORKSHOP FEEL THE MAGIC OF ANDEAN FOLKLORE The zampo\u00f1a is one of the most popular instruments in South America, and it\u00b4s very easy to learn to play it. Enjoy interpreting unforgettable songs, such as El C\u00f3ndor Pasa, Camino de llamas, Canci\u00f3n y Huayno, and lots more. We\u00b4ll [&hellip;]<\/p>\n","protected":false},"author":1,"featured_media":0,"parent":0,"menu_order":0,"comment_status":"open","ping_status":"open","template":"folklore.php","meta":{"footnotes":""},"yoast_head":"<!-- This site is optimized with the Yoast SEO plugin v21.5 - https:\/\/yoast.com\/wordpress\/plugins\/seo\/ -->\n<title>Cursos de Zampo\u00f1a - Apulaya<\/title>\n<meta name=\"robots\" content=\"index, follow, max-snippet:-1, max-image-preview:large, max-video-preview:-1\" \/>\n<link rel=\"canonical\" href=\"https:\/\/www.apulaya.com\/es\/musica-popular-zampona\/\" \/>\n<meta property=\"og:locale\" content=\"en_US\" \/>\n<meta property=\"og:type\" content=\"article\" \/>\n<meta property=\"og:title\" content=\"Cursos de Zampo\u00f1a - Apulaya\" \/>\n<meta property=\"og:description\" content=\"ZAMPO\u00d1A (ANDEAN PAN FLUTE) &#8211; INDIVIDUAL COURSES AND WORKSHOP FEEL THE MAGIC OF ANDEAN FOLKLORE The zampo\u00f1a is one of the most popular instruments in South America, and it\u00b4s very easy to learn to play it. Enjoy interpreting unforgettable songs, such as El C\u00f3ndor Pasa, Camino de llamas, Canci\u00f3n y Huayno, and lots more. We\u00b4ll [&hellip;]\" \/>\n<meta property=\"og:url\" content=\"https:\/\/www.apulaya.com\/es\/musica-popular-zampona\/\" \/>\n<meta property=\"og:site_name\" content=\"Apulaya\" \/>\n<meta property=\"article:publisher\" content=\"https:\/\/www.facebook.com\/apulaya.andean.culture\" \/>\n<meta property=\"article:modified_time\" content=\"2016-01-04T14:33:34+00:00\" \/>\n<meta property=\"og:image\" content=\"http:\/\/www.apulaya.com\/wp-content\/uploads\/2013\/12\/populare-musik-zampona1.jpg\" \/>\n<meta name=\"twitter:card\" content=\"summary_large_image\" \/>\n<meta name=\"twitter:label1\" content=\"Est. reading time\" \/>\n\t<meta name=\"twitter:data1\" content=\"12 minutes\" \/>\n<script type=\"application\/ld+json\" class=\"yoast-schema-graph\">{\"@context\":\"https:\/\/schema.org\",\"@graph\":[{\"@type\":\"WebPage\",\"@id\":\"https:\/\/www.apulaya.com\/es\/musica-popular-zampona\/\",\"url\":\"https:\/\/www.apulaya.com\/es\/musica-popular-zampona\/\",\"name\":\"Cursos de Zampo\u00f1a - Apulaya\",\"isPartOf\":{\"@id\":\"https:\/\/www.apulaya.com\/en\/#website\"},\"datePublished\":\"2013-12-06T15:12:55+00:00\",\"dateModified\":\"2016-01-04T14:33:34+00:00\",\"breadcrumb\":{\"@id\":\"https:\/\/www.apulaya.com\/es\/musica-popular-zampona\/#breadcrumb\"},\"inLanguage\":\"en-US\",\"potentialAction\":[{\"@type\":\"ReadAction\",\"target\":[\"https:\/\/www.apulaya.com\/es\/musica-popular-zampona\/\"]}]},{\"@type\":\"BreadcrumbList\",\"@id\":\"https:\/\/www.apulaya.com\/es\/musica-popular-zampona\/#breadcrumb\",\"itemListElement\":[{\"@type\":\"ListItem\",\"position\":1,\"name\":\"Home\",\"item\":\"https:\/\/www.apulaya.com\/en\/\"},{\"@type\":\"ListItem\",\"position\":2,\"name\":\"Cursos de Zampo\u00f1a\"}]},{\"@type\":\"WebSite\",\"@id\":\"https:\/\/www.apulaya.com\/en\/#website\",\"url\":\"https:\/\/www.apulaya.com\/en\/\",\"name\":\"Apulaya\",\"description\":\"Center for Andean Cuture\",\"publisher\":{\"@id\":\"https:\/\/www.apulaya.com\/en\/#organization\"},\"potentialAction\":[{\"@type\":\"SearchAction\",\"target\":{\"@type\":\"EntryPoint\",\"urlTemplate\":\"https:\/\/www.apulaya.com\/en\/?s={search_term_string}\"},\"query-input\":\"required name=search_term_string\"}],\"inLanguage\":\"en-US\"},{\"@type\":\"Organization\",\"@id\":\"https:\/\/www.apulaya.com\/en\/#organization\",\"name\":\"Apulaya Center for Andean Culture\",\"url\":\"https:\/\/www.apulaya.com\/en\/\",\"logo\":{\"@type\":\"ImageObject\",\"inLanguage\":\"en-US\",\"@id\":\"https:\/\/www.apulaya.com\/en\/#\/schema\/logo\/image\/\",\"url\":\"https:\/\/www.apulaya.com\/wp-content\/uploads\/2023\/01\/Apulaya_logo2.png\",\"contentUrl\":\"https:\/\/www.apulaya.com\/wp-content\/uploads\/2023\/01\/Apulaya_logo2.png\",\"width\":1080,\"height\":629,\"caption\":\"Apulaya Center for Andean Culture\"},\"image\":{\"@id\":\"https:\/\/www.apulaya.com\/en\/#\/schema\/logo\/image\/\"},\"sameAs\":[\"https:\/\/www.facebook.com\/apulaya.andean.culture\"]}]}<\/script>\n<!-- \/ Yoast SEO plugin. -->","yoast_head_json":{"title":"Cursos de Zampo\u00f1a - Apulaya","robots":{"index":"index","follow":"follow","max-snippet":"max-snippet:-1","max-image-preview":"max-image-preview:large","max-video-preview":"max-video-preview:-1"},"canonical":"https:\/\/www.apulaya.com\/es\/musica-popular-zampona\/","og_locale":"en_US","og_type":"article","og_title":"Cursos de Zampo\u00f1a - Apulaya","og_description":"ZAMPO\u00d1A (ANDEAN PAN FLUTE) &#8211; INDIVIDUAL COURSES AND WORKSHOP FEEL THE MAGIC OF ANDEAN FOLKLORE The zampo\u00f1a is one of the most popular instruments in South America, and it\u00b4s very easy to learn to play it. Enjoy interpreting unforgettable songs, such as El C\u00f3ndor Pasa, Camino de llamas, Canci\u00f3n y Huayno, and lots more. We\u00b4ll [&hellip;]","og_url":"https:\/\/www.apulaya.com\/es\/musica-popular-zampona\/","og_site_name":"Apulaya","article_publisher":"https:\/\/www.facebook.com\/apulaya.andean.culture","article_modified_time":"2016-01-04T14:33:34+00:00","og_image":[{"url":"http:\/\/www.apulaya.com\/wp-content\/uploads\/2013\/12\/populare-musik-zampona1.jpg"}],"twitter_card":"summary_large_image","twitter_misc":{"Est. reading time":"12 minutes"},"schema":{"@context":"https:\/\/schema.org","@graph":[{"@type":"WebPage","@id":"https:\/\/www.apulaya.com\/es\/musica-popular-zampona\/","url":"https:\/\/www.apulaya.com\/es\/musica-popular-zampona\/","name":"Cursos de Zampo\u00f1a - Apulaya","isPartOf":{"@id":"https:\/\/www.apulaya.com\/en\/#website"},"datePublished":"2013-12-06T15:12:55+00:00","dateModified":"2016-01-04T14:33:34+00:00","breadcrumb":{"@id":"https:\/\/www.apulaya.com\/es\/musica-popular-zampona\/#breadcrumb"},"inLanguage":"en-US","potentialAction":[{"@type":"ReadAction","target":["https:\/\/www.apulaya.com\/es\/musica-popular-zampona\/"]}]},{"@type":"BreadcrumbList","@id":"https:\/\/www.apulaya.com\/es\/musica-popular-zampona\/#breadcrumb","itemListElement":[{"@type":"ListItem","position":1,"name":"Home","item":"https:\/\/www.apulaya.com\/en\/"},{"@type":"ListItem","position":2,"name":"Cursos de Zampo\u00f1a"}]},{"@type":"WebSite","@id":"https:\/\/www.apulaya.com\/en\/#website","url":"https:\/\/www.apulaya.com\/en\/","name":"Apulaya","description":"Center for Andean Cuture","publisher":{"@id":"https:\/\/www.apulaya.com\/en\/#organization"},"potentialAction":[{"@type":"SearchAction","target":{"@type":"EntryPoint","urlTemplate":"https:\/\/www.apulaya.com\/en\/?s={search_term_string}"},"query-input":"required name=search_term_string"}],"inLanguage":"en-US"},{"@type":"Organization","@id":"https:\/\/www.apulaya.com\/en\/#organization","name":"Apulaya Center for Andean Culture","url":"https:\/\/www.apulaya.com\/en\/","logo":{"@type":"ImageObject","inLanguage":"en-US","@id":"https:\/\/www.apulaya.com\/en\/#\/schema\/logo\/image\/","url":"https:\/\/www.apulaya.com\/wp-content\/uploads\/2023\/01\/Apulaya_logo2.png","contentUrl":"https:\/\/www.apulaya.com\/wp-content\/uploads\/2023\/01\/Apulaya_logo2.png","width":1080,"height":629,"caption":"Apulaya Center for Andean Culture"},"image":{"@id":"https:\/\/www.apulaya.com\/en\/#\/schema\/logo\/image\/"},"sameAs":["https:\/\/www.facebook.com\/apulaya.andean.culture"]}]}},"_links":{"self":[{"href":"https:\/\/www.apulaya.com\/en\/wp-json\/wp\/v2\/pages\/191"}],"collection":[{"href":"https:\/\/www.apulaya.com\/en\/wp-json\/wp\/v2\/pages"}],"about":[{"href":"https:\/\/www.apulaya.com\/en\/wp-json\/wp\/v2\/types\/page"}],"author":[{"embeddable":true,"href":"https:\/\/www.apulaya.com\/en\/wp-json\/wp\/v2\/users\/1"}],"replies":[{"embeddable":true,"href":"https:\/\/www.apulaya.com\/en\/wp-json\/wp\/v2\/comments?post=191"}],"version-history":[{"count":0,"href":"https:\/\/www.apulaya.com\/en\/wp-json\/wp\/v2\/pages\/191\/revisions"}],"wp:attachment":[{"href":"https:\/\/www.apulaya.com\/en\/wp-json\/wp\/v2\/media?parent=191"}],"curies":[{"name":"wp","href":"https:\/\/api.w.org\/{rel}","templated":true}]}}