{"id":63,"date":"2013-12-03T16:42:45","date_gmt":"2013-12-03T16:42:45","guid":{"rendered":"http:\/\/www.apulaya.com\/es\/?page_id=63"},"modified":"2023-06-02T17:36:27","modified_gmt":"2023-06-02T22:36:27","slug":"dates-and-rates-2013","status":"publish","type":"page","link":"https:\/\/www.apulaya.com\/de\/preise\/","title":{"rendered":"Kursdaten und Preisliste"},"content":{"rendered":"<p><\/p>\n<h1>Kursdaten und Preisliste<\/h1>\n<p>Unsere Tageskurse beginnen morgens um 9.00 Uhr und enden um 16.30 Uhr, und beinhalten eineinhalb Stunde Mittagspause. In allen Kursangeboten sind didaktische Materialien, Kaffee-pausen sowie Tees und Kaffees a Discretion inbegriffen, ebenso werden Musikinstrumente und\/oder Mal- und Webuntensilien zur Verf\u00fcgung gestellt.<\/p>\n<p>Alle unsere Angebote k\u00f6nnen auch wie Bausteine zusammengesetzt werden. Teilen Sie uns Ihre W\u00fcnsche mit, so stellen wir Ihnen gerne ein entsprechendes Programm zusammen.<\/p>\n<p>Studenten erhalten gegen Vorweisen eines international g\u00fcltigen Studentenausweises eine Erm\u00e4ssigung von 10 % der Kurspreise.<\/p>\n<table class=\"tablecontent\" border=\"0\" cellspacing=\"10\" cellpadding=\"0\">\n<tbody>\n<tr>\n<td>Auf Wunsch, bitte kontaktiere uns f\u00fcr detaillierte Information<\/p>\n<table class=\"tableprecios\" border=\"0\" cellspacing=\"0\" cellpadding=\"0\">\n<tbody>\n<tr>\n<td class=\"tabletitle\"><img loading=\"lazy\" decoding=\"async\" class=\"alignnone size-full wp-image-454\" src=\"http:\/\/www.apulaya.com\/wp-content\/uploads\/2013\/12\/form.gif\" alt=\"form\" width=\"25\" height=\"26\" \/><\/td>\n<td class=\"tabletitle\">\n<h2>Angebot und Dauer<\/h2>\n<\/td>\n<td class=\"tabletitle\" colspan=\"2\">\n<h3 style=\"text-align: center;\">Preise pro Person in US Dollar<\/h3>\n<\/td>\n<\/tr>\n<tr>\n<td class=\"subtitle\"><\/td>\n<td class=\"subtitle\">\n<h3>Kurse und Workshops im Zentrum<\/h3>\n<\/td>\n<td class=\"subtitle\">\n<h2>Individual<\/h2>\n<\/td>\n<td class=\"subtitle\">\n<h2>Gruppe<\/h2>\n<\/td>\n<\/tr>\n<tr>\n<td><a title=\"RESERVATIONEN\" href=\"http:\/\/www.apulaya.com\/de\/reservationen\/\">Einschreiben<\/a><\/td>\n<td>Tageskurs (6 lektionen)<\/td>\n<td>63.00<\/td>\n<td>42.00<\/td>\n<\/tr>\n<tr>\n<td><a title=\"RESERVATIONEN\" href=\"http:\/\/www.apulaya.com\/de\/reservationen\/\">Einschreiben<\/a><\/td>\n<td>Wochenkurs (5 Tage, 30 lektionen)<\/td>\n<td>300.00<\/td>\n<td>200.00<\/td>\n<\/tr>\n<tr>\n<td><a title=\"RESERVATIONEN\" href=\"http:\/\/www.apulaya.com\/de\/reservationen\/\">Einschreiben<\/a><\/td>\n<td>Monatskurs (4 Woche x 5 Tage, 120 lektionen)<\/td>\n<td>1100.00<\/td>\n<td>750.00<\/td>\n<\/tr>\n<tr>\n<td class=\"subtitle\"><\/td>\n<td class=\"subtitle\">\n<h3>Unterrichtsstunden v\u00eda Skype:<\/h3>\n<p>Quechua, Quena, Zampo\u00f1a, Cosmovisi\u00f3n andina<\/td>\n<td class=\"subtitle\"><\/td>\n<td class=\"subtitle\"><\/td>\n<\/tr>\n<tr>\n<td><a title=\"RESERVATIONEN\" href=\"http:\/\/www.apulaya.com\/de\/reservationen\/\">Einschreiben<\/a><\/td>\n<td>Skype-Lektion (50 minuten)<\/td>\n<td>13.00<\/td>\n<td><\/td>\n<\/tr>\n<tr>\n<td><a title=\"RESERVATIONEN\" href=\"http:\/\/www.apulaya.com\/de\/reservationen\/\">Einschreiben<\/a><\/td>\n<td>Skype-Paket (10 lektionen)<\/td>\n<td>120.00<\/td>\n<td><\/td>\n<\/tr>\n<tr>\n<td class=\"subtitle\"><\/td>\n<td class=\"subtitle\">\n<h3>Studienprogramme<\/h3>\n<\/td>\n<td class=\"subtitle\"><\/td>\n<td class=\"subtitle\"><\/td>\n<\/tr>\n<tr>\n<td><a title=\"RESERVATIONEN\" href=\"http:\/\/www.apulaya.com\/de\/reservationen\/\">Einschreiben<\/a><\/td>\n<td>Andine Textilkunst, Semesterstudium<\/td>\n<td colspan=\"2\">Pauschales Angebot:<br \/>\nBitte kontaktiere uns f\u00fcr detaillierte Information<\/td>\n<\/tr>\n<tr>\n<td><a title=\"RESERVATIONEN\" href=\"http:\/\/www.apulaya.com\/de\/reservationen\/\">Einschreiben<\/a><\/td>\n<td>Studium der indigenen andinen Kultur, Semester<\/td>\n<td colspan=\"2\">Pauschales Angebot:<br \/>\nBitte kontaktiere uns f\u00fcr detaillierte Information<\/td>\n<\/tr>\n<tr>\n<td class=\"subtitle\"><\/td>\n<td class=\"subtitle\">\n<h3>Spezielle Programme<\/h3>\n<\/td>\n<td class=\"subtitle\"><\/td>\n<td class=\"subtitle\"><\/td>\n<\/tr>\n<tr>\n<td><a title=\"RESERVATIONEN\" href=\"http:\/\/www.apulaya.com\/de\/reservationen\/\">Einschreiben<\/a><\/td>\n<td>Textilkunst und traditionelle Feier (im Juli, 3 Wochen)<\/td>\n<td colspan=\"2\">Pauschales Angebot:<br \/>\nBitte kontaktiere uns f\u00fcr detaillierte Information<\/td>\n<\/tr>\n<tr>\n<td><a title=\"RESERVATIONEN\" href=\"http:\/\/www.apulaya.com\/de\/reservationen\/\">Einschreiben<\/a><\/td>\n<td>Andine Musik und traditionelle Feier (im Juli, 3 Wochen)<\/td>\n<td colspan=\"2\">Pauschales Angebot:<br \/>\nBitte kontaktiere uns f\u00fcr detaillierte Information<\/td>\n<\/tr>\n<tr>\n<td class=\"subtitle\"><\/td>\n<td class=\"subtitle\">\n<h3>Extension programs: Excursiones y Tours<\/h3>\n<\/td>\n<td class=\"subtitle\"><\/td>\n<td class=\"subtitle\"><\/td>\n<\/tr>\n<tr>\n<td><a title=\"RESERVATIONEN\" href=\"http:\/\/www.apulaya.com\/de\/reservationen\/\">Einschreiben<\/a><\/td>\n<td>Besuch indigener Gemeinden<\/td>\n<td>Individualisiert<\/td>\n<td>Individualisiert<\/td>\n<\/tr>\n<tr>\n<td><a title=\"RESERVATIONEN\" href=\"http:\/\/www.apulaya.com\/de\/reservationen\/\">Einschreiben<\/a><\/td>\n<td>Tours zu arch\u00e4ologischen St\u00e4tte im Heiligen Tal der Inkas<\/td>\n<td>Individualisiert<\/td>\n<td>Individualisiert<\/td>\n<\/tr>\n<tr>\n<td><a title=\"RESERVATIONEN\" href=\"http:\/\/www.apulaya.com\/de\/reservationen\/\">Einschreiben<\/a><\/td>\n<td>Tours in Cusco<\/td>\n<td>Individualisiert<\/td>\n<td>Individualisiert<\/td>\n<\/tr>\n<tr>\n<td><a title=\"RESERVATIONEN\" href=\"http:\/\/www.apulaya.com\/de\/reservationen\/\">Einschreiben<\/a><\/td>\n<td>Wanderungen im Heiligen Tal der Inkas<\/td>\n<td>Individualisiert<\/td>\n<td>Individualisiert<\/td>\n<\/tr>\n<tr>\n<td><\/td>\n<td>Tours in Peru:<\/p>\n<p>Wir arbeiten mit einer Partneragentur zusammen, welche qualitativ sehr gute Dienstleistungen anbietet. M\u00f6gliche Reiseziele: Puno und Titicacasee, Puerto Maldonado.<\/td>\n<td><a href=\"http:\/\/www.apulaya.com\/de\/kontakte\/\">Kontaktiere<\/a><\/td>\n<td><a href=\"http:\/\/www.apulaya.com\/de\/kontakte\/\">Kontaktiere<\/a><\/td>\n<\/tr>\n<\/tbody>\n<\/table>\n<p>Normalerweise offerieren wir ein Paket, das Kurse, \u00dcbernachtungen, Flughafentransfer, und, auf Wunsch, auch Mittagessen w\u00e4hrend den Kurstagen einschliesst. Unsere \u00dcbernachtungsm\u00f6glichkeiten sind famili\u00e4r gef\u00fchrte Hostels und G\u00e4stehaus (WG). Sie stellen eine gut ausger\u00fcstete K\u00fcche zur Verf\u00fcgung, um sich selber etwas zuzubereiten oder zu kochen.<\/p>\n<p>Bei Fragen oder Unklarheiten geben wir gerne Auskunft unter <a href=\"mailto:info@apulaya.com\">info@apulaya.com<\/a><\/td>\n<\/tr>\n<\/tbody>\n<\/table>\n<table id=\"right\" border=\"0\" cellspacing=\"0\" cellpadding=\"0\">\n<tbody>\n<tr>\n<td>\n<div class=\"primary-sidebar  content-two-column \">\n<ul>\n<li id=\"black-studio-tinymce-14\" class=\"summerProgram widget widget_black_studio_tinymce\">\n<div class=\"textwidget\">\n<p><a href=\"http:\/\/www.apulaya.com\/de\/anden-studien-peru-apulaya\/\"><img loading=\"lazy\" decoding=\"async\" class=\"aligncenter wp-image-1453 size-full\" title=\"Special Programs 2018\" src=\"http:\/\/www.apulaya.com\/wp-content\/uploads\/2013\/12\/special-programs-2018.gif\" alt=\"Special Programs 2018\" width=\"230\" height=\"156\" \/><\/a><\/p>\n<\/div>\n<\/li>\n<li id=\"black-studio-tinymce-12\" class=\"right_culture widget widget_black_studio_tinymce\">\n<div class=\"textwidget\"><a title=\"Indigenous Culture Studies\" href=\"http:\/\/www.apulaya.com\/en\/study-abroad-peru-apulaya\/#julio\"><img loading=\"lazy\" decoding=\"async\" class=\"img-responsive aligncenter\" title=\"Summer Program 2023\" src=\"https:\/\/www.apulaya.com\/wp-content\/uploads\/2023\/01\/summer-program.gif\" alt=\"Summer Program 2023\" width=\"250\" height=\"150\" \/><\/a><\/p>\n<p><a title=\"Studium der Indigenen Kultur\" href=\"http:\/\/www.apulaya.com\/de\/studium-der-indigenen-kultur\"><img loading=\"lazy\" decoding=\"async\" class=\" size-full wp-image-765 aligncenter\" src=\"http:\/\/www.apulaya.com\/wp-content\/uploads\/2013\/12\/indigenous-culture-studies1.gif\" alt=\"indigenous-culture-studies\" width=\"225\" height=\"137\" \/><\/a><\/p>\n<p><a href=\"http:\/\/www.apulaya.com\/de\/studium-der-indigenen-kultur\"><img loading=\"lazy\" decoding=\"async\" class=\"aligncenter size-full wp-image-1534\" title=\"andean-textile-art-study\" src=\"http:\/\/www.apulaya.com\/wp-content\/uploads\/2016\/09\/andean-textile-art-study.jpg\" alt=\"andean-textile-art-study\" width=\"225\" height=\"150\" \/><\/a><\/div>\n<\/li>\n<li id=\"nav_menu-4\" class=\"menu_right widget widget_nav_menu\">\n<div class=\"menu-menu-2-container\">\n<ul id=\"menu-menu-4\" class=\"menu\">\n<li class=\"menu-item menu-item-type-post_type menu-item-object-page menu-item-71\"><a href=\"https:\/\/www.apulaya.com\/de\/uber-das-kultur-zentrum\/\">\u00dcber Das Kultur Zentrum<\/a><\/li>\n<li class=\"menu-item menu-item-type-post_type menu-item-object-page menu-item-70\"><a href=\"https:\/\/www.apulaya.com\/de\/das-apulaya-team\/\">Equipo Apulaya<\/a><\/li>\n<li class=\"menu-item menu-item-type-post_type menu-item-object-page menu-item-500\"><a href=\"https:\/\/www.apulaya.com\/de\/fotogallerie\/\">Fotogallerie<\/a><\/li>\n<li class=\"menu-item menu-item-type-post_type menu-item-object-page menu-item-69\"><a href=\"https:\/\/www.apulaya.com\/de\/testimonials\/\">Testimonials<\/a><\/li>\n<li class=\"menu-item menu-item-type-post_type menu-item-object-page menu-item-1279\"><a href=\"https:\/\/www.apulaya.com\/de\/preise\/\">Kursdaten und Preisliste<\/a><\/li>\n<li class=\"menu-item menu-item-type-post_type menu-item-object-page menu-item-2569\"><a href=\"https:\/\/www.apulaya.com\/de\/payments\/\">Payments<\/a><\/li>\n<\/ul>\n<\/div>\n<\/li>\n<li id=\"black-studio-tinymce-16\" class=\"menu_right widget widget_black_studio_tinymce\">\n<div class=\"textwidget\">\n<ul>\n<li><a href=\"http:\/\/www.apulaya.com\/blog\" target=\"_blank\">Unser Blog<\/a><\/li>\n<\/ul>\n<\/div>\n<\/li>\n<li id=\"black-studio-tinymce-11\" class=\"contactright widget widget_black_studio_tinymce\">\n<h2 class=\"widgettitle\">Kontakt Apulaya<\/h2>\n<div class=\"textwidget\">\n<p><strong>Schreib uns!.<\/strong><\/p>\n<hr \/>\n<div class=\"wpcf7 no-js\" id=\"wpcf7-f441-o3\" lang=\"de-DE\" dir=\"ltr\">\n<div class=\"screen-reader-response\">\n<p role=\"status\" aria-live=\"polite\" aria-atomic=\"true\">\n<ul><\/ul>\n<\/div>\n<form action=\"\/de\/wp-json\/wp\/v2\/pages\/63#wpcf7-f441-o3\" method=\"post\" class=\"wpcf7-form init\" aria-label=\"Kontaktformular\" novalidate=\"novalidate\" data-status=\"init\">\n<div style=\"display: none;\">\n<input type=\"hidden\" name=\"_wpcf7\" value=\"441\" \/><br \/>\n<input type=\"hidden\" name=\"_wpcf7_version\" value=\"5.8.2\" \/><br \/>\n<input type=\"hidden\" name=\"_wpcf7_locale\" value=\"de_DE\" \/><br \/>\n<input type=\"hidden\" name=\"_wpcf7_unit_tag\" value=\"wpcf7-f441-o3\" \/><br \/>\n<input type=\"hidden\" name=\"_wpcf7_container_post\" value=\"0\" \/><br \/>\n<input type=\"hidden\" name=\"_wpcf7_posted_data_hash\" value=\"\" \/>\n<\/div>\n<p>Name: *\n<\/p>\n<p><span class=\"wpcf7-form-control-wrap\" data-name=\"your-name\"><input size=\"40\" class=\"wpcf7-form-control wpcf7-text wpcf7-validates-as-required\" aria-required=\"true\" aria-invalid=\"false\" value=\"\" type=\"text\" name=\"your-name\" \/><\/span>\n<\/p>\n<p>E-Mail-Adresse:*\n<\/p>\n<p><span class=\"wpcf7-form-control-wrap\" data-name=\"your-email\"><input size=\"40\" class=\"wpcf7-form-control wpcf7-email wpcf7-validates-as-required wpcf7-text wpcf7-validates-as-email\" aria-required=\"true\" aria-invalid=\"false\" value=\"\" type=\"email\" name=\"your-email\" \/><\/span>\n<\/p>\n<p>Kommentare und Fragen:*\n<\/p>\n<p><span class=\"wpcf7-form-control-wrap\" data-name=\"your-message\"><textarea cols=\"40\" rows=\"10\" class=\"wpcf7-form-control wpcf7-textarea\" aria-invalid=\"false\" name=\"your-message\"><\/textarea><\/span>\n<\/p>\n<p><input type=\"hidden\" name=\"_wpcf7_captcha_challenge_captcha-977\" value=\"420712831\" \/><img loading=\"lazy\" decoding=\"async\" class=\"wpcf7-form-control wpcf7-captchac wpcf7-captcha-captcha-977\" width=\"72\" height=\"24\" alt=\"captcha\" src=\"https:\/\/www.apulaya.com\/wp-content\/uploads\/wpcf7_captcha\/420712831.png\" \/><br \/>\n<span class=\"wpcf7-form-control-wrap\" data-name=\"captcha-977\"><input size=\"40\" class=\"wpcf7-form-control wpcf7-captchar\" autocomplete=\"off\" aria-invalid=\"false\" value=\"\" type=\"text\" name=\"captcha-977\" \/><\/span>\n<\/p>\n<p><input class=\"wpcf7-form-control wpcf7-submit has-spinner boton\" type=\"submit\" value=\"Send\" \/>\n<\/p>\n<div class=\"wpcf7-response-output\" aria-hidden=\"true\"><\/div>\n<\/form>\n<\/div>\n<\/div>\n<\/li>\n<\/ul>\n<\/div>\n<\/td>\n<\/tr>\n<\/tbody>\n<\/table>\n<p><\/p>","protected":false},"excerpt":{"rendered":"<p>Kursdaten und Preisliste Unsere Tageskurse beginnen morgens um 9.00 Uhr und enden um 16.30 Uhr, und beinhalten eineinhalb Stunde Mittagspause. In allen Kursangeboten sind didaktische Materialien, Kaffee-pausen sowie Tees und Kaffees a Discretion inbegriffen, ebenso werden Musikinstrumente und\/oder Mal- und Webuntensilien zur Verf\u00fcgung gestellt. Alle unsere Angebote k\u00f6nnen auch wie Bausteine zusammengesetzt werden. Teilen Sie [&hellip;]<\/p>\n","protected":false},"author":1,"featured_media":0,"parent":0,"menu_order":0,"comment_status":"open","ping_status":"open","template":"no-sidebar.php","meta":{"footnotes":""},"yoast_head":"<!-- This site is optimized with the Yoast SEO plugin v21.5 - https:\/\/yoast.com\/wordpress\/plugins\/seo\/ -->\n<title>Kursdaten und Preisliste 2016 - Apulaya<\/title>\n<meta name=\"robots\" content=\"index, follow, max-snippet:-1, max-image-preview:large, max-video-preview:-1\" \/>\n<link rel=\"canonical\" href=\"https:\/\/www.apulaya.com\/en\/rates\/\" \/>\n<meta property=\"og:locale\" content=\"de_DE\" \/>\n<meta property=\"og:type\" content=\"article\" \/>\n<meta property=\"og:title\" content=\"[:es]Datos y Precios 2016 - Apulaya[:en]Dates and Rates 2016 - Apulaya[:de]Kursdaten und Preisliste 2016 - Apulaya[:]\" \/>\n<meta property=\"og:description\" content=\"Kursdaten und Preisliste Unsere Tageskurse beginnen morgens um 9.00 Uhr und enden um 16.30 Uhr, und beinhalten eineinhalb Stunde Mittagspause. In allen Kursangeboten sind didaktische Materialien, Kaffee-pausen sowie Tees und Kaffees a Discretion inbegriffen, ebenso werden Musikinstrumente und\/oder Mal- und Webuntensilien zur Verf\u00fcgung gestellt. Alle unsere Angebote k\u00f6nnen auch wie Bausteine zusammengesetzt werden. Teilen Sie [&hellip;]\" \/>\n<meta property=\"og:url\" content=\"https:\/\/www.apulaya.com\/en\/rates\/\" \/>\n<meta property=\"og:site_name\" content=\"Apulaya\" \/>\n<meta property=\"article:publisher\" content=\"https:\/\/www.facebook.com\/apulaya.andean.culture\" \/>\n<meta property=\"article:modified_time\" content=\"2023-06-02T22:36:27+00:00\" \/>\n<meta property=\"og:image\" content=\"http:\/\/www.apulaya.com\/wp-content\/uploads\/2013\/12\/form.gif\" \/>\n<meta name=\"twitter:card\" content=\"summary_large_image\" \/>\n<meta name=\"twitter:label1\" content=\"Gesch\u00e4tzte Lesezeit\" \/>\n\t<meta name=\"twitter:data1\" content=\"6\u00a0Minuten\" \/>\n<script type=\"application\/ld+json\" class=\"yoast-schema-graph\">{\"@context\":\"https:\/\/schema.org\",\"@graph\":[{\"@type\":\"WebPage\",\"@id\":\"https:\/\/www.apulaya.com\/en\/rates\/\",\"url\":\"https:\/\/www.apulaya.com\/en\/rates\/\",\"name\":\"[:es]Datos y Precios 2016 - Apulaya[:en]Dates and Rates 2016 - Apulaya[:de]Kursdaten und Preisliste 2016 - Apulaya[:]\",\"isPartOf\":{\"@id\":\"https:\/\/www.apulaya.com\/en\/#website\"},\"datePublished\":\"2013-12-03T16:42:45+00:00\",\"dateModified\":\"2023-06-02T22:36:27+00:00\",\"breadcrumb\":{\"@id\":\"https:\/\/www.apulaya.com\/en\/rates\/#breadcrumb\"},\"inLanguage\":\"de\",\"potentialAction\":[{\"@type\":\"ReadAction\",\"target\":[\"https:\/\/www.apulaya.com\/en\/rates\/\"]}]},{\"@type\":\"BreadcrumbList\",\"@id\":\"https:\/\/www.apulaya.com\/en\/rates\/#breadcrumb\",\"itemListElement\":[{\"@type\":\"ListItem\",\"position\":1,\"name\":\"Home\",\"item\":\"https:\/\/www.apulaya.com\/en\/\"},{\"@type\":\"ListItem\",\"position\":2,\"name\":\"Dates and Rates\"}]},{\"@type\":\"WebSite\",\"@id\":\"https:\/\/www.apulaya.com\/en\/#website\",\"url\":\"https:\/\/www.apulaya.com\/en\/\",\"name\":\"Apulaya\",\"description\":\"Center for Andean Cuture\",\"publisher\":{\"@id\":\"https:\/\/www.apulaya.com\/en\/#organization\"},\"potentialAction\":[{\"@type\":\"SearchAction\",\"target\":{\"@type\":\"EntryPoint\",\"urlTemplate\":\"https:\/\/www.apulaya.com\/en\/?s={search_term_string}\"},\"query-input\":\"required name=search_term_string\"}],\"inLanguage\":\"de\"},{\"@type\":\"Organization\",\"@id\":\"https:\/\/www.apulaya.com\/en\/#organization\",\"name\":\"Apulaya Center for Andean Culture\",\"url\":\"https:\/\/www.apulaya.com\/en\/\",\"logo\":{\"@type\":\"ImageObject\",\"inLanguage\":\"de\",\"@id\":\"https:\/\/www.apulaya.com\/en\/#\/schema\/logo\/image\/\",\"url\":\"https:\/\/www.apulaya.com\/wp-content\/uploads\/2023\/01\/Apulaya_logo2.png\",\"contentUrl\":\"https:\/\/www.apulaya.com\/wp-content\/uploads\/2023\/01\/Apulaya_logo2.png\",\"width\":1080,\"height\":629,\"caption\":\"Apulaya Center for Andean Culture\"},\"image\":{\"@id\":\"https:\/\/www.apulaya.com\/en\/#\/schema\/logo\/image\/\"},\"sameAs\":[\"https:\/\/www.facebook.com\/apulaya.andean.culture\"]}]}<\/script>\n<!-- \/ Yoast SEO plugin. -->","yoast_head_json":{"title":"[:es]Datos y Precios 2016 - Apulaya[:en]Dates and Rates 2016 - Apulaya[:de]Kursdaten und Preisliste 2016 - Apulaya[:]","robots":{"index":"index","follow":"follow","max-snippet":"max-snippet:-1","max-image-preview":"max-image-preview:large","max-video-preview":"max-video-preview:-1"},"canonical":"https:\/\/www.apulaya.com\/en\/rates\/","og_locale":"de_DE","og_type":"article","og_title":"[:es]Datos y Precios 2016 - Apulaya[:en]Dates and Rates 2016 - Apulaya[:de]Kursdaten und Preisliste 2016 - Apulaya[:]","og_description":"Kursdaten und Preisliste Unsere Tageskurse beginnen morgens um 9.00 Uhr und enden um 16.30 Uhr, und beinhalten eineinhalb Stunde Mittagspause. In allen Kursangeboten sind didaktische Materialien, Kaffee-pausen sowie Tees und Kaffees a Discretion inbegriffen, ebenso werden Musikinstrumente und\/oder Mal- und Webuntensilien zur Verf\u00fcgung gestellt. Alle unsere Angebote k\u00f6nnen auch wie Bausteine zusammengesetzt werden. Teilen Sie [&hellip;]","og_url":"https:\/\/www.apulaya.com\/en\/rates\/","og_site_name":"Apulaya","article_publisher":"https:\/\/www.facebook.com\/apulaya.andean.culture","article_modified_time":"2023-06-02T22:36:27+00:00","og_image":[{"url":"http:\/\/www.apulaya.com\/wp-content\/uploads\/2013\/12\/form.gif"}],"twitter_card":"summary_large_image","twitter_misc":{"Gesch\u00e4tzte Lesezeit":"6\u00a0Minuten"},"schema":{"@context":"https:\/\/schema.org","@graph":[{"@type":"WebPage","@id":"https:\/\/www.apulaya.com\/en\/rates\/","url":"https:\/\/www.apulaya.com\/en\/rates\/","name":"[:es]Datos y Precios 2016 - Apulaya[:en]Dates and Rates 2016 - Apulaya[:de]Kursdaten und Preisliste 2016 - Apulaya[:]","isPartOf":{"@id":"https:\/\/www.apulaya.com\/en\/#website"},"datePublished":"2013-12-03T16:42:45+00:00","dateModified":"2023-06-02T22:36:27+00:00","breadcrumb":{"@id":"https:\/\/www.apulaya.com\/en\/rates\/#breadcrumb"},"inLanguage":"de","potentialAction":[{"@type":"ReadAction","target":["https:\/\/www.apulaya.com\/en\/rates\/"]}]},{"@type":"BreadcrumbList","@id":"https:\/\/www.apulaya.com\/en\/rates\/#breadcrumb","itemListElement":[{"@type":"ListItem","position":1,"name":"Home","item":"https:\/\/www.apulaya.com\/en\/"},{"@type":"ListItem","position":2,"name":"Dates and Rates"}]},{"@type":"WebSite","@id":"https:\/\/www.apulaya.com\/en\/#website","url":"https:\/\/www.apulaya.com\/en\/","name":"Apulaya","description":"Center for Andean Cuture","publisher":{"@id":"https:\/\/www.apulaya.com\/en\/#organization"},"potentialAction":[{"@type":"SearchAction","target":{"@type":"EntryPoint","urlTemplate":"https:\/\/www.apulaya.com\/en\/?s={search_term_string}"},"query-input":"required name=search_term_string"}],"inLanguage":"de"},{"@type":"Organization","@id":"https:\/\/www.apulaya.com\/en\/#organization","name":"Apulaya Center for Andean Culture","url":"https:\/\/www.apulaya.com\/en\/","logo":{"@type":"ImageObject","inLanguage":"de","@id":"https:\/\/www.apulaya.com\/en\/#\/schema\/logo\/image\/","url":"https:\/\/www.apulaya.com\/wp-content\/uploads\/2023\/01\/Apulaya_logo2.png","contentUrl":"https:\/\/www.apulaya.com\/wp-content\/uploads\/2023\/01\/Apulaya_logo2.png","width":1080,"height":629,"caption":"Apulaya Center for Andean Culture"},"image":{"@id":"https:\/\/www.apulaya.com\/en\/#\/schema\/logo\/image\/"},"sameAs":["https:\/\/www.facebook.com\/apulaya.andean.culture"]}]}},"_links":{"self":[{"href":"https:\/\/www.apulaya.com\/de\/wp-json\/wp\/v2\/pages\/63"}],"collection":[{"href":"https:\/\/www.apulaya.com\/de\/wp-json\/wp\/v2\/pages"}],"about":[{"href":"https:\/\/www.apulaya.com\/de\/wp-json\/wp\/v2\/types\/page"}],"author":[{"embeddable":true,"href":"https:\/\/www.apulaya.com\/de\/wp-json\/wp\/v2\/users\/1"}],"replies":[{"embeddable":true,"href":"https:\/\/www.apulaya.com\/de\/wp-json\/wp\/v2\/comments?post=63"}],"version-history":[{"count":4,"href":"https:\/\/www.apulaya.com\/de\/wp-json\/wp\/v2\/pages\/63\/revisions"}],"predecessor-version":[{"id":2862,"href":"https:\/\/www.apulaya.com\/de\/wp-json\/wp\/v2\/pages\/63\/revisions\/2862"}],"wp:attachment":[{"href":"https:\/\/www.apulaya.com\/de\/wp-json\/wp\/v2\/media?parent=63"}],"curies":[{"name":"wp","href":"https:\/\/api.w.org\/{rel}","templated":true}]}}