{"id":57,"date":"2013-12-03T16:32:32","date_gmt":"2013-12-03T16:32:32","guid":{"rendered":"http:\/\/www.apulaya.com\/es\/?page_id=57"},"modified":"2025-03-22T12:47:20","modified_gmt":"2025-03-22T17:47:20","slug":"apulaya-team","status":"publish","type":"page","link":"https:\/\/www.apulaya.com\/de\/das-apulaya-team\/","title":{"rendered":"Equipo Apulaya"},"content":{"rendered":"<p><\/p>\n<h1>EL EQUIPO APULAYA<\/h1>\n<table class=\"tableteam\" border=\"0\" cellspacing=\"10\" cellpadding=\"0\" bgcolor=\"#D8D684\">\n<tbody>\n<tr>\n<td>\n<h3>Fundadores y Directores<\/h3>\n<\/td>\n<\/tr>\n<tr>\n<td>\n<h3>Valerio Fern\u00e1ndez<\/h3>\n<p><img loading=\"lazy\" decoding=\"async\" class=\"wp-image-2941 size-full alignleft\" src=\"https:\/\/www.apulaya.com\/wp-content\/uploads\/2025\/03\/other.jpg\" alt=\"\" width=\"214\" height=\"207\" \/><\/p>\n<p>Valerio holds Master\u00b4s degree in Musicology from the Pontifical Catholic University of Peru, PUCP and Bachelor\u2019s degree in Music from the Leandro Alvi\u00f1a Miranda Public Music Higher Institute, ISMPLAM of Cusco. He also studied at Musik Hochschule Fakult\u00e4t III in Lucerne, Switzerland. He is a member of the Peruvian Association of Musicology, ASPEMUS. Currently he is the academic director and researcher at our Center. Valerio is also professor in the areas of music, musicology, Andean textile theory and Quechua language.<\/p>\n<p>He comes from the Pataque\u00f1a Quechua community in Chumbivilcas \u2013 Cusco. His mother tongue is Quechua and his second language is Spanish. Valerio speaks English and German fluently. His research areas are: culture and society; Andean music and textile. See his publications and research\u00a0<a href=\"https:\/\/www.apulayabooks.com\/textiles-sistema-politico-andino.php\" target=\"_blank\" rel=\"noopener\">aqu\u00ed<\/a>.<\/td>\n<\/tr>\n<tr>\n<td>\n<h3>Emerita Bucher<\/h3>\n<p><img loading=\"lazy\" decoding=\"async\" class=\"alignleft\" src=\"http:\/\/www.apulaya.com\/wp-content\/uploads\/2013\/12\/team2.jpg\" alt=\"team2\" width=\"214\" height=\"143\" \/><\/p>\n<p>Es profesora, escultora y artista pl\u00e1stica profesional, nacida en la ciudad de Lucerna, en Suiza, donde se gradu\u00f3 en Educaci\u00f3n. Tambi\u00e9n, realiz\u00f3 estudios de artes pl\u00e1sticas, en la Escuela de Arte Farbm\u00fchle, en Lucerna, as\u00ed como en la Escuela Superior de Bellas Artes, en Cusco, Per\u00fa, y se especializ\u00f3 en la escultura en piedra. Particip\u00f3 en diversas exposiciones de arte, tanto en Suiza, como en el Per\u00fa.<\/p>\n<p>Trabaj\u00f3 como profesora, en varios centros educativos, en los niveles de ense\u00f1anza primaria y secundaria, en Suiza. De forma simult\u00e1nea, particip\u00f3 en proyectos de pel\u00edculas documentales con enfoques socioculturales.<\/p>\n<p>Su l\u00ednea de investigaci\u00f3n se centra en los dise\u00f1os y modelos de arte inca y pre\u00ednca. Crea esculturas, pinturas y murales. Adem\u00e1s, se dedica a la cer\u00e1mica, y aprendi\u00f3 el arte de tejer, con la t\u00e9cnica del \u201c<em>pallay<\/em>\u201d.<\/p>\n<p>En Apulaya, Emerita forma parte del Equipo Directivo, y ense\u00f1a en las \u00e1reas de arte precolombino y matem\u00e1tica andina. Ha publicado su libro: \u201cLa Astronom\u00eda en el Arte Textil Andino \u2013 Dise\u00f1os y Modelos de los Ciclos Astron\u00f3micos en las Culturas Pre-incas\u201d.<\/p>\n<p>Habla fluentemente alem\u00e1n, espa\u00f1ol e ingl\u00e9s, y domina el franc\u00e9s e italiano.<\/td>\n<\/tr>\n<tr>\n<td>\n<h3>Direcci\u00f3n Acad\u00e9mica<\/h3>\n<\/td>\n<\/tr>\n<tr>\n<td>\n<h3>Hanny Fern\u00e1ndez<\/h3>\n<p><img loading=\"lazy\" decoding=\"async\" class=\"alignleft\" src=\"http:\/\/www.apulaya.com\/wp-content\/uploads\/2013\/12\/team7.jpg\" alt=\"team7\" width=\"214\" height=\"143\" \/><\/p>\n<p>Como Directora Acad\u00e9mica y profesora en el \u00e1rea de investigaci\u00f3n de Apulaya, Hanny es Licenciada y Mag\u00edster en Antropolog\u00eda Social, diplomada por la Universidad de San Antonio Abad del Cusco. Su Tesis de Maestr\u00eda es intitulada: \u201cEl Desarrollo desde el Punto de Vista de los Comuneros de Accha Alta y Pomacanchi\u201d, mientras que su Tesis de Grado, como Licenciada, es acerca de las \u201cCausas y Efectos de la Conversi\u00f3n de los Cat\u00f3licos a la Iglesia Evang\u00e9lica Bautista, en la Comunidad Campesina de Toccoccori \u2013 Cusco\u201d.<\/p>\n<p>Hanny es proveniente de la Comunidad originaria de Pataque\u00f1a, en la Provincia de Chumbivilcas, Departamento de Cusco. Su idioma materno es quechua, y su segundo idioma es el castellano. Adem\u00e1s, tambi\u00e9n, habla fluidamente el ingl\u00e9s y franc\u00e9s.<\/p>\n<p>En la actualidad, est\u00e1 realizando su Doctorado en la Universidad Cat\u00f3lica de Lovaina, en B\u00e9lgica. Sus l\u00edneas de investigaci\u00f3n son: Educaci\u00f3n Rural en los Andes del Sur del Per\u00fa, y Cambios Sociales y Culturales en el Contexto Andino.<\/td>\n<\/tr>\n<tr>\n<td>\n<h3>Profesores y Especialistas<\/h3>\n<\/td>\n<\/tr>\n<tr>\n<td>\n<h3>Apolonia Coronel<\/h3>\n<p><a href=\"http:\/\/www.apulaya.com\/wp-content\/uploads\/2013\/12\/apolonia.jpg\" data-rel=\"lightbox-gallery-m6kfLVxH\" data-rl_title=\"\" data-rl_caption=\"\" title=\"\"><img loading=\"lazy\" decoding=\"async\" class=\"zoom alignleft wp-image-1170\" src=\"http:\/\/www.apulaya.com\/wp-content\/uploads\/2013\/12\/apolonia-300x225.jpg\" alt=\"apolonia\" width=\"214\" height=\"161\" \/><\/a><\/p>\n<p>Profesora Principal, encargada del \u00e1rea textil, Apolonia es Maestra Tejedora en las t\u00e9cnicas del tejido, llamadas \u201c<em>pallay<\/em>\u201d (pick-up), usando el telar de cintura, as\u00ed como en las t\u00e9cnicas de trenzado. Su especialidad abarca el completo procesamiento de los hilos (trasquilado, hilado, torzalado y lavado), en la forma tradicional andina, lo cual incluye su te\u00f1ido natural.<\/p>\n<p>Apolonia es proveniente de la Comunidad de Pataque\u00f1a, en la Provincia de Chumbivilcas, y su idioma materno es el quechua y habla fluidamente el castellano. Hasta hace unas dos d\u00e9cadas, era integrante de su comunidad de origen, y su actividad principal era el agro-pastoreo. Es portadora de los modos de conocer, producci\u00f3n de perspectivas y modos de significaci\u00f3n propios del \u00e1mbito andino.<\/td>\n<\/tr>\n<tr>\n<td>\n<h3>Pedro Mendoza<\/h3>\n<p><a href=\"http:\/\/www.apulaya.com\/wp-content\/uploads\/2013\/12\/pedro.jpg\" data-rel=\"lightbox-gallery-m6kfLVxH\" data-rl_title=\"\" data-rl_caption=\"\" title=\"\"><img loading=\"lazy\" decoding=\"async\" class=\"zoom alignleft wp-image-1167\" src=\"http:\/\/www.apulaya.com\/wp-content\/uploads\/2013\/12\/pedro-300x225.jpg\" alt=\"pedro\" width=\"214\" height=\"161\" \/><\/a><\/p>\n<p>Es profesor en el \u00e1rea textil de Apulaya, y facilitador en experiencias de campo. Como Maestro Tejedor, sus especialidades abarcan las t\u00e9cnicas del telar de cintura y t\u00e9cnica de Punto Andino, as\u00ed como el trenzado y los procesos de te\u00f1ido natural. Adem\u00e1s, es miembro de la Asociaci\u00f3n de Tejedores, en su comunidad.<\/p>\n<p>Es proveniente de la Comunidad de Accha Alta, donde ejerci\u00f3 el cargo pol\u00edtico de Alcalde <em>Varayoq<\/em> (Autoridad \u2018Portador de la Vara\u2019). En la actualidad, forma parte de los <em>Kuraq Taytakuna<\/em>; es decir, el grupo de los Comuneros de Rango Mayor.<\/p>\n<p>Es nativo quechua-hablante y, tambi\u00e9n, habla el idioma espa\u00f1ol fluidamente. Como profesor, posee s\u00f3lida metodolog\u00eda y did\u00e1ctica de ense\u00f1anza de la t\u00e9cnica textil. En el \u00e1mbito de nuestros programas de experiencias de campo, Pedro es el Anfitri\u00f3n, Facilitador y Tutor de nuestros y nuestras participantes.<\/td>\n<\/tr>\n<tr>\n<td>\n<h3>Modesto Fern\u00e1ndez<\/h3>\n<p><a href=\"http:\/\/www.apulaya.com\/wp-content\/uploads\/2013\/12\/modesto.jpg\" data-rel=\"lightbox-gallery-m6kfLVxH\" data-rl_title=\"\" data-rl_caption=\"\" title=\"\"><img loading=\"lazy\" decoding=\"async\" class=\"zoom alignleft wp-image-1171\" src=\"http:\/\/www.apulaya.com\/wp-content\/uploads\/2013\/12\/modesto-300x225.jpg\" alt=\"modesto\" width=\"214\" height=\"161\" \/><\/a><\/p>\n<p>Es el Consejero y Asesor de Apulaya, en asuntos culturales y religiosos andinos.<\/p>\n<p>En el \u00e1mbito de los especialistas religiosos andinos, o <em>Wisa<\/em>, su rango es \u00e9l de <em>Paqo<\/em>. Nacido en la Comunidad de Pataque\u00f1a, en la Provincia de Chumbivilcas, tiene muy larga trayectoria como especialista religioso, en la tradici\u00f3n y espiritualidad andinas.<\/p>\n<p>Hasta hace unas dos d\u00e9cadas, era miembro empadronado, en su comunidad de origen, donde estaba trabajando como agro-pastor, en paralelo con sus actividades como <em>Paqo<\/em>, o especialista religioso andino.<\/p>\n<p>Es un <em>Yachaq<\/em> (Sabio), en virtud al hecho que posee un vasto conocimiento vivencial. En <em>Apulaya<\/em>, est\u00e1 encargado de orientaciones y asesor\u00eda, en el marco cultural y religioso andino. Como tal, oficia las celebraciones religiosas correspondientes, seg\u00fan el calendario ritual, y asesora en aspectos culturales de raigambre andino originario.<\/p>\n<p>Para comunicarse, su idioma de preferencia es el quechua, pero, tambi\u00e9n, habla fluidamente el castellano.<\/td>\n<\/tr>\n<tr>\n<td>\n<h3>Paola Flores<\/h3>\n<p><a href=\"http:\/\/www.apulaya.com\/wp-content\/uploads\/2013\/12\/paola.jpg\" data-rel=\"lightbox-gallery-m6kfLVxH\" data-rl_title=\"\" data-rl_caption=\"\" title=\"\"><img loading=\"lazy\" decoding=\"async\" class=\"zoom alignleft wp-image-1166\" src=\"http:\/\/www.apulaya.com\/wp-content\/uploads\/2013\/12\/paola-300x225.jpg\" alt=\"paola\" width=\"214\" height=\"161\" \/><\/a><\/p>\n<p>Profesora en el \u00e1rea textil, es una excelente tejedora, y sus \u00e1reas de especializaci\u00f3n son el telar de cintura, t\u00e9cnicas del trenzado, t\u00e9cnicas de te\u00f1ido y el procesamiento de los hilos.<\/p>\n<p>Gan\u00f3 varios concursos de tejedores, organizados por diferentes instituciones locales. Uno de ellos fue la Competici\u00f3n de Tejedores, organizada por la Municipalidad de la localidad de Lamay, en el Valle Sagrado de los Incas, Departamento de Cusco, en la cual los trabajos textiles de Paola ocuparon el primer lugar por su calidad y complejidad iconogr\u00e1fica.<\/p>\n<p>Actualmente, como Maestra Tejedora, es miembro de la Asociaci\u00f3n de Tejedores de su comunidad.<\/td>\n<\/tr>\n<tr>\n<td>\n<h3>Alicia Layme<\/h3>\n<p><a href=\"http:\/\/www.apulaya.com\/wp-content\/uploads\/2013\/12\/alicia.jpg\" data-rel=\"lightbox-gallery-m6kfLVxH\" data-rl_title=\"\" data-rl_caption=\"\" title=\"\"><img loading=\"lazy\" decoding=\"async\" class=\"zoom alignleft wp-image-1169\" src=\"http:\/\/www.apulaya.com\/wp-content\/uploads\/2013\/12\/alicia-300x225.jpg\" alt=\"alicia\" width=\"214\" height=\"161\" \/><\/a><\/p>\n<p>Profesora en el \u00e1rea del arte textil, Alicia proviene de la Comunidad de Accha Alta, y es la hija de Paola. Comenz\u00f3 a tejer cuando ten\u00eda siete a\u00f1os, ya que proviene de una familia de excelentes tejedores, en su comunidad.<\/p>\n<p>Alicia es Maestra en las diferentes t\u00e9cnicas de \u201c<em>pallay<\/em>\u201d (pick-up) de su regi\u00f3n, as\u00ed como en las t\u00e9cnicas de Punto Andino, y del \u201c<em>kharka\u201d<\/em>. En caso de ense\u00f1anzas grupales, m\u00e1s espec\u00edficamente, Alicia nos apoya, impartiendo las lecciones de tejido y tintorer\u00eda natural.<\/td>\n<\/tr>\n<tr>\n<td>\n<h3>Holly Wissler<\/h3>\n<p><img loading=\"lazy\" decoding=\"async\" class=\"alignleft\" src=\"http:\/\/www.apulaya.com\/wp-content\/uploads\/2013\/12\/team3.jpg\" alt=\"team3\" width=\"214\" height=\"143\" \/><\/p>\n<p>Holly Wissler obtuvo el grado de magister en la universidad de Idaho en las especialidades de Flute performance y Music History. Tambi\u00e9n obtuvo un doctorado de la universidad de Florida en los Estado Unidos en la especialidad de etnomusicolog\u00eda.<\/p>\n<p>Desde 2003 realiza investigaciones en la comunidad ind\u00edgena quechua de Q\u2019eros, Cusco, as\u00ed mismo particip\u00f3 en ceremonias rituales musicales en dicha comunidad. Sus investigaciones m\u00e1s recientes est\u00e1n enfocadas a la cultura y m\u00fasica de la comunidad de Queros Wachiperi en la selva alta. Holly realiz\u00f3 dos pel\u00edculas documentales acerca de la cultura ind\u00edgena.<\/p>\n<p>Adem\u00e1s del ingl\u00e9s, Holly habla fluentemente el espa\u00f1ol y quechua, y como parte de Apulaya, imparte conferencias y muestra sus pel\u00edculas documentales a nuestros participantes.<\/td>\n<\/tr>\n<\/tbody>\n<\/table>\n<table id=\"right\" border=\"0\" cellspacing=\"0\" cellpadding=\"0\">\n<tbody>\n<tr>\n<td>\n<div class=\"primary-sidebar  content-two-column \">\n<ul>\n<li id=\"black-studio-tinymce-14\" class=\"summerProgram widget widget_black_studio_tinymce\">\n<div class=\"textwidget\">\n<p><a href=\"http:\/\/www.apulaya.com\/de\/anden-studien-peru-apulaya\/\"><img loading=\"lazy\" decoding=\"async\" class=\"aligncenter wp-image-1453 size-full\" title=\"Special Programs 2018\" src=\"http:\/\/www.apulaya.com\/wp-content\/uploads\/2013\/12\/special-programs-2018.gif\" alt=\"Special Programs 2018\" width=\"230\" height=\"156\" \/><\/a><\/p>\n<\/div>\n<\/li>\n<li id=\"black-studio-tinymce-12\" class=\"right_culture widget widget_black_studio_tinymce\">\n<div class=\"textwidget\"><a title=\"Indigenous Culture Studies\" href=\"http:\/\/www.apulaya.com\/en\/study-abroad-peru-apulaya\/#julio\"><img loading=\"lazy\" decoding=\"async\" class=\"img-responsive aligncenter\" title=\"Summer Program 2023\" src=\"https:\/\/www.apulaya.com\/wp-content\/uploads\/2023\/01\/summer-program.gif\" alt=\"Summer Program 2023\" width=\"250\" height=\"150\" \/><\/a><\/p>\n<p><a title=\"Studium der Indigenen Kultur\" href=\"http:\/\/www.apulaya.com\/de\/studium-der-indigenen-kultur\"><img loading=\"lazy\" decoding=\"async\" class=\" size-full wp-image-765 aligncenter\" src=\"http:\/\/www.apulaya.com\/wp-content\/uploads\/2013\/12\/indigenous-culture-studies1.gif\" alt=\"indigenous-culture-studies\" width=\"225\" height=\"137\" \/><\/a><\/p>\n<p><a href=\"http:\/\/www.apulaya.com\/de\/studium-der-indigenen-kultur\"><img loading=\"lazy\" decoding=\"async\" class=\"aligncenter size-full wp-image-1534\" title=\"andean-textile-art-study\" src=\"http:\/\/www.apulaya.com\/wp-content\/uploads\/2016\/09\/andean-textile-art-study.jpg\" alt=\"andean-textile-art-study\" width=\"225\" height=\"150\" \/><\/a><\/div>\n<\/li>\n<li id=\"nav_menu-4\" class=\"menu_right widget widget_nav_menu\">\n<div class=\"menu-menu-2-container\">\n<ul id=\"menu-menu-4\" class=\"menu\">\n<li class=\"menu-item menu-item-type-post_type menu-item-object-page menu-item-71\"><a href=\"https:\/\/www.apulaya.com\/de\/uber-das-kultur-zentrum\/\">\u00dcber Das Kultur Zentrum<\/a><\/li>\n<li class=\"menu-item menu-item-type-post_type menu-item-object-page menu-item-70\"><a href=\"https:\/\/www.apulaya.com\/de\/das-apulaya-team\/\">Equipo Apulaya<\/a><\/li>\n<li class=\"menu-item menu-item-type-post_type menu-item-object-page menu-item-500\"><a href=\"https:\/\/www.apulaya.com\/de\/fotogallerie\/\">Fotogallerie<\/a><\/li>\n<li class=\"menu-item menu-item-type-post_type menu-item-object-page menu-item-69\"><a href=\"https:\/\/www.apulaya.com\/de\/testimonials\/\">Testimonials<\/a><\/li>\n<li class=\"menu-item menu-item-type-post_type menu-item-object-page menu-item-1279\"><a href=\"https:\/\/www.apulaya.com\/de\/preise\/\">Kursdaten und Preisliste<\/a><\/li>\n<li class=\"menu-item menu-item-type-post_type menu-item-object-page menu-item-2569\"><a href=\"https:\/\/www.apulaya.com\/de\/payments\/\">Payments<\/a><\/li>\n<\/ul>\n<\/div>\n<\/li>\n<li id=\"black-studio-tinymce-16\" class=\"menu_right widget widget_black_studio_tinymce\">\n<div class=\"textwidget\">\n<ul>\n<li><a href=\"http:\/\/www.apulaya.com\/blog\" target=\"_blank\">Unser Blog<\/a><\/li>\n<\/ul>\n<\/div>\n<\/li>\n<li id=\"black-studio-tinymce-11\" class=\"contactright widget widget_black_studio_tinymce\">\n<h2 class=\"widgettitle\">Kontakt Apulaya<\/h2>\n<div class=\"textwidget\">\n<p><strong>Schreib uns!.<\/strong><\/p>\n<hr \/>\n<div class=\"wpcf7 no-js\" id=\"wpcf7-f441-o3\" lang=\"de-DE\" dir=\"ltr\">\n<div class=\"screen-reader-response\">\n<p role=\"status\" aria-live=\"polite\" aria-atomic=\"true\">\n<ul><\/ul>\n<\/div>\n<form action=\"\/de\/wp-json\/wp\/v2\/pages\/57#wpcf7-f441-o3\" method=\"post\" class=\"wpcf7-form init\" aria-label=\"Kontaktformular\" novalidate=\"novalidate\" data-status=\"init\">\n<div style=\"display: none;\">\n<input type=\"hidden\" name=\"_wpcf7\" value=\"441\" \/><br \/>\n<input type=\"hidden\" name=\"_wpcf7_version\" value=\"5.8.2\" \/><br \/>\n<input type=\"hidden\" name=\"_wpcf7_locale\" value=\"de_DE\" \/><br \/>\n<input type=\"hidden\" name=\"_wpcf7_unit_tag\" value=\"wpcf7-f441-o3\" \/><br \/>\n<input type=\"hidden\" name=\"_wpcf7_container_post\" value=\"0\" \/><br \/>\n<input type=\"hidden\" name=\"_wpcf7_posted_data_hash\" value=\"\" \/>\n<\/div>\n<p>Name: *\n<\/p>\n<p><span class=\"wpcf7-form-control-wrap\" data-name=\"your-name\"><input size=\"40\" class=\"wpcf7-form-control wpcf7-text wpcf7-validates-as-required\" aria-required=\"true\" aria-invalid=\"false\" value=\"\" type=\"text\" name=\"your-name\" \/><\/span>\n<\/p>\n<p>E-Mail-Adresse:*\n<\/p>\n<p><span class=\"wpcf7-form-control-wrap\" data-name=\"your-email\"><input size=\"40\" class=\"wpcf7-form-control wpcf7-email wpcf7-validates-as-required wpcf7-text wpcf7-validates-as-email\" aria-required=\"true\" aria-invalid=\"false\" value=\"\" type=\"email\" name=\"your-email\" \/><\/span>\n<\/p>\n<p>Kommentare und Fragen:*\n<\/p>\n<p><span class=\"wpcf7-form-control-wrap\" data-name=\"your-message\"><textarea cols=\"40\" rows=\"10\" class=\"wpcf7-form-control wpcf7-textarea\" aria-invalid=\"false\" name=\"your-message\"><\/textarea><\/span>\n<\/p>\n<p><input type=\"hidden\" name=\"_wpcf7_captcha_challenge_captcha-977\" value=\"1642665097\" \/><img loading=\"lazy\" decoding=\"async\" class=\"wpcf7-form-control wpcf7-captchac wpcf7-captcha-captcha-977\" width=\"72\" height=\"24\" alt=\"captcha\" src=\"https:\/\/www.apulaya.com\/wp-content\/uploads\/wpcf7_captcha\/1642665097.png\" \/><br \/>\n<span class=\"wpcf7-form-control-wrap\" data-name=\"captcha-977\"><input size=\"40\" class=\"wpcf7-form-control wpcf7-captchar\" autocomplete=\"off\" aria-invalid=\"false\" value=\"\" type=\"text\" name=\"captcha-977\" \/><\/span>\n<\/p>\n<p><input class=\"wpcf7-form-control wpcf7-submit has-spinner boton\" type=\"submit\" value=\"Send\" \/>\n<\/p>\n<div class=\"wpcf7-response-output\" aria-hidden=\"true\"><\/div>\n<\/form>\n<\/div>\n<\/div>\n<\/li>\n<\/ul>\n<\/div>\n<\/td>\n<\/tr>\n<\/tbody>\n<\/table>\n<p><\/p>","protected":false},"excerpt":{"rendered":"<p>EL EQUIPO APULAYA Fundadores y Directores Valerio Fern\u00e1ndez Valerio holds Master\u00b4s degree in Musicology from the Pontifical Catholic University of Peru, PUCP and Bachelor\u2019s degree in Music from the Leandro Alvi\u00f1a Miranda Public Music Higher Institute, ISMPLAM of Cusco. He also studied at Musik Hochschule Fakult\u00e4t III in Lucerne, Switzerland. He is a member of [&hellip;]<\/p>\n","protected":false},"author":1,"featured_media":0,"parent":0,"menu_order":0,"comment_status":"open","ping_status":"open","template":"","meta":{"footnotes":""},"yoast_head":"<!-- This site is optimized with the Yoast SEO plugin v21.5 - https:\/\/yoast.com\/wordpress\/plugins\/seo\/ -->\n<title>Equipo Apulaya<\/title>\n<meta name=\"robots\" content=\"index, follow, max-snippet:-1, max-image-preview:large, max-video-preview:-1\" \/>\n<link rel=\"canonical\" href=\"https:\/\/www.apulaya.com\/en\/apulaya-team\/\" \/>\n<meta property=\"og:locale\" content=\"de_DE\" \/>\n<meta property=\"og:type\" content=\"article\" \/>\n<meta property=\"og:title\" content=\"Equipo Apulaya\" \/>\n<meta property=\"og:description\" content=\"EL EQUIPO APULAYA Fundadores y Directores Valerio Fern\u00e1ndez Valerio holds Master\u00b4s degree in Musicology from the Pontifical Catholic University of Peru, PUCP and Bachelor\u2019s degree in Music from the Leandro Alvi\u00f1a Miranda Public Music Higher Institute, ISMPLAM of Cusco. He also studied at Musik Hochschule Fakult\u00e4t III in Lucerne, Switzerland. He is a member of [&hellip;]\" \/>\n<meta property=\"og:url\" content=\"https:\/\/www.apulaya.com\/en\/apulaya-team\/\" \/>\n<meta property=\"og:site_name\" content=\"Apulaya\" \/>\n<meta property=\"article:publisher\" content=\"https:\/\/www.facebook.com\/apulaya.andean.culture\" \/>\n<meta property=\"article:modified_time\" content=\"2025-03-22T17:47:20+00:00\" \/>\n<meta property=\"og:image\" content=\"https:\/\/www.apulaya.com\/wp-content\/uploads\/2025\/03\/other.jpg\" \/>\n<meta name=\"twitter:card\" content=\"summary_large_image\" \/>\n<meta name=\"twitter:label1\" content=\"Gesch\u00e4tzte Lesezeit\" \/>\n\t<meta name=\"twitter:data1\" content=\"22\u00a0Minuten\" \/>\n<script type=\"application\/ld+json\" class=\"yoast-schema-graph\">{\"@context\":\"https:\/\/schema.org\",\"@graph\":[{\"@type\":\"WebPage\",\"@id\":\"https:\/\/www.apulaya.com\/en\/apulaya-team\/\",\"url\":\"https:\/\/www.apulaya.com\/en\/apulaya-team\/\",\"name\":\"Equipo Apulaya\",\"isPartOf\":{\"@id\":\"https:\/\/www.apulaya.com\/en\/#website\"},\"datePublished\":\"2013-12-03T16:32:32+00:00\",\"dateModified\":\"2025-03-22T17:47:20+00:00\",\"breadcrumb\":{\"@id\":\"https:\/\/www.apulaya.com\/en\/apulaya-team\/#breadcrumb\"},\"inLanguage\":\"de\",\"potentialAction\":[{\"@type\":\"ReadAction\",\"target\":[\"https:\/\/www.apulaya.com\/en\/apulaya-team\/\"]}]},{\"@type\":\"BreadcrumbList\",\"@id\":\"https:\/\/www.apulaya.com\/en\/apulaya-team\/#breadcrumb\",\"itemListElement\":[{\"@type\":\"ListItem\",\"position\":1,\"name\":\"Home\",\"item\":\"https:\/\/www.apulaya.com\/en\/\"},{\"@type\":\"ListItem\",\"position\":2,\"name\":\"Apulaya Team\"}]},{\"@type\":\"WebSite\",\"@id\":\"https:\/\/www.apulaya.com\/en\/#website\",\"url\":\"https:\/\/www.apulaya.com\/en\/\",\"name\":\"Apulaya\",\"description\":\"Center for Andean Cuture\",\"publisher\":{\"@id\":\"https:\/\/www.apulaya.com\/en\/#organization\"},\"potentialAction\":[{\"@type\":\"SearchAction\",\"target\":{\"@type\":\"EntryPoint\",\"urlTemplate\":\"https:\/\/www.apulaya.com\/en\/?s={search_term_string}\"},\"query-input\":\"required name=search_term_string\"}],\"inLanguage\":\"de\"},{\"@type\":\"Organization\",\"@id\":\"https:\/\/www.apulaya.com\/en\/#organization\",\"name\":\"Apulaya Center for Andean Culture\",\"url\":\"https:\/\/www.apulaya.com\/en\/\",\"logo\":{\"@type\":\"ImageObject\",\"inLanguage\":\"de\",\"@id\":\"https:\/\/www.apulaya.com\/en\/#\/schema\/logo\/image\/\",\"url\":\"https:\/\/www.apulaya.com\/wp-content\/uploads\/2023\/01\/Apulaya_logo2.png\",\"contentUrl\":\"https:\/\/www.apulaya.com\/wp-content\/uploads\/2023\/01\/Apulaya_logo2.png\",\"width\":1080,\"height\":629,\"caption\":\"Apulaya Center for Andean Culture\"},\"image\":{\"@id\":\"https:\/\/www.apulaya.com\/en\/#\/schema\/logo\/image\/\"},\"sameAs\":[\"https:\/\/www.facebook.com\/apulaya.andean.culture\"]}]}<\/script>\n<!-- \/ Yoast SEO plugin. -->","yoast_head_json":{"title":"Equipo Apulaya","robots":{"index":"index","follow":"follow","max-snippet":"max-snippet:-1","max-image-preview":"max-image-preview:large","max-video-preview":"max-video-preview:-1"},"canonical":"https:\/\/www.apulaya.com\/en\/apulaya-team\/","og_locale":"de_DE","og_type":"article","og_title":"Equipo Apulaya","og_description":"EL EQUIPO APULAYA Fundadores y Directores Valerio Fern\u00e1ndez Valerio holds Master\u00b4s degree in Musicology from the Pontifical Catholic University of Peru, PUCP and Bachelor\u2019s degree in Music from the Leandro Alvi\u00f1a Miranda Public Music Higher Institute, ISMPLAM of Cusco. He also studied at Musik Hochschule Fakult\u00e4t III in Lucerne, Switzerland. He is a member of [&hellip;]","og_url":"https:\/\/www.apulaya.com\/en\/apulaya-team\/","og_site_name":"Apulaya","article_publisher":"https:\/\/www.facebook.com\/apulaya.andean.culture","article_modified_time":"2025-03-22T17:47:20+00:00","og_image":[{"url":"https:\/\/www.apulaya.com\/wp-content\/uploads\/2025\/03\/other.jpg"}],"twitter_card":"summary_large_image","twitter_misc":{"Gesch\u00e4tzte Lesezeit":"22\u00a0Minuten"},"schema":{"@context":"https:\/\/schema.org","@graph":[{"@type":"WebPage","@id":"https:\/\/www.apulaya.com\/en\/apulaya-team\/","url":"https:\/\/www.apulaya.com\/en\/apulaya-team\/","name":"Equipo Apulaya","isPartOf":{"@id":"https:\/\/www.apulaya.com\/en\/#website"},"datePublished":"2013-12-03T16:32:32+00:00","dateModified":"2025-03-22T17:47:20+00:00","breadcrumb":{"@id":"https:\/\/www.apulaya.com\/en\/apulaya-team\/#breadcrumb"},"inLanguage":"de","potentialAction":[{"@type":"ReadAction","target":["https:\/\/www.apulaya.com\/en\/apulaya-team\/"]}]},{"@type":"BreadcrumbList","@id":"https:\/\/www.apulaya.com\/en\/apulaya-team\/#breadcrumb","itemListElement":[{"@type":"ListItem","position":1,"name":"Home","item":"https:\/\/www.apulaya.com\/en\/"},{"@type":"ListItem","position":2,"name":"Apulaya Team"}]},{"@type":"WebSite","@id":"https:\/\/www.apulaya.com\/en\/#website","url":"https:\/\/www.apulaya.com\/en\/","name":"Apulaya","description":"Center for Andean Cuture","publisher":{"@id":"https:\/\/www.apulaya.com\/en\/#organization"},"potentialAction":[{"@type":"SearchAction","target":{"@type":"EntryPoint","urlTemplate":"https:\/\/www.apulaya.com\/en\/?s={search_term_string}"},"query-input":"required name=search_term_string"}],"inLanguage":"de"},{"@type":"Organization","@id":"https:\/\/www.apulaya.com\/en\/#organization","name":"Apulaya Center for Andean Culture","url":"https:\/\/www.apulaya.com\/en\/","logo":{"@type":"ImageObject","inLanguage":"de","@id":"https:\/\/www.apulaya.com\/en\/#\/schema\/logo\/image\/","url":"https:\/\/www.apulaya.com\/wp-content\/uploads\/2023\/01\/Apulaya_logo2.png","contentUrl":"https:\/\/www.apulaya.com\/wp-content\/uploads\/2023\/01\/Apulaya_logo2.png","width":1080,"height":629,"caption":"Apulaya Center for Andean Culture"},"image":{"@id":"https:\/\/www.apulaya.com\/en\/#\/schema\/logo\/image\/"},"sameAs":["https:\/\/www.facebook.com\/apulaya.andean.culture"]}]}},"_links":{"self":[{"href":"https:\/\/www.apulaya.com\/de\/wp-json\/wp\/v2\/pages\/57"}],"collection":[{"href":"https:\/\/www.apulaya.com\/de\/wp-json\/wp\/v2\/pages"}],"about":[{"href":"https:\/\/www.apulaya.com\/de\/wp-json\/wp\/v2\/types\/page"}],"author":[{"embeddable":true,"href":"https:\/\/www.apulaya.com\/de\/wp-json\/wp\/v2\/users\/1"}],"replies":[{"embeddable":true,"href":"https:\/\/www.apulaya.com\/de\/wp-json\/wp\/v2\/comments?post=57"}],"version-history":[{"count":44,"href":"https:\/\/www.apulaya.com\/de\/wp-json\/wp\/v2\/pages\/57\/revisions"}],"predecessor-version":[{"id":2946,"href":"https:\/\/www.apulaya.com\/de\/wp-json\/wp\/v2\/pages\/57\/revisions\/2946"}],"wp:attachment":[{"href":"https:\/\/www.apulaya.com\/de\/wp-json\/wp\/v2\/media?parent=57"}],"curies":[{"name":"wp","href":"https:\/\/api.w.org\/{rel}","templated":true}]}}