{"id":29,"date":"2013-12-03T15:53:02","date_gmt":"2013-12-03T15:53:02","guid":{"rendered":"http:\/\/www.apulaya.com\/es\/?page_id=29"},"modified":"2016-01-04T10:36:40","modified_gmt":"2016-01-04T15:36:40","slug":"tours-in-archeo-astronomy","status":"publish","type":"page","link":"https:\/\/www.apulaya.com\/de\/tours-in-archao-astronomie\/","title":{"rendered":"Tours in Arch\u00e4o-Astronomie"},"content":{"rendered":"<p><\/p>\n<h1>KOSMOLOGIE UNDARCHITEKTURDER INKAS<\/h1>\n<h2>ARCHEO-ASTRONOMISCHE TOURS<\/h2>\n<p><img loading=\"lazy\" decoding=\"async\" src=\"http:\/\/www.apulaya.com\/wp-content\/uploads\/2013\/12\/astronomie11.jpg\" alt=\"astronomie1\" width=\"974\" height=\"170\" \/><\/p>\n<table border=\"0\" cellspacing=\"10\" cellpadding=\"0\">\n<tbody>\n<tr>\n<td>\n<h4>Tours um Cusco, Machu Picchu und\u00a0Heiliges Tal der Inkas<\/h4>\n<p><img loading=\"lazy\" decoding=\"async\" class=\"alignleft\" src=\"http:\/\/www.apulaya.com\/wp-content\/uploads\/2013\/12\/astronomie3.jpg\" alt=\"astronomie3\" width=\"171\" height=\"194\" \/><\/p>\n<p>Eine Reise zu den Heilgt\u00fcmer der Inkas ist eine Reise zum Kosmos, zur Natur und zum Menschen.<\/p>\n<p>Die prekolombinen Kulturen integrierten kosmische Gesetzm\u00e4ssigkeiten in ihrer Architektur. Die Wahl der Kultorte und \u2013 pl\u00e4tze wurden durch die Gegebenheiten der Natur bestimmt, es sind Orte, wo die Landschaft und kosmologische Beobachtungen perfekt zusammenspielen.<\/p>\n<p>Wir erkunden die arch\u00e4ologischen Komplexe um Cusco und im Heiligen Tal der Inkas auf der Arch\u00e4oastronomie beasierend, verbunden mit geschichtlichen Chroniken und heutigen indigenen Glaubensvorstellungen. Somit wird der Einklang von Natur, Mensch und Kosmos anschaulich und eindr\u00fccklich erfahrbar gemacht.<\/p>\n<\/td>\n<\/tr>\n<\/tbody>\n<\/table>\n<table class=\"tablecontent3\" border=\"0\" cellspacing=\"5\" cellpadding=\"0\">\n<tbody>\n<tr>\n<td><img loading=\"lazy\" decoding=\"async\" class=\"alignnone size-full wp-image-318\" src=\"http:\/\/www.apulaya.com\/wp-content\/uploads\/2013\/12\/astronomie4.jpg\" alt=\"astronomie4\" width=\"214\" height=\"161\" \/><\/td>\n<td>\n<h3>Cusco \u2013 Saqsaywaman und Umgebung<\/h3>\n<p>Arch\u00e4oastronomie und Geschichte<\/p>\n<\/td>\n<td>\n<h3>Machu Picchu<\/h3>\n<p>Arch\u00e4oastronomie und Fotografie<\/p>\n<\/td>\n<\/tr>\n<tr>\n<td><img loading=\"lazy\" decoding=\"async\" class=\"alignnone size-full wp-image-319\" src=\"http:\/\/www.apulaya.com\/wp-content\/uploads\/2013\/12\/astronomie5.jpg\" alt=\"astronomie5\" width=\"214\" height=\"161\" \/><\/td>\n<td>\n<h3>Pisaq<\/h3>\n<p>Andine Philosophie und Kunstgeschichte<\/p>\n<\/td>\n<td>\n<h3>Qoricancha<\/h3>\n<p>Arch\u00e4oastronomie und Geschichte<\/p>\n<\/td>\n<\/tr>\n<tr>\n<td><img loading=\"lazy\" decoding=\"async\" class=\"alignnone size-full wp-image-320\" src=\"http:\/\/www.apulaya.com\/wp-content\/uploads\/2013\/12\/astronomie7.jpg\" alt=\"astronomie7\" width=\"214\" height=\"161\" \/><\/td>\n<td>\n<h3>Chinchero \u2013 Moray \u2013 Salineras<\/h3>\n<p>Arch\u00e4ostronomie und Fotografie<\/p>\n<\/td>\n<td>\n<h3>Ollantaytambo<\/h3>\n<p>Arch\u00e4oastronomie und Malen<\/p>\n<\/td>\n<\/tr>\n<tr>\n<td colspan=\"3\">\n<h3>Report:\u00a0Sonneninsel &#8211; Mondinsel<\/h3>\n<h3><a href=\"http:\/\/www.apulaya.com\/isla_del_sol_en.pdf\" target=\"_blank\">\u2026 see report<\/a><\/h3>\n<\/td>\n<\/tr>\n<tr>\n<td class=\"bgAstronomia\" colspan=\"3\">\n<p><img loading=\"lazy\" decoding=\"async\" class=\"alignleft\" src=\"http:\/\/www.apulaya.com\/wp-content\/uploads\/2013\/12\/astronomie1.jpg\" alt=\"astronomie1\" width=\"214\" height=\"213\" \/><\/p>\n<p>Sichtbar oder unsichtbar, bewegt oder statisch, gross oder klein, oben oder unten, vorne oder hinten, rechts oder links. Hier ist Alles, es ist; magisch, bezaubernd, lebendig.<\/p>\n<p>Es trennt nicht das G\u00f6ttliche vom Geschaffenem, kennt aber Aspekte:<\/p>\n<p>Das \u00c4ussere, sichtbar, ber\u00fchrbar, nat\u00fcrlich, messbar;<\/p>\n<p>und das Innere, vital, okkult, magisch, unermesslich.<\/p>\n<p>Integriert in einer kosmischen Welt, aber differenziert in Momente, Hierarchien, Aspekte und Gebiete.<\/p>\n<p>AlfioPinascoCarella, Arqueoastronomia in Pachacamac.<\/p>\n<\/td>\n<\/tr>\n<\/tbody>\n<\/table>\n<table id=\"right\" border=\"0\" cellspacing=\"0\" cellpadding=\"0\">\n<tbody>\n<tr>\n<td>\n<div class=\"primary-sidebar  content-two-column \">\n<ul>\n<li id=\"black-studio-tinymce-14\" class=\"summerProgram widget widget_black_studio_tinymce\">\n<div class=\"textwidget\">\n<p><a href=\"http:\/\/www.apulaya.com\/de\/anden-studien-peru-apulaya\/\"><img loading=\"lazy\" decoding=\"async\" class=\"aligncenter wp-image-1453 size-full\" title=\"Special Programs 2018\" src=\"http:\/\/www.apulaya.com\/wp-content\/uploads\/2013\/12\/special-programs-2018.gif\" alt=\"Special Programs 2018\" width=\"230\" height=\"156\" \/><\/a><\/p>\n<\/div>\n<\/li>\n<li id=\"black-studio-tinymce-12\" class=\"right_culture widget widget_black_studio_tinymce\">\n<div class=\"textwidget\"><a title=\"Indigenous Culture Studies\" href=\"http:\/\/www.apulaya.com\/en\/study-abroad-peru-apulaya\/#julio\"><img loading=\"lazy\" decoding=\"async\" class=\"img-responsive aligncenter\" title=\"Summer Program 2023\" src=\"https:\/\/www.apulaya.com\/wp-content\/uploads\/2023\/01\/summer-program.gif\" alt=\"Summer Program 2023\" width=\"250\" height=\"150\" \/><\/a><\/p>\n<p><a title=\"Studium der Indigenen Kultur\" href=\"http:\/\/www.apulaya.com\/de\/studium-der-indigenen-kultur\"><img loading=\"lazy\" decoding=\"async\" class=\" size-full wp-image-765 aligncenter\" src=\"http:\/\/www.apulaya.com\/wp-content\/uploads\/2013\/12\/indigenous-culture-studies1.gif\" alt=\"indigenous-culture-studies\" width=\"225\" height=\"137\" \/><\/a><\/p>\n<p><a href=\"http:\/\/www.apulaya.com\/de\/studium-der-indigenen-kultur\"><img loading=\"lazy\" decoding=\"async\" class=\"aligncenter size-full wp-image-1534\" title=\"andean-textile-art-study\" src=\"http:\/\/www.apulaya.com\/wp-content\/uploads\/2016\/09\/andean-textile-art-study.jpg\" alt=\"andean-textile-art-study\" width=\"225\" height=\"150\" \/><\/a><\/div>\n<\/li>\n<li id=\"nav_menu-4\" class=\"menu_right widget widget_nav_menu\">\n<div class=\"menu-menu-2-container\">\n<ul id=\"menu-menu-4\" class=\"menu\">\n<li class=\"menu-item menu-item-type-post_type menu-item-object-page menu-item-71\"><a href=\"https:\/\/www.apulaya.com\/de\/uber-das-kultur-zentrum\/\">\u00dcber Das Kultur Zentrum<\/a><\/li>\n<li class=\"menu-item menu-item-type-post_type menu-item-object-page menu-item-70\"><a href=\"https:\/\/www.apulaya.com\/de\/das-apulaya-team\/\">Equipo Apulaya<\/a><\/li>\n<li class=\"menu-item menu-item-type-post_type menu-item-object-page menu-item-500\"><a href=\"https:\/\/www.apulaya.com\/de\/fotogallerie\/\">Fotogallerie<\/a><\/li>\n<li class=\"menu-item menu-item-type-post_type menu-item-object-page menu-item-69\"><a href=\"https:\/\/www.apulaya.com\/de\/testimonials\/\">Testimonials<\/a><\/li>\n<li class=\"menu-item menu-item-type-post_type menu-item-object-page menu-item-1279\"><a href=\"https:\/\/www.apulaya.com\/de\/preise\/\">Kursdaten und Preisliste<\/a><\/li>\n<li class=\"menu-item menu-item-type-post_type menu-item-object-page menu-item-2569\"><a href=\"https:\/\/www.apulaya.com\/de\/payments\/\">Payments<\/a><\/li>\n<\/ul>\n<\/div>\n<\/li>\n<li id=\"black-studio-tinymce-16\" class=\"menu_right widget widget_black_studio_tinymce\">\n<div class=\"textwidget\">\n<ul>\n<li><a href=\"http:\/\/www.apulaya.com\/blog\" target=\"_blank\">Unser Blog<\/a><\/li>\n<\/ul>\n<\/div>\n<\/li>\n<li id=\"black-studio-tinymce-11\" class=\"contactright widget widget_black_studio_tinymce\">\n<h2 class=\"widgettitle\">Kontakt Apulaya<\/h2>\n<div class=\"textwidget\">\n<p><strong>Schreib uns!.<\/strong><\/p>\n<hr \/>\n<div class=\"wpcf7 no-js\" id=\"wpcf7-f441-o3\" lang=\"de-DE\" dir=\"ltr\">\n<div class=\"screen-reader-response\">\n<p role=\"status\" aria-live=\"polite\" aria-atomic=\"true\">\n<ul><\/ul>\n<\/div>\n<form action=\"\/de\/wp-json\/wp\/v2\/pages\/29#wpcf7-f441-o3\" method=\"post\" class=\"wpcf7-form init\" aria-label=\"Kontaktformular\" novalidate=\"novalidate\" data-status=\"init\">\n<div style=\"display: none;\">\n<input type=\"hidden\" name=\"_wpcf7\" value=\"441\" \/><br \/>\n<input type=\"hidden\" name=\"_wpcf7_version\" value=\"5.8.2\" \/><br \/>\n<input type=\"hidden\" name=\"_wpcf7_locale\" value=\"de_DE\" \/><br \/>\n<input type=\"hidden\" name=\"_wpcf7_unit_tag\" value=\"wpcf7-f441-o3\" \/><br \/>\n<input type=\"hidden\" name=\"_wpcf7_container_post\" value=\"0\" \/><br \/>\n<input type=\"hidden\" name=\"_wpcf7_posted_data_hash\" value=\"\" \/>\n<\/div>\n<p>Name: *\n<\/p>\n<p><span class=\"wpcf7-form-control-wrap\" data-name=\"your-name\"><input size=\"40\" class=\"wpcf7-form-control wpcf7-text wpcf7-validates-as-required\" aria-required=\"true\" aria-invalid=\"false\" value=\"\" type=\"text\" name=\"your-name\" \/><\/span>\n<\/p>\n<p>E-Mail-Adresse:*\n<\/p>\n<p><span class=\"wpcf7-form-control-wrap\" data-name=\"your-email\"><input size=\"40\" class=\"wpcf7-form-control wpcf7-email wpcf7-validates-as-required wpcf7-text wpcf7-validates-as-email\" aria-required=\"true\" aria-invalid=\"false\" value=\"\" type=\"email\" name=\"your-email\" \/><\/span>\n<\/p>\n<p>Kommentare und Fragen:*\n<\/p>\n<p><span class=\"wpcf7-form-control-wrap\" data-name=\"your-message\"><textarea cols=\"40\" rows=\"10\" class=\"wpcf7-form-control wpcf7-textarea\" aria-invalid=\"false\" name=\"your-message\"><\/textarea><\/span>\n<\/p>\n<p><input type=\"hidden\" name=\"_wpcf7_captcha_challenge_captcha-977\" value=\"1402598477\" \/><img loading=\"lazy\" decoding=\"async\" class=\"wpcf7-form-control wpcf7-captchac wpcf7-captcha-captcha-977\" width=\"72\" height=\"24\" alt=\"captcha\" src=\"https:\/\/www.apulaya.com\/wp-content\/uploads\/wpcf7_captcha\/1402598477.png\" \/><br \/>\n<span class=\"wpcf7-form-control-wrap\" data-name=\"captcha-977\"><input size=\"40\" class=\"wpcf7-form-control wpcf7-captchar\" autocomplete=\"off\" aria-invalid=\"false\" value=\"\" type=\"text\" name=\"captcha-977\" \/><\/span>\n<\/p>\n<p><input class=\"wpcf7-form-control wpcf7-submit has-spinner boton\" type=\"submit\" value=\"Send\" \/>\n<\/p>\n<div class=\"wpcf7-response-output\" aria-hidden=\"true\"><\/div>\n<\/form>\n<\/div>\n<\/div>\n<\/li>\n<\/ul>\n<\/div>\n<\/td>\n<\/tr>\n<\/tbody>\n<\/table>\n<p><\/p>","protected":false},"excerpt":{"rendered":"<p>KOSMOLOGIE UNDARCHITEKTURDER INKAS ARCHEO-ASTRONOMISCHE TOURS Tours um Cusco, Machu Picchu und\u00a0Heiliges Tal der Inkas Eine Reise zu den Heilgt\u00fcmer der Inkas ist eine Reise zum Kosmos, zur Natur und zum Menschen. Die prekolombinen Kulturen integrierten kosmische Gesetzm\u00e4ssigkeiten in ihrer Architektur. Die Wahl der Kultorte und \u2013 pl\u00e4tze wurden durch die Gegebenheiten der Natur bestimmt, es [&hellip;]<\/p>\n","protected":false},"author":1,"featured_media":0,"parent":0,"menu_order":0,"comment_status":"open","ping_status":"open","template":"","meta":{"footnotes":""},"yoast_head":"<!-- This site is optimized with the Yoast SEO plugin v21.5 - https:\/\/yoast.com\/wordpress\/plugins\/seo\/ -->\n<title>Tours in Arch\u00e4o-Astronomie, Kosmologie undarchitekturder inkas<\/title>\n<meta name=\"description\" content=\"Tours um Cusco, Machu Picchu und Heiliges Tal der Inkas. Eine Reise zu den Heilgt\u00fcmer der Inkas ist eine Reise zum Kosmos, zur Natur und zum Menschen.\" \/>\n<meta name=\"robots\" content=\"index, follow, max-snippet:-1, max-image-preview:large, max-video-preview:-1\" \/>\n<link rel=\"canonical\" href=\"https:\/\/www.apulaya.com\/de\/tours-in-archao-astronomie\/\" \/>\n<meta property=\"og:locale\" content=\"de_DE\" \/>\n<meta property=\"og:type\" content=\"article\" \/>\n<meta property=\"og:title\" content=\"Tours in Arch\u00e4o-Astronomie, Kosmologie undarchitekturder inkas\" \/>\n<meta property=\"og:description\" content=\"Tours um Cusco, Machu Picchu und Heiliges Tal der Inkas. Eine Reise zu den Heilgt\u00fcmer der Inkas ist eine Reise zum Kosmos, zur Natur und zum Menschen.\" \/>\n<meta property=\"og:url\" content=\"https:\/\/www.apulaya.com\/de\/tours-in-archao-astronomie\/\" \/>\n<meta property=\"og:site_name\" content=\"Apulaya\" \/>\n<meta property=\"article:publisher\" content=\"https:\/\/www.facebook.com\/apulaya.andean.culture\" \/>\n<meta property=\"article:modified_time\" content=\"2016-01-04T15:36:40+00:00\" \/>\n<meta property=\"og:image\" content=\"http:\/\/www.apulaya.com\/wp-content\/uploads\/2013\/12\/astronomie11.jpg\" \/>\n<meta name=\"twitter:card\" content=\"summary_large_image\" \/>\n<meta name=\"twitter:label1\" content=\"Gesch\u00e4tzte Lesezeit\" \/>\n\t<meta name=\"twitter:data1\" content=\"4\u00a0Minuten\" \/>\n<script type=\"application\/ld+json\" class=\"yoast-schema-graph\">{\"@context\":\"https:\/\/schema.org\",\"@graph\":[{\"@type\":\"WebPage\",\"@id\":\"https:\/\/www.apulaya.com\/de\/tours-in-archao-astronomie\/\",\"url\":\"https:\/\/www.apulaya.com\/de\/tours-in-archao-astronomie\/\",\"name\":\"Tours in Arch\u00e4o-Astronomie, Kosmologie undarchitekturder inkas\",\"isPartOf\":{\"@id\":\"https:\/\/www.apulaya.com\/en\/#website\"},\"datePublished\":\"2013-12-03T15:53:02+00:00\",\"dateModified\":\"2016-01-04T15:36:40+00:00\",\"description\":\"Tours um Cusco, Machu Picchu und Heiliges Tal der Inkas. Eine Reise zu den Heilgt\u00fcmer der Inkas ist eine Reise zum Kosmos, zur Natur und zum Menschen.\",\"breadcrumb\":{\"@id\":\"https:\/\/www.apulaya.com\/de\/tours-in-archao-astronomie\/#breadcrumb\"},\"inLanguage\":\"de\",\"potentialAction\":[{\"@type\":\"ReadAction\",\"target\":[\"https:\/\/www.apulaya.com\/de\/tours-in-archao-astronomie\/\"]}]},{\"@type\":\"BreadcrumbList\",\"@id\":\"https:\/\/www.apulaya.com\/de\/tours-in-archao-astronomie\/#breadcrumb\",\"itemListElement\":[{\"@type\":\"ListItem\",\"position\":1,\"name\":\"Home\",\"item\":\"https:\/\/www.apulaya.com\/en\/\"},{\"@type\":\"ListItem\",\"position\":2,\"name\":\"Tours in Arch\u00e4o-Astronomie\"}]},{\"@type\":\"WebSite\",\"@id\":\"https:\/\/www.apulaya.com\/en\/#website\",\"url\":\"https:\/\/www.apulaya.com\/en\/\",\"name\":\"Apulaya\",\"description\":\"Center for Andean Cuture\",\"publisher\":{\"@id\":\"https:\/\/www.apulaya.com\/en\/#organization\"},\"potentialAction\":[{\"@type\":\"SearchAction\",\"target\":{\"@type\":\"EntryPoint\",\"urlTemplate\":\"https:\/\/www.apulaya.com\/en\/?s={search_term_string}\"},\"query-input\":\"required name=search_term_string\"}],\"inLanguage\":\"de\"},{\"@type\":\"Organization\",\"@id\":\"https:\/\/www.apulaya.com\/en\/#organization\",\"name\":\"Apulaya Center for Andean Culture\",\"url\":\"https:\/\/www.apulaya.com\/en\/\",\"logo\":{\"@type\":\"ImageObject\",\"inLanguage\":\"de\",\"@id\":\"https:\/\/www.apulaya.com\/en\/#\/schema\/logo\/image\/\",\"url\":\"https:\/\/www.apulaya.com\/wp-content\/uploads\/2023\/01\/Apulaya_logo2.png\",\"contentUrl\":\"https:\/\/www.apulaya.com\/wp-content\/uploads\/2023\/01\/Apulaya_logo2.png\",\"width\":1080,\"height\":629,\"caption\":\"Apulaya Center for Andean Culture\"},\"image\":{\"@id\":\"https:\/\/www.apulaya.com\/en\/#\/schema\/logo\/image\/\"},\"sameAs\":[\"https:\/\/www.facebook.com\/apulaya.andean.culture\"]}]}<\/script>\n<!-- \/ Yoast SEO plugin. -->","yoast_head_json":{"title":"Tours in Arch\u00e4o-Astronomie, Kosmologie undarchitekturder inkas","description":"Tours um Cusco, Machu Picchu und Heiliges Tal der Inkas. Eine Reise zu den Heilgt\u00fcmer der Inkas ist eine Reise zum Kosmos, zur Natur und zum Menschen.","robots":{"index":"index","follow":"follow","max-snippet":"max-snippet:-1","max-image-preview":"max-image-preview:large","max-video-preview":"max-video-preview:-1"},"canonical":"https:\/\/www.apulaya.com\/de\/tours-in-archao-astronomie\/","og_locale":"de_DE","og_type":"article","og_title":"Tours in Arch\u00e4o-Astronomie, Kosmologie undarchitekturder inkas","og_description":"Tours um Cusco, Machu Picchu und Heiliges Tal der Inkas. Eine Reise zu den Heilgt\u00fcmer der Inkas ist eine Reise zum Kosmos, zur Natur und zum Menschen.","og_url":"https:\/\/www.apulaya.com\/de\/tours-in-archao-astronomie\/","og_site_name":"Apulaya","article_publisher":"https:\/\/www.facebook.com\/apulaya.andean.culture","article_modified_time":"2016-01-04T15:36:40+00:00","og_image":[{"url":"http:\/\/www.apulaya.com\/wp-content\/uploads\/2013\/12\/astronomie11.jpg"}],"twitter_card":"summary_large_image","twitter_misc":{"Gesch\u00e4tzte Lesezeit":"4\u00a0Minuten"},"schema":{"@context":"https:\/\/schema.org","@graph":[{"@type":"WebPage","@id":"https:\/\/www.apulaya.com\/de\/tours-in-archao-astronomie\/","url":"https:\/\/www.apulaya.com\/de\/tours-in-archao-astronomie\/","name":"Tours in Arch\u00e4o-Astronomie, Kosmologie undarchitekturder inkas","isPartOf":{"@id":"https:\/\/www.apulaya.com\/en\/#website"},"datePublished":"2013-12-03T15:53:02+00:00","dateModified":"2016-01-04T15:36:40+00:00","description":"Tours um Cusco, Machu Picchu und Heiliges Tal der Inkas. Eine Reise zu den Heilgt\u00fcmer der Inkas ist eine Reise zum Kosmos, zur Natur und zum Menschen.","breadcrumb":{"@id":"https:\/\/www.apulaya.com\/de\/tours-in-archao-astronomie\/#breadcrumb"},"inLanguage":"de","potentialAction":[{"@type":"ReadAction","target":["https:\/\/www.apulaya.com\/de\/tours-in-archao-astronomie\/"]}]},{"@type":"BreadcrumbList","@id":"https:\/\/www.apulaya.com\/de\/tours-in-archao-astronomie\/#breadcrumb","itemListElement":[{"@type":"ListItem","position":1,"name":"Home","item":"https:\/\/www.apulaya.com\/en\/"},{"@type":"ListItem","position":2,"name":"Tours in Arch\u00e4o-Astronomie"}]},{"@type":"WebSite","@id":"https:\/\/www.apulaya.com\/en\/#website","url":"https:\/\/www.apulaya.com\/en\/","name":"Apulaya","description":"Center for Andean Cuture","publisher":{"@id":"https:\/\/www.apulaya.com\/en\/#organization"},"potentialAction":[{"@type":"SearchAction","target":{"@type":"EntryPoint","urlTemplate":"https:\/\/www.apulaya.com\/en\/?s={search_term_string}"},"query-input":"required name=search_term_string"}],"inLanguage":"de"},{"@type":"Organization","@id":"https:\/\/www.apulaya.com\/en\/#organization","name":"Apulaya Center for Andean Culture","url":"https:\/\/www.apulaya.com\/en\/","logo":{"@type":"ImageObject","inLanguage":"de","@id":"https:\/\/www.apulaya.com\/en\/#\/schema\/logo\/image\/","url":"https:\/\/www.apulaya.com\/wp-content\/uploads\/2023\/01\/Apulaya_logo2.png","contentUrl":"https:\/\/www.apulaya.com\/wp-content\/uploads\/2023\/01\/Apulaya_logo2.png","width":1080,"height":629,"caption":"Apulaya Center for Andean Culture"},"image":{"@id":"https:\/\/www.apulaya.com\/en\/#\/schema\/logo\/image\/"},"sameAs":["https:\/\/www.facebook.com\/apulaya.andean.culture"]}]}},"_links":{"self":[{"href":"https:\/\/www.apulaya.com\/de\/wp-json\/wp\/v2\/pages\/29"}],"collection":[{"href":"https:\/\/www.apulaya.com\/de\/wp-json\/wp\/v2\/pages"}],"about":[{"href":"https:\/\/www.apulaya.com\/de\/wp-json\/wp\/v2\/types\/page"}],"author":[{"embeddable":true,"href":"https:\/\/www.apulaya.com\/de\/wp-json\/wp\/v2\/users\/1"}],"replies":[{"embeddable":true,"href":"https:\/\/www.apulaya.com\/de\/wp-json\/wp\/v2\/comments?post=29"}],"version-history":[{"count":0,"href":"https:\/\/www.apulaya.com\/de\/wp-json\/wp\/v2\/pages\/29\/revisions"}],"wp:attachment":[{"href":"https:\/\/www.apulaya.com\/de\/wp-json\/wp\/v2\/media?parent=29"}],"curies":[{"name":"wp","href":"https:\/\/api.w.org\/{rel}","templated":true}]}}