{"id":25,"date":"2013-12-03T15:50:30","date_gmt":"2013-12-03T15:50:30","guid":{"rendered":"http:\/\/www.apulaya.com\/es\/?page_id=25"},"modified":"2016-01-04T10:43:38","modified_gmt":"2016-01-04T15:43:38","slug":"religion-and-spirituality","status":"publish","type":"page","link":"https:\/\/www.apulaya.com\/de\/religion-und-spiritualitat\/","title":{"rendered":"Religion und Spiritualit\u00e4t"},"content":{"rendered":"<p><\/p>\n<h1>ANDINE RELIGION UND SPIRITUALIT\u00c4T<\/h1>\n<h2>SEMINARE<\/h2>\n<p><img loading=\"lazy\" decoding=\"async\" src=\"http:\/\/www.apulaya.com\/wp-content\/uploads\/2013\/12\/andean_religion_and_spirituality.jpg\" alt=\"andean_religion_and_spirituality\" width=\"974\" height=\"170\" \/><\/p>\n<table border=\"0\" cellspacing=\"10\" cellpadding=\"0\">\n<tbody>\n<tr>\n<td>\n<h3>Komunion mit Natur und Kosmos<\/h3>\n<p><img loading=\"lazy\" decoding=\"async\" class=\"alignleft\" src=\"http:\/\/www.apulaya.com\/wp-content\/uploads\/2013\/12\/spiritualitat1.jpg\" alt=\"spiritualitat1\" width=\"171\" height=\"194\" \/><\/p>\n<p>&#8222;Der Boden auf dem du lebst, der Fluss der an dir vorbeifliesst\u2026 sie sehen dich, sie wissen ob du Hunger oder Durst hast\u2026 man soll immer an sie denken.&#8220;<\/p>\n<p>Die traditionelle andine Religion beruht auf dem harmonischen Zusammenleben mit der umgebenden Natur und dem Kosmos, mit der sichtbaren und unsichtbaren Welt. Die Indigenas empfinden, dass alles lebt und alles miteinander verbunden ist.<\/p>\n<p>In diesem Sinne erf\u00fcllt der Mensch die Funktion eines Mittlers innerhalb dieses Beziehungsnetzes, er ist aber weder der H\u00f6chste noch der Einzige in dieser Funktion.<\/p>\n<p><strong>THEMENAUSWAHL<\/strong><\/p>\n<\/td>\n<\/tr>\n<\/tbody>\n<\/table>\n<table class=\"tablecontent\" border=\"0\" cellspacing=\"10\" cellpadding=\"0\">\n<tbody>\n<tr>\n<td>\n<h3>Pantheon der G\u00f6tter: Eine Parallelgesellschaft<br \/> mit ihren Funktionen und Hirarchien<\/h3>\n<p><img loading=\"lazy\" decoding=\"async\" class=\"alignleft\" src=\"http:\/\/www.apulaya.com\/wp-content\/uploads\/2013\/12\/spiritualitat3.jpg\" alt=\"spiritualitat3\" width=\"171\" height=\"194\" \/><\/p>\n<p>\u201cDie Apus, los ordenadores\u201d ihre Einflussbereiche, Hirarchien und Funktionen; Pachamama als eine der wichtigsten Lebensquellen und die direkten Komunikationsformen mit ihr. Die Kr\u00e4fte der Quellen, Fl\u00fcsse und Blitze in ihrem \u00fcbernat\u00fcrlichen Aspekt. Der animierte und sexualisierte Kosmos: M\u00e4nnlich \u2013 Weiblich, die Dialektik der komplement\u00e4ren Gegens\u00e4tze. Der Kosmos und die Natur leben, haben hunger und durst.<\/p>\n<\/td>\n<\/tr>\n<tr>\n<td>\n<h3>Der Paqo &#8211; zwischen der nat\u00fcrlichen und \u00fcbernat\u00fcrlichen Welt, Riten und Iniziationen<\/h3>\n<p><img loading=\"lazy\" decoding=\"async\" class=\"alignleft\" src=\"http:\/\/www.apulaya.com\/wp-content\/uploads\/2013\/12\/spiritualitat5.jpg\" alt=\"spiritualitat5\" width=\"171\" height=\"194\" \/><\/p>\n<p>Die andine Religion und ihre Offizianten; Funktionen und Hierarchie, der Zeremonialkalender und die Parallele zwischen dem Zyklus der Sternen, der Jahreszeiten, dem Pflanzenwachstum und dem Leben des Menschen.<\/p>\n<p>Die Verpflichtung des Menschen gegen\u00fcber der Natur durch das Ritual.<\/p>\n<\/td>\n<\/tr>\n<tr>\n<td>\n<h3>Seelen, Ahnen und Geister:<br \/> Die Welt der Toten, das andere Leben<\/h3>\n<p><img loading=\"lazy\" decoding=\"async\" class=\"alignleft\" src=\"http:\/\/www.apulaya.com\/wp-content\/uploads\/2013\/12\/spiritualitat7.jpg\" alt=\"spiritualitat7\" width=\"171\" height=\"129\" \/><\/p>\n<p>Der Bruch mit dieser Welt und der \u00dcbergang ins andere Leben, Mythen und Riten.<\/p>\n<p>Die verurteilten Geister \u2013 lebende Tote. Die l\u00fcsternen und gierigen Geister der Vorsonnenzeit und Ahnen die die Fruchtbarkeit f\u00f6rdern.<\/p>\n<\/td>\n<\/tr>\n<tr>\n<td>\n<p><img loading=\"lazy\" decoding=\"async\" class=\"alignleft\" src=\"http:\/\/www.apulaya.com\/wp-content\/uploads\/2013\/12\/spiritualitat9.jpg\" alt=\"spiritualitat9\" width=\"171\" height=\"194\" \/><\/p>\n<h4>Diese Seminare sind jeweils mit einem Ritual kombiniert, welches vom Paqo Modesto Fernandez ausgef\u00fchrt wird (Paqo: Spezialist in andinen traditionellen Rituale).<\/h4>\n<\/td>\n<\/tr>\n<\/tbody>\n<\/table>\n<table id=\"right\" border=\"0\" cellspacing=\"0\" cellpadding=\"0\">\n<tbody>\n<tr>\n<td>\n<div class=\"primary-sidebar  content-two-column \">\n<ul>\n<li id=\"black-studio-tinymce-14\" class=\"summerProgram widget widget_black_studio_tinymce\">\n<div class=\"textwidget\">\n<p><a href=\"http:\/\/www.apulaya.com\/de\/anden-studien-peru-apulaya\/\"><img loading=\"lazy\" decoding=\"async\" class=\"aligncenter wp-image-1453 size-full\" title=\"Special Programs 2018\" src=\"http:\/\/www.apulaya.com\/wp-content\/uploads\/2013\/12\/special-programs-2018.gif\" alt=\"Special Programs 2018\" width=\"230\" height=\"156\" \/><\/a><\/p>\n<\/div>\n<\/li>\n<li id=\"black-studio-tinymce-12\" class=\"right_culture widget widget_black_studio_tinymce\">\n<div class=\"textwidget\"><a title=\"Indigenous Culture Studies\" href=\"http:\/\/www.apulaya.com\/en\/study-abroad-peru-apulaya\/#julio\"><img loading=\"lazy\" decoding=\"async\" class=\"img-responsive aligncenter\" title=\"Summer Program 2023\" src=\"https:\/\/www.apulaya.com\/wp-content\/uploads\/2023\/01\/summer-program.gif\" alt=\"Summer Program 2023\" width=\"250\" height=\"150\" \/><\/a><\/p>\n<p><a title=\"Studium der Indigenen Kultur\" href=\"http:\/\/www.apulaya.com\/de\/studium-der-indigenen-kultur\"><img loading=\"lazy\" decoding=\"async\" class=\" size-full wp-image-765 aligncenter\" src=\"http:\/\/www.apulaya.com\/wp-content\/uploads\/2013\/12\/indigenous-culture-studies1.gif\" alt=\"indigenous-culture-studies\" width=\"225\" height=\"137\" \/><\/a><\/p>\n<p><a href=\"http:\/\/www.apulaya.com\/de\/studium-der-indigenen-kultur\"><img loading=\"lazy\" decoding=\"async\" class=\"aligncenter size-full wp-image-1534\" title=\"andean-textile-art-study\" src=\"http:\/\/www.apulaya.com\/wp-content\/uploads\/2016\/09\/andean-textile-art-study.jpg\" alt=\"andean-textile-art-study\" width=\"225\" height=\"150\" \/><\/a><\/div>\n<\/li>\n<li id=\"nav_menu-4\" class=\"menu_right widget widget_nav_menu\">\n<div class=\"menu-menu-2-container\">\n<ul id=\"menu-menu-4\" class=\"menu\">\n<li class=\"menu-item menu-item-type-post_type menu-item-object-page menu-item-71\"><a href=\"https:\/\/www.apulaya.com\/de\/uber-das-kultur-zentrum\/\">\u00dcber Das Kultur Zentrum<\/a><\/li>\n<li class=\"menu-item menu-item-type-post_type menu-item-object-page menu-item-70\"><a href=\"https:\/\/www.apulaya.com\/de\/das-apulaya-team\/\">Equipo Apulaya<\/a><\/li>\n<li class=\"menu-item menu-item-type-post_type menu-item-object-page menu-item-500\"><a href=\"https:\/\/www.apulaya.com\/de\/fotogallerie\/\">Fotogallerie<\/a><\/li>\n<li class=\"menu-item menu-item-type-post_type menu-item-object-page menu-item-69\"><a href=\"https:\/\/www.apulaya.com\/de\/testimonials\/\">Testimonials<\/a><\/li>\n<li class=\"menu-item menu-item-type-post_type menu-item-object-page menu-item-1279\"><a href=\"https:\/\/www.apulaya.com\/de\/preise\/\">Kursdaten und Preisliste<\/a><\/li>\n<li class=\"menu-item menu-item-type-post_type menu-item-object-page menu-item-2569\"><a href=\"https:\/\/www.apulaya.com\/de\/payments\/\">Payments<\/a><\/li>\n<\/ul>\n<\/div>\n<\/li>\n<li id=\"black-studio-tinymce-16\" class=\"menu_right widget widget_black_studio_tinymce\">\n<div class=\"textwidget\">\n<ul>\n<li><a href=\"http:\/\/www.apulaya.com\/blog\" target=\"_blank\">Unser Blog<\/a><\/li>\n<\/ul>\n<\/div>\n<\/li>\n<li id=\"black-studio-tinymce-11\" class=\"contactright widget widget_black_studio_tinymce\">\n<h2 class=\"widgettitle\">Kontakt Apulaya<\/h2>\n<div class=\"textwidget\">\n<p><strong>Schreib uns!.<\/strong><\/p>\n<hr \/>\n<div class=\"wpcf7 no-js\" id=\"wpcf7-f441-o3\" lang=\"de-DE\" dir=\"ltr\">\n<div class=\"screen-reader-response\">\n<p role=\"status\" aria-live=\"polite\" aria-atomic=\"true\">\n<ul><\/ul>\n<\/div>\n<form action=\"\/de\/wp-json\/wp\/v2\/pages\/25#wpcf7-f441-o3\" method=\"post\" class=\"wpcf7-form init\" aria-label=\"Kontaktformular\" novalidate=\"novalidate\" data-status=\"init\">\n<div style=\"display: none;\">\n<input type=\"hidden\" name=\"_wpcf7\" value=\"441\" \/><br \/>\n<input type=\"hidden\" name=\"_wpcf7_version\" value=\"5.8.2\" \/><br \/>\n<input type=\"hidden\" name=\"_wpcf7_locale\" value=\"de_DE\" \/><br \/>\n<input type=\"hidden\" name=\"_wpcf7_unit_tag\" value=\"wpcf7-f441-o3\" \/><br \/>\n<input type=\"hidden\" name=\"_wpcf7_container_post\" value=\"0\" \/><br \/>\n<input type=\"hidden\" name=\"_wpcf7_posted_data_hash\" value=\"\" \/>\n<\/div>\n<p>Name: *\n<\/p>\n<p><span class=\"wpcf7-form-control-wrap\" data-name=\"your-name\"><input size=\"40\" class=\"wpcf7-form-control wpcf7-text wpcf7-validates-as-required\" aria-required=\"true\" aria-invalid=\"false\" value=\"\" type=\"text\" name=\"your-name\" \/><\/span>\n<\/p>\n<p>E-Mail-Adresse:*\n<\/p>\n<p><span class=\"wpcf7-form-control-wrap\" data-name=\"your-email\"><input size=\"40\" class=\"wpcf7-form-control wpcf7-email wpcf7-validates-as-required wpcf7-text wpcf7-validates-as-email\" aria-required=\"true\" aria-invalid=\"false\" value=\"\" type=\"email\" name=\"your-email\" \/><\/span>\n<\/p>\n<p>Kommentare und Fragen:*\n<\/p>\n<p><span class=\"wpcf7-form-control-wrap\" data-name=\"your-message\"><textarea cols=\"40\" rows=\"10\" class=\"wpcf7-form-control wpcf7-textarea\" aria-invalid=\"false\" name=\"your-message\"><\/textarea><\/span>\n<\/p>\n<p><input type=\"hidden\" name=\"_wpcf7_captcha_challenge_captcha-977\" value=\"795233343\" \/><img loading=\"lazy\" decoding=\"async\" class=\"wpcf7-form-control wpcf7-captchac wpcf7-captcha-captcha-977\" width=\"72\" height=\"24\" alt=\"captcha\" src=\"https:\/\/www.apulaya.com\/wp-content\/uploads\/wpcf7_captcha\/795233343.png\" \/><br \/>\n<span class=\"wpcf7-form-control-wrap\" data-name=\"captcha-977\"><input size=\"40\" class=\"wpcf7-form-control wpcf7-captchar\" autocomplete=\"off\" aria-invalid=\"false\" value=\"\" type=\"text\" name=\"captcha-977\" \/><\/span>\n<\/p>\n<p><input class=\"wpcf7-form-control wpcf7-submit has-spinner boton\" type=\"submit\" value=\"Send\" \/>\n<\/p>\n<div class=\"wpcf7-response-output\" aria-hidden=\"true\"><\/div>\n<\/form>\n<\/div>\n<\/div>\n<\/li>\n<\/ul>\n<\/div>\n<\/td>\n<\/tr>\n<\/tbody>\n<\/table>\n<p><\/p>","protected":false},"excerpt":{"rendered":"<p>ANDINE RELIGION UND SPIRITUALIT\u00c4T SEMINARE Komunion mit Natur und Kosmos &#8222;Der Boden auf dem du lebst, der Fluss der an dir vorbeifliesst\u2026 sie sehen dich, sie wissen ob du Hunger oder Durst hast\u2026 man soll immer an sie denken.&#8220; Die traditionelle andine Religion beruht auf dem harmonischen Zusammenleben mit der umgebenden Natur und dem Kosmos, [&hellip;]<\/p>\n","protected":false},"author":1,"featured_media":0,"parent":0,"menu_order":0,"comment_status":"open","ping_status":"open","template":"","meta":{"footnotes":""},"yoast_head":"<!-- This site is optimized with the Yoast SEO plugin v21.5 - https:\/\/yoast.com\/wordpress\/plugins\/seo\/ -->\n<title>Religion und Spiritualit\u00e4t - Apulaya<\/title>\n<meta name=\"description\" content=\"Ecosof\u00eda y Religi\u00f3n Andina - Curso y Seminarios en el Valle Sagrado de los Incas, programas transmiten el sistema religioso andino, ecolog\u00eda, agricultura y cosmovisi\u00f3n andina.\" \/>\n<meta name=\"robots\" content=\"index, follow, max-snippet:-1, max-image-preview:large, max-video-preview:-1\" \/>\n<link rel=\"canonical\" href=\"https:\/\/www.apulaya.com\/de\/religion-und-spiritualitat\/\" \/>\n<meta property=\"og:locale\" content=\"de_DE\" \/>\n<meta property=\"og:type\" content=\"article\" \/>\n<meta property=\"og:title\" content=\"Religion und Spiritualit\u00e4t - Apulaya\" \/>\n<meta property=\"og:description\" content=\"Ecosof\u00eda y Religi\u00f3n Andina - Curso y Seminarios en el Valle Sagrado de los Incas, programas transmiten el sistema religioso andino, ecolog\u00eda, agricultura y cosmovisi\u00f3n andina.\" \/>\n<meta property=\"og:url\" content=\"https:\/\/www.apulaya.com\/de\/religion-und-spiritualitat\/\" \/>\n<meta property=\"og:site_name\" content=\"Apulaya\" \/>\n<meta property=\"article:publisher\" content=\"https:\/\/www.facebook.com\/apulaya.andean.culture\" \/>\n<meta property=\"article:modified_time\" content=\"2016-01-04T15:43:38+00:00\" \/>\n<meta property=\"og:image\" content=\"http:\/\/www.apulaya.com\/wp-content\/uploads\/2013\/12\/religion_and_spirituality.jpg\" \/>\n<meta name=\"twitter:card\" content=\"summary_large_image\" \/>\n<meta name=\"twitter:label1\" content=\"Gesch\u00e4tzte Lesezeit\" \/>\n\t<meta name=\"twitter:data1\" content=\"10\u00a0Minuten\" \/>\n<script type=\"application\/ld+json\" class=\"yoast-schema-graph\">{\"@context\":\"https:\/\/schema.org\",\"@graph\":[{\"@type\":\"WebPage\",\"@id\":\"https:\/\/www.apulaya.com\/de\/religion-und-spiritualitat\/\",\"url\":\"https:\/\/www.apulaya.com\/de\/religion-und-spiritualitat\/\",\"name\":\"Religion und Spiritualit\u00e4t - Apulaya\",\"isPartOf\":{\"@id\":\"https:\/\/www.apulaya.com\/en\/#website\"},\"datePublished\":\"2013-12-03T15:50:30+00:00\",\"dateModified\":\"2016-01-04T15:43:38+00:00\",\"description\":\"Ecosof\u00eda y Religi\u00f3n Andina - Curso y Seminarios en el Valle Sagrado de los Incas, programas transmiten el sistema religioso andino, ecolog\u00eda, agricultura y cosmovisi\u00f3n andina.\",\"breadcrumb\":{\"@id\":\"https:\/\/www.apulaya.com\/de\/religion-und-spiritualitat\/#breadcrumb\"},\"inLanguage\":\"de\",\"potentialAction\":[{\"@type\":\"ReadAction\",\"target\":[\"https:\/\/www.apulaya.com\/de\/religion-und-spiritualitat\/\"]}]},{\"@type\":\"BreadcrumbList\",\"@id\":\"https:\/\/www.apulaya.com\/de\/religion-und-spiritualitat\/#breadcrumb\",\"itemListElement\":[{\"@type\":\"ListItem\",\"position\":1,\"name\":\"Home\",\"item\":\"https:\/\/www.apulaya.com\/en\/\"},{\"@type\":\"ListItem\",\"position\":2,\"name\":\"Religion und Spiritualit\u00e4t\"}]},{\"@type\":\"WebSite\",\"@id\":\"https:\/\/www.apulaya.com\/en\/#website\",\"url\":\"https:\/\/www.apulaya.com\/en\/\",\"name\":\"Apulaya\",\"description\":\"Center for Andean Cuture\",\"publisher\":{\"@id\":\"https:\/\/www.apulaya.com\/en\/#organization\"},\"potentialAction\":[{\"@type\":\"SearchAction\",\"target\":{\"@type\":\"EntryPoint\",\"urlTemplate\":\"https:\/\/www.apulaya.com\/en\/?s={search_term_string}\"},\"query-input\":\"required name=search_term_string\"}],\"inLanguage\":\"de\"},{\"@type\":\"Organization\",\"@id\":\"https:\/\/www.apulaya.com\/en\/#organization\",\"name\":\"Apulaya Center for Andean Culture\",\"url\":\"https:\/\/www.apulaya.com\/en\/\",\"logo\":{\"@type\":\"ImageObject\",\"inLanguage\":\"de\",\"@id\":\"https:\/\/www.apulaya.com\/en\/#\/schema\/logo\/image\/\",\"url\":\"https:\/\/www.apulaya.com\/wp-content\/uploads\/2023\/01\/Apulaya_logo2.png\",\"contentUrl\":\"https:\/\/www.apulaya.com\/wp-content\/uploads\/2023\/01\/Apulaya_logo2.png\",\"width\":1080,\"height\":629,\"caption\":\"Apulaya Center for Andean Culture\"},\"image\":{\"@id\":\"https:\/\/www.apulaya.com\/en\/#\/schema\/logo\/image\/\"},\"sameAs\":[\"https:\/\/www.facebook.com\/apulaya.andean.culture\"]}]}<\/script>\n<!-- \/ Yoast SEO plugin. -->","yoast_head_json":{"title":"Religion und Spiritualit\u00e4t - Apulaya","description":"Ecosof\u00eda y Religi\u00f3n Andina - Curso y Seminarios en el Valle Sagrado de los Incas, programas transmiten el sistema religioso andino, ecolog\u00eda, agricultura y cosmovisi\u00f3n andina.","robots":{"index":"index","follow":"follow","max-snippet":"max-snippet:-1","max-image-preview":"max-image-preview:large","max-video-preview":"max-video-preview:-1"},"canonical":"https:\/\/www.apulaya.com\/de\/religion-und-spiritualitat\/","og_locale":"de_DE","og_type":"article","og_title":"Religion und Spiritualit\u00e4t - Apulaya","og_description":"Ecosof\u00eda y Religi\u00f3n Andina - Curso y Seminarios en el Valle Sagrado de los Incas, programas transmiten el sistema religioso andino, ecolog\u00eda, agricultura y cosmovisi\u00f3n andina.","og_url":"https:\/\/www.apulaya.com\/de\/religion-und-spiritualitat\/","og_site_name":"Apulaya","article_publisher":"https:\/\/www.facebook.com\/apulaya.andean.culture","article_modified_time":"2016-01-04T15:43:38+00:00","og_image":[{"url":"http:\/\/www.apulaya.com\/wp-content\/uploads\/2013\/12\/religion_and_spirituality.jpg"}],"twitter_card":"summary_large_image","twitter_misc":{"Gesch\u00e4tzte Lesezeit":"10\u00a0Minuten"},"schema":{"@context":"https:\/\/schema.org","@graph":[{"@type":"WebPage","@id":"https:\/\/www.apulaya.com\/de\/religion-und-spiritualitat\/","url":"https:\/\/www.apulaya.com\/de\/religion-und-spiritualitat\/","name":"Religion und Spiritualit\u00e4t - Apulaya","isPartOf":{"@id":"https:\/\/www.apulaya.com\/en\/#website"},"datePublished":"2013-12-03T15:50:30+00:00","dateModified":"2016-01-04T15:43:38+00:00","description":"Ecosof\u00eda y Religi\u00f3n Andina - Curso y Seminarios en el Valle Sagrado de los Incas, programas transmiten el sistema religioso andino, ecolog\u00eda, agricultura y cosmovisi\u00f3n andina.","breadcrumb":{"@id":"https:\/\/www.apulaya.com\/de\/religion-und-spiritualitat\/#breadcrumb"},"inLanguage":"de","potentialAction":[{"@type":"ReadAction","target":["https:\/\/www.apulaya.com\/de\/religion-und-spiritualitat\/"]}]},{"@type":"BreadcrumbList","@id":"https:\/\/www.apulaya.com\/de\/religion-und-spiritualitat\/#breadcrumb","itemListElement":[{"@type":"ListItem","position":1,"name":"Home","item":"https:\/\/www.apulaya.com\/en\/"},{"@type":"ListItem","position":2,"name":"Religion und Spiritualit\u00e4t"}]},{"@type":"WebSite","@id":"https:\/\/www.apulaya.com\/en\/#website","url":"https:\/\/www.apulaya.com\/en\/","name":"Apulaya","description":"Center for Andean Cuture","publisher":{"@id":"https:\/\/www.apulaya.com\/en\/#organization"},"potentialAction":[{"@type":"SearchAction","target":{"@type":"EntryPoint","urlTemplate":"https:\/\/www.apulaya.com\/en\/?s={search_term_string}"},"query-input":"required name=search_term_string"}],"inLanguage":"de"},{"@type":"Organization","@id":"https:\/\/www.apulaya.com\/en\/#organization","name":"Apulaya Center for Andean Culture","url":"https:\/\/www.apulaya.com\/en\/","logo":{"@type":"ImageObject","inLanguage":"de","@id":"https:\/\/www.apulaya.com\/en\/#\/schema\/logo\/image\/","url":"https:\/\/www.apulaya.com\/wp-content\/uploads\/2023\/01\/Apulaya_logo2.png","contentUrl":"https:\/\/www.apulaya.com\/wp-content\/uploads\/2023\/01\/Apulaya_logo2.png","width":1080,"height":629,"caption":"Apulaya Center for Andean Culture"},"image":{"@id":"https:\/\/www.apulaya.com\/en\/#\/schema\/logo\/image\/"},"sameAs":["https:\/\/www.facebook.com\/apulaya.andean.culture"]}]}},"_links":{"self":[{"href":"https:\/\/www.apulaya.com\/de\/wp-json\/wp\/v2\/pages\/25"}],"collection":[{"href":"https:\/\/www.apulaya.com\/de\/wp-json\/wp\/v2\/pages"}],"about":[{"href":"https:\/\/www.apulaya.com\/de\/wp-json\/wp\/v2\/types\/page"}],"author":[{"embeddable":true,"href":"https:\/\/www.apulaya.com\/de\/wp-json\/wp\/v2\/users\/1"}],"replies":[{"embeddable":true,"href":"https:\/\/www.apulaya.com\/de\/wp-json\/wp\/v2\/comments?post=25"}],"version-history":[{"count":0,"href":"https:\/\/www.apulaya.com\/de\/wp-json\/wp\/v2\/pages\/25\/revisions"}],"wp:attachment":[{"href":"https:\/\/www.apulaya.com\/de\/wp-json\/wp\/v2\/media?parent=25"}],"curies":[{"name":"wp","href":"https:\/\/api.w.org\/{rel}","templated":true}]}}