{"id":21,"date":"2013-12-03T15:48:39","date_gmt":"2013-12-03T15:48:39","guid":{"rendered":"http:\/\/www.apulaya.com\/es\/?page_id=21"},"modified":"2020-06-16T16:47:40","modified_gmt":"2020-06-16T21:47:40","slug":"traditional-textile","status":"publish","type":"page","link":"https:\/\/www.apulaya.com\/de\/traditionelle-textilerie\/","title":{"rendered":"Traditionelle<br>Textilerie"},"content":{"rendered":"<p><\/p>\n<h1>INDIGENE TEXTILKUNST<\/h1>\n<h2>KURSE UND ATELIERS<\/h2>\n<p><img loading=\"lazy\" decoding=\"async\" src=\"http:\/\/www.apulaya.com\/wp-content\/uploads\/2013\/12\/textil_banner.jpg\" alt=\"textil_banner\" width=\"974\" height=\"170\" \/><\/p>\n<h3>Textile erz\u00e4hlen uns\u2026<\/h3>\n<p>Jede Region der Anden hat ihren eigenen Stil und Ausdrucksweise der Textilerie. Aber eines haben sie gemeinsam: Die traditionelle Textile sind ein offenes Buch mit Symbolen und Informationscodes. Die Webkunst ist eine Schriftform, eine Sprache mit visuellen Metaphern, welche ihre Werte, Kosmologie und kulturelle Konzepte vermittelt.<\/p>\n<p>Unser Programmangebot kombiniert die Kenntnisse der Webkunst in ihrem kulturellen Kontext (andine Kosmologie und Etnogeschichte) mit dem Erlernen des traditionellen Webens von indigenen Symbolen und Ikonografien. Dies hilft dir, die tiefe Bedeutung der Weberei, welche es f\u00fcr die Indigenas hat, zu verstehen. Gleichzeitig gibt dir die Ruhe des Webens Raum und Zeit, um in diese tiefgr\u00fcndige Kunst einzutauchen.<\/p>\n<h4>THEMENAUSWAHL<\/h4>\n<table class=\"tablecontent\" border=\"0\" cellspacing=\"10\" cellpadding=\"0\">\n<tbody>\n<tr>\n<td>\n<h2>ONLINE COURSE &#8211; SEMIOLOGY OF THE ANDEAN TEXTILES<\/h2>\n<p><strong>Textiles as an information recording system<\/strong><\/p>\n<p>In their millenary existence, Andean societies have developed ways of conceptualizing the\u00a0relationships of humans and nature. Textiles were one of the recording tools used by\u00a0complex pre-Hispanic Andean civilizations to store the science developed at that time.<\/p>\n<p>Precisely the contemporary textiles, made at the high-Andean communities, preserve that\u00a0understanding of the world. Therefore, as we were trained in the use and understanding of\u00a0alphabetic linear writing, we will learn how to understand the symbolic textile language from\u00a0an anthropological approach considering the context of its use.<\/p>\n<p>For more information and costs <strong><a href=\"https:\/\/www.apulaya.com\/de\/kontakte\/\" target=\"_blank\">contact us here<\/a><\/strong><\/td>\n<\/tr>\n<tr>\n<td>\n<h3>KOSMOLOGIE, MYTHEN UND GESCHICHTE IN DER TEXTILKUNST<\/h3>\n<p><img loading=\"lazy\" decoding=\"async\" class=\"alignleft\" src=\"http:\/\/www.apulaya.com\/wp-content\/uploads\/2013\/12\/textil1.jpg\" alt=\"textil1\" width=\"214\" height=\"161\" \/><\/p>\n<p>Die Symbole, Ikonen und Webtechniken widerspiegeln Konzepte der Reziprozit\u00e4t, Dualit\u00e4t, die indigene Vision des Kosmos und der Natur sowie geschichtliche Ereignisse.<\/p>\n<p>Die indigenen Textilien erz\u00e4hlen von der Natur die die Menschen umgibt und von Mythen, und beinhalten Kalender. Sie besitzen magische Kr\u00e4fte und haben eine bestimmte Funktion und Bedeutung in rituellen Handlungen.<\/p>\n<p>Wir betrachten die Stilvielfalt der Regionen Cusco und Puno.<\/td>\n<\/tr>\n<tr>\n<td>\n<h3>WEB-KURSE \u2013 VOM SPINNEN ZUM WEBEN<\/h3>\n<p><img loading=\"lazy\" decoding=\"async\" class=\"alignleft\" src=\"http:\/\/www.apulaya.com\/wp-content\/uploads\/2013\/12\/textil2.jpg\" alt=\"textil2\" width=\"214\" height=\"161\" \/><\/p>\n<p>Erlerne das Weben mit Werkzeugen und Techniken, die seit unz\u00e4hligen von Generationen verwendet werden!<\/p>\n<ul>\n<li>Vorbereitungen f\u00fcrs Weben: Spinnen und zwirnen mit der traditionellen andinen Spindel, das Vorbereiten des \u201cWebrahmens\u201d, einspannen und aufziehen der Schn\u00fcre.<\/li>\n<li>Es wird Schaf- oder Alpacawolle verwendet, in ihrer nat\u00fcrlichen Farben oder in gef\u00e4rbter Vielfalt.<\/li>\n<li>Die verwendeten Werkzeuge sind handgemacht, praktisch, einfach und k\u00f6nnen sogar selber hergestellt werden.<\/li>\n<li>Die Webstile, Ikonen und Symbole werden individualisierend nach Kenntnissen und F\u00e4higkeiten der Teilnehmer gelehrt.<\/li>\n<li>Erlerne weitere traditionelle Textiltechniken wie Kn\u00fcpfen, Z\u00f6pfeln und Drehen.<\/li>\n<\/ul>\n<p><img loading=\"lazy\" decoding=\"async\" class=\"alignleft\" src=\"http:\/\/www.apulaya.com\/wp-content\/uploads\/2013\/12\/textil3.jpg\" alt=\"textil3\" width=\"214\" height=\"161\" \/><\/p>\n<p>Die Kurse werden in den Niveaus Grundkurs, Fortsetzungskurs und Fortgeschritten erteilt.<\/p>\n<p>Optional kann der Kurs auch das Herstellen der eigenen Werkzeuge beinhalten.<\/td>\n<\/tr>\n<tr>\n<td>\n<h3>F\u00c4RBEREI WORKSHOPS \u2013 FARBENPRACHT DER NATUR UND ANCESTRALES WISSEN<\/h3>\n<p><img loading=\"lazy\" decoding=\"async\" class=\"alignleft\" src=\"http:\/\/www.apulaya.com\/wp-content\/uploads\/2013\/12\/textil6.jpg\" alt=\"textil6\" width=\"214\" height=\"161\" \/><\/p>\n<p>Blumen, Bl\u00e4tter, Wurzeln, Kaktusl\u00e4use und Mineralien, &#8230; die Kunst des F\u00e4rbens ist in Chinchero eine uralte Tradition.<\/p>\n<p>Hier erlernst du die Zubereitung und Mischung der nat\u00fcrlichen Zutaten, das F\u00e4rben der Wolle und die Fixierungsprozesse.<\/td>\n<\/tr>\n<tr>\n<td><img loading=\"lazy\" decoding=\"async\" class=\"alignleft\" src=\"http:\/\/www.apulaya.com\/wp-content\/uploads\/2013\/12\/textil7.jpg\" alt=\"textil7\" width=\"214\" height=\"161\" \/><\/p>\n<p>Diesen ganztages Workshop verbinden wir meistens mit dem Besuch des malerischen und historischen St\u00e4dtchen Chinchero, wobei am ersten Tag Chinchero und die arch\u00e4ologische Anlage erkundet wird, und am zweiten Tag in einer F\u00e4rbereiwerkstadt unter Anleitung der Chincherina Braulia gef\u00e4rbt wird.<\/td>\n<\/tr>\n<tr>\n<td>\n<h3>WEBEN IN DER WIEGE DER TRADITION &#8211; ERLEBE DIE INDIGENE KULTUR HAUTNAH<\/h3>\n<p><img loading=\"lazy\" decoding=\"async\" class=\"alignleft\" src=\"http:\/\/www.apulaya.com\/wp-content\/uploads\/2013\/12\/textil8.jpg\" alt=\"textil8\" width=\"214\" height=\"161\" \/><\/p>\n<p>Die tradtionelle Gemeinde Canchacancha liegt im Hochland des Heiligen Tals der Inkas. Nur ein Wanderweg f\u00fchrt durch eine vielf\u00e4ltige von Mikroklimen beeinflusste Flora und Fauna hinauf. Die Bewohner sind Bauern, Hirten und Weber . Und durch das Weben wurde ihre traditionelle Kultur \u00fcber Generationen weitergegeben. Ihre Textilerie und Kleidung ist stark mit ihrer umgebenden Natur und den Ahnen verbunden.<\/td>\n<\/tr>\n<tr>\n<td><img loading=\"lazy\" decoding=\"async\" class=\"alignleft\" src=\"http:\/\/www.apulaya.com\/wp-content\/uploads\/2013\/12\/textil9.jpg\" alt=\"textil9\" width=\"214\" height=\"161\" \/><\/p>\n<p>Unsere Gastgeberin ist eine der besten Weberinnen der Gemeinde. Mit ihr und ihrer Familie ihre Lebensweise teilen bedeutet nicht nur die Techniken ihrer Webkust zu erlernen, sondern ist auch ein kulutrell reiches und unvergessliches Erlebnis.<\/td>\n<\/tr>\n<tr>\n<td>\n<h3>KOMBINATIONEN<\/h3>\n<p><img loading=\"lazy\" decoding=\"async\" class=\"size-full wp-image-515 alignleft\" src=\"http:\/\/www.apulaya.com\/wp-content\/uploads\/2013\/12\/textil10.jpg\" alt=\"textil10\" width=\"161\" height=\"214\" \/><\/p>\n<h4>TEXTILERIE &amp; KUNST UND MALEN \u2013 ANDINE TEXTILKUNST DAMALS UND HEUTE<\/h4>\n<p>Du kannst auch dein Programm der traditionellen Textilerie mit prekolumbiner Kunst und Malen kombinieren. W\u00e4hrend du das Weben erlernst, f\u00fchren dich die Kunstateliers in die magische Welt der pre-inkaischen Kultren ein. Mehr \u00fcber die Kunstangebote unter\u2026.<\/p>\n<h4>TEXTILERIE &amp; VOLUNTEERING \u2013 DEN KULURELLEN REICHTUM DER INDIGENEN KINDER F\u00d6RDERN<\/h4>\n<p>In unseren Kunst- und Telxtillerieworkshops an der Primarschule f\u00f6rdern wir die Kreativit\u00e4t, die Wertsch\u00e4tzung und Wahrung des indigenen k\u00fcnstlerischen Wissens. Mehr \u00fcber unsere Volunteerprogramme <a title=\"Volunteers\" href=\"http:\/\/www.apulaya.com\/de\/volunteers\">unter\u2026<\/a><\/td>\n<\/tr>\n<\/tbody>\n<\/table>\n<table id=\"right\" border=\"0\" cellspacing=\"0\" cellpadding=\"0\">\n<tbody>\n<tr>\n<td>\n<div class=\"primary-sidebar  content-two-column \">\n<ul>\n<li id=\"black-studio-tinymce-14\" class=\"summerProgram widget widget_black_studio_tinymce\">\n<div class=\"textwidget\">\n<p><a href=\"http:\/\/www.apulaya.com\/de\/anden-studien-peru-apulaya\/\"><img loading=\"lazy\" decoding=\"async\" class=\"aligncenter wp-image-1453 size-full\" title=\"Special Programs 2018\" src=\"http:\/\/www.apulaya.com\/wp-content\/uploads\/2013\/12\/special-programs-2018.gif\" alt=\"Special Programs 2018\" width=\"230\" height=\"156\" \/><\/a><\/p>\n<\/div>\n<\/li>\n<li id=\"black-studio-tinymce-12\" class=\"right_culture widget widget_black_studio_tinymce\">\n<div class=\"textwidget\"><a title=\"Indigenous Culture Studies\" href=\"http:\/\/www.apulaya.com\/en\/study-abroad-peru-apulaya\/#julio\"><img loading=\"lazy\" decoding=\"async\" class=\"img-responsive aligncenter\" title=\"Summer Program 2023\" src=\"https:\/\/www.apulaya.com\/wp-content\/uploads\/2023\/01\/summer-program.gif\" alt=\"Summer Program 2023\" width=\"250\" height=\"150\" \/><\/a><\/p>\n<p><a title=\"Studium der Indigenen Kultur\" href=\"http:\/\/www.apulaya.com\/de\/studium-der-indigenen-kultur\"><img loading=\"lazy\" decoding=\"async\" class=\" size-full wp-image-765 aligncenter\" src=\"http:\/\/www.apulaya.com\/wp-content\/uploads\/2013\/12\/indigenous-culture-studies1.gif\" alt=\"indigenous-culture-studies\" width=\"225\" height=\"137\" \/><\/a><\/p>\n<p><a href=\"http:\/\/www.apulaya.com\/de\/studium-der-indigenen-kultur\"><img loading=\"lazy\" decoding=\"async\" class=\"aligncenter size-full wp-image-1534\" title=\"andean-textile-art-study\" src=\"http:\/\/www.apulaya.com\/wp-content\/uploads\/2016\/09\/andean-textile-art-study.jpg\" alt=\"andean-textile-art-study\" width=\"225\" height=\"150\" \/><\/a><\/div>\n<\/li>\n<li id=\"nav_menu-4\" class=\"menu_right widget widget_nav_menu\">\n<div class=\"menu-menu-2-container\">\n<ul id=\"menu-menu-4\" class=\"menu\">\n<li class=\"menu-item menu-item-type-post_type menu-item-object-page menu-item-71\"><a href=\"https:\/\/www.apulaya.com\/de\/uber-das-kultur-zentrum\/\">\u00dcber Das Kultur Zentrum<\/a><\/li>\n<li class=\"menu-item menu-item-type-post_type menu-item-object-page menu-item-70\"><a href=\"https:\/\/www.apulaya.com\/de\/das-apulaya-team\/\">Equipo Apulaya<\/a><\/li>\n<li class=\"menu-item menu-item-type-post_type menu-item-object-page menu-item-500\"><a href=\"https:\/\/www.apulaya.com\/de\/fotogallerie\/\">Fotogallerie<\/a><\/li>\n<li class=\"menu-item menu-item-type-post_type menu-item-object-page menu-item-69\"><a href=\"https:\/\/www.apulaya.com\/de\/testimonials\/\">Testimonials<\/a><\/li>\n<li class=\"menu-item menu-item-type-post_type menu-item-object-page menu-item-1279\"><a href=\"https:\/\/www.apulaya.com\/de\/preise\/\">Kursdaten und Preisliste<\/a><\/li>\n<li class=\"menu-item menu-item-type-post_type menu-item-object-page menu-item-2569\"><a href=\"https:\/\/www.apulaya.com\/de\/payments\/\">Payments<\/a><\/li>\n<\/ul>\n<\/div>\n<\/li>\n<li id=\"black-studio-tinymce-16\" class=\"menu_right widget widget_black_studio_tinymce\">\n<div class=\"textwidget\">\n<ul>\n<li><a href=\"http:\/\/www.apulaya.com\/blog\" target=\"_blank\">Unser Blog<\/a><\/li>\n<\/ul>\n<\/div>\n<\/li>\n<li id=\"black-studio-tinymce-11\" class=\"contactright widget widget_black_studio_tinymce\">\n<h2 class=\"widgettitle\">Kontakt Apulaya<\/h2>\n<div class=\"textwidget\">\n<p><strong>Schreib uns!.<\/strong><\/p>\n<hr \/>\n<div class=\"wpcf7 no-js\" id=\"wpcf7-f441-o3\" lang=\"de-DE\" dir=\"ltr\">\n<div class=\"screen-reader-response\">\n<p role=\"status\" aria-live=\"polite\" aria-atomic=\"true\">\n<ul><\/ul>\n<\/div>\n<form action=\"\/de\/wp-json\/wp\/v2\/pages\/21#wpcf7-f441-o3\" method=\"post\" class=\"wpcf7-form init\" aria-label=\"Kontaktformular\" novalidate=\"novalidate\" data-status=\"init\">\n<div style=\"display: none;\">\n<input type=\"hidden\" name=\"_wpcf7\" value=\"441\" \/><br \/>\n<input type=\"hidden\" name=\"_wpcf7_version\" value=\"5.8.2\" \/><br \/>\n<input type=\"hidden\" name=\"_wpcf7_locale\" value=\"de_DE\" \/><br \/>\n<input type=\"hidden\" name=\"_wpcf7_unit_tag\" value=\"wpcf7-f441-o3\" \/><br \/>\n<input type=\"hidden\" name=\"_wpcf7_container_post\" value=\"0\" \/><br \/>\n<input type=\"hidden\" name=\"_wpcf7_posted_data_hash\" value=\"\" \/>\n<\/div>\n<p>Name: *\n<\/p>\n<p><span class=\"wpcf7-form-control-wrap\" data-name=\"your-name\"><input size=\"40\" class=\"wpcf7-form-control wpcf7-text wpcf7-validates-as-required\" aria-required=\"true\" aria-invalid=\"false\" value=\"\" type=\"text\" name=\"your-name\" \/><\/span>\n<\/p>\n<p>E-Mail-Adresse:*\n<\/p>\n<p><span class=\"wpcf7-form-control-wrap\" data-name=\"your-email\"><input size=\"40\" class=\"wpcf7-form-control wpcf7-email wpcf7-validates-as-required wpcf7-text wpcf7-validates-as-email\" aria-required=\"true\" aria-invalid=\"false\" value=\"\" type=\"email\" name=\"your-email\" \/><\/span>\n<\/p>\n<p>Kommentare und Fragen:*\n<\/p>\n<p><span class=\"wpcf7-form-control-wrap\" data-name=\"your-message\"><textarea cols=\"40\" rows=\"10\" class=\"wpcf7-form-control wpcf7-textarea\" aria-invalid=\"false\" name=\"your-message\"><\/textarea><\/span>\n<\/p>\n<p><input type=\"hidden\" name=\"_wpcf7_captcha_challenge_captcha-977\" value=\"3199254516\" \/><img loading=\"lazy\" decoding=\"async\" class=\"wpcf7-form-control wpcf7-captchac wpcf7-captcha-captcha-977\" width=\"72\" height=\"24\" alt=\"captcha\" src=\"https:\/\/www.apulaya.com\/wp-content\/uploads\/wpcf7_captcha\/3199254516.png\" \/><br \/>\n<span class=\"wpcf7-form-control-wrap\" data-name=\"captcha-977\"><input size=\"40\" class=\"wpcf7-form-control wpcf7-captchar\" autocomplete=\"off\" aria-invalid=\"false\" value=\"\" type=\"text\" name=\"captcha-977\" \/><\/span>\n<\/p>\n<p><input class=\"wpcf7-form-control wpcf7-submit has-spinner boton\" type=\"submit\" value=\"Send\" \/>\n<\/p>\n<div class=\"wpcf7-response-output\" aria-hidden=\"true\"><\/div>\n<\/form>\n<\/div>\n<\/div>\n<\/li>\n<\/ul>\n<\/div>\n<\/td>\n<\/tr>\n<\/tbody>\n<\/table>\n<p><\/p>","protected":false},"excerpt":{"rendered":"<p>INDIGENE TEXTILKUNST KURSE UND ATELIERS Textile erz\u00e4hlen uns\u2026 Jede Region der Anden hat ihren eigenen Stil und Ausdrucksweise der Textilerie. Aber eines haben sie gemeinsam: Die traditionelle Textile sind ein offenes Buch mit Symbolen und Informationscodes. Die Webkunst ist eine Schriftform, eine Sprache mit visuellen Metaphern, welche ihre Werte, Kosmologie und kulturelle Konzepte vermittelt. Unser [&hellip;]<\/p>\n","protected":false},"author":1,"featured_media":0,"parent":0,"menu_order":0,"comment_status":"open","ping_status":"open","template":"","meta":{"footnotes":""},"yoast_head":"<!-- This site is optimized with the Yoast SEO plugin v21.5 - https:\/\/yoast.com\/wordpress\/plugins\/seo\/ -->\n<title>Tejido y arte textil andino, cursos y estudios en Cusco, Per\u00fa<\/title>\n<meta name=\"description\" content=\"Cursos y clases de tejido y arte textil andino en Per\u00fa - Cusco. Programas de diversa duraci\u00f3n, para detalles visita nuestro web.\" \/>\n<meta name=\"robots\" content=\"index, follow, max-snippet:-1, max-image-preview:large, max-video-preview:-1\" \/>\n<link rel=\"canonical\" href=\"https:\/\/www.apulaya.com\/es\/textileria-tradicional\/\" \/>\n<meta property=\"og:locale\" content=\"de_DE\" \/>\n<meta property=\"og:type\" content=\"article\" \/>\n<meta property=\"og:title\" content=\"Tejido y arte textil andino, cursos y estudios en Cusco, Per\u00fa\" \/>\n<meta property=\"og:description\" content=\"Cursos y clases de tejido y arte textil andino en Per\u00fa - Cusco. Programas de diversa duraci\u00f3n, para detalles visita nuestro web.\" \/>\n<meta property=\"og:url\" content=\"https:\/\/www.apulaya.com\/es\/textileria-tradicional\/\" \/>\n<meta property=\"og:site_name\" content=\"Apulaya\" \/>\n<meta property=\"article:publisher\" content=\"https:\/\/www.facebook.com\/apulaya.andean.culture\" \/>\n<meta property=\"article:modified_time\" content=\"2020-06-16T21:47:40+00:00\" \/>\n<meta property=\"og:image\" content=\"http:\/\/www.apulaya.com\/wp-content\/uploads\/2013\/12\/textil_banner.jpg\" \/>\n<meta name=\"twitter:card\" content=\"summary_large_image\" \/>\n<meta name=\"twitter:label1\" content=\"Gesch\u00e4tzte Lesezeit\" \/>\n\t<meta name=\"twitter:data1\" content=\"22\u00a0Minuten\" \/>\n<script type=\"application\/ld+json\" class=\"yoast-schema-graph\">{\"@context\":\"https:\/\/schema.org\",\"@graph\":[{\"@type\":\"WebPage\",\"@id\":\"https:\/\/www.apulaya.com\/es\/textileria-tradicional\/\",\"url\":\"https:\/\/www.apulaya.com\/es\/textileria-tradicional\/\",\"name\":\"Tejido y arte textil andino, cursos y estudios en Cusco, Per\u00fa\",\"isPartOf\":{\"@id\":\"https:\/\/www.apulaya.com\/en\/#website\"},\"datePublished\":\"2013-12-03T15:48:39+00:00\",\"dateModified\":\"2020-06-16T21:47:40+00:00\",\"description\":\"Cursos y clases de tejido y arte textil andino en Per\u00fa - Cusco. Programas de diversa duraci\u00f3n, para detalles visita nuestro web.\",\"breadcrumb\":{\"@id\":\"https:\/\/www.apulaya.com\/es\/textileria-tradicional\/#breadcrumb\"},\"inLanguage\":\"de\",\"potentialAction\":[{\"@type\":\"ReadAction\",\"target\":[\"https:\/\/www.apulaya.com\/es\/textileria-tradicional\/\"]}]},{\"@type\":\"BreadcrumbList\",\"@id\":\"https:\/\/www.apulaya.com\/es\/textileria-tradicional\/#breadcrumb\",\"itemListElement\":[{\"@type\":\"ListItem\",\"position\":1,\"name\":\"Home\",\"item\":\"https:\/\/www.apulaya.com\/en\/\"},{\"@type\":\"ListItem\",\"position\":2,\"name\":\"Textiler\u00edaTradicional\"}]},{\"@type\":\"WebSite\",\"@id\":\"https:\/\/www.apulaya.com\/en\/#website\",\"url\":\"https:\/\/www.apulaya.com\/en\/\",\"name\":\"Apulaya\",\"description\":\"Center for Andean Cuture\",\"publisher\":{\"@id\":\"https:\/\/www.apulaya.com\/en\/#organization\"},\"potentialAction\":[{\"@type\":\"SearchAction\",\"target\":{\"@type\":\"EntryPoint\",\"urlTemplate\":\"https:\/\/www.apulaya.com\/en\/?s={search_term_string}\"},\"query-input\":\"required name=search_term_string\"}],\"inLanguage\":\"de\"},{\"@type\":\"Organization\",\"@id\":\"https:\/\/www.apulaya.com\/en\/#organization\",\"name\":\"Apulaya Center for Andean Culture\",\"url\":\"https:\/\/www.apulaya.com\/en\/\",\"logo\":{\"@type\":\"ImageObject\",\"inLanguage\":\"de\",\"@id\":\"https:\/\/www.apulaya.com\/en\/#\/schema\/logo\/image\/\",\"url\":\"https:\/\/www.apulaya.com\/wp-content\/uploads\/2023\/01\/Apulaya_logo2.png\",\"contentUrl\":\"https:\/\/www.apulaya.com\/wp-content\/uploads\/2023\/01\/Apulaya_logo2.png\",\"width\":1080,\"height\":629,\"caption\":\"Apulaya Center for Andean Culture\"},\"image\":{\"@id\":\"https:\/\/www.apulaya.com\/en\/#\/schema\/logo\/image\/\"},\"sameAs\":[\"https:\/\/www.facebook.com\/apulaya.andean.culture\"]}]}<\/script>\n<!-- \/ Yoast SEO plugin. -->","yoast_head_json":{"title":"Tejido y arte textil andino, cursos y estudios en Cusco, Per\u00fa","description":"Cursos y clases de tejido y arte textil andino en Per\u00fa - Cusco. Programas de diversa duraci\u00f3n, para detalles visita nuestro web.","robots":{"index":"index","follow":"follow","max-snippet":"max-snippet:-1","max-image-preview":"max-image-preview:large","max-video-preview":"max-video-preview:-1"},"canonical":"https:\/\/www.apulaya.com\/es\/textileria-tradicional\/","og_locale":"de_DE","og_type":"article","og_title":"Tejido y arte textil andino, cursos y estudios en Cusco, Per\u00fa","og_description":"Cursos y clases de tejido y arte textil andino en Per\u00fa - Cusco. Programas de diversa duraci\u00f3n, para detalles visita nuestro web.","og_url":"https:\/\/www.apulaya.com\/es\/textileria-tradicional\/","og_site_name":"Apulaya","article_publisher":"https:\/\/www.facebook.com\/apulaya.andean.culture","article_modified_time":"2020-06-16T21:47:40+00:00","og_image":[{"url":"http:\/\/www.apulaya.com\/wp-content\/uploads\/2013\/12\/textil_banner.jpg"}],"twitter_card":"summary_large_image","twitter_misc":{"Gesch\u00e4tzte Lesezeit":"22\u00a0Minuten"},"schema":{"@context":"https:\/\/schema.org","@graph":[{"@type":"WebPage","@id":"https:\/\/www.apulaya.com\/es\/textileria-tradicional\/","url":"https:\/\/www.apulaya.com\/es\/textileria-tradicional\/","name":"Tejido y arte textil andino, cursos y estudios en Cusco, Per\u00fa","isPartOf":{"@id":"https:\/\/www.apulaya.com\/en\/#website"},"datePublished":"2013-12-03T15:48:39+00:00","dateModified":"2020-06-16T21:47:40+00:00","description":"Cursos y clases de tejido y arte textil andino en Per\u00fa - Cusco. Programas de diversa duraci\u00f3n, para detalles visita nuestro web.","breadcrumb":{"@id":"https:\/\/www.apulaya.com\/es\/textileria-tradicional\/#breadcrumb"},"inLanguage":"de","potentialAction":[{"@type":"ReadAction","target":["https:\/\/www.apulaya.com\/es\/textileria-tradicional\/"]}]},{"@type":"BreadcrumbList","@id":"https:\/\/www.apulaya.com\/es\/textileria-tradicional\/#breadcrumb","itemListElement":[{"@type":"ListItem","position":1,"name":"Home","item":"https:\/\/www.apulaya.com\/en\/"},{"@type":"ListItem","position":2,"name":"Textiler\u00edaTradicional"}]},{"@type":"WebSite","@id":"https:\/\/www.apulaya.com\/en\/#website","url":"https:\/\/www.apulaya.com\/en\/","name":"Apulaya","description":"Center for Andean Cuture","publisher":{"@id":"https:\/\/www.apulaya.com\/en\/#organization"},"potentialAction":[{"@type":"SearchAction","target":{"@type":"EntryPoint","urlTemplate":"https:\/\/www.apulaya.com\/en\/?s={search_term_string}"},"query-input":"required name=search_term_string"}],"inLanguage":"de"},{"@type":"Organization","@id":"https:\/\/www.apulaya.com\/en\/#organization","name":"Apulaya Center for Andean Culture","url":"https:\/\/www.apulaya.com\/en\/","logo":{"@type":"ImageObject","inLanguage":"de","@id":"https:\/\/www.apulaya.com\/en\/#\/schema\/logo\/image\/","url":"https:\/\/www.apulaya.com\/wp-content\/uploads\/2023\/01\/Apulaya_logo2.png","contentUrl":"https:\/\/www.apulaya.com\/wp-content\/uploads\/2023\/01\/Apulaya_logo2.png","width":1080,"height":629,"caption":"Apulaya Center for Andean Culture"},"image":{"@id":"https:\/\/www.apulaya.com\/en\/#\/schema\/logo\/image\/"},"sameAs":["https:\/\/www.facebook.com\/apulaya.andean.culture"]}]}},"_links":{"self":[{"href":"https:\/\/www.apulaya.com\/de\/wp-json\/wp\/v2\/pages\/21"}],"collection":[{"href":"https:\/\/www.apulaya.com\/de\/wp-json\/wp\/v2\/pages"}],"about":[{"href":"https:\/\/www.apulaya.com\/de\/wp-json\/wp\/v2\/types\/page"}],"author":[{"embeddable":true,"href":"https:\/\/www.apulaya.com\/de\/wp-json\/wp\/v2\/users\/1"}],"replies":[{"embeddable":true,"href":"https:\/\/www.apulaya.com\/de\/wp-json\/wp\/v2\/comments?post=21"}],"version-history":[{"count":6,"href":"https:\/\/www.apulaya.com\/de\/wp-json\/wp\/v2\/pages\/21\/revisions"}],"predecessor-version":[{"id":2547,"href":"https:\/\/www.apulaya.com\/de\/wp-json\/wp\/v2\/pages\/21\/revisions\/2547"}],"wp:attachment":[{"href":"https:\/\/www.apulaya.com\/de\/wp-json\/wp\/v2\/media?parent=21"}],"curies":[{"name":"wp","href":"https:\/\/api.w.org\/{rel}","templated":true}]}}