{"id":206,"date":"2013-12-06T15:59:23","date_gmt":"2013-12-06T15:59:23","guid":{"rendered":"http:\/\/www.apulaya.com\/es\/?page_id=206"},"modified":"2016-01-04T09:42:35","modified_gmt":"2016-01-04T14:42:35","slug":"quena-courses","status":"publish","type":"page","link":"https:\/\/www.apulaya.com\/de\/populare-musik-quena\/","title":{"rendered":"Quena Kurse"},"content":{"rendered":"<p><\/p>\n<h1>QUENA &#8211; PRIVATLEKTIONEN<\/h1>\n<h2>KURSE UND WORKSHOPS<\/h2>\n<table class=\"tablecontent\" border=\"0\" cellspacing=\"0\" cellpadding=\"0\">\n<tbody>\n<tr>\n<td>\n<p><img loading=\"lazy\" decoding=\"async\" class=\"alignleft\" src=\"http:\/\/www.apulaya.com\/wp-content\/uploads\/2013\/12\/populare-musik-quena1.jpg\" alt=\"populare-musik-quena1\" width=\"214\" height=\"143\" \/><\/p>\n<p>Die Quena ist ein Instrument pr\u00e4kolumbianischen Ursprungs,und ist bis heute in den Anden weit verbreitet. Die heutige Standard-Quena ist nach dem universellen Musiksystem gestimmt (440 Hz) und wird normalerweise aus Bambus oder Holz hergestellt. Ihr musikalischer Interpretationsbereich ist sehr weitl\u00e4ufig, von Klassik, Folklore und Pop bis Jazz, so dass im Prinzip alle Musikarten gespielt werden k\u00f6nnen.<\/p>\n<p class=\"clear\">\u00a0<\/p>\n<p><img loading=\"lazy\" decoding=\"async\" class=\"alignleft\" src=\"http:\/\/www.apulaya.com\/wp-content\/uploads\/2013\/12\/populare-musik-quena2.jpg\" alt=\"populare-musik-quena2\" width=\"214\" height=\"143\" \/><\/p>\n<p>Es gibt drei Quenavarianten: Quena, Quenacho und Quenillo.<\/p>\n<p>Da die Quena ein Instrument ohne Mundst\u00fcck ist, versehen mit einer Kerbe, kann die Erzeugung des ersten Tones etwas Schwierigkeit bereiten. Doch wenn Sie schon Erfahrung mit irgendeinem Blasinstrument haben, wird das eine eher kleine Schwierigkeit sein. Im Falle dass sie noch keine musikalische Erfahrung haben, wird der Anfang des Kurses aus vorbereitenden und einfachen \u00dcbungen bestehen, so dass Sie bald einfache Melodien des andinen Liedguts spielen k\u00f6nnen werden.<\/p>\n<p class=\"clear\">\u00a0<\/p>\n<p><img loading=\"lazy\" decoding=\"async\" class=\"alignleft\" src=\"http:\/\/www.apulaya.com\/wp-content\/uploads\/2013\/12\/populare-musik-quena3.jpg\" alt=\"populare-musik-quena3\" width=\"214\" height=\"143\" \/><\/p>\n<h3>PANORAMA DES THEMATISCHEN INHALTS<\/h3>\n<ul>\n<li>Erzeugung der T\u00f6ne, verschiedene Arten der Fingereins\u00e4tze<\/li>\n<li>Pentatonische und diatonische Tonleitern<\/li>\n<li>-Verzierungen, Artikulationen und Vibratos auf der Quena<\/li>\n<li>Analyse von St\u00fccken, die mit der Quena interpretiert werden (Peru, Bolivien, Ecuador, etc, je nach Region k\u00f6nnen die Interpretationsarten varieren)<\/li>\n<li>Die Ethnohistorik und Ethnographie der Quena, ihre Gebr\u00e4uche und Symbolik innerhalb der andinen Kosmovision<\/li>\n<li>Repertoire<\/li>\n<\/ul>\n<\/td>\n<\/tr>\n<\/tbody>\n<\/table>\n<table class=\"tableaudios\" border=\"0\" cellspacing=\"0\" cellpadding=\"0\">\n<tbody>\n<tr>\n<td colspan=\"2\">\n<h3>Quena h\u00f6ren<\/h3>\n<\/td>\n<\/tr>\n<tr>\n<td>\n<p><strong>Condor Pasa<\/strong><br \/> by Amanecer Andino<\/p>\n<\/td>\n<td><div class=\"sc_player_container1\"><input type=\"button\" id=\"btnplay_69e1a879785337.38895929\" class=\"myButton_play\" onClick=\"play_mp3('play','69e1a879785337.38895929','http:\/\/www.apulaya.com\/musica\/condorpasa.mp3','80','false');show_hide('play','69e1a879785337.38895929');\" \/><input type=\"button\"  id=\"btnstop_69e1a879785337.38895929\" style=\"display:none\" class=\"myButton_stop\" onClick=\"play_mp3('stop','69e1a879785337.38895929','','80','false');show_hide('stop','69e1a879785337.38895929');\" \/><div id=\"sm2-container\"><!-- flash movie ends up here --><\/div><\/div><\/td>\n<\/tr>\n<tr>\n<td>\n<p><strong>Wallpa Waqay<\/strong><br \/> by R. Thevenot<\/p>\n<\/td>\n<td><div class=\"sc_player_container1\"><input type=\"button\" id=\"btnplay_69e1a8797854b5.09901227\" class=\"myButton_play\" onClick=\"play_mp3('play','69e1a8797854b5.09901227','http:\/\/www.apulaya.com\/musica\/wallpa.mp3','80','false');show_hide('play','69e1a8797854b5.09901227');\" \/><input type=\"button\"  id=\"btnstop_69e1a8797854b5.09901227\" style=\"display:none\" class=\"myButton_stop\" onClick=\"play_mp3('stop','69e1a8797854b5.09901227','','80','false');show_hide('stop','69e1a8797854b5.09901227');\" \/><div id=\"sm2-container\"><!-- flash movie ends up here --><\/div><\/div><\/td>\n<\/tr>\n<tr>\n<td>\n<p><strong>Coca k\u2019intucha<\/strong><br \/> by Los Indios del Peru<\/p>\n<\/td>\n<td><div class=\"sc_player_container1\"><input type=\"button\" id=\"btnplay_69e1a879785641.38320775\" class=\"myButton_play\" onClick=\"play_mp3('play','69e1a879785641.38320775','http:\/\/www.apulaya.com\/musica\/cocakintucha.mp3','80','false');show_hide('play','69e1a879785641.38320775');\" \/><input type=\"button\"  id=\"btnstop_69e1a879785641.38320775\" style=\"display:none\" class=\"myButton_stop\" onClick=\"play_mp3('stop','69e1a879785641.38320775','','80','false');show_hide('stop','69e1a879785641.38320775');\" \/><div id=\"sm2-container\"><!-- flash movie ends up here --><\/div><\/div><\/td>\n<\/tr>\n<tr>\n<td colspan=\"2\">\n<h4>Quenacho h\u00f6ren<\/h4>\n<\/td>\n<\/tr>\n<tr>\n<td>\n<p><strong>Allwa<\/strong><br \/> by Marcelo Pe\u00f1a<\/p>\n<\/td>\n<td><div class=\"sc_player_container1\"><input type=\"button\" id=\"btnplay_69e1a8797857e7.77487086\" class=\"myButton_play\" onClick=\"play_mp3('play','69e1a8797857e7.77487086','http:\/\/www.apulaya.com\/musica\/allwa.mp3','80','false');show_hide('play','69e1a8797857e7.77487086');\" \/><input type=\"button\"  id=\"btnstop_69e1a8797857e7.77487086\" style=\"display:none\" class=\"myButton_stop\" onClick=\"play_mp3('stop','69e1a8797857e7.77487086','','80','false');show_hide('stop','69e1a8797857e7.77487086');\" \/><div id=\"sm2-container\"><!-- flash movie ends up here --><\/div><\/div><\/td>\n<\/tr>\n<tr>\n<td colspan=\"2\">\n<h4>Quenacho h\u00f6ren<\/h4>\n<\/td>\n<\/tr>\n<tr>\n<td>\n<p><strong>Shilica<\/strong><br \/> by Wayanay<\/p>\n<\/td>\n<td><div class=\"sc_player_container1\"><input type=\"button\" id=\"btnplay_69e1a879785972.67434334\" class=\"myButton_play\" onClick=\"play_mp3('play','69e1a879785972.67434334','http:\/\/www.apulaya.com\/musica\/shilica.mp3','80','false');show_hide('play','69e1a879785972.67434334');\" \/><input type=\"button\"  id=\"btnstop_69e1a879785972.67434334\" style=\"display:none\" class=\"myButton_stop\" onClick=\"play_mp3('stop','69e1a879785972.67434334','','80','false');show_hide('stop','69e1a879785972.67434334');\" \/><div id=\"sm2-container\"><!-- flash movie ends up here --><\/div><\/div><\/td>\n<\/tr>\n<\/tbody>\n<\/table>\n<h2 class=\"clear\">Die Familie der Quena im Detail<\/h2>\n<p>Die Quena ist eine vertikale Fl\u00f6te und wird im allgemeinen als Solisteninstrument gespielt.<\/p>\n<p>F\u00fcr ihre Herstellung wird meistens Bambus verwendet, aber auch Quenas aus Holz sind \u00fcblich.<\/p>\n<p>Die Klangfarbe einer jeden Quena kann ebenfalls leicht variieren je nach Art des Mundst\u00fccks (Chanfle in U, V oder C), als auch vom Material und Rohrdurchmesser her.<\/p>\n<p>Somit h\u00e4ngt die Wahl von den Vorlieben des Quenisten und vom Musikstil ab.<\/p>\n<p><iframe loading=\"lazy\" src=\"\/\/www.youtube.com\/embed\/tvmPAc1yEiA\" width=\"100%\" height=\"315\" frameborder=\"0\" allowfullscreen=\"allowfullscreen\"><\/iframe><\/p>\n<h4>Valerio Fernandez and Nacho Choque interprete Qorirukana by R. Thevenot<\/h4>\n<table class=\"tablecontent\" border=\"0\" cellspacing=\"0\" cellpadding=\"0\">\n<tbody>\n<tr>\n<td>\n<h4>QUENA<\/h4>\n<p><img loading=\"lazy\" decoding=\"async\" class=\"alignleft\" src=\"http:\/\/www.apulaya.com\/wp-content\/uploads\/2013\/12\/populare-musik-quena4.jpg\" alt=\"populare-musik-quena4\" width=\"214\" height=\"243\" \/><\/p>\n<p>Das Standartmass einer Quena ist 38 cm, was aber leicht variieren kann je nach Hersteller, Art des Materials und Durchmesser der R\u00f6hre. Die moderne Quena ist in G gestimmt und ist transponierend in einer Oktave. Mit dem standartisierten Fingersatz erh\u00e4lt man die chromatische Tonleiter, es sind sogar alle Tonarten m\u00f6glich, einschliesslich Quartal-T\u00f6ne.<\/p>\n<p class=\"clear\">\u00a0<\/p>\n<h4>Register<\/h4>\n<p><img loading=\"lazy\" decoding=\"async\" src=\"http:\/\/www.apulaya.com\/wp-content\/uploads\/2013\/12\/populare-musik-quena8.jpg\" alt=\"populare-musik-quena8\" width=\"512\" height=\"115\" \/><\/p>\n<h4>QUENACHO<\/h4>\n<p><img loading=\"lazy\" decoding=\"async\" class=\"alignleft\" src=\"http:\/\/www.apulaya.com\/wp-content\/uploads\/2013\/12\/populare-musik-quena5.jpg\" alt=\"populare-musik-quena5\" width=\"214\" height=\"243\" \/><\/p>\n<p>Der tiefklingende Quenacho ist eine ausgezeichnete Begleitung zur eindringlich t\u00f6nenden Quena.<\/p>\n<p>Meistens wird er im Duo mit der Quena gespielt, aber auch solistisch in kurzen Melodien, abwechselnd mit anderen Instrumenten oder Gesang.<\/p>\n<p>Der Quenacho ist kein Transpositor und ist standartgem\u00e4ss in D gestimmt, aber unter den Musiker gibt es auch in anderen Tonarten gestimmte Quenachos.<\/p>\n<p>Seine L\u00e4nge betr\u00e4gt etwa 52 cm.<\/p>\n<p class=\"clear\">\u00a0<\/p>\n<h4>QUENILLO<\/h4>\n<p><img loading=\"lazy\" decoding=\"async\" class=\"alignleft\" src=\"http:\/\/www.apulaya.com\/wp-content\/uploads\/2013\/12\/populare-musik-quena6.jpg\" alt=\"populare-musik-quena6\" width=\"214\" height=\"143\" \/><\/p>\n<p>Sein hoher Klang ist f\u00fcr solistische Einleitungen ideal.<\/p>\n<p>Er wird aber auch in kurzen Melodien im Mittelteil verwendet, oft oktaviert er Fl\u00f6ten von Tenor- oder Basstyp.<\/p>\n<p>\u00dcblicherweise ist er in C gestimmt, er kann aber je nach Vorliebe des Musikers in anderen Tonarten gestimmt sein. Seine durchschnittliche L\u00e4nge ist 29 cm.<\/p>\n<\/td>\n<\/tr>\n<\/tbody>\n<\/table>\n<table class=\"tablefolklore\" border=\"0\" cellspacing=\"0\" cellpadding=\"0\">\n<tbody>\n<tr>\n<td>\n<h3>Register<\/h3>\n<p><img loading=\"lazy\" decoding=\"async\" class=\"alignnone size-full wp-image-216\" src=\"http:\/\/www.apulaya.com\/wp-content\/uploads\/2013\/12\/populare-musik-quena9.jpg\" alt=\"populare-musik-quena9\" width=\"214\" height=\"143\" \/><\/p>\n<\/td>\n<\/tr>\n<\/tbody>\n<\/table>\n<p><\/p>","protected":false},"excerpt":{"rendered":"<p>QUENA &#8211; PRIVATLEKTIONEN KURSE UND WORKSHOPS Die Quena ist ein Instrument pr\u00e4kolumbianischen Ursprungs,und ist bis heute in den Anden weit verbreitet. Die heutige Standard-Quena ist nach dem universellen Musiksystem gestimmt (440 Hz) und wird normalerweise aus Bambus oder Holz hergestellt. Ihr musikalischer Interpretationsbereich ist sehr weitl\u00e4ufig, von Klassik, Folklore und Pop bis Jazz, so dass [&hellip;]<\/p>\n","protected":false},"author":1,"featured_media":0,"parent":0,"menu_order":0,"comment_status":"open","ping_status":"open","template":"folklore.php","meta":{"footnotes":""},"yoast_head":"<!-- This site is optimized with the Yoast SEO plugin v21.5 - https:\/\/yoast.com\/wordpress\/plugins\/seo\/ -->\n<title>Quena Kurse Cusco, Peru - Apulaya<\/title>\n<meta name=\"robots\" content=\"index, follow, max-snippet:-1, max-image-preview:large, max-video-preview:-1\" \/>\n<link rel=\"canonical\" href=\"https:\/\/www.apulaya.com\/de\/populare-musik-quena\/\" \/>\n<meta property=\"og:locale\" content=\"de_DE\" \/>\n<meta property=\"og:type\" content=\"article\" \/>\n<meta property=\"og:title\" content=\"Quena Kurse Cusco, Peru - Apulaya\" \/>\n<meta property=\"og:description\" content=\"QUENA &#8211; PRIVATLEKTIONEN KURSE UND WORKSHOPS Die Quena ist ein Instrument pr\u00e4kolumbianischen Ursprungs,und ist bis heute in den Anden weit verbreitet. Die heutige Standard-Quena ist nach dem universellen Musiksystem gestimmt (440 Hz) und wird normalerweise aus Bambus oder Holz hergestellt. Ihr musikalischer Interpretationsbereich ist sehr weitl\u00e4ufig, von Klassik, Folklore und Pop bis Jazz, so dass [&hellip;]\" \/>\n<meta property=\"og:url\" content=\"https:\/\/www.apulaya.com\/de\/populare-musik-quena\/\" \/>\n<meta property=\"og:site_name\" content=\"Apulaya\" \/>\n<meta property=\"article:publisher\" content=\"https:\/\/www.facebook.com\/apulaya.andean.culture\" \/>\n<meta property=\"article:modified_time\" content=\"2016-01-04T14:42:35+00:00\" \/>\n<meta property=\"og:image\" content=\"http:\/\/www.apulaya.com\/wp-content\/uploads\/2013\/12\/populare-musik-quena1.jpg\" \/>\n<meta name=\"twitter:card\" content=\"summary_large_image\" \/>\n<meta name=\"twitter:label1\" content=\"Gesch\u00e4tzte Lesezeit\" \/>\n\t<meta name=\"twitter:data1\" content=\"9\u00a0Minuten\" \/>\n<script type=\"application\/ld+json\" class=\"yoast-schema-graph\">{\"@context\":\"https:\/\/schema.org\",\"@graph\":[{\"@type\":\"WebPage\",\"@id\":\"https:\/\/www.apulaya.com\/de\/populare-musik-quena\/\",\"url\":\"https:\/\/www.apulaya.com\/de\/populare-musik-quena\/\",\"name\":\"Quena Kurse Cusco, Peru - Apulaya\",\"isPartOf\":{\"@id\":\"https:\/\/www.apulaya.com\/en\/#website\"},\"datePublished\":\"2013-12-06T15:59:23+00:00\",\"dateModified\":\"2016-01-04T14:42:35+00:00\",\"breadcrumb\":{\"@id\":\"https:\/\/www.apulaya.com\/de\/populare-musik-quena\/#breadcrumb\"},\"inLanguage\":\"de\",\"potentialAction\":[{\"@type\":\"ReadAction\",\"target\":[\"https:\/\/www.apulaya.com\/de\/populare-musik-quena\/\"]}]},{\"@type\":\"BreadcrumbList\",\"@id\":\"https:\/\/www.apulaya.com\/de\/populare-musik-quena\/#breadcrumb\",\"itemListElement\":[{\"@type\":\"ListItem\",\"position\":1,\"name\":\"Home\",\"item\":\"https:\/\/www.apulaya.com\/en\/\"},{\"@type\":\"ListItem\",\"position\":2,\"name\":\"Quena Kurse\"}]},{\"@type\":\"WebSite\",\"@id\":\"https:\/\/www.apulaya.com\/en\/#website\",\"url\":\"https:\/\/www.apulaya.com\/en\/\",\"name\":\"Apulaya\",\"description\":\"Center for Andean Cuture\",\"publisher\":{\"@id\":\"https:\/\/www.apulaya.com\/en\/#organization\"},\"potentialAction\":[{\"@type\":\"SearchAction\",\"target\":{\"@type\":\"EntryPoint\",\"urlTemplate\":\"https:\/\/www.apulaya.com\/en\/?s={search_term_string}\"},\"query-input\":\"required name=search_term_string\"}],\"inLanguage\":\"de\"},{\"@type\":\"Organization\",\"@id\":\"https:\/\/www.apulaya.com\/en\/#organization\",\"name\":\"Apulaya Center for Andean Culture\",\"url\":\"https:\/\/www.apulaya.com\/en\/\",\"logo\":{\"@type\":\"ImageObject\",\"inLanguage\":\"de\",\"@id\":\"https:\/\/www.apulaya.com\/en\/#\/schema\/logo\/image\/\",\"url\":\"https:\/\/www.apulaya.com\/wp-content\/uploads\/2023\/01\/Apulaya_logo2.png\",\"contentUrl\":\"https:\/\/www.apulaya.com\/wp-content\/uploads\/2023\/01\/Apulaya_logo2.png\",\"width\":1080,\"height\":629,\"caption\":\"Apulaya Center for Andean Culture\"},\"image\":{\"@id\":\"https:\/\/www.apulaya.com\/en\/#\/schema\/logo\/image\/\"},\"sameAs\":[\"https:\/\/www.facebook.com\/apulaya.andean.culture\"]}]}<\/script>\n<!-- \/ Yoast SEO plugin. -->","yoast_head_json":{"title":"Quena Kurse Cusco, Peru - Apulaya","robots":{"index":"index","follow":"follow","max-snippet":"max-snippet:-1","max-image-preview":"max-image-preview:large","max-video-preview":"max-video-preview:-1"},"canonical":"https:\/\/www.apulaya.com\/de\/populare-musik-quena\/","og_locale":"de_DE","og_type":"article","og_title":"Quena Kurse Cusco, Peru - Apulaya","og_description":"QUENA &#8211; PRIVATLEKTIONEN KURSE UND WORKSHOPS Die Quena ist ein Instrument pr\u00e4kolumbianischen Ursprungs,und ist bis heute in den Anden weit verbreitet. Die heutige Standard-Quena ist nach dem universellen Musiksystem gestimmt (440 Hz) und wird normalerweise aus Bambus oder Holz hergestellt. Ihr musikalischer Interpretationsbereich ist sehr weitl\u00e4ufig, von Klassik, Folklore und Pop bis Jazz, so dass [&hellip;]","og_url":"https:\/\/www.apulaya.com\/de\/populare-musik-quena\/","og_site_name":"Apulaya","article_publisher":"https:\/\/www.facebook.com\/apulaya.andean.culture","article_modified_time":"2016-01-04T14:42:35+00:00","og_image":[{"url":"http:\/\/www.apulaya.com\/wp-content\/uploads\/2013\/12\/populare-musik-quena1.jpg"}],"twitter_card":"summary_large_image","twitter_misc":{"Gesch\u00e4tzte Lesezeit":"9\u00a0Minuten"},"schema":{"@context":"https:\/\/schema.org","@graph":[{"@type":"WebPage","@id":"https:\/\/www.apulaya.com\/de\/populare-musik-quena\/","url":"https:\/\/www.apulaya.com\/de\/populare-musik-quena\/","name":"Quena Kurse Cusco, Peru - Apulaya","isPartOf":{"@id":"https:\/\/www.apulaya.com\/en\/#website"},"datePublished":"2013-12-06T15:59:23+00:00","dateModified":"2016-01-04T14:42:35+00:00","breadcrumb":{"@id":"https:\/\/www.apulaya.com\/de\/populare-musik-quena\/#breadcrumb"},"inLanguage":"de","potentialAction":[{"@type":"ReadAction","target":["https:\/\/www.apulaya.com\/de\/populare-musik-quena\/"]}]},{"@type":"BreadcrumbList","@id":"https:\/\/www.apulaya.com\/de\/populare-musik-quena\/#breadcrumb","itemListElement":[{"@type":"ListItem","position":1,"name":"Home","item":"https:\/\/www.apulaya.com\/en\/"},{"@type":"ListItem","position":2,"name":"Quena Kurse"}]},{"@type":"WebSite","@id":"https:\/\/www.apulaya.com\/en\/#website","url":"https:\/\/www.apulaya.com\/en\/","name":"Apulaya","description":"Center for Andean Cuture","publisher":{"@id":"https:\/\/www.apulaya.com\/en\/#organization"},"potentialAction":[{"@type":"SearchAction","target":{"@type":"EntryPoint","urlTemplate":"https:\/\/www.apulaya.com\/en\/?s={search_term_string}"},"query-input":"required name=search_term_string"}],"inLanguage":"de"},{"@type":"Organization","@id":"https:\/\/www.apulaya.com\/en\/#organization","name":"Apulaya Center for Andean Culture","url":"https:\/\/www.apulaya.com\/en\/","logo":{"@type":"ImageObject","inLanguage":"de","@id":"https:\/\/www.apulaya.com\/en\/#\/schema\/logo\/image\/","url":"https:\/\/www.apulaya.com\/wp-content\/uploads\/2023\/01\/Apulaya_logo2.png","contentUrl":"https:\/\/www.apulaya.com\/wp-content\/uploads\/2023\/01\/Apulaya_logo2.png","width":1080,"height":629,"caption":"Apulaya Center for Andean Culture"},"image":{"@id":"https:\/\/www.apulaya.com\/en\/#\/schema\/logo\/image\/"},"sameAs":["https:\/\/www.facebook.com\/apulaya.andean.culture"]}]}},"_links":{"self":[{"href":"https:\/\/www.apulaya.com\/de\/wp-json\/wp\/v2\/pages\/206"}],"collection":[{"href":"https:\/\/www.apulaya.com\/de\/wp-json\/wp\/v2\/pages"}],"about":[{"href":"https:\/\/www.apulaya.com\/de\/wp-json\/wp\/v2\/types\/page"}],"author":[{"embeddable":true,"href":"https:\/\/www.apulaya.com\/de\/wp-json\/wp\/v2\/users\/1"}],"replies":[{"embeddable":true,"href":"https:\/\/www.apulaya.com\/de\/wp-json\/wp\/v2\/comments?post=206"}],"version-history":[{"count":0,"href":"https:\/\/www.apulaya.com\/de\/wp-json\/wp\/v2\/pages\/206\/revisions"}],"wp:attachment":[{"href":"https:\/\/www.apulaya.com\/de\/wp-json\/wp\/v2\/media?parent=206"}],"curies":[{"name":"wp","href":"https:\/\/api.w.org\/{rel}","templated":true}]}}