{"id":2,"date":"2013-12-03T14:20:23","date_gmt":"2013-12-03T14:20:23","guid":{"rendered":"http:\/\/www.apulaya.com\/?page_id=2"},"modified":"2018-02-24T09:23:10","modified_gmt":"2018-02-24T14:23:10","slug":"pagina-ejemplo","status":"publish","type":"page","link":"https:\/\/www.apulaya.com\/de\/","title":{"rendered":"Einleitung"},"content":{"rendered":"<p><a href=\"http:\/\/www.apulaya.com\/de\/anden-studien-peru-apulaya\/\"><img loading=\"lazy\" decoding=\"async\" class=\"alignright wp-image-1453 size-full\" title=\"Special Programs 2018\" src=\"http:\/\/www.apulaya.com\/wp-content\/uploads\/2013\/12\/special-programs-2018.gif\" alt=\"Special Programs 2018\" width=\"230\" height=\"156\" \/><\/a>Tauche in die faszinierende Welt der indigenen Kultur der Anden ein, wo das Zusammenleben von Mensch, Tier und Natur von kosmologischen Gesetzm\u00e4ssigkeiten bestimmt ist. Apulaya vermittelt die andine Kultur kreativ und lebensnah, erm\u00f6glicht den direkten Zugang zu den Comuneros, ber\u00e4t und begleitet Studierende und Reisende.<\/p>\n<p>Unsere <strong>Sommer- und Semesterprogramme,<\/strong> <strong>Kurse, Workshops, Tours und kulturelle Volunteers<\/strong> f\u00fchren dich in die Weisheiten und Lebenserfahrungen der indigenen V\u00f6lker ein. Erlebe ein faszinierendes interkulturelles Verst\u00e4ndnis.<\/p>","protected":false},"excerpt":{"rendered":"<p>Tauche in die faszinierende Welt der indigenen Kultur der Anden ein, wo das Zusammenleben von Mensch, Tier und Natur von kosmologischen Gesetzm\u00e4ssigkeiten bestimmt ist. Apulaya vermittelt die andine Kultur kreativ und lebensnah, erm\u00f6glicht den direkten Zugang zu den Comuneros, ber\u00e4t und begleitet Studierende und Reisende. Unsere Sommer- und Semesterprogramme, Kurse, Workshops, Tours und kulturelle Volunteers [&hellip;]<\/p>\n","protected":false},"author":1,"featured_media":0,"parent":0,"menu_order":0,"comment_status":"open","ping_status":"open","template":"home.php","meta":{"footnotes":""},"yoast_head":"<!-- This site is optimized with the Yoast SEO plugin v21.5 - https:\/\/yoast.com\/wordpress\/plugins\/seo\/ -->\n<title>Study abroad programs, Cusco \u2013 Sacred Valley of the Incas<\/title>\n<meta name=\"description\" content=\"Get immersed in the fascinating Andean Universe, in which the cohabitation between the human being, the animals and nature is governed by cosmological laws.\" \/>\n<meta name=\"robots\" content=\"index, follow, max-snippet:-1, max-image-preview:large, max-video-preview:-1\" \/>\n<link rel=\"canonical\" href=\"https:\/\/www.apulaya.com\/en\/\" \/>\n<meta property=\"og:locale\" content=\"de_DE\" \/>\n<meta property=\"og:type\" content=\"article\" \/>\n<meta property=\"og:title\" content=\"Study abroad programs, Cusco \u2013 Sacred Valley of the Incas\" \/>\n<meta property=\"og:description\" content=\"Get immersed in the fascinating Andean Universe, in which the cohabitation between the human being, the animals and nature is governed by cosmological laws.\" \/>\n<meta property=\"og:url\" content=\"https:\/\/www.apulaya.com\/en\/\" \/>\n<meta property=\"og:site_name\" content=\"Apulaya\" \/>\n<meta property=\"article:publisher\" content=\"https:\/\/www.facebook.com\/apulaya.andean.culture\" \/>\n<meta property=\"article:modified_time\" content=\"2018-02-24T14:23:10+00:00\" \/>\n<meta property=\"og:image\" content=\"http:\/\/www.apulaya.com\/wp-content\/uploads\/2013\/12\/special-programs-2018.gif\" \/>\n<meta name=\"twitter:card\" content=\"summary_large_image\" \/>\n<meta name=\"twitter:label1\" content=\"Gesch\u00e4tzte Lesezeit\" \/>\n\t<meta name=\"twitter:data1\" content=\"1\u00a0Minute\" \/>\n<script type=\"application\/ld+json\" class=\"yoast-schema-graph\">{\"@context\":\"https:\/\/schema.org\",\"@graph\":[{\"@type\":\"WebPage\",\"@id\":\"https:\/\/www.apulaya.com\/en\/\",\"url\":\"https:\/\/www.apulaya.com\/en\/\",\"name\":\"Study abroad programs, Cusco \u2013 Sacred Valley of the Incas\",\"isPartOf\":{\"@id\":\"https:\/\/www.apulaya.com\/en\/#website\"},\"datePublished\":\"2013-12-03T14:20:23+00:00\",\"dateModified\":\"2018-02-24T14:23:10+00:00\",\"description\":\"Get immersed in the fascinating Andean Universe, in which the cohabitation between the human being, the animals and nature is governed by cosmological laws.\",\"breadcrumb\":{\"@id\":\"https:\/\/www.apulaya.com\/en\/#breadcrumb\"},\"inLanguage\":\"de\",\"potentialAction\":[{\"@type\":\"ReadAction\",\"target\":[\"https:\/\/www.apulaya.com\/en\/\"]}]},{\"@type\":\"BreadcrumbList\",\"@id\":\"https:\/\/www.apulaya.com\/en\/#breadcrumb\",\"itemListElement\":[{\"@type\":\"ListItem\",\"position\":1,\"name\":\"Home\",\"item\":\"https:\/\/www.apulaya.com\/en\/\"},{\"@type\":\"ListItem\",\"position\":2,\"name\":\"Home\"}]},{\"@type\":\"WebSite\",\"@id\":\"https:\/\/www.apulaya.com\/en\/#website\",\"url\":\"https:\/\/www.apulaya.com\/en\/\",\"name\":\"Apulaya\",\"description\":\"Center for Andean Cuture\",\"publisher\":{\"@id\":\"https:\/\/www.apulaya.com\/en\/#organization\"},\"potentialAction\":[{\"@type\":\"SearchAction\",\"target\":{\"@type\":\"EntryPoint\",\"urlTemplate\":\"https:\/\/www.apulaya.com\/en\/?s={search_term_string}\"},\"query-input\":\"required name=search_term_string\"}],\"inLanguage\":\"de\"},{\"@type\":\"Organization\",\"@id\":\"https:\/\/www.apulaya.com\/en\/#organization\",\"name\":\"Apulaya Center for Andean Culture\",\"url\":\"https:\/\/www.apulaya.com\/en\/\",\"logo\":{\"@type\":\"ImageObject\",\"inLanguage\":\"de\",\"@id\":\"https:\/\/www.apulaya.com\/en\/#\/schema\/logo\/image\/\",\"url\":\"https:\/\/www.apulaya.com\/wp-content\/uploads\/2023\/01\/Apulaya_logo2.png\",\"contentUrl\":\"https:\/\/www.apulaya.com\/wp-content\/uploads\/2023\/01\/Apulaya_logo2.png\",\"width\":1080,\"height\":629,\"caption\":\"Apulaya Center for Andean Culture\"},\"image\":{\"@id\":\"https:\/\/www.apulaya.com\/en\/#\/schema\/logo\/image\/\"},\"sameAs\":[\"https:\/\/www.facebook.com\/apulaya.andean.culture\"]}]}<\/script>\n<!-- \/ Yoast SEO plugin. -->","yoast_head_json":{"title":"Study abroad programs, Cusco \u2013 Sacred Valley of the Incas","description":"Get immersed in the fascinating Andean Universe, in which the cohabitation between the human being, the animals and nature is governed by cosmological laws.","robots":{"index":"index","follow":"follow","max-snippet":"max-snippet:-1","max-image-preview":"max-image-preview:large","max-video-preview":"max-video-preview:-1"},"canonical":"https:\/\/www.apulaya.com\/en\/","og_locale":"de_DE","og_type":"article","og_title":"Study abroad programs, Cusco \u2013 Sacred Valley of the Incas","og_description":"Get immersed in the fascinating Andean Universe, in which the cohabitation between the human being, the animals and nature is governed by cosmological laws.","og_url":"https:\/\/www.apulaya.com\/en\/","og_site_name":"Apulaya","article_publisher":"https:\/\/www.facebook.com\/apulaya.andean.culture","article_modified_time":"2018-02-24T14:23:10+00:00","og_image":[{"url":"http:\/\/www.apulaya.com\/wp-content\/uploads\/2013\/12\/special-programs-2018.gif"}],"twitter_card":"summary_large_image","twitter_misc":{"Gesch\u00e4tzte Lesezeit":"1\u00a0Minute"},"schema":{"@context":"https:\/\/schema.org","@graph":[{"@type":"WebPage","@id":"https:\/\/www.apulaya.com\/en\/","url":"https:\/\/www.apulaya.com\/en\/","name":"Study abroad programs, Cusco \u2013 Sacred Valley of the Incas","isPartOf":{"@id":"https:\/\/www.apulaya.com\/en\/#website"},"datePublished":"2013-12-03T14:20:23+00:00","dateModified":"2018-02-24T14:23:10+00:00","description":"Get immersed in the fascinating Andean Universe, in which the cohabitation between the human being, the animals and nature is governed by cosmological laws.","breadcrumb":{"@id":"https:\/\/www.apulaya.com\/en\/#breadcrumb"},"inLanguage":"de","potentialAction":[{"@type":"ReadAction","target":["https:\/\/www.apulaya.com\/en\/"]}]},{"@type":"BreadcrumbList","@id":"https:\/\/www.apulaya.com\/en\/#breadcrumb","itemListElement":[{"@type":"ListItem","position":1,"name":"Home","item":"https:\/\/www.apulaya.com\/en\/"},{"@type":"ListItem","position":2,"name":"Home"}]},{"@type":"WebSite","@id":"https:\/\/www.apulaya.com\/en\/#website","url":"https:\/\/www.apulaya.com\/en\/","name":"Apulaya","description":"Center for Andean Cuture","publisher":{"@id":"https:\/\/www.apulaya.com\/en\/#organization"},"potentialAction":[{"@type":"SearchAction","target":{"@type":"EntryPoint","urlTemplate":"https:\/\/www.apulaya.com\/en\/?s={search_term_string}"},"query-input":"required name=search_term_string"}],"inLanguage":"de"},{"@type":"Organization","@id":"https:\/\/www.apulaya.com\/en\/#organization","name":"Apulaya Center for Andean Culture","url":"https:\/\/www.apulaya.com\/en\/","logo":{"@type":"ImageObject","inLanguage":"de","@id":"https:\/\/www.apulaya.com\/en\/#\/schema\/logo\/image\/","url":"https:\/\/www.apulaya.com\/wp-content\/uploads\/2023\/01\/Apulaya_logo2.png","contentUrl":"https:\/\/www.apulaya.com\/wp-content\/uploads\/2023\/01\/Apulaya_logo2.png","width":1080,"height":629,"caption":"Apulaya Center for Andean Culture"},"image":{"@id":"https:\/\/www.apulaya.com\/en\/#\/schema\/logo\/image\/"},"sameAs":["https:\/\/www.facebook.com\/apulaya.andean.culture"]}]}},"_links":{"self":[{"href":"https:\/\/www.apulaya.com\/de\/wp-json\/wp\/v2\/pages\/2"}],"collection":[{"href":"https:\/\/www.apulaya.com\/de\/wp-json\/wp\/v2\/pages"}],"about":[{"href":"https:\/\/www.apulaya.com\/de\/wp-json\/wp\/v2\/types\/page"}],"author":[{"embeddable":true,"href":"https:\/\/www.apulaya.com\/de\/wp-json\/wp\/v2\/users\/1"}],"replies":[{"embeddable":true,"href":"https:\/\/www.apulaya.com\/de\/wp-json\/wp\/v2\/comments?post=2"}],"version-history":[{"count":0,"href":"https:\/\/www.apulaya.com\/de\/wp-json\/wp\/v2\/pages\/2\/revisions"}],"wp:attachment":[{"href":"https:\/\/www.apulaya.com\/de\/wp-json\/wp\/v2\/media?parent=2"}],"curies":[{"name":"wp","href":"https:\/\/api.w.org\/{rel}","templated":true}]}}