{"id":191,"date":"2013-12-06T15:12:55","date_gmt":"2013-12-06T15:12:55","guid":{"rendered":"http:\/\/www.apulaya.com\/es\/?page_id=191"},"modified":"2016-01-04T09:33:34","modified_gmt":"2016-01-04T14:33:34","slug":"zampona-courses","status":"publish","type":"page","link":"https:\/\/www.apulaya.com\/de\/populare-musik-zampona\/","title":{"rendered":"Zampo\u00f1a Kurse"},"content":{"rendered":"<p><\/p>\n<p>&nbsp;<\/p>\n<h1>ZAMPO\u00d1A (ANDINE PANFL\u00d6TE) &#8211; PRIVATLEKTIONEN<\/h1>\n<h2>ERLEBE DIE MAGIE DER ANDINEN FOLKLORE<\/h2>\n<table class=\"tablecontent\" border=\"0\" cellspacing=\"0\" cellpadding=\"0\">\n<tbody>\n<tr>\n<td>\n<p><img loading=\"lazy\" decoding=\"async\" class=\"alignleft\" src=\"http:\/\/www.apulaya.com\/wp-content\/uploads\/2013\/12\/populare-musik-zampona1.jpg\" alt=\"populare-musik-zampona1\" width=\"214\" height=\"243\" \/><\/p>\n<p>Die Zampo\u00f1a ist eines der popul\u00e4rsten Instrumente S\u00fcdamerikas, und sie ist sehr einfach zu erlernen.<\/p>\n<p>Geniesse das Spielen von unvergesslichen Melodien wie el Condor pasa, camino de llamas, canci\u00f3n y huayno und viele mehr. Das Programm wird individuell entsprechend deinen musikalischen Kenntnissen und Interessen zusammengestellt.<\/p>\n<p>\u00a1Von der ersten Lektion an erlernst du dein Lieblingsst\u00fcck!<\/p>\n<p>Die kontempor\u00e4ne Zampo\u00f1a hat ihren Ursprung in der prekolumbinen Zeit und wurde ans akademische Musiksystem angepasst. Es gibt sie in zwei Versionen: Die Diatonische und die Chromatische. Welche der beiden empfohlen wird h\u00e4ngt von den Vorlieben des Zampo\u00f1isten ab, welchen Musikstil er bevorzugt.<\/p>\n<p class=\"clear\">\u00a0<\/p>\n<p><img loading=\"lazy\" decoding=\"async\" class=\"alignleft\" src=\"http:\/\/www.apulaya.com\/wp-content\/uploads\/2013\/12\/populare-musik-zampona2.jpg\" alt=\"populare-musik-zampona2\" width=\"214\" height=\"243\" \/><\/p>\n<p>Den Zauber und die Faszination der Zampo\u00f1a machen den Synkretismus des Akademischen mit dem Traditionellen aus, ihre Organologie und ihre Spieltechnik.<\/p>\n<h3>\u00dcBERSICHT DER THEMENINHALTE:<\/h3>\n<ul>\n<li>Sinp\u2019ay oder trenzado (flechten); die Technik des musikalischen Zusammenspiels<\/li>\n<li>Welche Arten von Kl\u00e4ngen kann man mit der Zampo\u00f1a hervorbringen?<\/li>\n<li>Verschieden Artkulationen, musikalische Verzierungen und Vibrationsarten<\/li>\n<li>Die chromatsche Zampo\u00f1a in der zeitgen\u00f6ssischen popul\u00e4ren Musik<\/li>\n<li>Im allgemeinen sind die popul\u00e4ren St\u00fccke einfach. Wie kann man sie reicher und vielf\u00e4ltig spielen? Die verschiedene Variationsformen und ihre Tricks.<\/li>\n<li>Einf\u00fchrung in die Musikstile der diversen Regionen und Epochen.<\/li>\n<\/ul>\n<\/td>\n<\/tr>\n<\/tbody>\n<\/table>\n<table class=\"tableaudios\" border=\"0\" cellspacing=\"0\" cellpadding=\"0\">\n<tbody>\n<tr>\n<td colspan=\"2\">\n<h3>Zampo\u00f1a h\u00f6ren<\/h3>\n<\/td>\n<\/tr>\n<tr>\n<td colspan=\"2\">\n<h4>Malta<\/h4>\n<\/td>\n<\/tr>\n<tr>\n<td>\n<p><strong>Fiesta, fiesta<\/strong><br \/> by Luz del ande<\/p>\n<\/td>\n<td><div class=\"sc_player_container1\"><input type=\"button\" id=\"btnplay_69e1a8474a1e67.30712012\" class=\"myButton_play\" onClick=\"play_mp3('play','69e1a8474a1e67.30712012','http:\/\/www.apulaya.com\/musica\/fiestafiesta.mp3','80','false');show_hide('play','69e1a8474a1e67.30712012');\" \/><input type=\"button\"  id=\"btnstop_69e1a8474a1e67.30712012\" style=\"display:none\" class=\"myButton_stop\" onClick=\"play_mp3('stop','69e1a8474a1e67.30712012','','80','false');show_hide('stop','69e1a8474a1e67.30712012');\" \/><div id=\"sm2-container\"><!-- flash movie ends up here --><\/div><\/div><\/td>\n<\/tr>\n<tr>\n<td>\n<p><strong>Jueves de oto\u00f1o<\/strong><br \/> by Latinoam\u00e9rica<\/p>\n<\/td>\n<td><div class=\"sc_player_container1\"><input type=\"button\" id=\"btnplay_69e1a8474a2008.52698554\" class=\"myButton_play\" onClick=\"play_mp3('play','69e1a8474a2008.52698554','http:\/\/www.apulaya.com\/musica\/juevesdeotono.mp3','80','false');show_hide('play','69e1a8474a2008.52698554');\" \/><input type=\"button\"  id=\"btnstop_69e1a8474a2008.52698554\" style=\"display:none\" class=\"myButton_stop\" onClick=\"play_mp3('stop','69e1a8474a2008.52698554','','80','false');show_hide('stop','69e1a8474a2008.52698554');\" \/><div id=\"sm2-container\"><!-- flash movie ends up here --><\/div><\/div><\/td>\n<\/tr>\n<tr>\n<td>\n<p><strong>Susurro<\/strong><br \/> by Perumanta<\/p>\n<\/td>\n<td><div class=\"sc_player_container1\"><input type=\"button\" id=\"btnplay_69e1a8474a21b1.64870301\" class=\"myButton_play\" onClick=\"play_mp3('play','69e1a8474a21b1.64870301','http:\/\/www.apulaya.com\/musica\/susurro.mp3','80','false');show_hide('play','69e1a8474a21b1.64870301');\" \/><input type=\"button\"  id=\"btnstop_69e1a8474a21b1.64870301\" style=\"display:none\" class=\"myButton_stop\" onClick=\"play_mp3('stop','69e1a8474a21b1.64870301','','80','false');show_hide('stop','69e1a8474a21b1.64870301');\" \/><div id=\"sm2-container\"><!-- flash movie ends up here --><\/div><\/div><\/td>\n<\/tr>\n<tr>\n<td>\n<p><strong>Pampa lirimac<\/strong><br \/> by Qampy<\/p>\n<\/td>\n<td><div class=\"sc_player_container1\"><input type=\"button\" id=\"btnplay_69e1a8474a23a6.04817292\" class=\"myButton_play\" onClick=\"play_mp3('play','69e1a8474a23a6.04817292','http:\/\/www.apulaya.com\/musica\/pampalirimac.mp3','80','false');show_hide('play','69e1a8474a23a6.04817292');\" \/><input type=\"button\"  id=\"btnstop_69e1a8474a23a6.04817292\" style=\"display:none\" class=\"myButton_stop\" onClick=\"play_mp3('stop','69e1a8474a23a6.04817292','','80','false');show_hide('stop','69e1a8474a23a6.04817292');\" \/><div id=\"sm2-container\"><!-- flash movie ends up here --><\/div><\/div><\/td>\n<\/tr>\n<tr>\n<td colspan=\"2\">\n<h4>Basto<\/h4>\n<\/td>\n<\/tr>\n<tr>\n<td>\n<p><strong>Hombres y pueblos<\/strong><br \/> by Savia Andina<\/p>\n<\/td>\n<td><div class=\"sc_player_container1\"><input type=\"button\" id=\"btnplay_69e1a8474a25d4.32118136\" class=\"myButton_play\" onClick=\"play_mp3('play','69e1a8474a25d4.32118136','http:\/\/www.apulaya.com\/musica\/hombresypueblos.mp3','80','false');show_hide('play','69e1a8474a25d4.32118136');\" \/><input type=\"button\"  id=\"btnstop_69e1a8474a25d4.32118136\" style=\"display:none\" class=\"myButton_stop\" onClick=\"play_mp3('stop','69e1a8474a25d4.32118136','','80','false');show_hide('stop','69e1a8474a25d4.32118136');\" \/><div id=\"sm2-container\"><!-- flash movie ends up here --><\/div><\/div><\/td>\n<\/tr>\n<tr>\n<td colspan=\"2\">\n<h4>Toyo<\/h4>\n<\/td>\n<\/tr>\n<tr>\n<td>\n<p><strong>Atacame\u00f1os<br \/><\/strong>by Tarpuy<\/p>\n<\/td>\n<td><div class=\"sc_player_container1\"><input type=\"button\" id=\"btnplay_69e1a8474a27f8.99773514\" class=\"myButton_play\" onClick=\"play_mp3('play','69e1a8474a27f8.99773514','http:\/\/www.apulaya.com\/musica\/atacamenos.mp3','80','false');show_hide('play','69e1a8474a27f8.99773514');\" \/><input type=\"button\"  id=\"btnstop_69e1a8474a27f8.99773514\" style=\"display:none\" class=\"myButton_stop\" onClick=\"play_mp3('stop','69e1a8474a27f8.99773514','','80','false');show_hide('stop','69e1a8474a27f8.99773514');\" \/><div id=\"sm2-container\"><!-- flash movie ends up here --><\/div><\/div><\/td>\n<\/tr>\n<\/tbody>\n<\/table>\n<table class=\"tablemusicaandina\" border=\"0\" cellspacing=\"0\" cellpadding=\"0\">\n<tbody>\n<tr>\n<td colspan=\"2\">\n<h2>Die Familie der Zampo\u00f1a im Detail<\/h2>\n<h3>DIE DIATONISCHEN ZAMPO\u00d1AS<\/h3>\n<p>Die Zampo\u00f1a ist aus zwei Rohr-Reihen zusammengesetzt, Arka und Ira. Im allgemeinen wird sie aus tropischen Bambusrohren hergestellt.<\/p>\n<p>Wir stellen hier die standartisierten Varianten vor , welche in der urbanen Musik der Anden gespielt werden.<\/p>\n<p>Die von den popul\u00e4ren Musikern meistverwendete Tonlage ist G, und dies in allen Gr\u00f6ssen.<\/p>\n<p>Die Bezeichnung f\u00fcr jede Gr\u00f6ssenart welche wir hier verwenden sind die gebr\u00e4uchlichsten im musikalischen Umkreis, denn sie k\u00f6nnen \u00e4ndern je.<\/p>\n<p>nach geografischer Lage, Sprache, Epoche oder sogar je nach Musikgruppe.<\/p>\n<p>Das gleiche gilt auch f\u00fcr die Masse, welche stets leichte Unterschiede haben k\u00f6nnen.<\/p>\n<h4>Register<\/h4>\n<p style=\"text-align: center;\"><img loading=\"lazy\" decoding=\"async\" class=\"aligncenter\" src=\"http:\/\/www.apulaya.com\/wp-content\/uploads\/2013\/12\/populare-musik-zampona9.jpg\" alt=\"populare-musik-zampona9\" width=\"512\" height=\"121\" \/><\/p>\n<\/td>\n<\/tr>\n<tr>\n<td>\n<p><img loading=\"lazy\" decoding=\"async\" class=\" wp-image-195 alignleft\" src=\"http:\/\/www.apulaya.com\/wp-content\/uploads\/2013\/12\/populare-musik-zampona3.jpg\" alt=\"populare-musik-zampona3\" width=\"150\" height=\"170\" \/><\/p>\n<h4>Malta<\/h4>\n<p>Die Malta ist das vorherrschende Instrument der urbanen Folklore der Anden. Das l\u00e4ngste Rohr misst durchschnittlich 28.50 cm. \u00dcblicherweise ist der Arka aus 7 Rohren zusammengesetzt und die Ira aus 6 (Malta de 6, 7). Aber man kann durchaus unter Musikern Maltas von 8 und 7 oder 9 und 8 Rohren sehen.<\/p>\n<\/td>\n<td>\n<h3>Register<\/h3>\n<p><img loading=\"lazy\" decoding=\"async\" class=\"alignnone size-full wp-image-198\" src=\"http:\/\/www.apulaya.com\/wp-content\/uploads\/2013\/12\/populare-musik-zampona10.jpg\" alt=\"populare-musik-zampona10\" width=\"214\" height=\"143\" \/><\/p>\n<\/td>\n<\/tr>\n<tr>\n<td>\n<p><img loading=\"lazy\" decoding=\"async\" class=\"alignleft\" src=\"http:\/\/www.apulaya.com\/wp-content\/uploads\/2013\/12\/populare-musik-zampona4.jpg\" alt=\"populare-musik-zampona4\" width=\"214\" height=\"161\" \/><\/p>\n<h4>Basto<\/h4>\n<p>Ist eine perfekte Erg\u00e4nzung zur Malta. Das gr\u00f6sste Rohr eines Basto de 6,7 misst ca. 58 cm. Ansonsten ist die Abstimmung und Anordnung der Tonleiter im gleichen Prinzip wie die Malta.<\/p>\n<p>Meistens wird sie oktavierend oder kontrapunktierend zu den anderne Fl\u00f6ten eingesetzt, oder als Background zum Gesang. Als Solist wird sie f\u00fcr Melodien mit langsamen und mittleren Tempo gespielt, abwechselnd mit anderen Instrumenten oder Gesang.<\/p>\n<\/td>\n<td>\n<h3>Register<\/h3>\n<p><img loading=\"lazy\" decoding=\"async\" src=\"http:\/\/www.apulaya.com\/wp-content\/uploads\/2013\/12\/populare-musik-zampona11.jpg\" alt=\"populare-musik-zampona11\" width=\"214\" height=\"143\" \/><\/p>\n<\/td>\n<\/tr>\n<tr>\n<td>\n<p><img loading=\"lazy\" decoding=\"async\" class=\"alignleft\" src=\"http:\/\/www.apulaya.com\/wp-content\/uploads\/2013\/12\/populare-musik-zampona5.jpg\" alt=\"populare-musik-zampona5\" width=\"214\" height=\"143\" \/><\/p>\n<h4>CHILI<\/h4>\n<p>Der Chili ist der kleinste der Familie, und seine Verwendung in popul\u00e4ren Musikgruppen ist sporadisch. Manchmal wird er in einem Lied zwischendurch solistisch eingesetzt oder kombiniert mit anderen Instrumenten, oft mit Fl\u00f6ten. Sein l\u00e4ngstes Rohr misst im Schnitt 14cm.<\/p>\n<\/td>\n<td>\n<h3>Register<\/h3>\n<p><img loading=\"lazy\" decoding=\"async\" src=\"http:\/\/www.apulaya.com\/wp-content\/uploads\/2013\/12\/populare-musik-zampona12.jpg\" alt=\"populare-musik-zampona12\" width=\"214\" height=\"123\" \/><\/p>\n<\/td>\n<\/tr>\n<tr>\n<td>\n<h4>TOYO<\/h4>\n<p>Der Toyo ist das Instrument mit den gr\u00f6ssten Masse innerhalb der Familie der Panfl\u00f6ten, und misst bis zu 1.35 m. Gew\u00f6hnlich spielt man den Toyo zu zweit und ohne andere Fl\u00f6ten. In den Regionen von Puno und Bolivien gibt es traditionelle Ensembles mit mindestens 12 Mitgliedern, die Perkussion und Toyos spielen.<\/p>\n<\/td>\n<td>\n<h3>Register<\/h3>\n<p><img loading=\"lazy\" decoding=\"async\" src=\"http:\/\/www.apulaya.com\/wp-content\/uploads\/2013\/12\/populare-musik-zampona13.jpg\" alt=\"populare-musik-zampona13\" width=\"214\" height=\"143\" \/><\/p>\n<\/td>\n<\/tr>\n<tr>\n<td colspan=\"2\">\n<p><img loading=\"lazy\" decoding=\"async\" class=\"alignleft\" src=\"http:\/\/www.apulaya.com\/wp-content\/uploads\/2013\/12\/populare-musik-zampona7.jpg\" alt=\"populare-musik-zampona7\" width=\"214\" height=\"143\" \/><\/p>\n<h2>DIE CHROMATISCHE ZAMPO\u00d1A<\/h2>\n<p>Die chromatische Zampo\u00f1a ist eine Erweiterung der diatonischen Zampo\u00f1a. Sie hat die 12 Halbt\u00f6ne und ist somit mit einem modernen universellen Instrument gleichgesetzt.<\/p>\n<p>Bez\u00fcglich der Rohr-Reihen besitzt sie zwei, aber es gibt auch andere Versionen. In der Regel ist die Cromatica Mediana eine Kombination von Malta und Chili. Aber viele Musiker verwenden die zweite Variante welche Chili, Malta und Basto einschliesst.<\/p>\n<p>Eine andere Variante ist der Baj\u00f3n Cromatico welcher Toyo, Basto und Teile der Malta vereint, je nach Vorliebe des Musikers.<\/p>\n<p>In der heutigen Zeit ist die Einbeziehung der chromatischen Zampo\u00f1a in die Fl\u00f6tengruppe fast unverzichtbar.<\/p>\n<\/td>\n<\/tr>\n<\/tbody>\n<\/table>\n<p><\/p>","protected":false},"excerpt":{"rendered":"<p>&nbsp; ZAMPO\u00d1A (ANDINE PANFL\u00d6TE) &#8211; PRIVATLEKTIONEN ERLEBE DIE MAGIE DER ANDINEN FOLKLORE Die Zampo\u00f1a ist eines der popul\u00e4rsten Instrumente S\u00fcdamerikas, und sie ist sehr einfach zu erlernen. Geniesse das Spielen von unvergesslichen Melodien wie el Condor pasa, camino de llamas, canci\u00f3n y huayno und viele mehr. Das Programm wird individuell entsprechend deinen musikalischen Kenntnissen und [&hellip;]<\/p>\n","protected":false},"author":1,"featured_media":0,"parent":0,"menu_order":0,"comment_status":"open","ping_status":"open","template":"folklore.php","meta":{"footnotes":""},"yoast_head":"<!-- This site is optimized with the Yoast SEO plugin v21.5 - https:\/\/yoast.com\/wordpress\/plugins\/seo\/ -->\n<title>Cursos de Zampo\u00f1a - Apulaya<\/title>\n<meta name=\"robots\" content=\"index, follow, max-snippet:-1, max-image-preview:large, max-video-preview:-1\" \/>\n<link rel=\"canonical\" href=\"https:\/\/www.apulaya.com\/es\/musica-popular-zampona\/\" \/>\n<meta property=\"og:locale\" content=\"de_DE\" \/>\n<meta property=\"og:type\" content=\"article\" \/>\n<meta property=\"og:title\" content=\"Cursos de Zampo\u00f1a - Apulaya\" \/>\n<meta property=\"og:description\" content=\"&nbsp; ZAMPO\u00d1A (ANDINE PANFL\u00d6TE) &#8211; PRIVATLEKTIONEN ERLEBE DIE MAGIE DER ANDINEN FOLKLORE Die Zampo\u00f1a ist eines der popul\u00e4rsten Instrumente S\u00fcdamerikas, und sie ist sehr einfach zu erlernen. Geniesse das Spielen von unvergesslichen Melodien wie el Condor pasa, camino de llamas, canci\u00f3n y huayno und viele mehr. Das Programm wird individuell entsprechend deinen musikalischen Kenntnissen und [&hellip;]\" \/>\n<meta property=\"og:url\" content=\"https:\/\/www.apulaya.com\/es\/musica-popular-zampona\/\" \/>\n<meta property=\"og:site_name\" content=\"Apulaya\" \/>\n<meta property=\"article:publisher\" content=\"https:\/\/www.facebook.com\/apulaya.andean.culture\" \/>\n<meta property=\"article:modified_time\" content=\"2016-01-04T14:33:34+00:00\" \/>\n<meta property=\"og:image\" content=\"http:\/\/www.apulaya.com\/wp-content\/uploads\/2013\/12\/populare-musik-zampona1.jpg\" \/>\n<meta name=\"twitter:card\" content=\"summary_large_image\" \/>\n<meta name=\"twitter:label1\" content=\"Gesch\u00e4tzte Lesezeit\" \/>\n\t<meta name=\"twitter:data1\" content=\"12\u00a0Minuten\" \/>\n<script type=\"application\/ld+json\" class=\"yoast-schema-graph\">{\"@context\":\"https:\/\/schema.org\",\"@graph\":[{\"@type\":\"WebPage\",\"@id\":\"https:\/\/www.apulaya.com\/es\/musica-popular-zampona\/\",\"url\":\"https:\/\/www.apulaya.com\/es\/musica-popular-zampona\/\",\"name\":\"Cursos de Zampo\u00f1a - Apulaya\",\"isPartOf\":{\"@id\":\"https:\/\/www.apulaya.com\/en\/#website\"},\"datePublished\":\"2013-12-06T15:12:55+00:00\",\"dateModified\":\"2016-01-04T14:33:34+00:00\",\"breadcrumb\":{\"@id\":\"https:\/\/www.apulaya.com\/es\/musica-popular-zampona\/#breadcrumb\"},\"inLanguage\":\"de\",\"potentialAction\":[{\"@type\":\"ReadAction\",\"target\":[\"https:\/\/www.apulaya.com\/es\/musica-popular-zampona\/\"]}]},{\"@type\":\"BreadcrumbList\",\"@id\":\"https:\/\/www.apulaya.com\/es\/musica-popular-zampona\/#breadcrumb\",\"itemListElement\":[{\"@type\":\"ListItem\",\"position\":1,\"name\":\"Home\",\"item\":\"https:\/\/www.apulaya.com\/en\/\"},{\"@type\":\"ListItem\",\"position\":2,\"name\":\"Cursos de Zampo\u00f1a\"}]},{\"@type\":\"WebSite\",\"@id\":\"https:\/\/www.apulaya.com\/en\/#website\",\"url\":\"https:\/\/www.apulaya.com\/en\/\",\"name\":\"Apulaya\",\"description\":\"Center for Andean Cuture\",\"publisher\":{\"@id\":\"https:\/\/www.apulaya.com\/en\/#organization\"},\"potentialAction\":[{\"@type\":\"SearchAction\",\"target\":{\"@type\":\"EntryPoint\",\"urlTemplate\":\"https:\/\/www.apulaya.com\/en\/?s={search_term_string}\"},\"query-input\":\"required name=search_term_string\"}],\"inLanguage\":\"de\"},{\"@type\":\"Organization\",\"@id\":\"https:\/\/www.apulaya.com\/en\/#organization\",\"name\":\"Apulaya Center for Andean Culture\",\"url\":\"https:\/\/www.apulaya.com\/en\/\",\"logo\":{\"@type\":\"ImageObject\",\"inLanguage\":\"de\",\"@id\":\"https:\/\/www.apulaya.com\/en\/#\/schema\/logo\/image\/\",\"url\":\"https:\/\/www.apulaya.com\/wp-content\/uploads\/2023\/01\/Apulaya_logo2.png\",\"contentUrl\":\"https:\/\/www.apulaya.com\/wp-content\/uploads\/2023\/01\/Apulaya_logo2.png\",\"width\":1080,\"height\":629,\"caption\":\"Apulaya Center for Andean Culture\"},\"image\":{\"@id\":\"https:\/\/www.apulaya.com\/en\/#\/schema\/logo\/image\/\"},\"sameAs\":[\"https:\/\/www.facebook.com\/apulaya.andean.culture\"]}]}<\/script>\n<!-- \/ Yoast SEO plugin. -->","yoast_head_json":{"title":"Cursos de Zampo\u00f1a - Apulaya","robots":{"index":"index","follow":"follow","max-snippet":"max-snippet:-1","max-image-preview":"max-image-preview:large","max-video-preview":"max-video-preview:-1"},"canonical":"https:\/\/www.apulaya.com\/es\/musica-popular-zampona\/","og_locale":"de_DE","og_type":"article","og_title":"Cursos de Zampo\u00f1a - Apulaya","og_description":"&nbsp; ZAMPO\u00d1A (ANDINE PANFL\u00d6TE) &#8211; PRIVATLEKTIONEN ERLEBE DIE MAGIE DER ANDINEN FOLKLORE Die Zampo\u00f1a ist eines der popul\u00e4rsten Instrumente S\u00fcdamerikas, und sie ist sehr einfach zu erlernen. Geniesse das Spielen von unvergesslichen Melodien wie el Condor pasa, camino de llamas, canci\u00f3n y huayno und viele mehr. Das Programm wird individuell entsprechend deinen musikalischen Kenntnissen und [&hellip;]","og_url":"https:\/\/www.apulaya.com\/es\/musica-popular-zampona\/","og_site_name":"Apulaya","article_publisher":"https:\/\/www.facebook.com\/apulaya.andean.culture","article_modified_time":"2016-01-04T14:33:34+00:00","og_image":[{"url":"http:\/\/www.apulaya.com\/wp-content\/uploads\/2013\/12\/populare-musik-zampona1.jpg"}],"twitter_card":"summary_large_image","twitter_misc":{"Gesch\u00e4tzte Lesezeit":"12\u00a0Minuten"},"schema":{"@context":"https:\/\/schema.org","@graph":[{"@type":"WebPage","@id":"https:\/\/www.apulaya.com\/es\/musica-popular-zampona\/","url":"https:\/\/www.apulaya.com\/es\/musica-popular-zampona\/","name":"Cursos de Zampo\u00f1a - Apulaya","isPartOf":{"@id":"https:\/\/www.apulaya.com\/en\/#website"},"datePublished":"2013-12-06T15:12:55+00:00","dateModified":"2016-01-04T14:33:34+00:00","breadcrumb":{"@id":"https:\/\/www.apulaya.com\/es\/musica-popular-zampona\/#breadcrumb"},"inLanguage":"de","potentialAction":[{"@type":"ReadAction","target":["https:\/\/www.apulaya.com\/es\/musica-popular-zampona\/"]}]},{"@type":"BreadcrumbList","@id":"https:\/\/www.apulaya.com\/es\/musica-popular-zampona\/#breadcrumb","itemListElement":[{"@type":"ListItem","position":1,"name":"Home","item":"https:\/\/www.apulaya.com\/en\/"},{"@type":"ListItem","position":2,"name":"Cursos de Zampo\u00f1a"}]},{"@type":"WebSite","@id":"https:\/\/www.apulaya.com\/en\/#website","url":"https:\/\/www.apulaya.com\/en\/","name":"Apulaya","description":"Center for Andean Cuture","publisher":{"@id":"https:\/\/www.apulaya.com\/en\/#organization"},"potentialAction":[{"@type":"SearchAction","target":{"@type":"EntryPoint","urlTemplate":"https:\/\/www.apulaya.com\/en\/?s={search_term_string}"},"query-input":"required name=search_term_string"}],"inLanguage":"de"},{"@type":"Organization","@id":"https:\/\/www.apulaya.com\/en\/#organization","name":"Apulaya Center for Andean Culture","url":"https:\/\/www.apulaya.com\/en\/","logo":{"@type":"ImageObject","inLanguage":"de","@id":"https:\/\/www.apulaya.com\/en\/#\/schema\/logo\/image\/","url":"https:\/\/www.apulaya.com\/wp-content\/uploads\/2023\/01\/Apulaya_logo2.png","contentUrl":"https:\/\/www.apulaya.com\/wp-content\/uploads\/2023\/01\/Apulaya_logo2.png","width":1080,"height":629,"caption":"Apulaya Center for Andean Culture"},"image":{"@id":"https:\/\/www.apulaya.com\/en\/#\/schema\/logo\/image\/"},"sameAs":["https:\/\/www.facebook.com\/apulaya.andean.culture"]}]}},"_links":{"self":[{"href":"https:\/\/www.apulaya.com\/de\/wp-json\/wp\/v2\/pages\/191"}],"collection":[{"href":"https:\/\/www.apulaya.com\/de\/wp-json\/wp\/v2\/pages"}],"about":[{"href":"https:\/\/www.apulaya.com\/de\/wp-json\/wp\/v2\/types\/page"}],"author":[{"embeddable":true,"href":"https:\/\/www.apulaya.com\/de\/wp-json\/wp\/v2\/users\/1"}],"replies":[{"embeddable":true,"href":"https:\/\/www.apulaya.com\/de\/wp-json\/wp\/v2\/comments?post=191"}],"version-history":[{"count":0,"href":"https:\/\/www.apulaya.com\/de\/wp-json\/wp\/v2\/pages\/191\/revisions"}],"wp:attachment":[{"href":"https:\/\/www.apulaya.com\/de\/wp-json\/wp\/v2\/media?parent=191"}],"curies":[{"name":"wp","href":"https:\/\/api.w.org\/{rel}","templated":true}]}}