{"id":19,"date":"2013-12-03T15:47:40","date_gmt":"2013-12-03T15:47:40","guid":{"rendered":"http:\/\/www.apulaya.com\/es\/?page_id=19"},"modified":"2020-06-16T16:46:26","modified_gmt":"2020-06-16T21:46:26","slug":"pre-columbine-art","status":"publish","type":"page","link":"https:\/\/www.apulaya.com\/de\/pre-kolumbine-kunst\/","title":{"rendered":"Pre-kolumbine <br>Kunst"},"content":{"rendered":"<p><\/p>\n<h1>PREKOLUMBINE KUNST<\/h1>\n<h2>KUNST- UND MALKURSE<\/h2>\n<p><img loading=\"lazy\" decoding=\"async\" class=\"size-full wp-image-1624 alignnone\" title=\"pre-columbian-art\" src=\"http:\/\/www.apulaya.com\/wp-content\/uploads\/2013\/12\/pre-columbian-art.jpg\" alt=\"pre-columbian-art\" width=\"974\" height=\"170\" srcset=\"https:\/\/www.apulaya.com\/wp-content\/uploads\/2013\/12\/pre-columbian-art.jpg 974w, https:\/\/www.apulaya.com\/wp-content\/uploads\/2013\/12\/pre-columbian-art-300x52.jpg 300w, https:\/\/www.apulaya.com\/wp-content\/uploads\/2013\/12\/pre-columbian-art-768x134.jpg 768w\" sizes=\"(max-width: 974px) 100vw, 974px\" \/><\/p>\n<p>Im antiken S\u00fcdamerika wurde die Erde als lebendiges Wesen geachtet, welches f\u00fchlte, den Gesch\u00f6pfen Leben gab, und sich zeigte, indem es die Fr\u00fcchte des Lebens gew\u00e4hrte. Wir befassen uns mit den verborgenen Kr\u00e4ften und mit dem Spiritus der Dinge, mit den Glaubensvorstellungen, Mythen und Philosophien, welche die Menschen entwickelten, um sich die Welt zu erkl\u00e4ren.<\/p>\n<p>In den Kursen wirst du die Stile der andinen indianischen Kunst kennen lernen, sowie einen Einblick in die Weltanschauung ihrer Autoren erhalten.<\/p>\n<p>The below described courses are also available online via Skype or Zoom. For more\u00a0information, <a href=\"https:\/\/www.apulaya.com\/contact-us\/\" target=\"_blank\"><strong>contact us here<\/strong><\/a><\/p>\n<h4>THEMENAUSWAHL<\/h4>\n<table class=\"tablecontent\" border=\"0\" cellspacing=\"10\" cellpadding=\"0\">\n<tbody>\n<tr>\n<td>\n<h3>DER PUMAGOTT<br \/>\nEINE REISE DURCH RAUM UND ZEIT<\/h3>\n<p><img loading=\"lazy\" decoding=\"async\" class=\"alignleft\" src=\"http:\/\/www.apulaya.com\/wp-content\/uploads\/2013\/12\/prekolumbinekunst1.jpg\" alt=\"prekolumbinekunst1\" width=\"216\" height=\"166\" \/><\/p>\n<p>Der Pumagott ist ein zentrales Wesen in der prekolumbinen Kunst. Wir finden ihn in allen antiken Kulturen Perus. Folgen wir seinen Spuren, um die grosse Vielfalt seiner kunstvollen Abbildungen zu entdecken, durch verschiedene Kulturen und Epochen reisend.<\/td>\n<\/tr>\n<tr>\n<td>\n<h3>TOTEMS UND HYBRIDE WESEN<br \/>\nWENN DER AHNE EIN TIER WAR&#8230;<\/h3>\n<p><img loading=\"lazy\" decoding=\"async\" class=\"alignleft\" src=\"http:\/\/www.apulaya.com\/wp-content\/uploads\/2013\/12\/prekolumbinekunst2.jpg\" alt=\"prekolumbinekunst2\" width=\"214\" height=\"147\" \/><\/p>\n<p>In der indianischen Welt sind Vermischungen von Menschen mit g\u00f6ttlichen Wesen oder Tieren m\u00f6glich. Erkunden wir diese so magische Welt und nehmen die totemischen Wesen in ihrer Kunst als Inspirationsquellen auf.<\/td>\n<\/tr>\n<tr>\n<td>\n<h3>MENSCHENOPFER<br \/>\nDIE SCH\u00d6NEN K\u00dcNSTE DES BLUTR\u00dcNSTIGEN<\/h3>\n<p><img loading=\"lazy\" decoding=\"async\" class=\"alignleft\" src=\"http:\/\/www.apulaya.com\/wp-content\/uploads\/2013\/12\/human-sacrifices.jpg\" alt=\"human-sacrifices\" width=\"214\" height=\"165\" \/><\/p>\n<p>Das Thema Menschenopfer ist so abstossend wie faszinierend. Vorallem von einer westlichen Weltanschauung ausgehend ist es fast unm\u00f6glich solche Rituale zu verstehen.<\/p>\n<p>Trotzdem lehrt uns die prekolumbine Kunst die Welt anders zu sehen, und er\u00f6ffnet uns eine ganz andere Sichtweise \u00fcber den Tod.<\/td>\n<\/tr>\n<tr>\n<td>\n<h3>CHANCAY<br \/>\nNAT\u00dcRLICHE KUNST UND EXPRESSIVE FREIHEIT<\/h3>\n<p><img loading=\"lazy\" decoding=\"async\" class=\"alignleft\" src=\"http:\/\/www.apulaya.com\/wp-content\/uploads\/2013\/12\/prekolumbinekunst5.jpg\" alt=\"prekolumbinekunst5\" width=\"214\" height=\"186\" \/><\/p>\n<p>900- 1400 n.Chr.<\/p>\n<p>Mit der Chancaykultur erreichte die Textilmalerei ihren H\u00f6hepunkt. Sie sticht durch ihre moderne Wirkung und ihre lebhaft bewegte Komposition hervor. Dabei wurden drei Techniken angewendet: Das direkte Malen mit dem Pinsel mit freier Handf\u00fchrung, der Stempeldruck und die Technik der Knoten-F\u00e4rberei (\u00e4hnlich wie Batik). Der K\u00fcnstler liess sich durch seine Instinkte und Intuitionen leiten, durch das Wunder, das Unerkl\u00e4rliche. Es ist die tiefste, direkteste und nat\u00fcrlichste Verbundenheit mit der Kunst, der spontane Ausdruck einer Weltanschauung, die er sich magisch aneignete.<\/td>\n<\/tr>\n<tr>\n<td>\n<h3>HUARI<br \/>\nMEISTERHAFTE ABSTRAKTE KUNST<\/h3>\n<p><img loading=\"lazy\" decoding=\"async\" class=\"alignleft\" src=\"http:\/\/www.apulaya.com\/wp-content\/uploads\/2013\/12\/prekolumbinekunst6.jpg\" alt=\"prekolumbinekunst6\" width=\"214\" height=\"215\" \/><\/p>\n<p>500 &#8211; 900 n. Chr.<\/p>\n<p>Die Kunst der Huari beeindruckt mit der estetischen Sch\u00f6nheit ihrer Abstrakte, welche sich durch Eleganz und pulsierende Vibration auszeichnet. Die malerischen Webereien waren wahrhafte visuelle Vermittler einer komplexen Glaubenslehre. Die Prister bekleideten sich buchst\u00e4blich mit einem ideologischen Kosmos, viele Textilien wurden aber auch f\u00fcr rituelle Zwecke und Opfergaben verwendet. In ihrer Kunst erfolgte der Abstraktionsprozess in drei Phasen und gibt einen interessanten Einblick in ihre k\u00fcnstlerischen Konzepte.<\/td>\n<\/tr>\n<tr>\n<td>\n<h3>MOCHICA<br \/>\nDIE KUNST MIT BILDERN GESCHICHTEN ZU ERZ\u00c4HLEN<\/h3>\n<p><img loading=\"lazy\" decoding=\"async\" class=\"alignleft\" src=\"http:\/\/www.apulaya.com\/wp-content\/uploads\/2013\/12\/prekolumbinekunst7.jpg\" alt=\"prekolumbinekunst7\" width=\"214\" height=\"190\" \/><\/p>\n<p>100 &#8211; 800 n. Chr.<\/p>\n<p>Die Mochicakultur hinterliess uns nicht nur erstaunliche Wandmalereien, sondern auch eine hochwertig modelierte T\u00f6pferkunst, welche sie mit feinsten Pinselmalereien dekorierten. Die Mochicas erz\u00e4hlen uns in visueller Weise ihre Weltanschauung auf rot &#8211; und cremefarbiger Keramik . Auffallend ist die Dynamik der Szenen und die lebhafte Bewegung der Personen. Die Themen sind an die magisch-religi\u00f6se Welt gebunden und gew\u00e4hren uns einen staunenswerten Einblick in rituelle K\u00e4mpfe und Schlachten, Prozessionen, Zeremonien, Jagdtszenen, Wettl\u00e4ufe und erotische Szenen.<\/td>\n<\/tr>\n<tr>\n<td>\n<h3>PARACAS \u2013IM LABYRINTH<br \/>\nVISUELLER T\u00c4USCHUNGEN UND WANDLUNGEN<\/h3>\n<div class=\"alignleft\" style=\"display: block; margin: auto; width: 220px; padding-top: 10px;\">\n<div id=\"efe-swf-1\" class=\"efe-flash\"><!-- --><\/div>\n<\/div>\n<p>1000 v. Chr. &#8211; 200 n. Chr.<\/p>\n<p>Die Natur, die Realit\u00e4t, die magisch-religi\u00f6se Welt, alles ist in Bewegung, ver\u00e4ndert sich, keimt und spriesst unaufh\u00f6rlich. Die K\u00fcnstler Paracas thematisierten nicht nur die rein physische Erscheinung eines menschlichen, pflanzlichen oder g\u00f6ttlichen Wesens, sondern vermittelten es in seiner Ganzheitlichkeit, mit seinem ganzen Potenzial, wo die Sch\u00f6pfung, die Fruchtbarkeit und die Entfaltung fundamental sind. Sie webten und bestickten Textilien, welche rituelle Decken f\u00fcr die Mumien waren. Paracas ist textile Farbenpracht, ist die symbolische Lekt\u00fcre eines fabelhaften Pantheons der G\u00f6tter und mythischen Erz\u00e4hlungen.<\/td>\n<\/tr>\n<tr bgcolor=\"#eaf0d8\">\n<td>\n<h3>UNSERE MALTECHNIKEN:<\/h3>\n<table class=\"tablepainting\" border=\"0\" cellspacing=\"0\" cellpadding=\"0\">\n<tbody>\n<tr>\n<td><img loading=\"lazy\" decoding=\"async\" class=\"alignleft\" src=\"http:\/\/www.apulaya.com\/wp-content\/uploads\/2013\/12\/prekolumbinekunst9.jpg\" alt=\"prekolumbinekunst9\" width=\"122\" height=\"224\" \/><\/p>\n<h4>Aquarellieren mit Anilina<\/h4>\n<p>Dying pigments that can be found on popular markets in Peru reflect the explosion of colors in indigenous textiles. Obtained from the Indigo plant and Coal essence, these pigments are very useful for water colors, brightness or highlights and are softened by dilution, thus obtaining fine hues.<\/td>\n<\/tr>\n<\/tbody>\n<\/table>\n<table class=\"tablepainting\" border=\"0\" cellspacing=\"0\" cellpadding=\"0\">\n<tbody>\n<tr>\n<td><img loading=\"lazy\" decoding=\"async\" class=\"alignleft\" src=\"http:\/\/www.apulaya.com\/wp-content\/uploads\/2013\/12\/prekolumbinekunst10.jpg\" alt=\"prekolumbinekunst10\" width=\"122\" height=\"224\" \/><\/p>\n<h4>Aniline based Water color painting<\/h4>\n<p>Die F\u00e4rbereipigmente welche auf allen Hauptm\u00e4rkten Perus feilgeboten werden, reflektieren die Farbenpracht der indigenen Webereien und Trachten. Gewonnen aus der Pflanze A\u00f1il und einem Steinkohleprodukt, eignen sie sich bestens zum Aquarellieren, leuchtend und kr\u00e4ftig lassen sie sich durch verd\u00fcnnen in zarte Nuancen auff\u00e4chern.<\/td>\n<\/tr>\n<\/tbody>\n<\/table>\n<\/td>\n<\/tr>\n<\/tbody>\n<\/table>\n<table id=\"right\" border=\"0\" cellspacing=\"0\" cellpadding=\"0\">\n<tbody>\n<tr>\n<td>\n<div class=\"primary-sidebar  content-two-column \">\n<ul>\n<li id=\"black-studio-tinymce-14\" class=\"summerProgram widget widget_black_studio_tinymce\">\n<div class=\"textwidget\">\n<p><a href=\"http:\/\/www.apulaya.com\/de\/anden-studien-peru-apulaya\/\"><img loading=\"lazy\" decoding=\"async\" class=\"aligncenter wp-image-1453 size-full\" title=\"Special Programs 2018\" src=\"http:\/\/www.apulaya.com\/wp-content\/uploads\/2013\/12\/special-programs-2018.gif\" alt=\"Special Programs 2018\" width=\"230\" height=\"156\" \/><\/a><\/p>\n<\/div>\n<\/li>\n<li id=\"black-studio-tinymce-12\" class=\"right_culture widget widget_black_studio_tinymce\">\n<div class=\"textwidget\"><a title=\"Indigenous Culture Studies\" href=\"http:\/\/www.apulaya.com\/en\/study-abroad-peru-apulaya\/#julio\"><img loading=\"lazy\" decoding=\"async\" class=\"img-responsive aligncenter\" title=\"Summer Program 2023\" src=\"https:\/\/www.apulaya.com\/wp-content\/uploads\/2023\/01\/summer-program.gif\" alt=\"Summer Program 2023\" width=\"250\" height=\"150\" \/><\/a><\/p>\n<p><a title=\"Studium der Indigenen Kultur\" href=\"http:\/\/www.apulaya.com\/de\/studium-der-indigenen-kultur\"><img loading=\"lazy\" decoding=\"async\" class=\" size-full wp-image-765 aligncenter\" src=\"http:\/\/www.apulaya.com\/wp-content\/uploads\/2013\/12\/indigenous-culture-studies1.gif\" alt=\"indigenous-culture-studies\" width=\"225\" height=\"137\" \/><\/a><\/p>\n<p><a href=\"http:\/\/www.apulaya.com\/de\/studium-der-indigenen-kultur\"><img loading=\"lazy\" decoding=\"async\" class=\"aligncenter size-full wp-image-1534\" title=\"andean-textile-art-study\" src=\"http:\/\/www.apulaya.com\/wp-content\/uploads\/2016\/09\/andean-textile-art-study.jpg\" alt=\"andean-textile-art-study\" width=\"225\" height=\"150\" \/><\/a><\/div>\n<\/li>\n<li id=\"nav_menu-4\" class=\"menu_right widget widget_nav_menu\">\n<div class=\"menu-menu-2-container\">\n<ul id=\"menu-menu-4\" class=\"menu\">\n<li class=\"menu-item menu-item-type-post_type menu-item-object-page menu-item-71\"><a href=\"https:\/\/www.apulaya.com\/de\/uber-das-kultur-zentrum\/\">\u00dcber Das Kultur Zentrum<\/a><\/li>\n<li class=\"menu-item menu-item-type-post_type menu-item-object-page menu-item-70\"><a href=\"https:\/\/www.apulaya.com\/de\/das-apulaya-team\/\">Equipo Apulaya<\/a><\/li>\n<li class=\"menu-item menu-item-type-post_type menu-item-object-page menu-item-500\"><a href=\"https:\/\/www.apulaya.com\/de\/fotogallerie\/\">Fotogallerie<\/a><\/li>\n<li class=\"menu-item menu-item-type-post_type menu-item-object-page menu-item-69\"><a href=\"https:\/\/www.apulaya.com\/de\/testimonials\/\">Testimonials<\/a><\/li>\n<li class=\"menu-item menu-item-type-post_type menu-item-object-page menu-item-1279\"><a href=\"https:\/\/www.apulaya.com\/de\/preise\/\">Kursdaten und Preisliste<\/a><\/li>\n<li class=\"menu-item menu-item-type-post_type menu-item-object-page menu-item-2569\"><a href=\"https:\/\/www.apulaya.com\/de\/payments\/\">Payments<\/a><\/li>\n<\/ul>\n<\/div>\n<\/li>\n<li id=\"black-studio-tinymce-16\" class=\"menu_right widget widget_black_studio_tinymce\">\n<div class=\"textwidget\">\n<ul>\n<li><a href=\"http:\/\/www.apulaya.com\/blog\" target=\"_blank\">Unser Blog<\/a><\/li>\n<\/ul>\n<\/div>\n<\/li>\n<li id=\"black-studio-tinymce-11\" class=\"contactright widget widget_black_studio_tinymce\">\n<h2 class=\"widgettitle\">Kontakt Apulaya<\/h2>\n<div class=\"textwidget\">\n<p><strong>Schreib uns!.<\/strong><\/p>\n<hr \/>\n<div class=\"wpcf7 no-js\" id=\"wpcf7-f441-o3\" lang=\"de-DE\" dir=\"ltr\">\n<div class=\"screen-reader-response\">\n<p role=\"status\" aria-live=\"polite\" aria-atomic=\"true\">\n<ul><\/ul>\n<\/div>\n<form action=\"\/de\/wp-json\/wp\/v2\/pages\/19#wpcf7-f441-o3\" method=\"post\" class=\"wpcf7-form init\" aria-label=\"Kontaktformular\" novalidate=\"novalidate\" data-status=\"init\">\n<div style=\"display: none;\">\n<input type=\"hidden\" name=\"_wpcf7\" value=\"441\" \/><br \/>\n<input type=\"hidden\" name=\"_wpcf7_version\" value=\"5.8.2\" \/><br \/>\n<input type=\"hidden\" name=\"_wpcf7_locale\" value=\"de_DE\" \/><br \/>\n<input type=\"hidden\" name=\"_wpcf7_unit_tag\" value=\"wpcf7-f441-o3\" \/><br \/>\n<input type=\"hidden\" name=\"_wpcf7_container_post\" value=\"0\" \/><br \/>\n<input type=\"hidden\" name=\"_wpcf7_posted_data_hash\" value=\"\" \/>\n<\/div>\n<p>Name: *\n<\/p>\n<p><span class=\"wpcf7-form-control-wrap\" data-name=\"your-name\"><input size=\"40\" class=\"wpcf7-form-control wpcf7-text wpcf7-validates-as-required\" aria-required=\"true\" aria-invalid=\"false\" value=\"\" type=\"text\" name=\"your-name\" \/><\/span>\n<\/p>\n<p>E-Mail-Adresse:*\n<\/p>\n<p><span class=\"wpcf7-form-control-wrap\" data-name=\"your-email\"><input size=\"40\" class=\"wpcf7-form-control wpcf7-email wpcf7-validates-as-required wpcf7-text wpcf7-validates-as-email\" aria-required=\"true\" aria-invalid=\"false\" value=\"\" type=\"email\" name=\"your-email\" \/><\/span>\n<\/p>\n<p>Kommentare und Fragen:*\n<\/p>\n<p><span class=\"wpcf7-form-control-wrap\" data-name=\"your-message\"><textarea cols=\"40\" rows=\"10\" class=\"wpcf7-form-control wpcf7-textarea\" aria-invalid=\"false\" name=\"your-message\"><\/textarea><\/span>\n<\/p>\n<p><input type=\"hidden\" name=\"_wpcf7_captcha_challenge_captcha-977\" value=\"1864539939\" \/><img loading=\"lazy\" decoding=\"async\" class=\"wpcf7-form-control wpcf7-captchac wpcf7-captcha-captcha-977\" width=\"72\" height=\"24\" alt=\"captcha\" src=\"https:\/\/www.apulaya.com\/wp-content\/uploads\/wpcf7_captcha\/1864539939.png\" \/><br \/>\n<span class=\"wpcf7-form-control-wrap\" data-name=\"captcha-977\"><input size=\"40\" class=\"wpcf7-form-control wpcf7-captchar\" autocomplete=\"off\" aria-invalid=\"false\" value=\"\" type=\"text\" name=\"captcha-977\" \/><\/span>\n<\/p>\n<p><input class=\"wpcf7-form-control wpcf7-submit has-spinner boton\" type=\"submit\" value=\"Send\" \/>\n<\/p>\n<div class=\"wpcf7-response-output\" aria-hidden=\"true\"><\/div>\n<\/form>\n<\/div>\n<\/div>\n<\/li>\n<\/ul>\n<\/div>\n<\/td>\n<\/tr>\n<\/tbody>\n<\/table>\n<p><\/p>","protected":false},"excerpt":{"rendered":"<p>PREKOLUMBINE KUNST KUNST- UND MALKURSE Im antiken S\u00fcdamerika wurde die Erde als lebendiges Wesen geachtet, welches f\u00fchlte, den Gesch\u00f6pfen Leben gab, und sich zeigte, indem es die Fr\u00fcchte des Lebens gew\u00e4hrte. Wir befassen uns mit den verborgenen Kr\u00e4ften und mit dem Spiritus der Dinge, mit den Glaubensvorstellungen, Mythen und Philosophien, welche die Menschen entwickelten, um [&hellip;]<\/p>\n","protected":false},"author":1,"featured_media":0,"parent":0,"menu_order":0,"comment_status":"open","ping_status":"open","template":"","meta":{"footnotes":""},"yoast_head":"<!-- This site is optimized with the Yoast SEO plugin v21.5 - https:\/\/yoast.com\/wordpress\/plugins\/seo\/ -->\n<title>Pre-kolumbine Kunst Cusco - Apulaya<\/title>\n<meta name=\"description\" content=\"Im antiken S\u00fcdamerika wurde die Erde als lebendiges Wesen geachtet, welches f\u00fchlte, den Gesch\u00f6pfen Leben gab, und sich zeigte, indem es die Fr\u00fcchte des Lebens gew\u00e4hrte.\" \/>\n<meta name=\"robots\" content=\"index, follow, max-snippet:-1, max-image-preview:large, max-video-preview:-1\" \/>\n<link rel=\"canonical\" href=\"https:\/\/www.apulaya.com\/de\/pre-kolumbine-kunst\/\" \/>\n<meta property=\"og:locale\" content=\"de_DE\" \/>\n<meta property=\"og:type\" content=\"article\" \/>\n<meta property=\"og:title\" content=\"Pre-kolumbine Kunst Cusco - Apulaya\" \/>\n<meta property=\"og:description\" content=\"Im antiken S\u00fcdamerika wurde die Erde als lebendiges Wesen geachtet, welches f\u00fchlte, den Gesch\u00f6pfen Leben gab, und sich zeigte, indem es die Fr\u00fcchte des Lebens gew\u00e4hrte.\" \/>\n<meta property=\"og:url\" content=\"https:\/\/www.apulaya.com\/de\/pre-kolumbine-kunst\/\" \/>\n<meta property=\"og:site_name\" content=\"Apulaya\" \/>\n<meta property=\"article:publisher\" content=\"https:\/\/www.facebook.com\/apulaya.andean.culture\" \/>\n<meta property=\"article:modified_time\" content=\"2020-06-16T21:46:26+00:00\" \/>\n<meta property=\"og:image\" content=\"http:\/\/www.apulaya.com\/wp-content\/uploads\/2013\/12\/pre-columbian-art.jpg\" \/>\n<meta name=\"twitter:card\" content=\"summary_large_image\" \/>\n<meta name=\"twitter:label1\" content=\"Gesch\u00e4tzte Lesezeit\" \/>\n\t<meta name=\"twitter:data1\" content=\"17\u00a0Minuten\" \/>\n<script type=\"application\/ld+json\" class=\"yoast-schema-graph\">{\"@context\":\"https:\/\/schema.org\",\"@graph\":[{\"@type\":\"WebPage\",\"@id\":\"https:\/\/www.apulaya.com\/de\/pre-kolumbine-kunst\/\",\"url\":\"https:\/\/www.apulaya.com\/de\/pre-kolumbine-kunst\/\",\"name\":\"Pre-kolumbine Kunst Cusco - Apulaya\",\"isPartOf\":{\"@id\":\"https:\/\/www.apulaya.com\/en\/#website\"},\"datePublished\":\"2013-12-03T15:47:40+00:00\",\"dateModified\":\"2020-06-16T21:46:26+00:00\",\"description\":\"Im antiken S\u00fcdamerika wurde die Erde als lebendiges Wesen geachtet, welches f\u00fchlte, den Gesch\u00f6pfen Leben gab, und sich zeigte, indem es die Fr\u00fcchte des Lebens gew\u00e4hrte.\",\"breadcrumb\":{\"@id\":\"https:\/\/www.apulaya.com\/de\/pre-kolumbine-kunst\/#breadcrumb\"},\"inLanguage\":\"de\",\"potentialAction\":[{\"@type\":\"ReadAction\",\"target\":[\"https:\/\/www.apulaya.com\/de\/pre-kolumbine-kunst\/\"]}]},{\"@type\":\"BreadcrumbList\",\"@id\":\"https:\/\/www.apulaya.com\/de\/pre-kolumbine-kunst\/#breadcrumb\",\"itemListElement\":[{\"@type\":\"ListItem\",\"position\":1,\"name\":\"Home\",\"item\":\"https:\/\/www.apulaya.com\/en\/\"},{\"@type\":\"ListItem\",\"position\":2,\"name\":\"Pre-kolumbine Kunst\"}]},{\"@type\":\"WebSite\",\"@id\":\"https:\/\/www.apulaya.com\/en\/#website\",\"url\":\"https:\/\/www.apulaya.com\/en\/\",\"name\":\"Apulaya\",\"description\":\"Center for Andean Cuture\",\"publisher\":{\"@id\":\"https:\/\/www.apulaya.com\/en\/#organization\"},\"potentialAction\":[{\"@type\":\"SearchAction\",\"target\":{\"@type\":\"EntryPoint\",\"urlTemplate\":\"https:\/\/www.apulaya.com\/en\/?s={search_term_string}\"},\"query-input\":\"required name=search_term_string\"}],\"inLanguage\":\"de\"},{\"@type\":\"Organization\",\"@id\":\"https:\/\/www.apulaya.com\/en\/#organization\",\"name\":\"Apulaya Center for Andean Culture\",\"url\":\"https:\/\/www.apulaya.com\/en\/\",\"logo\":{\"@type\":\"ImageObject\",\"inLanguage\":\"de\",\"@id\":\"https:\/\/www.apulaya.com\/en\/#\/schema\/logo\/image\/\",\"url\":\"https:\/\/www.apulaya.com\/wp-content\/uploads\/2023\/01\/Apulaya_logo2.png\",\"contentUrl\":\"https:\/\/www.apulaya.com\/wp-content\/uploads\/2023\/01\/Apulaya_logo2.png\",\"width\":1080,\"height\":629,\"caption\":\"Apulaya Center for Andean Culture\"},\"image\":{\"@id\":\"https:\/\/www.apulaya.com\/en\/#\/schema\/logo\/image\/\"},\"sameAs\":[\"https:\/\/www.facebook.com\/apulaya.andean.culture\"]}]}<\/script>\n<!-- \/ Yoast SEO plugin. -->","yoast_head_json":{"title":"Pre-kolumbine Kunst Cusco - Apulaya","description":"Im antiken S\u00fcdamerika wurde die Erde als lebendiges Wesen geachtet, welches f\u00fchlte, den Gesch\u00f6pfen Leben gab, und sich zeigte, indem es die Fr\u00fcchte des Lebens gew\u00e4hrte.","robots":{"index":"index","follow":"follow","max-snippet":"max-snippet:-1","max-image-preview":"max-image-preview:large","max-video-preview":"max-video-preview:-1"},"canonical":"https:\/\/www.apulaya.com\/de\/pre-kolumbine-kunst\/","og_locale":"de_DE","og_type":"article","og_title":"Pre-kolumbine Kunst Cusco - Apulaya","og_description":"Im antiken S\u00fcdamerika wurde die Erde als lebendiges Wesen geachtet, welches f\u00fchlte, den Gesch\u00f6pfen Leben gab, und sich zeigte, indem es die Fr\u00fcchte des Lebens gew\u00e4hrte.","og_url":"https:\/\/www.apulaya.com\/de\/pre-kolumbine-kunst\/","og_site_name":"Apulaya","article_publisher":"https:\/\/www.facebook.com\/apulaya.andean.culture","article_modified_time":"2020-06-16T21:46:26+00:00","og_image":[{"url":"http:\/\/www.apulaya.com\/wp-content\/uploads\/2013\/12\/pre-columbian-art.jpg"}],"twitter_card":"summary_large_image","twitter_misc":{"Gesch\u00e4tzte Lesezeit":"17\u00a0Minuten"},"schema":{"@context":"https:\/\/schema.org","@graph":[{"@type":"WebPage","@id":"https:\/\/www.apulaya.com\/de\/pre-kolumbine-kunst\/","url":"https:\/\/www.apulaya.com\/de\/pre-kolumbine-kunst\/","name":"Pre-kolumbine Kunst Cusco - Apulaya","isPartOf":{"@id":"https:\/\/www.apulaya.com\/en\/#website"},"datePublished":"2013-12-03T15:47:40+00:00","dateModified":"2020-06-16T21:46:26+00:00","description":"Im antiken S\u00fcdamerika wurde die Erde als lebendiges Wesen geachtet, welches f\u00fchlte, den Gesch\u00f6pfen Leben gab, und sich zeigte, indem es die Fr\u00fcchte des Lebens gew\u00e4hrte.","breadcrumb":{"@id":"https:\/\/www.apulaya.com\/de\/pre-kolumbine-kunst\/#breadcrumb"},"inLanguage":"de","potentialAction":[{"@type":"ReadAction","target":["https:\/\/www.apulaya.com\/de\/pre-kolumbine-kunst\/"]}]},{"@type":"BreadcrumbList","@id":"https:\/\/www.apulaya.com\/de\/pre-kolumbine-kunst\/#breadcrumb","itemListElement":[{"@type":"ListItem","position":1,"name":"Home","item":"https:\/\/www.apulaya.com\/en\/"},{"@type":"ListItem","position":2,"name":"Pre-kolumbine Kunst"}]},{"@type":"WebSite","@id":"https:\/\/www.apulaya.com\/en\/#website","url":"https:\/\/www.apulaya.com\/en\/","name":"Apulaya","description":"Center for Andean Cuture","publisher":{"@id":"https:\/\/www.apulaya.com\/en\/#organization"},"potentialAction":[{"@type":"SearchAction","target":{"@type":"EntryPoint","urlTemplate":"https:\/\/www.apulaya.com\/en\/?s={search_term_string}"},"query-input":"required name=search_term_string"}],"inLanguage":"de"},{"@type":"Organization","@id":"https:\/\/www.apulaya.com\/en\/#organization","name":"Apulaya Center for Andean Culture","url":"https:\/\/www.apulaya.com\/en\/","logo":{"@type":"ImageObject","inLanguage":"de","@id":"https:\/\/www.apulaya.com\/en\/#\/schema\/logo\/image\/","url":"https:\/\/www.apulaya.com\/wp-content\/uploads\/2023\/01\/Apulaya_logo2.png","contentUrl":"https:\/\/www.apulaya.com\/wp-content\/uploads\/2023\/01\/Apulaya_logo2.png","width":1080,"height":629,"caption":"Apulaya Center for Andean Culture"},"image":{"@id":"https:\/\/www.apulaya.com\/en\/#\/schema\/logo\/image\/"},"sameAs":["https:\/\/www.facebook.com\/apulaya.andean.culture"]}]}},"_links":{"self":[{"href":"https:\/\/www.apulaya.com\/de\/wp-json\/wp\/v2\/pages\/19"}],"collection":[{"href":"https:\/\/www.apulaya.com\/de\/wp-json\/wp\/v2\/pages"}],"about":[{"href":"https:\/\/www.apulaya.com\/de\/wp-json\/wp\/v2\/types\/page"}],"author":[{"embeddable":true,"href":"https:\/\/www.apulaya.com\/de\/wp-json\/wp\/v2\/users\/1"}],"replies":[{"embeddable":true,"href":"https:\/\/www.apulaya.com\/de\/wp-json\/wp\/v2\/comments?post=19"}],"version-history":[{"count":3,"href":"https:\/\/www.apulaya.com\/de\/wp-json\/wp\/v2\/pages\/19\/revisions"}],"predecessor-version":[{"id":2546,"href":"https:\/\/www.apulaya.com\/de\/wp-json\/wp\/v2\/pages\/19\/revisions\/2546"}],"wp:attachment":[{"href":"https:\/\/www.apulaya.com\/de\/wp-json\/wp\/v2\/media?parent=19"}],"curies":[{"name":"wp","href":"https:\/\/api.w.org\/{rel}","templated":true}]}}