{"id":17,"date":"2013-12-03T15:46:23","date_gmt":"2013-12-03T15:46:23","guid":{"rendered":"http:\/\/www.apulaya.com\/es\/?page_id=17"},"modified":"2021-10-25T17:42:17","modified_gmt":"2021-10-25T22:42:17","slug":"andean-popular-folklore","status":"publish","type":"page","link":"https:\/\/www.apulaya.com\/de\/populare-musik\/","title":{"rendered":"Popul\u00e4re Andine Musik"},"content":{"rendered":"<p><\/p>\n<h1>POPUL\u00c4RE ANDINE MUSIK<\/h1>\n<h2>KURSE UND WORKSHOPS<\/h2>\n<p><img loading=\"lazy\" decoding=\"async\" src=\"http:\/\/www.apulaya.com\/wp-content\/uploads\/2013\/12\/andean_popular_folklore.jpg\" alt=\"andean_popular_folklore\" width=\"974\" height=\"170\" \/><\/p>\n<p>Die geschichtlichen Umst\u00e4nde, welche die andinen Regionen durchlebten, die etnische Vielfalt, die komplexe Multikultur und die aktuellen globalen und industriellen Fenomene bringen eine vielf\u00e4ltige und reiche zeitgen\u00f6ssische Folklore hervor. Ein Zusammenleben und Fusionieren mit Klassik bis Pop, Jazz und New Age.<\/p>\n<p>Um diese Punkte entwickeln sich unsere Kurse und Workshops, die aus Ihrem Besuch ein interessantes, unterhaltsames und unvergessiches Erlebnis machen. Wir interpretieren die sch\u00f6nsten Melodien der Volkslieder von Ecuador, Peru, Bolivien bis Chile und Argentinien: San Juanitos, Llameradas, Huaynos, Fusi\u00f3n und vieles mehr.<\/p>\n<h4>Von der ersten Lektion an wirst du die sch\u00f6nsten Melodien der Anden erlernen!<\/h4>\n<table class=\"tablemusica\" border=\"0\" cellspacing=\"0\" cellpadding=\"0\">\n<tbody>\n<tr>\n<td>\n<h3><a title=\"Zampo\u00f1a Kurse\" href=\"http:\/\/www.apulaya.com\/de\/populare-musik-zampona\/\">Zampo\u00f1a, andine Panfl\u00f6te<br \/>\nindividuelle Kurse und Workshops<\/a><\/h3>\n<p><img loading=\"lazy\" decoding=\"async\" class=\"alignleft\" src=\"http:\/\/www.apulaya.com\/wp-content\/uploads\/2013\/12\/populare-musik1.jpg\" alt=\"populare-musik1\" width=\"214\" height=\"143\" \/><\/p>\n<p>Die Zampo\u00f1a ist eines der popul\u00e4rsten Instrumente in S\u00fcdamerika und sehr einfach zu erlernen. Erlerne die bekanntesten Melodien der Anden: Tinkus, Llameradas, San Juanitos&#8230;\u00a0<a title=\"Zampo\u00f1a Kurse\" href=\"http:\/\/www.apulaya.com\/de\/populare-musik-zampona\">Mehr&#8230;<\/a><\/p>\n<p><a class=\"btn-musica\" href=\"https:\/\/www.apulaya.com\/contact-us\/\" target=\"_blank\" rel=\"noopener\">Contact Us<\/a><\/p>\n<p><img loading=\"lazy\" decoding=\"async\" class=\"alignright wp-image-2552 size-full\" title=\"zoom-skype\" src=\"https:\/\/www.apulaya.com\/wp-content\/uploads\/2013\/12\/zoom-skype.png\" alt=\"zoom-skype\" width=\"151\" height=\"25\" \/><\/td>\n<td>Zampo\u00f1a h\u00f6ren<\/p>\n<p>Tempestad \/ Savia Andina<\/p>\n<div class=\"sc_player_container1\"><input type=\"button\" id=\"btnplay_69e885f3053119.59172769\" class=\"myButton_play\" onClick=\"play_mp3('play','69e885f3053119.59172769','http:\/\/www.apulaya.com\/musica\/tempestad.mp3','80','false');show_hide('play','69e885f3053119.59172769');\" \/><input type=\"button\"  id=\"btnstop_69e885f3053119.59172769\" style=\"display:none\" class=\"myButton_stop\" onClick=\"play_mp3('stop','69e885f3053119.59172769','','80','false');show_hide('stop','69e885f3053119.59172769');\" \/><div id=\"sm2-container\"><!-- flash movie ends up here --><\/div><\/div>\n<p><a title=\"Zampo\u00f1a Kurse\" href=\"http:\/\/www.apulaya.com\/de\/populare-musik-zampona\/\">Video sehen<\/a><\/p>\n<p><img loading=\"lazy\" decoding=\"async\" src=\"http:\/\/www.apulaya.com\/wp-content\/uploads\/2013\/12\/view.gif\" alt=\"view\" width=\"24\" height=\"24\" \/><\/td>\n<\/tr>\n<tr>\n<td>\n<h3><a title=\"Quena Kurse\" href=\"http:\/\/www.apulaya.com\/de\/populare-musik-quena\/\">Quena, andine Fl\u00f6te &#8211; individuelle Kurse und Workshops<\/a><\/h3>\n<p><img loading=\"lazy\" decoding=\"async\" class=\"alignleft\" src=\"http:\/\/www.apulaya.com\/wp-content\/uploads\/2013\/12\/populare-musik2.jpg\" alt=\"populare-musik2\" width=\"214\" height=\"143\" \/><\/p>\n<p>Das Weinen der Quena dr\u00fcckt die Seele des Indigena aus. Die Quena ist eines der beliebtesten Instrumente der Anden. Lass dich in ihren Zauber einf\u00fchren und erlerne die. <a title=\"Quena Kurse\" href=\"http:\/\/www.apulaya.com\/de\/populare-musik-quena\">Mehr&#8230;<\/a><\/p>\n<p><a class=\"btn-musica\" href=\"https:\/\/www.apulaya.com\/contact-us\/\" target=\"_blank\" rel=\"noopener\">Contact Us<\/a><\/p>\n<p><img loading=\"lazy\" decoding=\"async\" class=\"alignright wp-image-2552 size-full\" title=\"zoom-skype\" src=\"https:\/\/www.apulaya.com\/wp-content\/uploads\/2013\/12\/zoom-skype.png\" alt=\"zoom-skype\" width=\"151\" height=\"25\" \/><\/td>\n<td>Quena music sample<\/p>\n<p>Inspiraci\u00f3n \/ played Chano D. Limaco<\/p>\n<div class=\"sc_player_container1\"><input type=\"button\" id=\"btnplay_69e885f3053297.31923420\" class=\"myButton_play\" onClick=\"play_mp3('play','69e885f3053297.31923420','http:\/\/www.apulaya.com\/musica\/inspiracion.mp3','80','false');show_hide('play','69e885f3053297.31923420');\" \/><input type=\"button\"  id=\"btnstop_69e885f3053297.31923420\" style=\"display:none\" class=\"myButton_stop\" onClick=\"play_mp3('stop','69e885f3053297.31923420','','80','false');show_hide('stop','69e885f3053297.31923420');\" \/><div id=\"sm2-container\"><!-- flash movie ends up here --><\/div><\/div>\n<p><a title=\"Quena Kurse\" href=\"http:\/\/www.apulaya.com\/de\/populare-musik-quena\/\">Video sehen<\/a><\/p>\n<p><img loading=\"lazy\" decoding=\"async\" src=\"http:\/\/www.apulaya.com\/wp-content\/uploads\/2013\/12\/view.gif\" alt=\"view\" width=\"24\" height=\"24\" \/><\/td>\n<\/tr>\n<tr>\n<td>\n<h3><a title=\"Andean Music Sessions\" href=\"http:\/\/www.apulaya.com\/de\/populare-musik-session\/\">Andean Music Sessions<\/a><\/h3>\n<p><img loading=\"lazy\" decoding=\"async\" class=\"alignleft\" src=\"http:\/\/www.apulaya.com\/wp-content\/uploads\/2013\/12\/populare-musik3.jpg\" alt=\"populare-musik3\" width=\"214\" height=\"143\" \/><\/p>\n<p>Erweitere deine musikalischen Kenntnisse im andinen Folk, indem du an unseren gruppalen Sessions teilnimmst. Diese Workshops sind sehr praktisch und spontan. Viel Spass beim Spielen von Genres wie Tinku, Sayas, Huaynos u.v.m. <a title=\"Andean Music Sessions\" href=\"http:\/\/www.apulaya.com\/de\/populare-musik-session\">Mehr&#8230;<\/a><\/td>\n<td>Audio sample (Andean music sessions)<\/p>\n<p>En carretera de shamanes \/ played by Chano D. Limaco<\/p>\n<div class=\"sc_player_container1\"><input type=\"button\" id=\"btnplay_69e885f30533c5.59131147\" class=\"myButton_play\" onClick=\"play_mp3('play','69e885f30533c5.59131147','http:\/\/www.apulaya.com\/musica\/encarreteras.mp3','80','false');show_hide('play','69e885f30533c5.59131147');\" \/><input type=\"button\"  id=\"btnstop_69e885f30533c5.59131147\" style=\"display:none\" class=\"myButton_stop\" onClick=\"play_mp3('stop','69e885f30533c5.59131147','','80','false');show_hide('stop','69e885f30533c5.59131147');\" \/><div id=\"sm2-container\"><!-- flash movie ends up here --><\/div><\/div>\n<p><a title=\"Andean Music Sessions\" href=\"http:\/\/www.apulaya.com\/de\/populare-musik-session\/\">Video sehen<\/a><\/p>\n<p><img loading=\"lazy\" decoding=\"async\" src=\"http:\/\/www.apulaya.com\/wp-content\/uploads\/2013\/12\/view.gif\" alt=\"view\" width=\"24\" height=\"24\" \/><\/td>\n<\/tr>\n<tr>\n<td><\/td>\n<td><\/td>\n<\/tr>\n<\/tbody>\n<\/table>\n<table id=\"right\" border=\"0\" cellspacing=\"0\" cellpadding=\"0\">\n<tbody>\n<tr>\n<td>\n<div class=\"primary-sidebar  content-two-column \">\n<ul>\n<li id=\"black-studio-tinymce-14\" class=\"summerProgram widget widget_black_studio_tinymce\">\n<div class=\"textwidget\">\n<p><a href=\"http:\/\/www.apulaya.com\/de\/anden-studien-peru-apulaya\/\"><img loading=\"lazy\" decoding=\"async\" class=\"aligncenter wp-image-1453 size-full\" title=\"Special Programs 2018\" src=\"http:\/\/www.apulaya.com\/wp-content\/uploads\/2013\/12\/special-programs-2018.gif\" alt=\"Special Programs 2018\" width=\"230\" height=\"156\" \/><\/a><\/p>\n<\/div>\n<\/li>\n<li id=\"black-studio-tinymce-12\" class=\"right_culture widget widget_black_studio_tinymce\">\n<div class=\"textwidget\"><a title=\"Indigenous Culture Studies\" href=\"http:\/\/www.apulaya.com\/en\/study-abroad-peru-apulaya\/#julio\"><img loading=\"lazy\" decoding=\"async\" class=\"img-responsive aligncenter\" title=\"Summer Program 2023\" src=\"https:\/\/www.apulaya.com\/wp-content\/uploads\/2023\/01\/summer-program.gif\" alt=\"Summer Program 2023\" width=\"250\" height=\"150\" \/><\/a><\/p>\n<p><a title=\"Studium der Indigenen Kultur\" href=\"http:\/\/www.apulaya.com\/de\/studium-der-indigenen-kultur\"><img loading=\"lazy\" decoding=\"async\" class=\" size-full wp-image-765 aligncenter\" src=\"http:\/\/www.apulaya.com\/wp-content\/uploads\/2013\/12\/indigenous-culture-studies1.gif\" alt=\"indigenous-culture-studies\" width=\"225\" height=\"137\" \/><\/a><\/p>\n<p><a href=\"http:\/\/www.apulaya.com\/de\/studium-der-indigenen-kultur\"><img loading=\"lazy\" decoding=\"async\" class=\"aligncenter size-full wp-image-1534\" title=\"andean-textile-art-study\" src=\"http:\/\/www.apulaya.com\/wp-content\/uploads\/2016\/09\/andean-textile-art-study.jpg\" alt=\"andean-textile-art-study\" width=\"225\" height=\"150\" \/><\/a><\/div>\n<\/li>\n<li id=\"nav_menu-4\" class=\"menu_right widget widget_nav_menu\">\n<div class=\"menu-menu-2-container\">\n<ul id=\"menu-menu-4\" class=\"menu\">\n<li class=\"menu-item menu-item-type-post_type menu-item-object-page menu-item-71\"><a href=\"https:\/\/www.apulaya.com\/de\/uber-das-kultur-zentrum\/\">\u00dcber Das Kultur Zentrum<\/a><\/li>\n<li class=\"menu-item menu-item-type-post_type menu-item-object-page menu-item-70\"><a href=\"https:\/\/www.apulaya.com\/de\/das-apulaya-team\/\">Equipo Apulaya<\/a><\/li>\n<li class=\"menu-item menu-item-type-post_type menu-item-object-page menu-item-500\"><a href=\"https:\/\/www.apulaya.com\/de\/fotogallerie\/\">Fotogallerie<\/a><\/li>\n<li class=\"menu-item menu-item-type-post_type menu-item-object-page menu-item-69\"><a href=\"https:\/\/www.apulaya.com\/de\/testimonials\/\">Testimonials<\/a><\/li>\n<li class=\"menu-item menu-item-type-post_type menu-item-object-page menu-item-1279\"><a href=\"https:\/\/www.apulaya.com\/de\/preise\/\">Kursdaten und Preisliste<\/a><\/li>\n<li class=\"menu-item menu-item-type-post_type menu-item-object-page menu-item-2569\"><a href=\"https:\/\/www.apulaya.com\/de\/payments\/\">Payments<\/a><\/li>\n<\/ul>\n<\/div>\n<\/li>\n<li id=\"black-studio-tinymce-16\" class=\"menu_right widget widget_black_studio_tinymce\">\n<div class=\"textwidget\">\n<ul>\n<li><a href=\"http:\/\/www.apulaya.com\/blog\" target=\"_blank\">Unser Blog<\/a><\/li>\n<\/ul>\n<\/div>\n<\/li>\n<li id=\"black-studio-tinymce-11\" class=\"contactright widget widget_black_studio_tinymce\">\n<h2 class=\"widgettitle\">Kontakt Apulaya<\/h2>\n<div class=\"textwidget\">\n<p><strong>Schreib uns!.<\/strong><\/p>\n<hr \/>\n<div class=\"wpcf7 no-js\" id=\"wpcf7-f441-o3\" lang=\"de-DE\" dir=\"ltr\">\n<div class=\"screen-reader-response\">\n<p role=\"status\" aria-live=\"polite\" aria-atomic=\"true\">\n<ul><\/ul>\n<\/div>\n<form action=\"\/de\/wp-json\/wp\/v2\/pages\/17#wpcf7-f441-o3\" method=\"post\" class=\"wpcf7-form init\" aria-label=\"Kontaktformular\" novalidate=\"novalidate\" data-status=\"init\">\n<div style=\"display: none;\">\n<input type=\"hidden\" name=\"_wpcf7\" value=\"441\" \/><br \/>\n<input type=\"hidden\" name=\"_wpcf7_version\" value=\"5.8.2\" \/><br \/>\n<input type=\"hidden\" name=\"_wpcf7_locale\" value=\"de_DE\" \/><br \/>\n<input type=\"hidden\" name=\"_wpcf7_unit_tag\" value=\"wpcf7-f441-o3\" \/><br \/>\n<input type=\"hidden\" name=\"_wpcf7_container_post\" value=\"0\" \/><br \/>\n<input type=\"hidden\" name=\"_wpcf7_posted_data_hash\" value=\"\" \/>\n<\/div>\n<p>Name: *\n<\/p>\n<p><span class=\"wpcf7-form-control-wrap\" data-name=\"your-name\"><input size=\"40\" class=\"wpcf7-form-control wpcf7-text wpcf7-validates-as-required\" aria-required=\"true\" aria-invalid=\"false\" value=\"\" type=\"text\" name=\"your-name\" \/><\/span>\n<\/p>\n<p>E-Mail-Adresse:*\n<\/p>\n<p><span class=\"wpcf7-form-control-wrap\" data-name=\"your-email\"><input size=\"40\" class=\"wpcf7-form-control wpcf7-email wpcf7-validates-as-required wpcf7-text wpcf7-validates-as-email\" aria-required=\"true\" aria-invalid=\"false\" value=\"\" type=\"email\" name=\"your-email\" \/><\/span>\n<\/p>\n<p>Kommentare und Fragen:*\n<\/p>\n<p><span class=\"wpcf7-form-control-wrap\" data-name=\"your-message\"><textarea cols=\"40\" rows=\"10\" class=\"wpcf7-form-control wpcf7-textarea\" aria-invalid=\"false\" name=\"your-message\"><\/textarea><\/span>\n<\/p>\n<p><input type=\"hidden\" name=\"_wpcf7_captcha_challenge_captcha-977\" value=\"3611695496\" \/><img loading=\"lazy\" decoding=\"async\" class=\"wpcf7-form-control wpcf7-captchac wpcf7-captcha-captcha-977\" width=\"72\" height=\"24\" alt=\"captcha\" src=\"https:\/\/www.apulaya.com\/wp-content\/uploads\/wpcf7_captcha\/3611695496.png\" \/><br \/>\n<span class=\"wpcf7-form-control-wrap\" data-name=\"captcha-977\"><input size=\"40\" class=\"wpcf7-form-control wpcf7-captchar\" autocomplete=\"off\" aria-invalid=\"false\" value=\"\" type=\"text\" name=\"captcha-977\" \/><\/span>\n<\/p>\n<p><input class=\"wpcf7-form-control wpcf7-submit has-spinner boton\" type=\"submit\" value=\"Send\" \/>\n<\/p>\n<div class=\"wpcf7-response-output\" aria-hidden=\"true\"><\/div>\n<\/form>\n<\/div>\n<\/div>\n<\/li>\n<\/ul>\n<\/div>\n<\/td>\n<\/tr>\n<\/tbody>\n<\/table>\n<p><\/p>","protected":false},"excerpt":{"rendered":"<p>POPUL\u00c4RE ANDINE MUSIK KURSE UND WORKSHOPS Die geschichtlichen Umst\u00e4nde, welche die andinen Regionen durchlebten, die etnische Vielfalt, die komplexe Multikultur und die aktuellen globalen und industriellen Fenomene bringen eine vielf\u00e4ltige und reiche zeitgen\u00f6ssische Folklore hervor. Ein Zusammenleben und Fusionieren mit Klassik bis Pop, Jazz und New Age. Um diese Punkte entwickeln sich unsere Kurse und [&hellip;]<\/p>\n","protected":false},"author":1,"featured_media":0,"parent":0,"menu_order":0,"comment_status":"open","ping_status":"open","template":"","meta":{"footnotes":""},"yoast_head":"<!-- This site is optimized with the Yoast SEO plugin v21.5 - https:\/\/yoast.com\/wordpress\/plugins\/seo\/ -->\n<title>Andean Popular Folklore: Courses, workshops and lessons<\/title>\n<meta name=\"description\" content=\"Our Andean Music courses and seminars will develop around these Andean Popular Folklore, topics, turning your visit into an interesting, fun and unforgettable live experience.\" \/>\n<meta name=\"robots\" content=\"index, follow, max-snippet:-1, max-image-preview:large, max-video-preview:-1\" \/>\n<link rel=\"canonical\" href=\"https:\/\/www.apulaya.com\/en\/andean-music-workshops-cusco-peru\/\" \/>\n<meta property=\"og:locale\" content=\"de_DE\" \/>\n<meta property=\"og:type\" content=\"article\" \/>\n<meta property=\"og:title\" content=\"Andean Popular Folklore: Courses, workshops and lessons\" \/>\n<meta property=\"og:description\" content=\"Our Andean Music courses and seminars will develop around these Andean Popular Folklore, topics, turning your visit into an interesting, fun and unforgettable live experience.\" \/>\n<meta property=\"og:url\" content=\"https:\/\/www.apulaya.com\/en\/andean-music-workshops-cusco-peru\/\" \/>\n<meta property=\"og:site_name\" content=\"Apulaya\" \/>\n<meta property=\"article:publisher\" content=\"https:\/\/www.facebook.com\/apulaya.andean.culture\" \/>\n<meta property=\"article:modified_time\" content=\"2021-10-25T22:42:17+00:00\" \/>\n<meta property=\"og:image\" content=\"http:\/\/www.apulaya.com\/wp-content\/uploads\/2013\/12\/andean_popular_folklore.jpg\" \/>\n<meta name=\"twitter:card\" content=\"summary_large_image\" \/>\n<meta name=\"twitter:label1\" content=\"Gesch\u00e4tzte Lesezeit\" \/>\n\t<meta name=\"twitter:data1\" content=\"3\u00a0Minuten\" \/>\n<script type=\"application\/ld+json\" class=\"yoast-schema-graph\">{\"@context\":\"https:\/\/schema.org\",\"@graph\":[{\"@type\":\"WebPage\",\"@id\":\"https:\/\/www.apulaya.com\/en\/andean-music-workshops-cusco-peru\/\",\"url\":\"https:\/\/www.apulaya.com\/en\/andean-music-workshops-cusco-peru\/\",\"name\":\"Andean Popular Folklore: Courses, workshops and lessons\",\"isPartOf\":{\"@id\":\"https:\/\/www.apulaya.com\/en\/#website\"},\"datePublished\":\"2013-12-03T15:46:23+00:00\",\"dateModified\":\"2021-10-25T22:42:17+00:00\",\"description\":\"Our Andean Music courses and seminars will develop around these Andean Popular Folklore, topics, turning your visit into an interesting, fun and unforgettable live experience.\",\"breadcrumb\":{\"@id\":\"https:\/\/www.apulaya.com\/en\/andean-music-workshops-cusco-peru\/#breadcrumb\"},\"inLanguage\":\"de\",\"potentialAction\":[{\"@type\":\"ReadAction\",\"target\":[\"https:\/\/www.apulaya.com\/en\/andean-music-workshops-cusco-peru\/\"]}]},{\"@type\":\"BreadcrumbList\",\"@id\":\"https:\/\/www.apulaya.com\/en\/andean-music-workshops-cusco-peru\/#breadcrumb\",\"itemListElement\":[{\"@type\":\"ListItem\",\"position\":1,\"name\":\"Home\",\"item\":\"https:\/\/www.apulaya.com\/en\/\"},{\"@type\":\"ListItem\",\"position\":2,\"name\":\"Andean Popular Folklore\"}]},{\"@type\":\"WebSite\",\"@id\":\"https:\/\/www.apulaya.com\/en\/#website\",\"url\":\"https:\/\/www.apulaya.com\/en\/\",\"name\":\"Apulaya\",\"description\":\"Center for Andean Cuture\",\"publisher\":{\"@id\":\"https:\/\/www.apulaya.com\/en\/#organization\"},\"potentialAction\":[{\"@type\":\"SearchAction\",\"target\":{\"@type\":\"EntryPoint\",\"urlTemplate\":\"https:\/\/www.apulaya.com\/en\/?s={search_term_string}\"},\"query-input\":\"required name=search_term_string\"}],\"inLanguage\":\"de\"},{\"@type\":\"Organization\",\"@id\":\"https:\/\/www.apulaya.com\/en\/#organization\",\"name\":\"Apulaya Center for Andean Culture\",\"url\":\"https:\/\/www.apulaya.com\/en\/\",\"logo\":{\"@type\":\"ImageObject\",\"inLanguage\":\"de\",\"@id\":\"https:\/\/www.apulaya.com\/en\/#\/schema\/logo\/image\/\",\"url\":\"https:\/\/www.apulaya.com\/wp-content\/uploads\/2023\/01\/Apulaya_logo2.png\",\"contentUrl\":\"https:\/\/www.apulaya.com\/wp-content\/uploads\/2023\/01\/Apulaya_logo2.png\",\"width\":1080,\"height\":629,\"caption\":\"Apulaya Center for Andean Culture\"},\"image\":{\"@id\":\"https:\/\/www.apulaya.com\/en\/#\/schema\/logo\/image\/\"},\"sameAs\":[\"https:\/\/www.facebook.com\/apulaya.andean.culture\"]}]}<\/script>\n<!-- \/ Yoast SEO plugin. -->","yoast_head_json":{"title":"Andean Popular Folklore: Courses, workshops and lessons","description":"Our Andean Music courses and seminars will develop around these Andean Popular Folklore, topics, turning your visit into an interesting, fun and unforgettable live experience.","robots":{"index":"index","follow":"follow","max-snippet":"max-snippet:-1","max-image-preview":"max-image-preview:large","max-video-preview":"max-video-preview:-1"},"canonical":"https:\/\/www.apulaya.com\/en\/andean-music-workshops-cusco-peru\/","og_locale":"de_DE","og_type":"article","og_title":"Andean Popular Folklore: Courses, workshops and lessons","og_description":"Our Andean Music courses and seminars will develop around these Andean Popular Folklore, topics, turning your visit into an interesting, fun and unforgettable live experience.","og_url":"https:\/\/www.apulaya.com\/en\/andean-music-workshops-cusco-peru\/","og_site_name":"Apulaya","article_publisher":"https:\/\/www.facebook.com\/apulaya.andean.culture","article_modified_time":"2021-10-25T22:42:17+00:00","og_image":[{"url":"http:\/\/www.apulaya.com\/wp-content\/uploads\/2013\/12\/andean_popular_folklore.jpg"}],"twitter_card":"summary_large_image","twitter_misc":{"Gesch\u00e4tzte Lesezeit":"3\u00a0Minuten"},"schema":{"@context":"https:\/\/schema.org","@graph":[{"@type":"WebPage","@id":"https:\/\/www.apulaya.com\/en\/andean-music-workshops-cusco-peru\/","url":"https:\/\/www.apulaya.com\/en\/andean-music-workshops-cusco-peru\/","name":"Andean Popular Folklore: Courses, workshops and lessons","isPartOf":{"@id":"https:\/\/www.apulaya.com\/en\/#website"},"datePublished":"2013-12-03T15:46:23+00:00","dateModified":"2021-10-25T22:42:17+00:00","description":"Our Andean Music courses and seminars will develop around these Andean Popular Folklore, topics, turning your visit into an interesting, fun and unforgettable live experience.","breadcrumb":{"@id":"https:\/\/www.apulaya.com\/en\/andean-music-workshops-cusco-peru\/#breadcrumb"},"inLanguage":"de","potentialAction":[{"@type":"ReadAction","target":["https:\/\/www.apulaya.com\/en\/andean-music-workshops-cusco-peru\/"]}]},{"@type":"BreadcrumbList","@id":"https:\/\/www.apulaya.com\/en\/andean-music-workshops-cusco-peru\/#breadcrumb","itemListElement":[{"@type":"ListItem","position":1,"name":"Home","item":"https:\/\/www.apulaya.com\/en\/"},{"@type":"ListItem","position":2,"name":"Andean Popular Folklore"}]},{"@type":"WebSite","@id":"https:\/\/www.apulaya.com\/en\/#website","url":"https:\/\/www.apulaya.com\/en\/","name":"Apulaya","description":"Center for Andean Cuture","publisher":{"@id":"https:\/\/www.apulaya.com\/en\/#organization"},"potentialAction":[{"@type":"SearchAction","target":{"@type":"EntryPoint","urlTemplate":"https:\/\/www.apulaya.com\/en\/?s={search_term_string}"},"query-input":"required name=search_term_string"}],"inLanguage":"de"},{"@type":"Organization","@id":"https:\/\/www.apulaya.com\/en\/#organization","name":"Apulaya Center for Andean Culture","url":"https:\/\/www.apulaya.com\/en\/","logo":{"@type":"ImageObject","inLanguage":"de","@id":"https:\/\/www.apulaya.com\/en\/#\/schema\/logo\/image\/","url":"https:\/\/www.apulaya.com\/wp-content\/uploads\/2023\/01\/Apulaya_logo2.png","contentUrl":"https:\/\/www.apulaya.com\/wp-content\/uploads\/2023\/01\/Apulaya_logo2.png","width":1080,"height":629,"caption":"Apulaya Center for Andean Culture"},"image":{"@id":"https:\/\/www.apulaya.com\/en\/#\/schema\/logo\/image\/"},"sameAs":["https:\/\/www.facebook.com\/apulaya.andean.culture"]}]}},"_links":{"self":[{"href":"https:\/\/www.apulaya.com\/de\/wp-json\/wp\/v2\/pages\/17"}],"collection":[{"href":"https:\/\/www.apulaya.com\/de\/wp-json\/wp\/v2\/pages"}],"about":[{"href":"https:\/\/www.apulaya.com\/de\/wp-json\/wp\/v2\/types\/page"}],"author":[{"embeddable":true,"href":"https:\/\/www.apulaya.com\/de\/wp-json\/wp\/v2\/users\/1"}],"replies":[{"embeddable":true,"href":"https:\/\/www.apulaya.com\/de\/wp-json\/wp\/v2\/comments?post=17"}],"version-history":[{"count":10,"href":"https:\/\/www.apulaya.com\/de\/wp-json\/wp\/v2\/pages\/17\/revisions"}],"predecessor-version":[{"id":2586,"href":"https:\/\/www.apulaya.com\/de\/wp-json\/wp\/v2\/pages\/17\/revisions\/2586"}],"wp:attachment":[{"href":"https:\/\/www.apulaya.com\/de\/wp-json\/wp\/v2\/media?parent=17"}],"curies":[{"name":"wp","href":"https:\/\/api.w.org\/{rel}","templated":true}]}}