{"id":15,"date":"2013-12-03T15:45:28","date_gmt":"2013-12-03T15:45:28","guid":{"rendered":"http:\/\/www.apulaya.com\/es\/?page_id=15"},"modified":"2020-06-16T18:35:04","modified_gmt":"2020-06-16T23:35:04","slug":"traditional-indigenous-music","status":"publish","type":"page","link":"https:\/\/www.apulaya.com\/de\/indigene-traditionelle-musik\/","title":{"rendered":"Indigene traditionelle Musik"},"content":{"rendered":"<p><\/p>\n<h1>Indigene traditionelle Musik<\/h1>\n<p><img loading=\"lazy\" decoding=\"async\" src=\"http:\/\/www.apulaya.com\/wp-content\/uploads\/2013\/12\/traditional_indigenous_music.jpg\" alt=\"traditional_indigenous_music\" width=\"974\" height=\"170\" \/><\/p>\n<p><img loading=\"lazy\" decoding=\"async\" class=\"alignleft\" src=\"http:\/\/www.apulaya.com\/wp-content\/uploads\/2013\/12\/indigene-musik1.jpg\" alt=\"indigene-musik1\" width=\"214\" height=\"243\" \/><\/p>\n<p>Unsere Workshops und Kurse vermitteln die musikalische Kultur der Anden in ihrer Autentit\u00e4t, und hilft dir das indigene Konzept in seiner tieferen Bedeutung zu verstehen. Die Musik ist nicht nur ein elementarer Teil der Feste und Feiern, denn f\u00fcr die andinen Menschen bedeutet sie viel mehr als nur Unterhaltung. Sie ist eine fundamentale Komponente des Zusammenlebens mit der Natur und dem Kosmos. Jedes Instrument und jeder Musikstil hat eine Begr\u00fcndung des Seins, ebenso wann und wo es gespielt wird. Es zeigt sich somit ein wesentlicher Unterschied zwischen der Spielform und dem Konzept der westlichen Musik, und einer Musik, welche durch einen rituellen Akt erzeugt wird.<\/p>\n<p>Unsere Musikkurse sind vielf\u00e4ltig und professionell strukturiert. Bei den meisten traditionellen Fl\u00f6ten ist die Erzeugung der T\u00f6ne einfach und das Einsetzen von Perkussion erlaubt das Vereinen von Teilnehmer mit unterschiedlichen musikalischen Kenntnissen. Gesang, Bewegung und Choreografie der entsprechenden Stils sind Teil der Workshops.<\/p>\n<h4>Erlebe eine ander Art Musik zu spielen, eine andere Art zu denken und die Welt zu sehen!<\/h4>\n<h2>THEMENAUSWAHL<\/h2>\n<table class=\"tablemusica\" border=\"0\" cellspacing=\"0\" cellpadding=\"0\">\n<tbody>\n<tr>\n<td>\n<h3><a title=\"Indigene Musik Kosmologie\" href=\"http:\/\/www.apulaya.com\/de\/indigene-musik-kosmologie\/\">Musik und Kosmologie<\/a><\/h3>\n<p><img loading=\"lazy\" decoding=\"async\" class=\"alignleft\" src=\"http:\/\/www.apulaya.com\/wp-content\/uploads\/2013\/12\/indigene-musik2.jpg\" alt=\"indigene-musik2\" width=\"153\" height=\"143\" \/><\/p>\n<p>Die Musik als Br\u00fccke von der Welt der Lebenden zur Welt der Ahnen, vom Menschen zum G\u00f6ttlichen und zum Kosmos. Wir betrachten die instrumentelle Organologie unter ihrem symbolischen Aspekt. <a title=\"Indigene Musik Kosmologie\" href=\"http:\/\/www.apulaya.com\/de\/indigene-musik-kosmologie\/\">Mehr&#8230;<\/a><\/td>\n<td>Musikbeispiel h\u00f6ren<\/p>\n<p><img loading=\"lazy\" decoding=\"async\" class=\"alignnone size-full wp-image-121\" src=\"http:\/\/www.apulaya.com\/wp-content\/uploads\/2013\/12\/music.gif\" alt=\"music\" width=\"21\" height=\"22\" \/> Harawi der Saat, Andamarca, Junin<\/p>\n<p><a title=\"Indigene Musik Kosmologie\" href=\"http:\/\/www.apulaya.com\/de\/indigene-musik-kosmologie\/\">Videos sehen<\/a><\/p>\n<p><img loading=\"lazy\" decoding=\"async\" src=\"http:\/\/www.apulaya.com\/wp-content\/uploads\/2013\/12\/view.gif\" alt=\"view\" width=\"24\" height=\"24\" \/><\/td>\n<\/tr>\n<tr>\n<td>\n<h3><a title=\"Indigene Musik Sikureada\" href=\"http:\/\/www.apulaya.com\/de\/indigene-musik-sikureada\/\">Sikureada &#8211; Der Power der indigenen Musik<\/a><\/h3>\n<p><img loading=\"lazy\" decoding=\"async\" class=\"alignleft\" src=\"http:\/\/www.apulaya.com\/wp-content\/uploads\/2013\/12\/indigene-musik3.jpg\" alt=\"indigene-musik3\" width=\"156\" height=\"143\" \/><\/p>\n<p>Ein magisches Erlebnis! Erlebe die Dialektik der Einheit und Gemeinsamkeit des andinen Denkens durch die Musik. Sikuri ist eine uralte Tradition welche bis heute praktiziert wird. Dynamische und pulsierende Grooves, einzigartig und unvergesslic. <a title=\"Indigene Musik Sikureada\" href=\"http:\/\/www.apulaya.com\/de\/indigene-musik-sikureada\/\">Mehr&#8230;<\/a><\/td>\n<td>Sikureada h\u00f6ren<\/p>\n<p>Kamata \/ Markasata<\/p>\n<div class=\"sc_player_container1\"><input type=\"button\" id=\"btnplay_69e35cabd9e0e1.28019026\" class=\"myButton_play\" onClick=\"play_mp3('play','69e35cabd9e0e1.28019026','http:\/\/www.apulaya.com\/musica\/kamata.mp3','80','false');show_hide('play','69e35cabd9e0e1.28019026');\" \/><input type=\"button\"  id=\"btnstop_69e35cabd9e0e1.28019026\" style=\"display:none\" class=\"myButton_stop\" onClick=\"play_mp3('stop','69e35cabd9e0e1.28019026','','80','false');show_hide('stop','69e35cabd9e0e1.28019026');\" \/><div id=\"sm2-container\"><!-- flash movie ends up here --><\/div><\/div>\n<p><a title=\"Indigene Musik Sikureada\" href=\"http:\/\/www.apulaya.com\/de\/indigene-musik-sikureada\/\">Videos sehen<\/a><\/p>\n<p><img loading=\"lazy\" decoding=\"async\" src=\"http:\/\/www.apulaya.com\/wp-content\/uploads\/2013\/12\/view.gif\" alt=\"view\" width=\"24\" height=\"24\" \/><\/td>\n<\/tr>\n<tr>\n<td>\n<h3><a title=\"Indigene Musik Tarkeadas und Pinkilladas\" href=\"http:\/\/www.apulaya.com\/de\/indigene-musik-tarkeadas-und-pinkilladas\/\">Musik Der Fruchtbarkeit &#8211; Tarkeadas und Pinkilladas<\/a><\/h3>\n<p><img loading=\"lazy\" decoding=\"async\" class=\"alignleft\" src=\"http:\/\/www.apulaya.com\/wp-content\/uploads\/2013\/12\/indigene-musik4.jpg\" alt=\"indigene-musik4\" width=\"158\" height=\"143\" \/><\/p>\n<p>Regenzeit, Fortpflanzung, Wachstum der Tiere und Pflanzen: Die Tarkeada und Pinkillada als Medium zwischen der Welt der Lebenden, der G\u00f6tter und der Ahnen. Tauche in diese spezielle musikalische Ausdrucksweise der Qollas aus dem Altiplano ein. <a title=\"Indigene Musik Tarkeadas und Pinkilladas\" href=\"http:\/\/www.apulaya.com\/de\/indigene-musik-tarkeadas-und-pinkilladas\/\">Mehr&#8230;<\/a><\/td>\n<td>Tarkeada h\u00f6ren<\/p>\n<p>Played by Willcamayu<\/p>\n<div class=\"sc_player_container1\"><input type=\"button\" id=\"btnplay_69e35cabd9e202.98973684\" class=\"myButton_play\" onClick=\"play_mp3('play','69e35cabd9e202.98973684','http:\/\/www.apulaya.com\/musica\/tarkeada.mp3','80','false');show_hide('play','69e35cabd9e202.98973684');\" \/><input type=\"button\"  id=\"btnstop_69e35cabd9e202.98973684\" style=\"display:none\" class=\"myButton_stop\" onClick=\"play_mp3('stop','69e35cabd9e202.98973684','','80','false');show_hide('stop','69e35cabd9e202.98973684');\" \/><div id=\"sm2-container\"><!-- flash movie ends up here --><\/div><\/div>\n<p>Pinkillada h\u00f6ren<\/p>\n<p>Played by Trensito de los Andes<\/p>\n<div class=\"sc_player_container1\"><input type=\"button\" id=\"btnplay_69e35cabd9e327.81521118\" class=\"myButton_play\" onClick=\"play_mp3('play','69e35cabd9e327.81521118','http:\/\/www.apulaya.com\/musica\/pinkillada.mp3','80','false');show_hide('play','69e35cabd9e327.81521118');\" \/><input type=\"button\"  id=\"btnstop_69e35cabd9e327.81521118\" style=\"display:none\" class=\"myButton_stop\" onClick=\"play_mp3('stop','69e35cabd9e327.81521118','','80','false');show_hide('stop','69e35cabd9e327.81521118');\" \/><div id=\"sm2-container\"><!-- flash movie ends up here --><\/div><\/div>\n<p><a title=\"Indigene Musik Tarkeadas und Pinkilladas\" href=\"http:\/\/www.apulaya.com\/de\/indigene-musik-tarkeadas-und-pinkilladas\">Videos sehen<\/a><\/p>\n<p><img loading=\"lazy\" decoding=\"async\" src=\"http:\/\/www.apulaya.com\/wp-content\/uploads\/2013\/12\/view.gif\" alt=\"view\" width=\"24\" height=\"24\" \/><\/td>\n<\/tr>\n<\/tbody>\n<\/table>\n<table id=\"right\" border=\"0\" cellspacing=\"0\" cellpadding=\"0\">\n<tbody>\n<tr>\n<td>\n<div class=\"primary-sidebar  content-two-column \">\n<ul>\n<li id=\"black-studio-tinymce-14\" class=\"summerProgram widget widget_black_studio_tinymce\">\n<div class=\"textwidget\">\n<p><a href=\"http:\/\/www.apulaya.com\/de\/anden-studien-peru-apulaya\/\"><img loading=\"lazy\" decoding=\"async\" class=\"aligncenter wp-image-1453 size-full\" title=\"Special Programs 2018\" src=\"http:\/\/www.apulaya.com\/wp-content\/uploads\/2013\/12\/special-programs-2018.gif\" alt=\"Special Programs 2018\" width=\"230\" height=\"156\" \/><\/a><\/p>\n<\/div>\n<\/li>\n<li id=\"black-studio-tinymce-12\" class=\"right_culture widget widget_black_studio_tinymce\">\n<div class=\"textwidget\"><a title=\"Indigenous Culture Studies\" href=\"http:\/\/www.apulaya.com\/en\/study-abroad-peru-apulaya\/#julio\"><img loading=\"lazy\" decoding=\"async\" class=\"img-responsive aligncenter\" title=\"Summer Program 2023\" src=\"https:\/\/www.apulaya.com\/wp-content\/uploads\/2023\/01\/summer-program.gif\" alt=\"Summer Program 2023\" width=\"250\" height=\"150\" \/><\/a><\/p>\n<p><a title=\"Studium der Indigenen Kultur\" href=\"http:\/\/www.apulaya.com\/de\/studium-der-indigenen-kultur\"><img loading=\"lazy\" decoding=\"async\" class=\" size-full wp-image-765 aligncenter\" src=\"http:\/\/www.apulaya.com\/wp-content\/uploads\/2013\/12\/indigenous-culture-studies1.gif\" alt=\"indigenous-culture-studies\" width=\"225\" height=\"137\" \/><\/a><\/p>\n<p><a href=\"http:\/\/www.apulaya.com\/de\/studium-der-indigenen-kultur\"><img loading=\"lazy\" decoding=\"async\" class=\"aligncenter size-full wp-image-1534\" title=\"andean-textile-art-study\" src=\"http:\/\/www.apulaya.com\/wp-content\/uploads\/2016\/09\/andean-textile-art-study.jpg\" alt=\"andean-textile-art-study\" width=\"225\" height=\"150\" \/><\/a><\/div>\n<\/li>\n<li id=\"nav_menu-4\" class=\"menu_right widget widget_nav_menu\">\n<div class=\"menu-menu-2-container\">\n<ul id=\"menu-menu-4\" class=\"menu\">\n<li class=\"menu-item menu-item-type-post_type menu-item-object-page menu-item-71\"><a href=\"https:\/\/www.apulaya.com\/de\/uber-das-kultur-zentrum\/\">\u00dcber Das Kultur Zentrum<\/a><\/li>\n<li class=\"menu-item menu-item-type-post_type menu-item-object-page menu-item-70\"><a href=\"https:\/\/www.apulaya.com\/de\/das-apulaya-team\/\">Equipo Apulaya<\/a><\/li>\n<li class=\"menu-item menu-item-type-post_type menu-item-object-page menu-item-500\"><a href=\"https:\/\/www.apulaya.com\/de\/fotogallerie\/\">Fotogallerie<\/a><\/li>\n<li class=\"menu-item menu-item-type-post_type menu-item-object-page menu-item-69\"><a href=\"https:\/\/www.apulaya.com\/de\/testimonials\/\">Testimonials<\/a><\/li>\n<li class=\"menu-item menu-item-type-post_type menu-item-object-page menu-item-1279\"><a href=\"https:\/\/www.apulaya.com\/de\/preise\/\">Kursdaten und Preisliste<\/a><\/li>\n<li class=\"menu-item menu-item-type-post_type menu-item-object-page menu-item-2569\"><a href=\"https:\/\/www.apulaya.com\/de\/payments\/\">Payments<\/a><\/li>\n<\/ul>\n<\/div>\n<\/li>\n<li id=\"black-studio-tinymce-16\" class=\"menu_right widget widget_black_studio_tinymce\">\n<div class=\"textwidget\">\n<ul>\n<li><a href=\"http:\/\/www.apulaya.com\/blog\" target=\"_blank\">Unser Blog<\/a><\/li>\n<\/ul>\n<\/div>\n<\/li>\n<li id=\"black-studio-tinymce-11\" class=\"contactright widget widget_black_studio_tinymce\">\n<h2 class=\"widgettitle\">Kontakt Apulaya<\/h2>\n<div class=\"textwidget\">\n<p><strong>Schreib uns!.<\/strong><\/p>\n<hr \/>\n<div class=\"wpcf7 no-js\" id=\"wpcf7-f441-o3\" lang=\"de-DE\" dir=\"ltr\">\n<div class=\"screen-reader-response\">\n<p role=\"status\" aria-live=\"polite\" aria-atomic=\"true\">\n<ul><\/ul>\n<\/div>\n<form action=\"\/de\/wp-json\/wp\/v2\/pages\/15#wpcf7-f441-o3\" method=\"post\" class=\"wpcf7-form init\" aria-label=\"Kontaktformular\" novalidate=\"novalidate\" data-status=\"init\">\n<div style=\"display: none;\">\n<input type=\"hidden\" name=\"_wpcf7\" value=\"441\" \/><br \/>\n<input type=\"hidden\" name=\"_wpcf7_version\" value=\"5.8.2\" \/><br \/>\n<input type=\"hidden\" name=\"_wpcf7_locale\" value=\"de_DE\" \/><br \/>\n<input type=\"hidden\" name=\"_wpcf7_unit_tag\" value=\"wpcf7-f441-o3\" \/><br \/>\n<input type=\"hidden\" name=\"_wpcf7_container_post\" value=\"0\" \/><br \/>\n<input type=\"hidden\" name=\"_wpcf7_posted_data_hash\" value=\"\" \/>\n<\/div>\n<p>Name: *\n<\/p>\n<p><span class=\"wpcf7-form-control-wrap\" data-name=\"your-name\"><input size=\"40\" class=\"wpcf7-form-control wpcf7-text wpcf7-validates-as-required\" aria-required=\"true\" aria-invalid=\"false\" value=\"\" type=\"text\" name=\"your-name\" \/><\/span>\n<\/p>\n<p>E-Mail-Adresse:*\n<\/p>\n<p><span class=\"wpcf7-form-control-wrap\" data-name=\"your-email\"><input size=\"40\" class=\"wpcf7-form-control wpcf7-email wpcf7-validates-as-required wpcf7-text wpcf7-validates-as-email\" aria-required=\"true\" aria-invalid=\"false\" value=\"\" type=\"email\" name=\"your-email\" \/><\/span>\n<\/p>\n<p>Kommentare und Fragen:*\n<\/p>\n<p><span class=\"wpcf7-form-control-wrap\" data-name=\"your-message\"><textarea cols=\"40\" rows=\"10\" class=\"wpcf7-form-control wpcf7-textarea\" aria-invalid=\"false\" name=\"your-message\"><\/textarea><\/span>\n<\/p>\n<p><input type=\"hidden\" name=\"_wpcf7_captcha_challenge_captcha-977\" value=\"2490489991\" \/><img loading=\"lazy\" decoding=\"async\" class=\"wpcf7-form-control wpcf7-captchac wpcf7-captcha-captcha-977\" width=\"72\" height=\"24\" alt=\"captcha\" src=\"https:\/\/www.apulaya.com\/wp-content\/uploads\/wpcf7_captcha\/2490489991.png\" \/><br \/>\n<span class=\"wpcf7-form-control-wrap\" data-name=\"captcha-977\"><input size=\"40\" class=\"wpcf7-form-control wpcf7-captchar\" autocomplete=\"off\" aria-invalid=\"false\" value=\"\" type=\"text\" name=\"captcha-977\" \/><\/span>\n<\/p>\n<p><input class=\"wpcf7-form-control wpcf7-submit has-spinner boton\" type=\"submit\" value=\"Send\" \/>\n<\/p>\n<div class=\"wpcf7-response-output\" aria-hidden=\"true\"><\/div>\n<\/form>\n<\/div>\n<\/div>\n<\/li>\n<\/ul>\n<\/div>\n<\/td>\n<\/tr>\n<\/tbody>\n<\/table>\n<p><\/p>","protected":false},"excerpt":{"rendered":"<p>Indigene traditionelle Musik Unsere Workshops und Kurse vermitteln die musikalische Kultur der Anden in ihrer Autentit\u00e4t, und hilft dir das indigene Konzept in seiner tieferen Bedeutung zu verstehen. Die Musik ist nicht nur ein elementarer Teil der Feste und Feiern, denn f\u00fcr die andinen Menschen bedeutet sie viel mehr als nur Unterhaltung. Sie ist eine [&hellip;]<\/p>\n","protected":false},"author":1,"featured_media":0,"parent":0,"menu_order":0,"comment_status":"open","ping_status":"open","template":"","meta":{"footnotes":""},"yoast_head":"<!-- This site is optimized with the Yoast SEO plugin v21.5 - https:\/\/yoast.com\/wordpress\/plugins\/seo\/ -->\n<title>Indigene traditionelle Musik - Apulaya<\/title>\n<meta name=\"description\" content=\"Unsere Workshops und Kurse vermitteln die musikalische Kultur der Anden in ihrer Autentit\u00e4t, und hilft dir das indigene Konzept in seiner tieferen Bedeutung zu verstehen.\" \/>\n<meta name=\"robots\" content=\"index, follow, max-snippet:-1, max-image-preview:large, max-video-preview:-1\" \/>\n<link rel=\"canonical\" href=\"https:\/\/www.apulaya.com\/de\/indigene-traditionelle-musik\/\" \/>\n<meta property=\"og:locale\" content=\"de_DE\" \/>\n<meta property=\"og:type\" content=\"article\" \/>\n<meta property=\"og:title\" content=\"Indigene traditionelle Musik - Apulaya\" \/>\n<meta property=\"og:description\" content=\"Unsere Workshops und Kurse vermitteln die musikalische Kultur der Anden in ihrer Autentit\u00e4t, und hilft dir das indigene Konzept in seiner tieferen Bedeutung zu verstehen.\" \/>\n<meta property=\"og:url\" content=\"https:\/\/www.apulaya.com\/de\/indigene-traditionelle-musik\/\" \/>\n<meta property=\"og:site_name\" content=\"Apulaya\" \/>\n<meta property=\"article:publisher\" content=\"https:\/\/www.facebook.com\/apulaya.andean.culture\" \/>\n<meta property=\"article:modified_time\" content=\"2020-06-16T23:35:04+00:00\" \/>\n<meta property=\"og:image\" content=\"http:\/\/www.apulaya.com\/wp-content\/uploads\/2013\/12\/traditional_indigenous_music.jpg\" \/>\n<meta name=\"twitter:card\" content=\"summary_large_image\" \/>\n<meta name=\"twitter:label1\" content=\"Gesch\u00e4tzte Lesezeit\" \/>\n\t<meta name=\"twitter:data1\" content=\"15\u00a0Minuten\" \/>\n<script type=\"application\/ld+json\" class=\"yoast-schema-graph\">{\"@context\":\"https:\/\/schema.org\",\"@graph\":[{\"@type\":\"WebPage\",\"@id\":\"https:\/\/www.apulaya.com\/de\/indigene-traditionelle-musik\/\",\"url\":\"https:\/\/www.apulaya.com\/de\/indigene-traditionelle-musik\/\",\"name\":\"Indigene traditionelle Musik - Apulaya\",\"isPartOf\":{\"@id\":\"https:\/\/www.apulaya.com\/en\/#website\"},\"datePublished\":\"2013-12-03T15:45:28+00:00\",\"dateModified\":\"2020-06-16T23:35:04+00:00\",\"description\":\"Unsere Workshops und Kurse vermitteln die musikalische Kultur der Anden in ihrer Autentit\u00e4t, und hilft dir das indigene Konzept in seiner tieferen Bedeutung zu verstehen.\",\"breadcrumb\":{\"@id\":\"https:\/\/www.apulaya.com\/de\/indigene-traditionelle-musik\/#breadcrumb\"},\"inLanguage\":\"de\",\"potentialAction\":[{\"@type\":\"ReadAction\",\"target\":[\"https:\/\/www.apulaya.com\/de\/indigene-traditionelle-musik\/\"]}]},{\"@type\":\"BreadcrumbList\",\"@id\":\"https:\/\/www.apulaya.com\/de\/indigene-traditionelle-musik\/#breadcrumb\",\"itemListElement\":[{\"@type\":\"ListItem\",\"position\":1,\"name\":\"Home\",\"item\":\"https:\/\/www.apulaya.com\/en\/\"},{\"@type\":\"ListItem\",\"position\":2,\"name\":\"Indigene traditionelle Musik\"}]},{\"@type\":\"WebSite\",\"@id\":\"https:\/\/www.apulaya.com\/en\/#website\",\"url\":\"https:\/\/www.apulaya.com\/en\/\",\"name\":\"Apulaya\",\"description\":\"Center for Andean Cuture\",\"publisher\":{\"@id\":\"https:\/\/www.apulaya.com\/en\/#organization\"},\"potentialAction\":[{\"@type\":\"SearchAction\",\"target\":{\"@type\":\"EntryPoint\",\"urlTemplate\":\"https:\/\/www.apulaya.com\/en\/?s={search_term_string}\"},\"query-input\":\"required name=search_term_string\"}],\"inLanguage\":\"de\"},{\"@type\":\"Organization\",\"@id\":\"https:\/\/www.apulaya.com\/en\/#organization\",\"name\":\"Apulaya Center for Andean Culture\",\"url\":\"https:\/\/www.apulaya.com\/en\/\",\"logo\":{\"@type\":\"ImageObject\",\"inLanguage\":\"de\",\"@id\":\"https:\/\/www.apulaya.com\/en\/#\/schema\/logo\/image\/\",\"url\":\"https:\/\/www.apulaya.com\/wp-content\/uploads\/2023\/01\/Apulaya_logo2.png\",\"contentUrl\":\"https:\/\/www.apulaya.com\/wp-content\/uploads\/2023\/01\/Apulaya_logo2.png\",\"width\":1080,\"height\":629,\"caption\":\"Apulaya Center for Andean Culture\"},\"image\":{\"@id\":\"https:\/\/www.apulaya.com\/en\/#\/schema\/logo\/image\/\"},\"sameAs\":[\"https:\/\/www.facebook.com\/apulaya.andean.culture\"]}]}<\/script>\n<!-- \/ Yoast SEO plugin. -->","yoast_head_json":{"title":"Indigene traditionelle Musik - Apulaya","description":"Unsere Workshops und Kurse vermitteln die musikalische Kultur der Anden in ihrer Autentit\u00e4t, und hilft dir das indigene Konzept in seiner tieferen Bedeutung zu verstehen.","robots":{"index":"index","follow":"follow","max-snippet":"max-snippet:-1","max-image-preview":"max-image-preview:large","max-video-preview":"max-video-preview:-1"},"canonical":"https:\/\/www.apulaya.com\/de\/indigene-traditionelle-musik\/","og_locale":"de_DE","og_type":"article","og_title":"Indigene traditionelle Musik - Apulaya","og_description":"Unsere Workshops und Kurse vermitteln die musikalische Kultur der Anden in ihrer Autentit\u00e4t, und hilft dir das indigene Konzept in seiner tieferen Bedeutung zu verstehen.","og_url":"https:\/\/www.apulaya.com\/de\/indigene-traditionelle-musik\/","og_site_name":"Apulaya","article_publisher":"https:\/\/www.facebook.com\/apulaya.andean.culture","article_modified_time":"2020-06-16T23:35:04+00:00","og_image":[{"url":"http:\/\/www.apulaya.com\/wp-content\/uploads\/2013\/12\/traditional_indigenous_music.jpg"}],"twitter_card":"summary_large_image","twitter_misc":{"Gesch\u00e4tzte Lesezeit":"15\u00a0Minuten"},"schema":{"@context":"https:\/\/schema.org","@graph":[{"@type":"WebPage","@id":"https:\/\/www.apulaya.com\/de\/indigene-traditionelle-musik\/","url":"https:\/\/www.apulaya.com\/de\/indigene-traditionelle-musik\/","name":"Indigene traditionelle Musik - Apulaya","isPartOf":{"@id":"https:\/\/www.apulaya.com\/en\/#website"},"datePublished":"2013-12-03T15:45:28+00:00","dateModified":"2020-06-16T23:35:04+00:00","description":"Unsere Workshops und Kurse vermitteln die musikalische Kultur der Anden in ihrer Autentit\u00e4t, und hilft dir das indigene Konzept in seiner tieferen Bedeutung zu verstehen.","breadcrumb":{"@id":"https:\/\/www.apulaya.com\/de\/indigene-traditionelle-musik\/#breadcrumb"},"inLanguage":"de","potentialAction":[{"@type":"ReadAction","target":["https:\/\/www.apulaya.com\/de\/indigene-traditionelle-musik\/"]}]},{"@type":"BreadcrumbList","@id":"https:\/\/www.apulaya.com\/de\/indigene-traditionelle-musik\/#breadcrumb","itemListElement":[{"@type":"ListItem","position":1,"name":"Home","item":"https:\/\/www.apulaya.com\/en\/"},{"@type":"ListItem","position":2,"name":"Indigene traditionelle Musik"}]},{"@type":"WebSite","@id":"https:\/\/www.apulaya.com\/en\/#website","url":"https:\/\/www.apulaya.com\/en\/","name":"Apulaya","description":"Center for Andean Cuture","publisher":{"@id":"https:\/\/www.apulaya.com\/en\/#organization"},"potentialAction":[{"@type":"SearchAction","target":{"@type":"EntryPoint","urlTemplate":"https:\/\/www.apulaya.com\/en\/?s={search_term_string}"},"query-input":"required name=search_term_string"}],"inLanguage":"de"},{"@type":"Organization","@id":"https:\/\/www.apulaya.com\/en\/#organization","name":"Apulaya Center for Andean Culture","url":"https:\/\/www.apulaya.com\/en\/","logo":{"@type":"ImageObject","inLanguage":"de","@id":"https:\/\/www.apulaya.com\/en\/#\/schema\/logo\/image\/","url":"https:\/\/www.apulaya.com\/wp-content\/uploads\/2023\/01\/Apulaya_logo2.png","contentUrl":"https:\/\/www.apulaya.com\/wp-content\/uploads\/2023\/01\/Apulaya_logo2.png","width":1080,"height":629,"caption":"Apulaya Center for Andean Culture"},"image":{"@id":"https:\/\/www.apulaya.com\/en\/#\/schema\/logo\/image\/"},"sameAs":["https:\/\/www.facebook.com\/apulaya.andean.culture"]}]}},"_links":{"self":[{"href":"https:\/\/www.apulaya.com\/de\/wp-json\/wp\/v2\/pages\/15"}],"collection":[{"href":"https:\/\/www.apulaya.com\/de\/wp-json\/wp\/v2\/pages"}],"about":[{"href":"https:\/\/www.apulaya.com\/de\/wp-json\/wp\/v2\/types\/page"}],"author":[{"embeddable":true,"href":"https:\/\/www.apulaya.com\/de\/wp-json\/wp\/v2\/users\/1"}],"replies":[{"embeddable":true,"href":"https:\/\/www.apulaya.com\/de\/wp-json\/wp\/v2\/comments?post=15"}],"version-history":[{"count":3,"href":"https:\/\/www.apulaya.com\/de\/wp-json\/wp\/v2\/pages\/15\/revisions"}],"predecessor-version":[{"id":2561,"href":"https:\/\/www.apulaya.com\/de\/wp-json\/wp\/v2\/pages\/15\/revisions\/2561"}],"wp:attachment":[{"href":"https:\/\/www.apulaya.com\/de\/wp-json\/wp\/v2\/media?parent=15"}],"curies":[{"name":"wp","href":"https:\/\/api.w.org\/{rel}","templated":true}]}}