{"id":113,"date":"2013-12-04T16:53:24","date_gmt":"2013-12-04T16:53:24","guid":{"rendered":"http:\/\/www.apulaya.com\/es\/?page_id=113"},"modified":"2016-01-04T10:24:14","modified_gmt":"2016-01-04T15:24:14","slug":"traditional-music-sikureada-tarkeadas-and-pinkilladas","status":"publish","type":"page","link":"https:\/\/www.apulaya.com\/de\/indigene-musik-tarkeadas-und-pinkilladas\/","title":{"rendered":"Musik Der Fruchtbarkeit &#8211; Tarkeadas und Pinkilladas"},"content":{"rendered":"<p><\/p>\n<h1>MUSIK DER FRUCHTBARKEIT &#8211; TARKEADAS UND PINKILLADAS<\/h1>\n<h2>WORKSHOPS UND KURSE<\/h2>\n<table class=\"tableCM\" border=\"0\" cellspacing=\"0\" cellpadding=\"0\">\n<tbody>\n<tr>\n<td>\n<p><img loading=\"lazy\" decoding=\"async\" class=\"alignleft\" src=\"http:\/\/www.apulaya.com\/wp-content\/uploads\/2013\/12\/indigene-musik-tarkeadas1.jpg\" alt=\"indigene-musik-tarkeadas1\" width=\"214\" height=\"143\" \/><\/p>\n<p>Regenzeit, Fortpflanzung, Wachstum der Tiere und Pflanzen: Die Tarkeada und Pinkillada als Medium zwischen der Welt der Lebenden, der G\u00f6tter und der Ahnen.<\/p>\n<\/td>\n<\/tr>\n<tr>\n<td>\n<p><img loading=\"lazy\" decoding=\"async\" class=\"alignleft\" src=\"http:\/\/www.apulaya.com\/wp-content\/uploads\/2013\/12\/indigene-musik-tarkeadas2.jpg\" alt=\"indigene-musik-tarkeadas2\" width=\"214\" height=\"143\" \/><\/p>\n<p>Die Tarkas und Pinkillus geh\u00f6ren zur Familie der Blockfl\u00f6ten und stammen aus der Region des Altiplano. Traditionellerweise treten die Tarkeadas und Pinkilladas zu Beginn der Regenzeit in Erscheinung und werden w\u00e4hrend dieser Periode gespielt. Ihre Anwendung wird mit der Anrufung der Verstorbenen und mit Riten der Fruchtbarkeit in Verbindung gebracht.<\/p>\n<p>Die Musik, die mit den Tarkas oder Pinkillus erzeugt wird, heisst Tarkeada bezw. Pinkillada, und verspr\u00fchen eine groovige und festliche Atmosph\u00e4re.<\/p>\n<\/td>\n<\/tr>\n<tr>\n<td>\n<p><img loading=\"lazy\" decoding=\"async\" class=\"alignleft\" src=\"http:\/\/www.apulaya.com\/wp-content\/uploads\/2013\/12\/indigene-musik-tarkeadas3.jpg\" alt=\"indigene-musik-tarkeadas3\" width=\"214\" height=\"143\" \/><\/p>\n<p><strong>Instrumentierung:<\/strong> Tarka -und Pinkilluset, Trommeln, Pauken und traditionelle Muschel-und Horntrompeten.<\/p>\n<\/td>\n<\/tr>\n<tr>\n<td>\n<h3>Tarka &#8211; und Pinkillu Night: ein unvergesslicher Musikabend<\/h3>\n<p>Erweiterungsprogramm ( wird f\u00fcr Gruppen empfohlen und dauert mindestesn 2 Tage und eine Nacht)<\/p>\n<p><strong>Highlihts:<\/strong><\/p>\n<ul>\n<li>Wir machen Musik im heiligen Tal der Inkas umgeben von mythischen Bergen, Natur und Ruhe.<\/li>\n<li>N\u00e4chtliche Lagerfeuer, Tarkeadas, pinkilladas, open end&#8230;.<\/li>\n<li>Traditionelle Trachten stehen zur Verf\u00fcgung.<\/li>\n<\/ul>\n<\/td>\n<\/tr>\n<\/tbody>\n<\/table>\n<div class=\"videoCenter\"><iframe loading=\"lazy\" src=\"\/\/www.youtube.com\/embed\/VWZLzndCfAM\" width=\"100%\" height=\"305\" frameborder=\"0\" allowfullscreen=\"allowfullscreen\"><\/iframe><\/p>\n<h4>Traditional totora tarkeada ensamble, Oruro &#8211; Bolivia<\/h4>\n<\/div>\n<div class=\"videoCenter\"><iframe loading=\"lazy\" src=\"\/\/www.youtube.com\/embed\/DBmxc7XRY90\" width=\"100%\" height=\"305\" frameborder=\"0\" allowfullscreen=\"allowfullscreen\"><\/iframe><\/p>\n<h4>Traditional pinkillada ensamble from Moho \u2013 Peru<\/h4>\n<\/div>\n<p><\/p>","protected":false},"excerpt":{"rendered":"<p>MUSIK DER FRUCHTBARKEIT &#8211; TARKEADAS UND PINKILLADAS WORKSHOPS UND KURSE Regenzeit, Fortpflanzung, Wachstum der Tiere und Pflanzen: Die Tarkeada und Pinkillada als Medium zwischen der Welt der Lebenden, der G\u00f6tter und der Ahnen. Die Tarkas und Pinkillus geh\u00f6ren zur Familie der Blockfl\u00f6ten und stammen aus der Region des Altiplano. Traditionellerweise treten die Tarkeadas und Pinkilladas [&hellip;]<\/p>\n","protected":false},"author":1,"featured_media":0,"parent":0,"menu_order":0,"comment_status":"open","ping_status":"open","template":"music.php","meta":{"footnotes":""},"yoast_head":"<!-- This site is optimized with the Yoast SEO plugin v21.5 - https:\/\/yoast.com\/wordpress\/plugins\/seo\/ -->\n<title>Music that propitiates the fertility - Tarkeadas and pinkilladas<\/title>\n<meta name=\"robots\" content=\"index, follow, max-snippet:-1, max-image-preview:large, max-video-preview:-1\" \/>\n<link rel=\"canonical\" href=\"https:\/\/www.apulaya.com\/en\/traditional-music-tarkeadas-and-pinkilladas\/\" \/>\n<meta property=\"og:locale\" content=\"de_DE\" \/>\n<meta property=\"og:type\" content=\"article\" \/>\n<meta property=\"og:title\" content=\"Music that propitiates the fertility - Tarkeadas and pinkilladas\" \/>\n<meta property=\"og:description\" content=\"MUSIK DER FRUCHTBARKEIT &#8211; TARKEADAS UND PINKILLADAS WORKSHOPS UND KURSE Regenzeit, Fortpflanzung, Wachstum der Tiere und Pflanzen: Die Tarkeada und Pinkillada als Medium zwischen der Welt der Lebenden, der G\u00f6tter und der Ahnen. Die Tarkas und Pinkillus geh\u00f6ren zur Familie der Blockfl\u00f6ten und stammen aus der Region des Altiplano. Traditionellerweise treten die Tarkeadas und Pinkilladas [&hellip;]\" \/>\n<meta property=\"og:url\" content=\"https:\/\/www.apulaya.com\/en\/traditional-music-tarkeadas-and-pinkilladas\/\" \/>\n<meta property=\"og:site_name\" content=\"Apulaya\" \/>\n<meta property=\"article:publisher\" content=\"https:\/\/www.facebook.com\/apulaya.andean.culture\" \/>\n<meta property=\"article:modified_time\" content=\"2016-01-04T15:24:14+00:00\" \/>\n<meta property=\"og:image\" content=\"http:\/\/www.apulaya.com\/wp-content\/uploads\/2013\/12\/indigene-musik-tarkeadas1.jpg\" \/>\n<meta name=\"twitter:card\" content=\"summary_large_image\" \/>\n<meta name=\"twitter:label1\" content=\"Gesch\u00e4tzte Lesezeit\" \/>\n\t<meta name=\"twitter:data1\" content=\"3\u00a0Minuten\" \/>\n<script type=\"application\/ld+json\" class=\"yoast-schema-graph\">{\"@context\":\"https:\/\/schema.org\",\"@graph\":[{\"@type\":\"WebPage\",\"@id\":\"https:\/\/www.apulaya.com\/en\/traditional-music-tarkeadas-and-pinkilladas\/\",\"url\":\"https:\/\/www.apulaya.com\/en\/traditional-music-tarkeadas-and-pinkilladas\/\",\"name\":\"Music that propitiates the fertility - Tarkeadas and pinkilladas\",\"isPartOf\":{\"@id\":\"https:\/\/www.apulaya.com\/en\/#website\"},\"datePublished\":\"2013-12-04T16:53:24+00:00\",\"dateModified\":\"2016-01-04T15:24:14+00:00\",\"breadcrumb\":{\"@id\":\"https:\/\/www.apulaya.com\/en\/traditional-music-tarkeadas-and-pinkilladas\/#breadcrumb\"},\"inLanguage\":\"de\",\"potentialAction\":[{\"@type\":\"ReadAction\",\"target\":[\"https:\/\/www.apulaya.com\/en\/traditional-music-tarkeadas-and-pinkilladas\/\"]}]},{\"@type\":\"BreadcrumbList\",\"@id\":\"https:\/\/www.apulaya.com\/en\/traditional-music-tarkeadas-and-pinkilladas\/#breadcrumb\",\"itemListElement\":[{\"@type\":\"ListItem\",\"position\":1,\"name\":\"Home\",\"item\":\"https:\/\/www.apulaya.com\/en\/\"},{\"@type\":\"ListItem\",\"position\":2,\"name\":\"Music that propitiates the fertility &#8211; Tarkeadas and pinkilladas\"}]},{\"@type\":\"WebSite\",\"@id\":\"https:\/\/www.apulaya.com\/en\/#website\",\"url\":\"https:\/\/www.apulaya.com\/en\/\",\"name\":\"Apulaya\",\"description\":\"Center for Andean Cuture\",\"publisher\":{\"@id\":\"https:\/\/www.apulaya.com\/en\/#organization\"},\"potentialAction\":[{\"@type\":\"SearchAction\",\"target\":{\"@type\":\"EntryPoint\",\"urlTemplate\":\"https:\/\/www.apulaya.com\/en\/?s={search_term_string}\"},\"query-input\":\"required name=search_term_string\"}],\"inLanguage\":\"de\"},{\"@type\":\"Organization\",\"@id\":\"https:\/\/www.apulaya.com\/en\/#organization\",\"name\":\"Apulaya Center for Andean Culture\",\"url\":\"https:\/\/www.apulaya.com\/en\/\",\"logo\":{\"@type\":\"ImageObject\",\"inLanguage\":\"de\",\"@id\":\"https:\/\/www.apulaya.com\/en\/#\/schema\/logo\/image\/\",\"url\":\"https:\/\/www.apulaya.com\/wp-content\/uploads\/2023\/01\/Apulaya_logo2.png\",\"contentUrl\":\"https:\/\/www.apulaya.com\/wp-content\/uploads\/2023\/01\/Apulaya_logo2.png\",\"width\":1080,\"height\":629,\"caption\":\"Apulaya Center for Andean Culture\"},\"image\":{\"@id\":\"https:\/\/www.apulaya.com\/en\/#\/schema\/logo\/image\/\"},\"sameAs\":[\"https:\/\/www.facebook.com\/apulaya.andean.culture\"]}]}<\/script>\n<!-- \/ Yoast SEO plugin. -->","yoast_head_json":{"title":"Music that propitiates the fertility - Tarkeadas and pinkilladas","robots":{"index":"index","follow":"follow","max-snippet":"max-snippet:-1","max-image-preview":"max-image-preview:large","max-video-preview":"max-video-preview:-1"},"canonical":"https:\/\/www.apulaya.com\/en\/traditional-music-tarkeadas-and-pinkilladas\/","og_locale":"de_DE","og_type":"article","og_title":"Music that propitiates the fertility - Tarkeadas and pinkilladas","og_description":"MUSIK DER FRUCHTBARKEIT &#8211; TARKEADAS UND PINKILLADAS WORKSHOPS UND KURSE Regenzeit, Fortpflanzung, Wachstum der Tiere und Pflanzen: Die Tarkeada und Pinkillada als Medium zwischen der Welt der Lebenden, der G\u00f6tter und der Ahnen. Die Tarkas und Pinkillus geh\u00f6ren zur Familie der Blockfl\u00f6ten und stammen aus der Region des Altiplano. Traditionellerweise treten die Tarkeadas und Pinkilladas [&hellip;]","og_url":"https:\/\/www.apulaya.com\/en\/traditional-music-tarkeadas-and-pinkilladas\/","og_site_name":"Apulaya","article_publisher":"https:\/\/www.facebook.com\/apulaya.andean.culture","article_modified_time":"2016-01-04T15:24:14+00:00","og_image":[{"url":"http:\/\/www.apulaya.com\/wp-content\/uploads\/2013\/12\/indigene-musik-tarkeadas1.jpg"}],"twitter_card":"summary_large_image","twitter_misc":{"Gesch\u00e4tzte Lesezeit":"3\u00a0Minuten"},"schema":{"@context":"https:\/\/schema.org","@graph":[{"@type":"WebPage","@id":"https:\/\/www.apulaya.com\/en\/traditional-music-tarkeadas-and-pinkilladas\/","url":"https:\/\/www.apulaya.com\/en\/traditional-music-tarkeadas-and-pinkilladas\/","name":"Music that propitiates the fertility - Tarkeadas and pinkilladas","isPartOf":{"@id":"https:\/\/www.apulaya.com\/en\/#website"},"datePublished":"2013-12-04T16:53:24+00:00","dateModified":"2016-01-04T15:24:14+00:00","breadcrumb":{"@id":"https:\/\/www.apulaya.com\/en\/traditional-music-tarkeadas-and-pinkilladas\/#breadcrumb"},"inLanguage":"de","potentialAction":[{"@type":"ReadAction","target":["https:\/\/www.apulaya.com\/en\/traditional-music-tarkeadas-and-pinkilladas\/"]}]},{"@type":"BreadcrumbList","@id":"https:\/\/www.apulaya.com\/en\/traditional-music-tarkeadas-and-pinkilladas\/#breadcrumb","itemListElement":[{"@type":"ListItem","position":1,"name":"Home","item":"https:\/\/www.apulaya.com\/en\/"},{"@type":"ListItem","position":2,"name":"Music that propitiates the fertility &#8211; Tarkeadas and pinkilladas"}]},{"@type":"WebSite","@id":"https:\/\/www.apulaya.com\/en\/#website","url":"https:\/\/www.apulaya.com\/en\/","name":"Apulaya","description":"Center for Andean Cuture","publisher":{"@id":"https:\/\/www.apulaya.com\/en\/#organization"},"potentialAction":[{"@type":"SearchAction","target":{"@type":"EntryPoint","urlTemplate":"https:\/\/www.apulaya.com\/en\/?s={search_term_string}"},"query-input":"required name=search_term_string"}],"inLanguage":"de"},{"@type":"Organization","@id":"https:\/\/www.apulaya.com\/en\/#organization","name":"Apulaya Center for Andean Culture","url":"https:\/\/www.apulaya.com\/en\/","logo":{"@type":"ImageObject","inLanguage":"de","@id":"https:\/\/www.apulaya.com\/en\/#\/schema\/logo\/image\/","url":"https:\/\/www.apulaya.com\/wp-content\/uploads\/2023\/01\/Apulaya_logo2.png","contentUrl":"https:\/\/www.apulaya.com\/wp-content\/uploads\/2023\/01\/Apulaya_logo2.png","width":1080,"height":629,"caption":"Apulaya Center for Andean Culture"},"image":{"@id":"https:\/\/www.apulaya.com\/en\/#\/schema\/logo\/image\/"},"sameAs":["https:\/\/www.facebook.com\/apulaya.andean.culture"]}]}},"_links":{"self":[{"href":"https:\/\/www.apulaya.com\/de\/wp-json\/wp\/v2\/pages\/113"}],"collection":[{"href":"https:\/\/www.apulaya.com\/de\/wp-json\/wp\/v2\/pages"}],"about":[{"href":"https:\/\/www.apulaya.com\/de\/wp-json\/wp\/v2\/types\/page"}],"author":[{"embeddable":true,"href":"https:\/\/www.apulaya.com\/de\/wp-json\/wp\/v2\/users\/1"}],"replies":[{"embeddable":true,"href":"https:\/\/www.apulaya.com\/de\/wp-json\/wp\/v2\/comments?post=113"}],"version-history":[{"count":0,"href":"https:\/\/www.apulaya.com\/de\/wp-json\/wp\/v2\/pages\/113\/revisions"}],"wp:attachment":[{"href":"https:\/\/www.apulaya.com\/de\/wp-json\/wp\/v2\/media?parent=113"}],"curies":[{"name":"wp","href":"https:\/\/api.w.org\/{rel}","templated":true}]}}