{"id":112,"date":"2013-12-04T16:52:54","date_gmt":"2013-12-04T16:52:54","guid":{"rendered":"http:\/\/www.apulaya.com\/es\/?page_id=112"},"modified":"2016-01-04T09:38:27","modified_gmt":"2016-01-04T14:38:27","slug":"traditional-music-sikureada","status":"publish","type":"page","link":"https:\/\/www.apulaya.com\/de\/indigene-musik-sikureada\/","title":{"rendered":"Sikureada &#8211; Der Power der indigenen Musik"},"content":{"rendered":"<p><\/p>\n<h1>SIKURIADA &#8211; DER POWER DER INDIGENEN MUSIK<\/h1>\n<h2>KURSE UND WORKSHOPS<\/h2>\n<p><img loading=\"lazy\" decoding=\"async\" src=\"http:\/\/www.apulaya.com\/wp-content\/uploads\/2013\/12\/sikureada.jpg\" alt=\"sikureada\" width=\"974\" height=\"170\" \/><\/p>\n<p>Der Zusammenhang zwischen M\u00e4nnlich und Weiblich als Prinzip des dualistischen Denkens. Musik spielen unter den Prinzipien der Gemeisnchaft, Gleichheit und Integration.<\/p>\n<p>Lerne dieses uralte musikalische Erbe kennen und zu interpretieren!<\/p>\n<p>Der Siku oder traditionelle Panfl\u00f6te wird aus zwei Reihen gebildet: Arka (m\u00e4nnlich) und Ira (weiblich). Zur Erzeugung der Melodie werden die beiden Reihen jeweils von zwei Spieler ausgef\u00fchrt (jeder spielt eine Reihe). Diese Spielart wird \u201e flechten&#8220; genannt und dient als Basis f\u00fcr die melodische Entwicklung.<\/p>\n<p>Die Musik, die mit diesen Panfl\u00f6ten erzeugt wird, heisst Sikureada, und ihre Praxis wird heute vorallem noch im Hochland ausgef\u00fchrt.<\/p>\n<p><strong>Instrumentierung:<\/strong> Panfl\u00f6tenset, Trommeln, Pauken und traditionelle Muschel- und Horntrompeten.<\/p>\n<h3>Sikuri night: ein unvergesslicher Musikabend<\/h3>\n<p>Erweiterungsprogramm ( wird f\u00fcr Gruppen empfohlen und dauert mindestesn 2 Tage und eine Nacht)<\/p>\n<h3>Highlihts:<\/h3>\n<ul>\n<li>Wir machen Musik im heiligen Tal der Inkas umgeben von mythischen Bergen, Natur und Ruhe.<\/li>\n<li>N\u00e4chtliche Lagerfeuer, Sikuri open end&#8230;<\/li>\n<li>Traditionelle Sikuri-Trachten stehen zur Verf\u00fcgung<\/li>\n<\/ul>\n<div class=\"videoCenter\">\n<p><iframe loading=\"lazy\" style=\"max-width: 466px; padding: 0 1%; display: block; margin: auto;\" src=\"\/\/www.youtube.com\/embed\/-hc1FcQLrHk\" width=\"98%\" height=\"305\" frameborder=\"0\" allowfullscreen=\"allowfullscreen\"><\/iframe><\/p>\n<h4>Inolvidables sesiones de m\u00fasica sikuri en el<br \/> Centro Cultural Apulaya: Groove, color y magia musical<\/h4>\n<\/div>\n<div class=\"videoCenter\">\n<p><iframe loading=\"lazy\" style=\"max-width: 466px; padding: 0 1%; display: block; margin: auto;\" src=\"\/\/www.youtube.com\/embed\/h3p-CWbUG88\" width=\"98%\" height=\"305\" frameborder=\"0\" allowfullscreen=\"allowfullscreen\"><\/iframe><\/p>\n<\/div>\n<div class=\"clear\">\u00a0<\/div>\n<p><\/p>","protected":false},"excerpt":{"rendered":"<p>SIKURIADA &#8211; DER POWER DER INDIGENEN MUSIK KURSE UND WORKSHOPS Der Zusammenhang zwischen M\u00e4nnlich und Weiblich als Prinzip des dualistischen Denkens. Musik spielen unter den Prinzipien der Gemeisnchaft, Gleichheit und Integration. Lerne dieses uralte musikalische Erbe kennen und zu interpretieren! Der Siku oder traditionelle Panfl\u00f6te wird aus zwei Reihen gebildet: Arka (m\u00e4nnlich) und Ira (weiblich). [&hellip;]<\/p>\n","protected":false},"author":1,"featured_media":0,"parent":0,"menu_order":0,"comment_status":"open","ping_status":"open","template":"music.php","meta":{"footnotes":""},"yoast_head":"<!-- This site is optimized with the Yoast SEO plugin v21.5 - https:\/\/yoast.com\/wordpress\/plugins\/seo\/ -->\n<title>Sikureada - Der Power der indigenen Musik - Apulaya<\/title>\n<meta name=\"robots\" content=\"index, follow, max-snippet:-1, max-image-preview:large, max-video-preview:-1\" \/>\n<link rel=\"canonical\" href=\"https:\/\/www.apulaya.com\/de\/indigene-musik-sikureada\/\" \/>\n<meta property=\"og:locale\" content=\"de_DE\" \/>\n<meta property=\"og:type\" content=\"article\" \/>\n<meta property=\"og:title\" content=\"Sikureada - Der Power der indigenen Musik - Apulaya\" \/>\n<meta property=\"og:description\" content=\"SIKURIADA &#8211; DER POWER DER INDIGENEN MUSIK KURSE UND WORKSHOPS Der Zusammenhang zwischen M\u00e4nnlich und Weiblich als Prinzip des dualistischen Denkens. Musik spielen unter den Prinzipien der Gemeisnchaft, Gleichheit und Integration. Lerne dieses uralte musikalische Erbe kennen und zu interpretieren! Der Siku oder traditionelle Panfl\u00f6te wird aus zwei Reihen gebildet: Arka (m\u00e4nnlich) und Ira (weiblich). [&hellip;]\" \/>\n<meta property=\"og:url\" content=\"https:\/\/www.apulaya.com\/de\/indigene-musik-sikureada\/\" \/>\n<meta property=\"og:site_name\" content=\"Apulaya\" \/>\n<meta property=\"article:publisher\" content=\"https:\/\/www.facebook.com\/apulaya.andean.culture\" \/>\n<meta property=\"article:modified_time\" content=\"2016-01-04T14:38:27+00:00\" \/>\n<meta property=\"og:image\" content=\"http:\/\/www.apulaya.com\/wp-content\/uploads\/2013\/12\/sikureada.jpg\" \/>\n<meta name=\"twitter:card\" content=\"summary_large_image\" \/>\n<meta name=\"twitter:label1\" content=\"Gesch\u00e4tzte Lesezeit\" \/>\n\t<meta name=\"twitter:data1\" content=\"3\u00a0Minuten\" \/>\n<script type=\"application\/ld+json\" class=\"yoast-schema-graph\">{\"@context\":\"https:\/\/schema.org\",\"@graph\":[{\"@type\":\"WebPage\",\"@id\":\"https:\/\/www.apulaya.com\/de\/indigene-musik-sikureada\/\",\"url\":\"https:\/\/www.apulaya.com\/de\/indigene-musik-sikureada\/\",\"name\":\"Sikureada - Der Power der indigenen Musik - Apulaya\",\"isPartOf\":{\"@id\":\"https:\/\/www.apulaya.com\/en\/#website\"},\"datePublished\":\"2013-12-04T16:52:54+00:00\",\"dateModified\":\"2016-01-04T14:38:27+00:00\",\"breadcrumb\":{\"@id\":\"https:\/\/www.apulaya.com\/de\/indigene-musik-sikureada\/#breadcrumb\"},\"inLanguage\":\"de\",\"potentialAction\":[{\"@type\":\"ReadAction\",\"target\":[\"https:\/\/www.apulaya.com\/de\/indigene-musik-sikureada\/\"]}]},{\"@type\":\"BreadcrumbList\",\"@id\":\"https:\/\/www.apulaya.com\/de\/indigene-musik-sikureada\/#breadcrumb\",\"itemListElement\":[{\"@type\":\"ListItem\",\"position\":1,\"name\":\"Home\",\"item\":\"https:\/\/www.apulaya.com\/en\/\"},{\"@type\":\"ListItem\",\"position\":2,\"name\":\"Sikureada &#8211; Der Power der indigenen Musik\"}]},{\"@type\":\"WebSite\",\"@id\":\"https:\/\/www.apulaya.com\/en\/#website\",\"url\":\"https:\/\/www.apulaya.com\/en\/\",\"name\":\"Apulaya\",\"description\":\"Center for Andean Cuture\",\"publisher\":{\"@id\":\"https:\/\/www.apulaya.com\/en\/#organization\"},\"potentialAction\":[{\"@type\":\"SearchAction\",\"target\":{\"@type\":\"EntryPoint\",\"urlTemplate\":\"https:\/\/www.apulaya.com\/en\/?s={search_term_string}\"},\"query-input\":\"required name=search_term_string\"}],\"inLanguage\":\"de\"},{\"@type\":\"Organization\",\"@id\":\"https:\/\/www.apulaya.com\/en\/#organization\",\"name\":\"Apulaya Center for Andean Culture\",\"url\":\"https:\/\/www.apulaya.com\/en\/\",\"logo\":{\"@type\":\"ImageObject\",\"inLanguage\":\"de\",\"@id\":\"https:\/\/www.apulaya.com\/en\/#\/schema\/logo\/image\/\",\"url\":\"https:\/\/www.apulaya.com\/wp-content\/uploads\/2023\/01\/Apulaya_logo2.png\",\"contentUrl\":\"https:\/\/www.apulaya.com\/wp-content\/uploads\/2023\/01\/Apulaya_logo2.png\",\"width\":1080,\"height\":629,\"caption\":\"Apulaya Center for Andean Culture\"},\"image\":{\"@id\":\"https:\/\/www.apulaya.com\/en\/#\/schema\/logo\/image\/\"},\"sameAs\":[\"https:\/\/www.facebook.com\/apulaya.andean.culture\"]}]}<\/script>\n<!-- \/ Yoast SEO plugin. -->","yoast_head_json":{"title":"Sikureada - Der Power der indigenen Musik - Apulaya","robots":{"index":"index","follow":"follow","max-snippet":"max-snippet:-1","max-image-preview":"max-image-preview:large","max-video-preview":"max-video-preview:-1"},"canonical":"https:\/\/www.apulaya.com\/de\/indigene-musik-sikureada\/","og_locale":"de_DE","og_type":"article","og_title":"Sikureada - Der Power der indigenen Musik - Apulaya","og_description":"SIKURIADA &#8211; DER POWER DER INDIGENEN MUSIK KURSE UND WORKSHOPS Der Zusammenhang zwischen M\u00e4nnlich und Weiblich als Prinzip des dualistischen Denkens. Musik spielen unter den Prinzipien der Gemeisnchaft, Gleichheit und Integration. Lerne dieses uralte musikalische Erbe kennen und zu interpretieren! Der Siku oder traditionelle Panfl\u00f6te wird aus zwei Reihen gebildet: Arka (m\u00e4nnlich) und Ira (weiblich). [&hellip;]","og_url":"https:\/\/www.apulaya.com\/de\/indigene-musik-sikureada\/","og_site_name":"Apulaya","article_publisher":"https:\/\/www.facebook.com\/apulaya.andean.culture","article_modified_time":"2016-01-04T14:38:27+00:00","og_image":[{"url":"http:\/\/www.apulaya.com\/wp-content\/uploads\/2013\/12\/sikureada.jpg"}],"twitter_card":"summary_large_image","twitter_misc":{"Gesch\u00e4tzte Lesezeit":"3\u00a0Minuten"},"schema":{"@context":"https:\/\/schema.org","@graph":[{"@type":"WebPage","@id":"https:\/\/www.apulaya.com\/de\/indigene-musik-sikureada\/","url":"https:\/\/www.apulaya.com\/de\/indigene-musik-sikureada\/","name":"Sikureada - Der Power der indigenen Musik - Apulaya","isPartOf":{"@id":"https:\/\/www.apulaya.com\/en\/#website"},"datePublished":"2013-12-04T16:52:54+00:00","dateModified":"2016-01-04T14:38:27+00:00","breadcrumb":{"@id":"https:\/\/www.apulaya.com\/de\/indigene-musik-sikureada\/#breadcrumb"},"inLanguage":"de","potentialAction":[{"@type":"ReadAction","target":["https:\/\/www.apulaya.com\/de\/indigene-musik-sikureada\/"]}]},{"@type":"BreadcrumbList","@id":"https:\/\/www.apulaya.com\/de\/indigene-musik-sikureada\/#breadcrumb","itemListElement":[{"@type":"ListItem","position":1,"name":"Home","item":"https:\/\/www.apulaya.com\/en\/"},{"@type":"ListItem","position":2,"name":"Sikureada &#8211; Der Power der indigenen Musik"}]},{"@type":"WebSite","@id":"https:\/\/www.apulaya.com\/en\/#website","url":"https:\/\/www.apulaya.com\/en\/","name":"Apulaya","description":"Center for Andean Cuture","publisher":{"@id":"https:\/\/www.apulaya.com\/en\/#organization"},"potentialAction":[{"@type":"SearchAction","target":{"@type":"EntryPoint","urlTemplate":"https:\/\/www.apulaya.com\/en\/?s={search_term_string}"},"query-input":"required name=search_term_string"}],"inLanguage":"de"},{"@type":"Organization","@id":"https:\/\/www.apulaya.com\/en\/#organization","name":"Apulaya Center for Andean Culture","url":"https:\/\/www.apulaya.com\/en\/","logo":{"@type":"ImageObject","inLanguage":"de","@id":"https:\/\/www.apulaya.com\/en\/#\/schema\/logo\/image\/","url":"https:\/\/www.apulaya.com\/wp-content\/uploads\/2023\/01\/Apulaya_logo2.png","contentUrl":"https:\/\/www.apulaya.com\/wp-content\/uploads\/2023\/01\/Apulaya_logo2.png","width":1080,"height":629,"caption":"Apulaya Center for Andean Culture"},"image":{"@id":"https:\/\/www.apulaya.com\/en\/#\/schema\/logo\/image\/"},"sameAs":["https:\/\/www.facebook.com\/apulaya.andean.culture"]}]}},"_links":{"self":[{"href":"https:\/\/www.apulaya.com\/de\/wp-json\/wp\/v2\/pages\/112"}],"collection":[{"href":"https:\/\/www.apulaya.com\/de\/wp-json\/wp\/v2\/pages"}],"about":[{"href":"https:\/\/www.apulaya.com\/de\/wp-json\/wp\/v2\/types\/page"}],"author":[{"embeddable":true,"href":"https:\/\/www.apulaya.com\/de\/wp-json\/wp\/v2\/users\/1"}],"replies":[{"embeddable":true,"href":"https:\/\/www.apulaya.com\/de\/wp-json\/wp\/v2\/comments?post=112"}],"version-history":[{"count":0,"href":"https:\/\/www.apulaya.com\/de\/wp-json\/wp\/v2\/pages\/112\/revisions"}],"wp:attachment":[{"href":"https:\/\/www.apulaya.com\/de\/wp-json\/wp\/v2\/media?parent=112"}],"curies":[{"name":"wp","href":"https:\/\/api.w.org\/{rel}","templated":true}]}}